{"id":10360,"date":"2021-05-06T13:30:38","date_gmt":"2021-05-06T11:30:38","guid":{"rendered":"http:\/\/130.61.100.28\/wordpress\/opinion\/"},"modified":"2021-11-15T15:09:49","modified_gmt":"2021-11-15T14:09:49","slug":"opinion","status":"publish","type":"page","link":"https:\/\/bellesguardgaudi.com\/ca\/opinion\/","title":{"rendered":"Opini\u00f3n"},"content":{"rendered":"<p>[vc_row is_container=&#8221;yes&#8221; css=&#8221;.vc_custom_1620579484615{background-color: #000000 !important;background-position: center !important;background-repeat: no-repeat !important;background-size: cover !important;}&#8221; el_id=&#8221;review-background&#8221;][vc_column][vc_row_inner equal_height=&#8221;yes&#8221; content_placement=&#8221;top&#8221; el_id=&#8221;review-card&#8221; css=&#8221;.vc_custom_1620576776496{padding-top: 0px !important;padding-right: 0px !important;padding-bottom: 0px !important;padding-left: 0px !important;background-color: #ffffff !important;border-radius: 5px !important;}&#8221;][vc_column_inner width=&#8221;6\/12&#8243;][vc_single_image image=&#8221;52&#8243; onclick=&#8221;custom_link&#8221; link=&#8221;\/&#8221; el_class=&#8221;img-logo&#8221;][vc_column_text]<\/p>\n<h1><span style=\"color: #000000;\">DEIXA&#8217;NS LA TEVA OPINI\u00d3<\/span><\/h1>\n<p>[\/vc_column_text][vc_column_text]<span style=\"color: #000000;\">\u00c9s important per a nosaltres con\u00e8ixer la teva opini\u00f3 per millorar i oferir a tots els nostres usuaris la millor visita a la Torre Bellesguard<\/span>[\/vc_column_text][\/vc_column_inner][vc_column_inner width=&#8221;6\/12&#8243;]\n<div class=\"wpcf7 no-js\" id=\"wpcf7-f10357-o1\" lang=\"ca\" dir=\"ltr\" data-wpcf7-id=\"10357\">\n<div class=\"screen-reader-response\"><p role=\"status\" aria-live=\"polite\" aria-atomic=\"true\"><\/p> <ul><\/ul><\/div>\n<form action=\"\/ca\/wp-json\/wp\/v2\/pages\/10360#wpcf7-f10357-o1\" method=\"post\" class=\"wpcf7-form init\" aria-label=\"Formulari de contacte\" enctype=\"multipart\/form-data\" novalidate=\"novalidate\" data-status=\"init\">\n<fieldset class=\"hidden-fields-container\"><input type=\"hidden\" name=\"_wpcf7\" value=\"10357\" \/><input type=\"hidden\" name=\"_wpcf7_version\" value=\"6.1.5\" \/><input type=\"hidden\" name=\"_wpcf7_locale\" value=\"ca\" \/><input type=\"hidden\" name=\"_wpcf7_unit_tag\" value=\"wpcf7-f10357-o1\" \/><input type=\"hidden\" name=\"_wpcf7_container_post\" value=\"0\" \/><input type=\"hidden\" name=\"_wpcf7_posted_data_hash\" value=\"\" \/><input type=\"hidden\" name=\"_wpcf7_recaptcha_response\" value=\"\" \/>\n<\/fieldset>\n<div class=\"review-form\">\n\t<div class=\"row\">\n\t\t<div class=\"col-md-12\">\n\t\t\t<h4 class=\"first\">Dades personals\n\t\t\t<\/h4>\n\t\t<\/div>\n\t\t<div class=\"col-md-6\">\n\t\t\t<p><label>Nom*<\/label><br \/>\n<span class=\"wpcf7-form-control-wrap\" data-name=\"your-name\"><input size=\"40\" maxlength=\"400\" class=\"wpcf7-form-control wpcf7-text wpcf7-validates-as-required form-control\" aria-required=\"true\" aria-invalid=\"false\" placeholder=\"El teu nom\" value=\"\" type=\"text\" name=\"your-name\" \/><\/span>\n\t\t\t<\/p>\n\t\t<\/div>\n\t\t<div class=\"col-md-6\">\n\t\t\t<p><label>Usuari de Instragram<\/label><br \/>\n<span class=\"wpcf7-form-control-wrap\" data-name=\"instragram\"><input size=\"40\" maxlength=\"400\" class=\"wpcf7-form-control wpcf7-text form-control\" aria-invalid=\"false\" placeholder=\"Ej: @usuari\" value=\"\" type=\"text\" name=\"instragram\" \/><\/span>\n\t\t\t<\/p>\n\t\t<\/div>\n\t<\/div>\n\t<div class=\"row\">\n\t\t<div class=\"col-md-12\">\n\t\t\t<h4>Qu\u00e8 t'ha agradat m\u00e9s de la Torre Bellesguard de Gaud\u00ed?\n\t\t\t<\/h4>\n\t\t<\/div>\n\t\t<div class=\"col-md-12\">\n\t\t\t<p><span class=\"wpcf7-form-control-wrap\" data-name=\"your-message\"><textarea cols=\"40\" rows=\"10\" maxlength=\"2000\" class=\"wpcf7-form-control wpcf7-textarea form-control\" aria-invalid=\"false\" placeholder=\"El teu missatge\" name=\"your-message\"><\/textarea><\/span>\n\t\t\t<\/p>\n\t\t<\/div>\n\t<\/div>\n\t<div class=\"row modalidad\">\n\t\t<div class=\"col-md-12\">\n\t\t\t<h4>Modalitat de la visita*\n\t\t\t<\/h4>\n\t\t<\/div>\n\t\t<div class=\"col-md-12\">\n\t\t\t<p><span class=\"wpcf7-form-control-wrap\" data-name=\"modalidad\"><select class=\"wpcf7-form-control wpcf7-select wpcf7-validates-as-required form-control\" aria-required=\"true\" aria-invalid=\"false\" name=\"modalidad\"><option value=\"\">&#8212;Trieu una opci\u00f3&#8212;<\/option><option value=\"1\">Visita Guiada<\/option><option value=\"2\">Visita amb audioguia<\/option><\/select><\/span>\n\t\t\t<\/p>\n\t\t<\/div>\n\t<\/div>\n\t<div class=\"row\">\n\t\t<div class=\"col-md-12\">\n\t\t\t<h4>Valora la teva experi\u00e8ncia*\n\t\t\t<\/h4>\n\t\t<\/div>\n\t\t<div class=\"col-md-12\">\n\t\t\t<div class=\"wpcf7-radio\">\n\t\t\t\t<p><span class=\"wpcf7-form-control-wrap\" data-name=\"valoracion\"><span class=\"wpcf7-form-control wpcf7-radio\"><span class=\"wpcf7-list-item first\"><input type=\"radio\" name=\"valoracion\" value=\"1\" \/><span class=\"wpcf7-list-item-label\">1<\/span><\/span><span class=\"wpcf7-list-item\"><input type=\"radio\" name=\"valoracion\" value=\"2\" \/><span class=\"wpcf7-list-item-label\">2<\/span><\/span><span class=\"wpcf7-list-item\"><input type=\"radio\" name=\"valoracion\" value=\"3\" \/><span class=\"wpcf7-list-item-label\">3<\/span><\/span><span class=\"wpcf7-list-item\"><input type=\"radio\" name=\"valoracion\" value=\"4\" \/><span class=\"wpcf7-list-item-label\">4<\/span><\/span><span class=\"wpcf7-list-item last\"><input type=\"radio\" name=\"valoracion\" value=\"5\" \/><span class=\"wpcf7-list-item-label\">5<\/span><\/span><\/span><\/span>\n\t\t\t\t<\/p>\n\t\t\t<\/div>\n\t\t<\/div>\n\t<\/div>\n\t<div class=\"row\">\n\t\t<div class=\"col-md-12\">\n\t\t\t<h4>Puja una foto! La compartirem a Instagram etiquetant-les amb la teva opini\u00f3\n\t\t\t<\/h4>\n\t\t\t<p><span class=\"wpcf7-form-control-wrap\" data-name=\"file-390\"><input size=\"40\" class=\"wpcf7-form-control wpcf7-file\" accept=\"audio\/*,video\/*,image\/*\" aria-invalid=\"false\" type=\"file\" name=\"file-390\" \/><\/span>\n\t\t\t<\/p>\n\t\t<\/div>\n\t<\/div>\n\t<div class=\"row\">\n\t\t<div class=\"col-md-12\">\n\t\t\t<p><span class=\"wpcf7-form-control-wrap\" data-name=\"acceptance-399\"><span class=\"wpcf7-form-control wpcf7-acceptance\"><span class=\"wpcf7-list-item\"><label><input type=\"checkbox\" name=\"acceptance-399\" value=\"1\" aria-invalid=\"false\" \/><span class=\"wpcf7-list-item-label\">Accepto les <a href=\"https:\/\/bellesguardgaudi.com\/ca\/politica-de-privacitat\/\" target=\"_blank\" rel=\"noopener\">pol\u00edtiques de privadesa i cookies <\/a><\/span><\/label><\/span><\/span><\/span>\n\t\t\t<\/p>\n\t\t<\/div>\n\t<\/div>\n\t<div class=\"row\">\n\t\t<div class=\"col-md-12\">\n\t\t\t<p><input class=\"wpcf7-form-control wpcf7-submit has-spinner\" type=\"submit\" value=\"Enviar\" \/>\n\t\t\t<\/p>\n\t\t<\/div>\n\t<\/div>\n<\/div><input type='hidden' class='wpcf7-pum' value='{\"closepopup\":false,\"closedelay\":0,\"openpopup\":false,\"openpopup_id\":0}' \/><div class=\"wpcf7-response-output\" aria-hidden=\"true\"><\/div>\n<\/form>\n<\/div>\n[\/vc_column_inner][\/vc_row_inner][\/vc_column][\/vc_row]<\/p>\n","protected":false},"excerpt":{"rendered":"<p>[vc_row is_container=&#8221;yes&#8221; css=&#8221;.vc_custom_1620579484615{background-color: #000000 !important;background-position: center !important;background-repeat: no-repeat !important;background-size: cover !important;}&#8221; el_id=&#8221;review-background&#8221;][vc_column][vc_row_inner equal_height=&#8221;yes&#8221; content_placement=&#8221;top&#8221; el_id=&#8221;review-card&#8221; css=&#8221;.vc_custom_1620576776496{padding-top: 0px !important;padding-right: 0px !important;padding-bottom: 0px !important;padding-left: 0px !important;background-color: #ffffff !important;border-radius: 5px !important;}&#8221;][vc_column_inner width=&#8221;6\/12&#8243;][vc_single_image image=&#8221;52&#8243; onclick=&#8221;custom_link&#8221; link=&#8221;\/&#8221; el_class=&#8221;img-logo&#8221;][vc_column_text] DEIXA&#8217;NS LA TEVA OPINI\u00d3 [\/vc_column_text][vc_column_text]\u00c9s important per a nosaltres con\u00e8ixer la teva opini\u00f3 per millorar i oferir a tots els nostres usuaris [&hellip;]<\/p>\n","protected":false},"author":1,"featured_media":0,"parent":0,"menu_order":0,"comment_status":"closed","ping_status":"closed","template":"redux-templates_contained","meta":{"_acf_changed":false,"footnotes":""},"class_list":["post-10360","page","type-page","status-publish","hentry"],"acf":[],"yoast_head":"<!-- This site is optimized with the Yoast SEO plugin v27.2 - https:\/\/yoast.com\/product\/yoast-seo-wordpress\/ -->\n<title>Opini\u00f3n - Obra Modernista de Antoni Gaud\u00ed en Barcelona | Torre Bellesguard<\/title>\n<meta name=\"robots\" content=\"noindex, follow\" \/>\n<meta property=\"og:locale\" content=\"ca_ES\" \/>\n<meta property=\"og:type\" content=\"article\" \/>\n<meta property=\"og:title\" content=\"Opini\u00f3n - Obra Modernista de Antoni Gaud\u00ed en Barcelona | Torre Bellesguard\" \/>\n<meta property=\"og:description\" content=\"[vc_row is_container=&#8221;yes&#8221; css=&#8221;.vc_custom_1620579484615{background-color: #000000 !important;background-position: center !important;background-repeat: no-repeat !important;background-size: cover !important;}&#8221; el_id=&#8221;review-background&#8221;][vc_column][vc_row_inner equal_height=&#8221;yes&#8221; content_placement=&#8221;top&#8221; el_id=&#8221;review-card&#8221; css=&#8221;.vc_custom_1620576776496{padding-top: 0px !important;padding-right: 0px !important;padding-bottom: 0px !important;padding-left: 0px !important;background-color: #ffffff !important;border-radius: 5px !important;}&#8221;][vc_column_inner width=&#8221;6\/12&#8243;][vc_single_image image=&#8221;52&#8243; onclick=&#8221;custom_link&#8221; link=&#8221;\/&#8221; el_class=&#8221;img-logo&#8221;][vc_column_text] DEIXA&#8217;NS LA TEVA OPINI\u00d3 [\/vc_column_text][vc_column_text]\u00c9s important per a nosaltres con\u00e8ixer la teva opini\u00f3 per millorar i oferir a tots els nostres usuaris [&hellip;]\" \/>\n<meta property=\"og:url\" content=\"https:\/\/bellesguardgaudi.com\/ca\/opinion\/\" \/>\n<meta property=\"og:site_name\" content=\"Obra Modernista de Antoni Gaud\u00ed en Barcelona | Torre Bellesguard\" \/>\n<meta property=\"article:modified_time\" content=\"2021-11-15T14:09:49+00:00\" \/>\n<meta name=\"twitter:card\" content=\"summary_large_image\" \/>\n<meta name=\"twitter:label1\" content=\"Temps estimat de lectura\" \/>\n\t<meta name=\"twitter:data1\" content=\"1 minut\" \/>\n<script type=\"application\/ld+json\" class=\"yoast-schema-graph\">{\"@context\":\"https:\/\/schema.org\",\"@graph\":[{\"@type\":\"WebPage\",\"@id\":\"https:\/\/bellesguardgaudi.com\/ca\/opinion\/\",\"url\":\"https:\/\/bellesguardgaudi.com\/ca\/opinion\/\",\"name\":\"Opini\u00f3n - Obra Modernista de Antoni Gaud\u00ed en Barcelona | Torre Bellesguard\",\"isPartOf\":{\"@id\":\"https:\/\/bellesguardgaudi.com\/ca\/#website\"},\"datePublished\":\"2021-05-06T11:30:38+00:00\",\"dateModified\":\"2021-11-15T14:09:49+00:00\",\"breadcrumb\":{\"@id\":\"https:\/\/bellesguardgaudi.com\/ca\/opinion\/#breadcrumb\"},\"inLanguage\":\"ca\",\"potentialAction\":[{\"@type\":\"ReadAction\",\"target\":[\"https:\/\/bellesguardgaudi.com\/ca\/opinion\/\"]}]},{\"@type\":\"BreadcrumbList\",\"@id\":\"https:\/\/bellesguardgaudi.com\/ca\/opinion\/#breadcrumb\",\"itemListElement\":[{\"@type\":\"ListItem\",\"position\":1,\"name\":\"Portada\",\"item\":\"https:\/\/bellesguardgaudi.com\/ca\/\"},{\"@type\":\"ListItem\",\"position\":2,\"name\":\"Opini\u00f3n\"}]},{\"@type\":\"WebSite\",\"@id\":\"https:\/\/bellesguardgaudi.com\/ca\/#website\",\"url\":\"https:\/\/bellesguardgaudi.com\/ca\/\",\"name\":\"Obra Modernista de Antoni Gaud\u00ed en Barcelona | Torre Bellesguard\",\"description\":\"Web oficial de la Torre Bellesguard. Una de las obras m\u00e1s personales del arquitecto modernista Gaud\u00ed en Barcelona. \u00a1Vis\u00edtala sin colas ni aglomeraciones!\",\"potentialAction\":[{\"@type\":\"SearchAction\",\"target\":{\"@type\":\"EntryPoint\",\"urlTemplate\":\"https:\/\/bellesguardgaudi.com\/ca\/?s={search_term_string}\"},\"query-input\":{\"@type\":\"PropertyValueSpecification\",\"valueRequired\":true,\"valueName\":\"search_term_string\"}}],\"inLanguage\":\"ca\"}]}<\/script>\n<!-- \/ Yoast SEO plugin. -->","yoast_head_json":{"title":"Opini\u00f3n - Obra Modernista de Antoni Gaud\u00ed en Barcelona | Torre Bellesguard","robots":{"index":"noindex","follow":"follow"},"og_locale":"ca_ES","og_type":"article","og_title":"Opini\u00f3n - Obra Modernista de Antoni Gaud\u00ed en Barcelona | Torre Bellesguard","og_description":"[vc_row is_container=&#8221;yes&#8221; css=&#8221;.vc_custom_1620579484615{background-color: #000000 !important;background-position: center !important;background-repeat: no-repeat !important;background-size: cover !important;}&#8221; el_id=&#8221;review-background&#8221;][vc_column][vc_row_inner equal_height=&#8221;yes&#8221; content_placement=&#8221;top&#8221; el_id=&#8221;review-card&#8221; css=&#8221;.vc_custom_1620576776496{padding-top: 0px !important;padding-right: 0px !important;padding-bottom: 0px !important;padding-left: 0px !important;background-color: #ffffff !important;border-radius: 5px !important;}&#8221;][vc_column_inner width=&#8221;6\/12&#8243;][vc_single_image image=&#8221;52&#8243; onclick=&#8221;custom_link&#8221; link=&#8221;\/&#8221; el_class=&#8221;img-logo&#8221;][vc_column_text] DEIXA&#8217;NS LA TEVA OPINI\u00d3 [\/vc_column_text][vc_column_text]\u00c9s important per a nosaltres con\u00e8ixer la teva opini\u00f3 per millorar i oferir a tots els nostres usuaris [&hellip;]","og_url":"https:\/\/bellesguardgaudi.com\/ca\/opinion\/","og_site_name":"Obra Modernista de Antoni Gaud\u00ed en Barcelona | Torre Bellesguard","article_modified_time":"2021-11-15T14:09:49+00:00","twitter_card":"summary_large_image","twitter_misc":{"Temps estimat de lectura":"1 minut"},"schema":{"@context":"https:\/\/schema.org","@graph":[{"@type":"WebPage","@id":"https:\/\/bellesguardgaudi.com\/ca\/opinion\/","url":"https:\/\/bellesguardgaudi.com\/ca\/opinion\/","name":"Opini\u00f3n - Obra Modernista de Antoni Gaud\u00ed en Barcelona | Torre Bellesguard","isPartOf":{"@id":"https:\/\/bellesguardgaudi.com\/ca\/#website"},"datePublished":"2021-05-06T11:30:38+00:00","dateModified":"2021-11-15T14:09:49+00:00","breadcrumb":{"@id":"https:\/\/bellesguardgaudi.com\/ca\/opinion\/#breadcrumb"},"inLanguage":"ca","potentialAction":[{"@type":"ReadAction","target":["https:\/\/bellesguardgaudi.com\/ca\/opinion\/"]}]},{"@type":"BreadcrumbList","@id":"https:\/\/bellesguardgaudi.com\/ca\/opinion\/#breadcrumb","itemListElement":[{"@type":"ListItem","position":1,"name":"Portada","item":"https:\/\/bellesguardgaudi.com\/ca\/"},{"@type":"ListItem","position":2,"name":"Opini\u00f3n"}]},{"@type":"WebSite","@id":"https:\/\/bellesguardgaudi.com\/ca\/#website","url":"https:\/\/bellesguardgaudi.com\/ca\/","name":"Obra Modernista de Antoni Gaud\u00ed en Barcelona | Torre Bellesguard","description":"Web oficial de la Torre Bellesguard. Una de las obras m\u00e1s personales del arquitecto modernista Gaud\u00ed en Barcelona. \u00a1Vis\u00edtala sin colas ni aglomeraciones!","potentialAction":[{"@type":"SearchAction","target":{"@type":"EntryPoint","urlTemplate":"https:\/\/bellesguardgaudi.com\/ca\/?s={search_term_string}"},"query-input":{"@type":"PropertyValueSpecification","valueRequired":true,"valueName":"search_term_string"}}],"inLanguage":"ca"}]}},"_links":{"self":[{"href":"https:\/\/bellesguardgaudi.com\/ca\/wp-json\/wp\/v2\/pages\/10360","targetHints":{"allow":["GET"]}}],"collection":[{"href":"https:\/\/bellesguardgaudi.com\/ca\/wp-json\/wp\/v2\/pages"}],"about":[{"href":"https:\/\/bellesguardgaudi.com\/ca\/wp-json\/wp\/v2\/types\/page"}],"author":[{"embeddable":true,"href":"https:\/\/bellesguardgaudi.com\/ca\/wp-json\/wp\/v2\/users\/1"}],"replies":[{"embeddable":true,"href":"https:\/\/bellesguardgaudi.com\/ca\/wp-json\/wp\/v2\/comments?post=10360"}],"version-history":[{"count":3,"href":"https:\/\/bellesguardgaudi.com\/ca\/wp-json\/wp\/v2\/pages\/10360\/revisions"}],"predecessor-version":[{"id":10368,"href":"https:\/\/bellesguardgaudi.com\/ca\/wp-json\/wp\/v2\/pages\/10360\/revisions\/10368"}],"wp:attachment":[{"href":"https:\/\/bellesguardgaudi.com\/ca\/wp-json\/wp\/v2\/media?parent=10360"}],"curies":[{"name":"wp","href":"https:\/\/api.w.org\/{rel}","templated":true}]}}