{"id":189912,"date":"2021-11-04T13:17:40","date_gmt":"2021-11-04T12:17:40","guid":{"rendered":"https:\/\/bellesguardgaudi.com\/?page_id=189912"},"modified":"2026-01-21T13:26:44","modified_gmt":"2026-01-21T12:26:44","slug":"avis-legal","status":"publish","type":"page","link":"https:\/\/bellesguardgaudi.com\/ca\/avis-legal\/","title":{"rendered":"Av\u00eds legal"},"content":{"rendered":"<p><strong>Condicions generals d\u2019\u00fas i pol\u00edtica de privacitat<\/strong><\/p>\n<div>\n<h3>Identificaci\u00f3 de l\u2019empresa<\/h3>\n<p>La informaci\u00f3 continguda en aquesta p\u00e0gina web oficial fa refer\u00e8ncia a <strong>Grupo Catalana Occidente Activos Inmobiliarios, S.L.<\/strong> (d\u2019ara endavant, \u201c<strong>GCOAI<\/strong>\u201d o la \u201c<strong>Societat<\/strong>\u201d), amb domicili social a <strong>Avinguda Alcalde Barnils, n\u00fam. 63, 08174 Sant Cugat del Vall\u00e8s (Barcelona)<\/strong> i <strong>N.I.F. n\u00fam. B-66672544<\/strong>, inscrita al <strong>Registre Mercantil de Barcelona<\/strong>, Tom 46.170, Foli 221, Full B-478.427, que \u00e9s l\u2019entitat responsable, dins de GCO (Grupo Catalana Occidente), de la gesti\u00f3 de la <strong>Torre Bellesguard d\u2019Antoni Gaud\u00ed<\/strong>, aix\u00ed com de la seva p\u00e0gina web oficial <strong>https:\/\/bellesguardgaudi.com\/<\/strong>.<\/p>\n<h3>Objecte del web<\/h3>\n<p>Les p\u00e0gines contingudes en aquesta p\u00e0gina web oficial tenen per objecte facilitar al p\u00fablic en general el coneixement de la <strong>Torre Bellesguard d\u2019Antoni Gaud\u00ed<\/strong>, de les activitats que realitza i dels serveis que presta. <strong>GCOAI<\/strong> es reserva la facultat d\u2019efectuar, en qualsevol moment i sense av\u00eds previ, modificacions de la informaci\u00f3 continguda al web o en la seva configuraci\u00f3 i presentaci\u00f3.<\/p>\n<h3>Protecci\u00f3 de dades personals<\/h3>\n<p>La informaci\u00f3 completa relativa a la regulaci\u00f3 sobre la protecci\u00f3 de les dades personals es troba publicada en aquesta mateixa p\u00e0gina web oficial, concretament a l\u2019apartat espec\u00edfic de <strong>\u201cPol\u00edtica de privacitat\u201d<\/strong>, situat al costat d\u2019aquest Av\u00eds Legal.<\/p>\n<h3>Condicions d\u2019acc\u00e9s a la p\u00e0gina web i disponibilitat<\/h3>\n<p>L\u2019acc\u00e9s als continguts generals d\u2019aquesta p\u00e0gina web t\u00e9 car\u00e0cter gratu\u00eft per a tots els usuaris, i no exigeix la subscripci\u00f3 o el registre previs. Aquest servei est\u00e0 disponible les 24 hores del dia, els 365 dies de l\u2019any, excepte les interrupcions necess\u00e0ries per al manteniment i la millora del sistema.<\/p>\n<p>Sense perjudici del que s\u2019ha assenyalat anteriorment, l\u2019operativa relativa als apartats d\u2019<strong>\u201cAcc\u00e9s Restringit\u201d<\/strong> est\u00e0 sotmesa a condicions particulars pr\u00f2pies que, segons els casos, substitueixen, completen i\/o modifiquen les presents condicions generals. Aquestes condicions particulars es recolliran en el contracte d\u2019acc\u00e9s a cada servei, que es lliura al client abans de la seva activaci\u00f3. L\u2019usuari \u00e9s informat que, en pr\u00e9mer els enlla\u00e7os (links) que el dirigeixin a p\u00e0gines web de terceres empreses, deixa de navegar a la p\u00e0gina web oficial de <strong>GCOAI<\/strong>, exonerant-la de qualsevol responsabilitat, dany o perjudici en la contractaci\u00f3 amb les terceres empreses o en la informaci\u00f3 que aquestes puguin facilitar. L\u2019usuari deixa de navegar a la p\u00e0gina web de <strong>GCOAI<\/strong> quan, a la web enlla\u00e7ada, no aparegui la marca <strong>Bellesguard Gaud\u00ed<\/strong>, i l\u2019adre\u00e7a o el nom de domini no contingui la denominaci\u00f3 <strong>Bellesguard Gaud\u00ed<\/strong>.<\/p>\n<h3>Exoneraci\u00f3 de responsabilitats<\/h3>\n<p>En navegar per aquesta p\u00e0gina web oficial, l\u2019usuari exonera <strong>GCOAI<\/strong> en els casos seg\u00fcents:<\/p>\n<ol>\n<li><strong>\u00das indegut:<\/strong> En accedir a aquesta p\u00e0gina web, s\u2019accepta que <strong>GCOAI<\/strong> no ser\u00e0 responsable de cap conseq\u00fc\u00e8ncia, dany o perjudici derivat de l\u2019\u00fas indegut de la informaci\u00f3 continguda en aquest web, ni de l\u2019acc\u00e9s indegut a altres continguts d\u2019Internet a trav\u00e9s de les connexions amb aquesta p\u00e0gina web.<\/li>\n<li><strong>Continguts de tercers:<\/strong> La p\u00e0gina web pot contenir enlla\u00e7os d\u2019hipertext que redirigeixen a altres p\u00e0gines de la world wide web que s\u00f3n completament independents d\u2019aquesta p\u00e0gina web oficial. <strong>Occident<\/strong> no respon ni garanteix, de cap manera, la inexactitud, insufici\u00e8ncia o manca d\u2019autenticitat de la informaci\u00f3 subministrada per aquests tercers, ja sigui qualsevol persona o entitat, f\u00edsica o jur\u00eddica, amb o sense personalitat jur\u00eddica pr\u00f2pia, a trav\u00e9s d\u2019aquests enlla\u00e7os.<\/li>\n<li><strong>Fallades tecnol\u00f2giques alienes o pr\u00f2pies:<\/strong> <strong>GCOAI<\/strong> no ser\u00e0 responsable:<br \/>\n(i) dels possibles danys o perjudicis que es puguin derivar d\u2019interfer\u00e8ncies, omissions, interrupcions, virus inform\u00e0tics, avaries telef\u00f2niques o desconnexions en el funcionament operatiu del sistema escollit (xarxa telef\u00f2nica, Internet, etc.), motivades per causes alienes a <strong>Occident<\/strong>;<br \/>\n(ii) de retards o bloquejos en l\u2019\u00fas del sistema escollit causats per defici\u00e8ncies o sobrec\u00e0rregues de les l\u00ednies telef\u00f2niques, del centre de processament de dades de l\u2019empresa, del sistema d\u2019Internet o d\u2019altres sistemes electr\u00f2nics;<br \/>\n(iii) dels danys que puguin ser causats per terceres persones mitjan\u00e7ant intromissions il\u00b7leg\u00edtimes en el sistema escollit, fora del control de <strong>GCOAI<\/strong>.<\/li>\n<\/ol>\n<p>Aix\u00ed mateix, s\u2019exonera <strong>GCOAI<\/strong> de qualsevol responsabilitat per qualsevol dany o perjudici que pugui patir l\u2019usuari com a conseq\u00fc\u00e8ncia d\u2019errors, defectes o omissions en la informaci\u00f3 facilitada per <strong>GCOAI<\/strong>, sempre que procedeixi de fonts alienes a aquesta.<\/p>\n<h3>Propietat intel\u00b7lectual<\/h3>\n<p>El copyright del material contingut en aquesta p\u00e0gina web \u00e9s propietat de <strong>GCOAI<\/strong>, excepte aquells continguts que pertanyin a les seves empreses col\u00b7laboradores amb les quals existeixi subscrit el corresponent contracte. L\u2019acc\u00e9s gratu\u00eft als continguts generals d\u2019aquesta p\u00e0gina web no implica cap altre dret o llic\u00e8ncia per a la seva reproducci\u00f3 i\/o distribuci\u00f3 sense l\u2019autoritzaci\u00f3 expressa de <strong>GCOAI<\/strong>. Les marques, logotips, dissenys, imatges, mapes, b\u00e0ners, continguts, programari i els seus diferents codis font i objecte, aix\u00ed com la resta d\u2019elements integrants d\u2019aquest web, estan protegits per les lleis de propietat industrial i intel\u00b7lectual i pels tractats internacionals. La reproducci\u00f3, distribuci\u00f3, manipulaci\u00f3 o desensamblatge no autoritzat del codi font, dels algorismes incorporats o de les bases de dades, ja sigui total o parcial, donar\u00e0 lloc a greus sancions tant civils com penals i ser\u00e0 objecte de totes les accions judicials que corresponguin en dret. En el cas dels dissenys o gr\u00e0fics que apareguin en aquesta p\u00e0gina web i que siguin titularitat d\u2019empreses o entitats col\u00b7laboradores de <strong>GCOAI<\/strong>, s\u2019aplicaran igualment les presents condicions i el mateix r\u00e8gim de protecci\u00f3, llevat del consentiment expr\u00e9s i per escrit d\u2019aquestes empreses o entitats.<\/p>\n<h3>LSSICE: Llei de serveis de la societat de la informaci\u00f3 i del comer\u00e7 electr\u00f2nic<\/h3>\n<p><strong>GCOAI<\/strong> es compromet a complir les obligacions derivades de la <strong>Llei 34\/2002, d\u201911 de juliol<\/strong>, de serveis de la societat de la informaci\u00f3 i del comer\u00e7 electr\u00f2nic. En compliment del que disposa l\u2019article 10 de l\u2019esmentada llei, s\u2019informa que les dades identificatives completes de <strong>GCOAI<\/strong> es detallen al primer apartat d\u2019aquest Av\u00eds Legal, sota el t\u00edtol <strong>\u201cIdentificaci\u00f3 de l\u2019empresa\u201d<\/strong>.<\/p>\n<p>Per posar-se en contacte amb <strong>GCOAI<\/strong>, la p\u00e0gina web <strong>https:\/\/bellesguardgaudi.com\/<\/strong> posa a disposici\u00f3 diferents canals de contacte.<\/p>\n<h3>Per\u00edode mitj\u00e0 de pagament a prove\u00efdors, volum monetari i nombre de factures pagades en un per\u00edode inferior al m\u00e0xim establert en la normativa de morositat<\/h3>\n<p>D\u2019acord amb el que preveu la disposici\u00f3 addicional 3a de la <strong>Llei 15\/2010, de 5 de juliol<\/strong>, de modificaci\u00f3 de la <strong>Llei 3\/2004, de 29 de desembre<\/strong>, per la qual s\u2019estableixen mesures de lluita contra la morositat en les operacions comercials, la Societat t\u00e9 un per\u00edode mitj\u00e0 de pagament als seus prove\u00efdors de <strong>12,78 dies<\/strong>; sent el volum monetari i el nombre de factures pagades en un per\u00edode inferior al m\u00e0xim establert en la normativa de morositat de <strong>139.986 milers d\u2019euros<\/strong> i <strong>11.817<\/strong>, respectivament; i els percentatges que representen sobre el nombre total de factures i sobre el total monetari dels pagaments als prove\u00efdors del <strong>90 %<\/strong> i del <strong>96 %<\/strong>, respectivament.<\/p>\n<h3>Llei aplicable i jurisdicci\u00f3<\/h3>\n<p>Per a qualsevol q\u00fcesti\u00f3 litigiosa derivada de l\u2019exist\u00e8ncia, acc\u00e9s, utilitzaci\u00f3 o contingut de les presents condicions generals o del contingut de la p\u00e0gina web de <strong>GCOAI<\/strong>, tant l\u2019usuari com la Societat, amb ren\u00fancia expressa a qualsevol altre fur que pogu\u00e9s correspondre\u2019ls, se sotmetran a la jurisdicci\u00f3 i compet\u00e8ncia exclusives dels <strong>Jutjats i Tribunals del domicili de l\u2019usuari<\/strong>. En el cas que l\u2019Usuari tingui el seu domicili fora d\u2019Espanya, la Societat i l\u2019Usuari, amb ren\u00fancia expressa a qualsevol altre fur que pogu\u00e9s correspondre\u2019ls, se sotmeten a la jurisdicci\u00f3 dels <strong>Jutjats i Tribunals del domicili social de la Societat<\/strong>.<\/p>\n<\/div>\n","protected":false},"excerpt":{"rendered":"<p>Condicions generals d\u2019\u00fas i pol\u00edtica de privacitat Identificaci\u00f3 de l\u2019empresa La informaci\u00f3 continguda en aquesta p\u00e0gina web oficial fa refer\u00e8ncia a Grupo Catalana Occidente Activos Inmobiliarios, S.L. (d\u2019ara endavant, \u201cGCOAI\u201d o la \u201cSocietat\u201d), amb domicili social a Avinguda Alcalde Barnils, n\u00fam. 63, 08174 Sant Cugat del Vall\u00e8s (Barcelona) i N.I.F. n\u00fam. B-66672544, inscrita al Registre [&hellip;]<\/p>\n","protected":false},"author":6,"featured_media":0,"parent":0,"menu_order":0,"comment_status":"closed","ping_status":"open","template":"","meta":{"_acf_changed":false,"footnotes":""},"class_list":["post-189912","page","type-page","status-publish","hentry"],"acf":[],"yoast_head":"<!-- This site is optimized with the Yoast SEO plugin v27.2 - https:\/\/yoast.com\/product\/yoast-seo-wordpress\/ -->\n<title>Av\u00eds legal - Obra Modernista de Antoni Gaud\u00ed en Barcelona | Torre Bellesguard<\/title>\n<meta name=\"robots\" content=\"index, follow, max-snippet:-1, max-image-preview:large, max-video-preview:-1\" \/>\n<link rel=\"canonical\" href=\"https:\/\/bellesguardgaudi.com\/ca\/avis-legal\/\" \/>\n<meta property=\"og:locale\" content=\"ca_ES\" \/>\n<meta property=\"og:type\" content=\"article\" \/>\n<meta property=\"og:title\" content=\"Av\u00eds legal - Obra Modernista de Antoni Gaud\u00ed en Barcelona | Torre Bellesguard\" \/>\n<meta property=\"og:description\" content=\"Condicions generals d\u2019\u00fas i pol\u00edtica de privacitat Identificaci\u00f3 de l\u2019empresa La informaci\u00f3 continguda en aquesta p\u00e0gina web oficial fa refer\u00e8ncia a Grupo Catalana Occidente Activos Inmobiliarios, S.L. (d\u2019ara endavant, \u201cGCOAI\u201d o la \u201cSocietat\u201d), amb domicili social a Avinguda Alcalde Barnils, n\u00fam. 63, 08174 Sant Cugat del Vall\u00e8s (Barcelona) i N.I.F. n\u00fam. B-66672544, inscrita al Registre [&hellip;]\" \/>\n<meta property=\"og:url\" content=\"https:\/\/bellesguardgaudi.com\/ca\/avis-legal\/\" \/>\n<meta property=\"og:site_name\" content=\"Obra Modernista de Antoni Gaud\u00ed en Barcelona | Torre Bellesguard\" \/>\n<meta property=\"article:modified_time\" content=\"2026-01-21T12:26:44+00:00\" \/>\n<meta name=\"twitter:card\" content=\"summary_large_image\" \/>\n<meta name=\"twitter:label1\" content=\"Temps estimat de lectura\" \/>\n\t<meta name=\"twitter:data1\" content=\"6 minuts\" \/>\n<script type=\"application\/ld+json\" class=\"yoast-schema-graph\">{\"@context\":\"https:\/\/schema.org\",\"@graph\":[{\"@type\":\"WebPage\",\"@id\":\"https:\/\/bellesguardgaudi.com\/ca\/avis-legal\/\",\"url\":\"https:\/\/bellesguardgaudi.com\/ca\/avis-legal\/\",\"name\":\"Av\u00eds legal - Obra Modernista de Antoni Gaud\u00ed en Barcelona | Torre Bellesguard\",\"isPartOf\":{\"@id\":\"https:\/\/bellesguardgaudi.com\/ca\/#website\"},\"datePublished\":\"2021-11-04T12:17:40+00:00\",\"dateModified\":\"2026-01-21T12:26:44+00:00\",\"breadcrumb\":{\"@id\":\"https:\/\/bellesguardgaudi.com\/ca\/avis-legal\/#breadcrumb\"},\"inLanguage\":\"ca\",\"potentialAction\":[{\"@type\":\"ReadAction\",\"target\":[\"https:\/\/bellesguardgaudi.com\/ca\/avis-legal\/\"]}]},{\"@type\":\"BreadcrumbList\",\"@id\":\"https:\/\/bellesguardgaudi.com\/ca\/avis-legal\/#breadcrumb\",\"itemListElement\":[{\"@type\":\"ListItem\",\"position\":1,\"name\":\"Portada\",\"item\":\"https:\/\/bellesguardgaudi.com\/ca\/\"},{\"@type\":\"ListItem\",\"position\":2,\"name\":\"Av\u00eds legal\"}]},{\"@type\":\"WebSite\",\"@id\":\"https:\/\/bellesguardgaudi.com\/ca\/#website\",\"url\":\"https:\/\/bellesguardgaudi.com\/ca\/\",\"name\":\"Obra Modernista de Antoni Gaud\u00ed en Barcelona | Torre Bellesguard\",\"description\":\"Web oficial de la Torre Bellesguard. Una de las obras m\u00e1s personales del arquitecto modernista Gaud\u00ed en Barcelona. \u00a1Vis\u00edtala sin colas ni aglomeraciones!\",\"potentialAction\":[{\"@type\":\"SearchAction\",\"target\":{\"@type\":\"EntryPoint\",\"urlTemplate\":\"https:\/\/bellesguardgaudi.com\/ca\/?s={search_term_string}\"},\"query-input\":{\"@type\":\"PropertyValueSpecification\",\"valueRequired\":true,\"valueName\":\"search_term_string\"}}],\"inLanguage\":\"ca\"}]}<\/script>\n<!-- \/ Yoast SEO plugin. -->","yoast_head_json":{"title":"Av\u00eds legal - Obra Modernista de Antoni Gaud\u00ed en Barcelona | Torre Bellesguard","robots":{"index":"index","follow":"follow","max-snippet":"max-snippet:-1","max-image-preview":"max-image-preview:large","max-video-preview":"max-video-preview:-1"},"canonical":"https:\/\/bellesguardgaudi.com\/ca\/avis-legal\/","og_locale":"ca_ES","og_type":"article","og_title":"Av\u00eds legal - Obra Modernista de Antoni Gaud\u00ed en Barcelona | Torre Bellesguard","og_description":"Condicions generals d\u2019\u00fas i pol\u00edtica de privacitat Identificaci\u00f3 de l\u2019empresa La informaci\u00f3 continguda en aquesta p\u00e0gina web oficial fa refer\u00e8ncia a Grupo Catalana Occidente Activos Inmobiliarios, S.L. (d\u2019ara endavant, \u201cGCOAI\u201d o la \u201cSocietat\u201d), amb domicili social a Avinguda Alcalde Barnils, n\u00fam. 63, 08174 Sant Cugat del Vall\u00e8s (Barcelona) i N.I.F. n\u00fam. B-66672544, inscrita al Registre [&hellip;]","og_url":"https:\/\/bellesguardgaudi.com\/ca\/avis-legal\/","og_site_name":"Obra Modernista de Antoni Gaud\u00ed en Barcelona | Torre Bellesguard","article_modified_time":"2026-01-21T12:26:44+00:00","twitter_card":"summary_large_image","twitter_misc":{"Temps estimat de lectura":"6 minuts"},"schema":{"@context":"https:\/\/schema.org","@graph":[{"@type":"WebPage","@id":"https:\/\/bellesguardgaudi.com\/ca\/avis-legal\/","url":"https:\/\/bellesguardgaudi.com\/ca\/avis-legal\/","name":"Av\u00eds legal - Obra Modernista de Antoni Gaud\u00ed en Barcelona | Torre Bellesguard","isPartOf":{"@id":"https:\/\/bellesguardgaudi.com\/ca\/#website"},"datePublished":"2021-11-04T12:17:40+00:00","dateModified":"2026-01-21T12:26:44+00:00","breadcrumb":{"@id":"https:\/\/bellesguardgaudi.com\/ca\/avis-legal\/#breadcrumb"},"inLanguage":"ca","potentialAction":[{"@type":"ReadAction","target":["https:\/\/bellesguardgaudi.com\/ca\/avis-legal\/"]}]},{"@type":"BreadcrumbList","@id":"https:\/\/bellesguardgaudi.com\/ca\/avis-legal\/#breadcrumb","itemListElement":[{"@type":"ListItem","position":1,"name":"Portada","item":"https:\/\/bellesguardgaudi.com\/ca\/"},{"@type":"ListItem","position":2,"name":"Av\u00eds legal"}]},{"@type":"WebSite","@id":"https:\/\/bellesguardgaudi.com\/ca\/#website","url":"https:\/\/bellesguardgaudi.com\/ca\/","name":"Obra Modernista de Antoni Gaud\u00ed en Barcelona | Torre Bellesguard","description":"Web oficial de la Torre Bellesguard. Una de las obras m\u00e1s personales del arquitecto modernista Gaud\u00ed en Barcelona. \u00a1Vis\u00edtala sin colas ni aglomeraciones!","potentialAction":[{"@type":"SearchAction","target":{"@type":"EntryPoint","urlTemplate":"https:\/\/bellesguardgaudi.com\/ca\/?s={search_term_string}"},"query-input":{"@type":"PropertyValueSpecification","valueRequired":true,"valueName":"search_term_string"}}],"inLanguage":"ca"}]}},"_links":{"self":[{"href":"https:\/\/bellesguardgaudi.com\/ca\/wp-json\/wp\/v2\/pages\/189912","targetHints":{"allow":["GET"]}}],"collection":[{"href":"https:\/\/bellesguardgaudi.com\/ca\/wp-json\/wp\/v2\/pages"}],"about":[{"href":"https:\/\/bellesguardgaudi.com\/ca\/wp-json\/wp\/v2\/types\/page"}],"author":[{"embeddable":true,"href":"https:\/\/bellesguardgaudi.com\/ca\/wp-json\/wp\/v2\/users\/6"}],"replies":[{"embeddable":true,"href":"https:\/\/bellesguardgaudi.com\/ca\/wp-json\/wp\/v2\/comments?post=189912"}],"version-history":[{"count":1,"href":"https:\/\/bellesguardgaudi.com\/ca\/wp-json\/wp\/v2\/pages\/189912\/revisions"}],"predecessor-version":[{"id":189913,"href":"https:\/\/bellesguardgaudi.com\/ca\/wp-json\/wp\/v2\/pages\/189912\/revisions\/189913"}],"wp:attachment":[{"href":"https:\/\/bellesguardgaudi.com\/ca\/wp-json\/wp\/v2\/media?parent=189912"}],"curies":[{"name":"wp","href":"https:\/\/api.w.org\/{rel}","templated":true}]}}