{"id":189918,"date":"2026-01-21T13:00:39","date_gmt":"2026-01-21T12:00:39","guid":{"rendered":"https:\/\/bellesguardgaudi.com\/?page_id=189918"},"modified":"2026-01-21T13:32:07","modified_gmt":"2026-01-21T12:32:07","slug":"condicions-generals-de-contractacio","status":"publish","type":"page","link":"https:\/\/bellesguardgaudi.com\/ca\/condicions-generals-de-contractacio\/","title":{"rendered":"Condicions generals de contractaci\u00f3"},"content":{"rendered":"<p><strong>1. Objecte i \u00e0mbit d\u2019aplicaci\u00f3<\/strong><\/p>\n<div>\n<p>A continuaci\u00f3 s\u2019estableixen els termes i condicions de la venda d\u2019entrades de la Torre Bellesguard de Gaud\u00ed, a trav\u00e9s del present lloc web https:\/\/bellesguardgaudi.com o mitjan\u00e7ant venda directa a la taquilla f\u00edsica, en compliment del que estableix la Llei 34\/2002, de serveis de la societat de la informaci\u00f3 i del comer\u00e7 electr\u00f2nic, i de conformitat tamb\u00e9 amb el Reial decret legislatiu 1\/2007, de 16 de novembre, pel qual s\u2019aprova el text ref\u00f3s de la Llei general per a la defensa dels consumidors i usuaris i la resta de normativa aplicable i lleis complement\u00e0ries, si escau.<\/p>\n<p><strong>2. Identificaci\u00f3 de les parts<\/strong><br \/>\nLa Torre Bellesguard de Gaud\u00ed \u00e9s gestionada per Grupo Catalana Occidente Activos Inmobiliarios S.L.U., entitat del Grup Catalana Occident, S.A. (d\u2019ara endavant, la entitat o la propietat indistintament), amb domicili al c\/ Bellesguard n\u00fam. 20 (CP 08022), Barcelona, essent aquesta la titular de l\u2019espai i responsable de la prestaci\u00f3 del servei de visita cultural.<\/p>\n<p>La venda i gesti\u00f3 d\u2019entrades per a la Torre Bellesguard de Gaud\u00ed es presta a trav\u00e9s de Tiqueteo Spain, S.L. (d\u2019ara endavant, CLORIAN), amb CIF n\u00famero B-66045345 i domicili al c\/ Vene\u00e7uela, 103, 08019 Barcelona.<\/p>\n<p>S\u2019adquireix autom\u00e0ticament la condici\u00f3 d\u2019USUARI i, igualment, la de CLIENT, una vegada efectuada la compra, reconeixent que la transacci\u00f3 econ\u00f2mica es realitza amb CLORIAN, sense perjudici que la visita sigui prestada per la Torre Bellesguard.<\/p>\n<p><strong>3. Acceptaci\u00f3 de les condicions<\/strong><br \/>\nLa compra d\u2019entrades implica l\u2019acceptaci\u00f3 plena i sense reserves de les presents Condicions Generals del servei aqu\u00ed reflectides.<\/p>\n<p><strong>4. Procediment de compra<\/strong><br \/>\nEl proc\u00e9s de compra pot requerir la introducci\u00f3 de dades personals del comprador, la selecci\u00f3 de la data i del tipus d\u2019entrada.<\/p>\n<p><strong>5. Preu i mitjans de pagament<\/strong><br \/>\nEl preu de les entrades inclour\u00e0 l\u2019IVA i consta especificat al lloc web i al recinte de la Torre Bellesguard. Els preus podran ser modificats en qualsevol moment a discreci\u00f3 de la propietat. Aix\u00ed mateix, la compra d\u2019entrades pot generar despeses de gesti\u00f3, que seran assumides pel CLIENT.<\/p>\n<p>Les formes de pagament establertes i els pagaments efectuats es processaran a trav\u00e9s de CLORIAN, de manera que la entitat no emmagatzema ni gestiona directament les dades de pagament.<\/p>\n<p><strong>6. Abs\u00e8ncia de dret de desistiment<\/strong><br \/>\nAl CLIENT no li assisteix el dret de desistiment en la compra de les entrades, en tractar-se d\u2019un servei vinculat a una activitat d\u2019oci, amb una data i un per\u00edode d\u2019execuci\u00f3 espec\u00edfics, segons el que estableixen els articles 97 l) i 103 lletra l) del Reial decret legislatiu 1\/2007, de 16 de novembre, pel qual s\u2019aprova el text ref\u00f3s de la Llei general per a la defensa dels consumidors i usuaris i altres lleis complement\u00e0ries.<\/p>\n<p><strong>7. Dret d\u2019admissi\u00f3 i cancel\u00b7lacions per for\u00e7a major<\/strong><br \/>\nLa entitat es reserva el dret d\u2019admissi\u00f3 i, en particular, el dret a denegar l\u2019acc\u00e9s a la Torre Bellesguard a aquells usuaris que, pel seu comportament, puguin alterar la seguretat i la integritat de l\u2019edifici o de les seves instal\u00b7lacions.<\/p>\n<p>La entitat es reserva el dret de cancel\u00b7lar i\/o modificar l\u2019acc\u00e9s per motius de for\u00e7a major i\/o aliens a la seva voluntat, sense av\u00eds previ a l\u2019usuari i sense que aix\u00f2 doni lloc a cap tipus d\u2019indemnitzaci\u00f3 a favor de l\u2019usuari, amb la salvetat, quan escaigui, de la devoluci\u00f3 del preu de l\u2019entrada no utilitzada.<\/p>\n<p><strong>8. Acc\u00e9s i condicions de la visita<\/strong><br \/>\nEl CLIENT ha de conservar la seva entrada i mostrar-la al personal de control a l\u2019acc\u00e9s, i haur\u00e0 de conservar-la fins a la sortida.<\/p>\n<p>El personal de la Torre Bellesguard pot denegar l\u2019entrada o expulsar aquelles persones que incompleixin les normes de seguretat, alterin l\u2019ordre p\u00fablic o impedeixin el desenvolupament normal de la visita.<\/p>\n<p>Est\u00e0 prohibit accedir al recinte amb objectes o subst\u00e0ncies que puguin suposar un risc per a la integritat de les persones i de l\u2019edifici (armes, subst\u00e0ncies perilloses, objectes de grans dimensions, objectes punxants o tallants, etc.). Tots els bosses i paquets hauran de passar el control de seguretat.<\/p>\n<p>Est\u00e0 prohibit l\u2019acc\u00e9s a persones amb s\u00edmptomes evidents d\u2019embriaguesa o sota els efectes d\u2019estupefaents. Es prega respectar les zones enjardinades sense causar cap deteriorament a plantes, flors i elements decoratius.<\/p>\n<p>Aix\u00ed mateix, no est\u00e0 permesa la revenda ni cap \u00fas promocional de l\u2019entrada sense l\u2019autoritzaci\u00f3 escrita de la propietat.<\/p>\n<p><strong>9. Responsabilitat<\/strong><br \/>\nLa entitat no es fa responsable de p\u00e8rdues, furts, robatoris ni de qualsevol dany sofert durant la visita.<\/p>\n<p>El CLIENT \u00e9s responsable de la correcta utilitzaci\u00f3 de l\u2019entrada i del compliment de les normes d\u2019acc\u00e9s i de visita.<\/p>\n<p><strong>10. Protecci\u00f3 de dades personals<\/strong><br \/>\nLes dades personals del CLIENT i\/o de l\u2019USUARI, segons correspongui, es tractaran de conformitat amb el Reglament (UE) 2016\/679, general de protecci\u00f3 de dades, amb la Llei org\u00e0nica 3\/2018, de 5 de desembre, de protecci\u00f3 de dades personals i garantia dels drets digitals, i amb la normativa de desenvolupament vigent en cada moment (d\u2019ara endavant, normativa de protecci\u00f3 de dades personals).<\/p>\n<p>El responsable del tractament, de conformitat amb la normativa de protecci\u00f3 de dades personals, \u00e9s Grupo Catalana Occidente Activos Inmobiliarios S.L.U., entitat del Grup Catalana Occident, S.A. (d\u2019ara endavant, GCO).<\/p>\n<p>Les dades s\u2019utilitzaran exclusivament per a les finalitats seg\u00fcents:<br \/>\na) Gestionar la compravenda d\u2019entrades, incloent-hi la facturaci\u00f3 i el control de pagaments.<br \/>\nb) El control d\u2019accessos al recinte en la data seleccionada.<br \/>\nc) Atendre sol\u00b7licituds, consultes o incid\u00e8ncies relacionades amb la visita i\/o la compra.<br \/>\nd) Enviament de comunicacions informatives en relaci\u00f3 amb la compra d\u2019entrades.<\/p>\n<p>El CLIENT t\u00e9 dret a accedir, rectificar, cancel\u00b7lar, suprimir i oposar-se al tractament de les dades, aix\u00ed com a exercir la resta de drets reconeguts per la normativa vigent en mat\u00e8ria de protecci\u00f3 de dades, mitjan\u00e7ant comunicaci\u00f3 escrita al Delegat de Protecci\u00f3 de Dades a l\u2019adre\u00e7a electr\u00f2nica: dpo@gco.com.<\/p>\n<p>Per a m\u00e9s informaci\u00f3, pot consultar la Pol\u00edtica de Privacitat a:<\/p>\n<blockquote class=\"wp-embedded-content\" data-secret=\"2uxyRINJYW\"><p><a href=\"https:\/\/bellesguardgaudi.com\/politica-de-privacidad\/\">Pol\u00edtica de Privacidad<\/a><\/p><\/blockquote>\n<p><iframe loading=\"lazy\" class=\"wp-embedded-content\" sandbox=\"allow-scripts\" security=\"restricted\" style=\"position: absolute; visibility: hidden;\" title=\"&#8220;Pol\u00edtica de Privacidad&#8221; &#8212; Obra Modernista de Antoni Gaud\u00ed en Barcelona | Torre Bellesguard\" src=\"https:\/\/bellesguardgaudi.com\/politica-de-privacidad\/embed\/#?secret=QGADhLRVtC#?secret=2uxyRINJYW\" data-secret=\"2uxyRINJYW\" width=\"600\" height=\"338\" frameborder=\"0\" marginwidth=\"0\" marginheight=\"0\" scrolling=\"no\"><\/iframe><\/p>\n<p><strong>11. Propietat intel\u00b7lectual<\/strong><br \/>\nLa Torre Bellesguard \u00e9s un edifici de propietat privada, i l\u2019acc\u00e9s a l\u2019immoble queda subjecte a les presents condicions generals, d\u2019obligat compliment per a qualsevol usuari.<\/p>\n<p>Tot visitant pot realitzar fotografies i\/o gravacions estrictament per a record personal i\/o familiar, quedant expressament prohibida qualsevol reproducci\u00f3, distribuci\u00f3, comunicaci\u00f3 p\u00fablica (inclosa la posada a disposici\u00f3), transformaci\u00f3 i\/o explotaci\u00f3 de fotografies i\/o v\u00eddeos que no siguin estrictament personals i\/o familiars.<\/p>\n<p>Per a la realitzaci\u00f3 de fotografies i\/o gravacions audiovisuals amb finalitats diferents de les previstes en el par\u00e0graf anterior, siguin o no comercials, l\u2019usuari i\/o qualsevol tercer hauran d\u2019obtenir pr\u00e8viament una autoritzaci\u00f3 expressa i per escrit de la entitat.<\/p>\n<p><strong>12. Jurisdicci\u00f3 i llei aplicable<\/strong><br \/>\nLes presents Condicions Generals de Contractaci\u00f3 es regeixen per la legislaci\u00f3 espanyola. Les parts renuncien expressament a qualsevol altre fur que els pugui correspondre i se sotmeten als Jutjats i Tribunals de Barcelona per a la resoluci\u00f3 de qualsevol conflicte derivat o relacionat amb aquestes Condicions Generals de Contractaci\u00f3.<\/p>\n<p>Si alguna de les cl\u00e0usules incloses en aquestes Condicions Generals de Contractaci\u00f3 fos declarada totalment o parcialment nul\u00b7la o inefica\u00e7, aquesta nul\u00b7litat o inefic\u00e0cia afectar\u00e0 \u00fanicament la disposici\u00f3 o la part de la mateixa afectada, i la resta de les Condicions Generals romandran vigents, considerant-se no posada la disposici\u00f3 o la part afectada.<\/p>\n<p><strong>13. Contacte<\/strong><br \/>\nPer expressar qualsevol dubte, consulta, suggeriment o reclamaci\u00f3 en relaci\u00f3 amb les presents Condicions Generals de Contractaci\u00f3, pot escriure\u2019ns a l\u2019adre\u00e7a de correu electr\u00f2nic:<br \/>\nreserva@bellesguardgaudi.com<\/p>\n<\/div>\n","protected":false},"excerpt":{"rendered":"<p>1. Objecte i \u00e0mbit d\u2019aplicaci\u00f3 A continuaci\u00f3 s\u2019estableixen els termes i condicions de la venda d\u2019entrades de la Torre Bellesguard de Gaud\u00ed, a trav\u00e9s del present lloc web https:\/\/bellesguardgaudi.com o mitjan\u00e7ant venda directa a la taquilla f\u00edsica, en compliment del que estableix la Llei 34\/2002, de serveis de la societat de la informaci\u00f3 i del [&hellip;]<\/p>\n","protected":false},"author":6,"featured_media":0,"parent":0,"menu_order":0,"comment_status":"open","ping_status":"open","template":"","meta":{"_acf_changed":false,"footnotes":""},"class_list":["post-189918","page","type-page","status-publish","hentry"],"acf":[],"yoast_head":"<!-- This site is optimized with the Yoast SEO plugin v27.2 - https:\/\/yoast.com\/product\/yoast-seo-wordpress\/ -->\n<title>Condicions generals de contractaci\u00f3 - Obra Modernista de Antoni Gaud\u00ed en Barcelona | Torre Bellesguard<\/title>\n<meta name=\"robots\" content=\"index, follow, max-snippet:-1, max-image-preview:large, max-video-preview:-1\" \/>\n<link rel=\"canonical\" href=\"https:\/\/bellesguardgaudi.com\/ca\/condicions-generals-de-contractacio\/\" \/>\n<meta property=\"og:locale\" content=\"ca_ES\" \/>\n<meta property=\"og:type\" content=\"article\" \/>\n<meta property=\"og:title\" content=\"Condicions generals de contractaci\u00f3 - Obra Modernista de Antoni Gaud\u00ed en Barcelona | Torre Bellesguard\" \/>\n<meta property=\"og:description\" content=\"1. Objecte i \u00e0mbit d\u2019aplicaci\u00f3 A continuaci\u00f3 s\u2019estableixen els termes i condicions de la venda d\u2019entrades de la Torre Bellesguard de Gaud\u00ed, a trav\u00e9s del present lloc web https:\/\/bellesguardgaudi.com o mitjan\u00e7ant venda directa a la taquilla f\u00edsica, en compliment del que estableix la Llei 34\/2002, de serveis de la societat de la informaci\u00f3 i del [&hellip;]\" \/>\n<meta property=\"og:url\" content=\"https:\/\/bellesguardgaudi.com\/ca\/condicions-generals-de-contractacio\/\" \/>\n<meta property=\"og:site_name\" content=\"Obra Modernista de Antoni Gaud\u00ed en Barcelona | Torre Bellesguard\" \/>\n<meta property=\"article:modified_time\" content=\"2026-01-21T12:32:07+00:00\" \/>\n<meta name=\"twitter:card\" content=\"summary_large_image\" \/>\n<meta name=\"twitter:label1\" content=\"Temps estimat de lectura\" \/>\n\t<meta name=\"twitter:data1\" content=\"6 minuts\" \/>\n<script type=\"application\/ld+json\" class=\"yoast-schema-graph\">{\"@context\":\"https:\/\/schema.org\",\"@graph\":[{\"@type\":\"WebPage\",\"@id\":\"https:\/\/bellesguardgaudi.com\/ca\/condicions-generals-de-contractacio\/\",\"url\":\"https:\/\/bellesguardgaudi.com\/ca\/condicions-generals-de-contractacio\/\",\"name\":\"Condicions generals de contractaci\u00f3 - Obra Modernista de Antoni Gaud\u00ed en Barcelona | Torre Bellesguard\",\"isPartOf\":{\"@id\":\"https:\/\/bellesguardgaudi.com\/ca\/#website\"},\"datePublished\":\"2026-01-21T12:00:39+00:00\",\"dateModified\":\"2026-01-21T12:32:07+00:00\",\"breadcrumb\":{\"@id\":\"https:\/\/bellesguardgaudi.com\/ca\/condicions-generals-de-contractacio\/#breadcrumb\"},\"inLanguage\":\"ca\",\"potentialAction\":[{\"@type\":\"ReadAction\",\"target\":[\"https:\/\/bellesguardgaudi.com\/ca\/condicions-generals-de-contractacio\/\"]}]},{\"@type\":\"BreadcrumbList\",\"@id\":\"https:\/\/bellesguardgaudi.com\/ca\/condicions-generals-de-contractacio\/#breadcrumb\",\"itemListElement\":[{\"@type\":\"ListItem\",\"position\":1,\"name\":\"Portada\",\"item\":\"https:\/\/bellesguardgaudi.com\/ca\/\"},{\"@type\":\"ListItem\",\"position\":2,\"name\":\"Condicions generals de contractaci\u00f3\"}]},{\"@type\":\"WebSite\",\"@id\":\"https:\/\/bellesguardgaudi.com\/ca\/#website\",\"url\":\"https:\/\/bellesguardgaudi.com\/ca\/\",\"name\":\"Obra Modernista de Antoni Gaud\u00ed en Barcelona | Torre Bellesguard\",\"description\":\"Web oficial de la Torre Bellesguard. Una de las obras m\u00e1s personales del arquitecto modernista Gaud\u00ed en Barcelona. \u00a1Vis\u00edtala sin colas ni aglomeraciones!\",\"potentialAction\":[{\"@type\":\"SearchAction\",\"target\":{\"@type\":\"EntryPoint\",\"urlTemplate\":\"https:\/\/bellesguardgaudi.com\/ca\/?s={search_term_string}\"},\"query-input\":{\"@type\":\"PropertyValueSpecification\",\"valueRequired\":true,\"valueName\":\"search_term_string\"}}],\"inLanguage\":\"ca\"}]}<\/script>\n<!-- \/ Yoast SEO plugin. -->","yoast_head_json":{"title":"Condicions generals de contractaci\u00f3 - Obra Modernista de Antoni Gaud\u00ed en Barcelona | Torre Bellesguard","robots":{"index":"index","follow":"follow","max-snippet":"max-snippet:-1","max-image-preview":"max-image-preview:large","max-video-preview":"max-video-preview:-1"},"canonical":"https:\/\/bellesguardgaudi.com\/ca\/condicions-generals-de-contractacio\/","og_locale":"ca_ES","og_type":"article","og_title":"Condicions generals de contractaci\u00f3 - Obra Modernista de Antoni Gaud\u00ed en Barcelona | Torre Bellesguard","og_description":"1. Objecte i \u00e0mbit d\u2019aplicaci\u00f3 A continuaci\u00f3 s\u2019estableixen els termes i condicions de la venda d\u2019entrades de la Torre Bellesguard de Gaud\u00ed, a trav\u00e9s del present lloc web https:\/\/bellesguardgaudi.com o mitjan\u00e7ant venda directa a la taquilla f\u00edsica, en compliment del que estableix la Llei 34\/2002, de serveis de la societat de la informaci\u00f3 i del [&hellip;]","og_url":"https:\/\/bellesguardgaudi.com\/ca\/condicions-generals-de-contractacio\/","og_site_name":"Obra Modernista de Antoni Gaud\u00ed en Barcelona | Torre Bellesguard","article_modified_time":"2026-01-21T12:32:07+00:00","twitter_card":"summary_large_image","twitter_misc":{"Temps estimat de lectura":"6 minuts"},"schema":{"@context":"https:\/\/schema.org","@graph":[{"@type":"WebPage","@id":"https:\/\/bellesguardgaudi.com\/ca\/condicions-generals-de-contractacio\/","url":"https:\/\/bellesguardgaudi.com\/ca\/condicions-generals-de-contractacio\/","name":"Condicions generals de contractaci\u00f3 - Obra Modernista de Antoni Gaud\u00ed en Barcelona | Torre Bellesguard","isPartOf":{"@id":"https:\/\/bellesguardgaudi.com\/ca\/#website"},"datePublished":"2026-01-21T12:00:39+00:00","dateModified":"2026-01-21T12:32:07+00:00","breadcrumb":{"@id":"https:\/\/bellesguardgaudi.com\/ca\/condicions-generals-de-contractacio\/#breadcrumb"},"inLanguage":"ca","potentialAction":[{"@type":"ReadAction","target":["https:\/\/bellesguardgaudi.com\/ca\/condicions-generals-de-contractacio\/"]}]},{"@type":"BreadcrumbList","@id":"https:\/\/bellesguardgaudi.com\/ca\/condicions-generals-de-contractacio\/#breadcrumb","itemListElement":[{"@type":"ListItem","position":1,"name":"Portada","item":"https:\/\/bellesguardgaudi.com\/ca\/"},{"@type":"ListItem","position":2,"name":"Condicions generals de contractaci\u00f3"}]},{"@type":"WebSite","@id":"https:\/\/bellesguardgaudi.com\/ca\/#website","url":"https:\/\/bellesguardgaudi.com\/ca\/","name":"Obra Modernista de Antoni Gaud\u00ed en Barcelona | Torre Bellesguard","description":"Web oficial de la Torre Bellesguard. Una de las obras m\u00e1s personales del arquitecto modernista Gaud\u00ed en Barcelona. \u00a1Vis\u00edtala sin colas ni aglomeraciones!","potentialAction":[{"@type":"SearchAction","target":{"@type":"EntryPoint","urlTemplate":"https:\/\/bellesguardgaudi.com\/ca\/?s={search_term_string}"},"query-input":{"@type":"PropertyValueSpecification","valueRequired":true,"valueName":"search_term_string"}}],"inLanguage":"ca"}]}},"_links":{"self":[{"href":"https:\/\/bellesguardgaudi.com\/ca\/wp-json\/wp\/v2\/pages\/189918","targetHints":{"allow":["GET"]}}],"collection":[{"href":"https:\/\/bellesguardgaudi.com\/ca\/wp-json\/wp\/v2\/pages"}],"about":[{"href":"https:\/\/bellesguardgaudi.com\/ca\/wp-json\/wp\/v2\/types\/page"}],"author":[{"embeddable":true,"href":"https:\/\/bellesguardgaudi.com\/ca\/wp-json\/wp\/v2\/users\/6"}],"replies":[{"embeddable":true,"href":"https:\/\/bellesguardgaudi.com\/ca\/wp-json\/wp\/v2\/comments?post=189918"}],"version-history":[{"count":1,"href":"https:\/\/bellesguardgaudi.com\/ca\/wp-json\/wp\/v2\/pages\/189918\/revisions"}],"predecessor-version":[{"id":189919,"href":"https:\/\/bellesguardgaudi.com\/ca\/wp-json\/wp\/v2\/pages\/189918\/revisions\/189919"}],"wp:attachment":[{"href":"https:\/\/bellesguardgaudi.com\/ca\/wp-json\/wp\/v2\/media?parent=189918"}],"curies":[{"name":"wp","href":"https:\/\/api.w.org\/{rel}","templated":true}]}}