{"id":5530,"date":"2019-10-15T17:45:22","date_gmt":"2019-10-15T15:45:22","guid":{"rendered":"http:\/\/130.61.100.28\/wordpress\/bellesguard\/collaboracions-i-aliances\/"},"modified":"2021-11-11T12:46:29","modified_gmt":"2021-11-11T11:46:29","slug":"collaboracions-i-aliances","status":"publish","type":"page","link":"https:\/\/bellesguardgaudi.com\/ca\/bellesguard\/collaboracions-i-aliances\/","title":{"rendered":"Col\u00b7laboracions i aliances"},"content":{"rendered":"<p>[vc_row el_class=&#8221;hcenter-row logos-alianzas&#8221;][vc_column width=&#8221;1\/2&#8243; el_class=&#8221;hcenter-col&#8221; offset=&#8221;vc_col-lg-3 vc_col-md-6 vc_col-xs-12&#8243;][vc_single_image image=&#8221;5365&#8243; img_size=&#8221;full&#8221; alignment=&#8221;center&#8221; onclick=&#8221;custom_link&#8221; img_link_target=&#8221;_blank&#8221; link=&#8221;http:\/\/www.portalgaudi.cat\/es\/consell-gaudi\/&#8221;][\/vc_column][vc_column width=&#8221;1\/2&#8243; el_class=&#8221;hcenter-col&#8221; offset=&#8221;vc_col-lg-3 vc_col-md-6 vc_col-xs-12&#8243;][vc_single_image image=&#8221;5370&#8243; img_size=&#8221;full&#8221; alignment=&#8221;center&#8221; onclick=&#8221;custom_link&#8221; img_link_target=&#8221;_blank&#8221; link=&#8221;https:\/\/www.barcelonapremium.com\/&#8221;][\/vc_column][vc_column width=&#8221;1\/2&#8243; el_class=&#8221;hcenter-col&#8221; offset=&#8221;vc_col-lg-3 vc_col-md-6 vc_col-xs-12&#8243;][vc_single_image image=&#8221;5375&#8243; img_size=&#8221;full&#8221; alignment=&#8221;center&#8221; onclick=&#8221;custom_link&#8221; img_link_target=&#8221;_blank&#8221; link=&#8221;http:\/\/www.monumenta.info\/&#8221;][\/vc_column][vc_column width=&#8221;1\/2&#8243; el_class=&#8221;hcenter-col&#8221; offset=&#8221;vc_col-lg-3 vc_col-md-6 vc_col-xs-12&#8243;][vc_single_image image=&#8221;5380&#8243; img_size=&#8221;full&#8221; alignment=&#8221;center&#8221; onclick=&#8221;custom_link&#8221; img_link_target=&#8221;_blank&#8221; link=&#8221;http:\/\/www.amicsdegaudi.com\/&#8221;][\/vc_column][\/vc_row][vc_row el_class=&#8221;hcenter-row logos-alianzas&#8221;][vc_column width=&#8221;1\/2&#8243; el_class=&#8221;hcenter-col&#8221; offset=&#8221;vc_col-lg-3 vc_col-md-6 vc_col-xs-12&#8243;][vc_single_image image=&#8221;5397&#8243; img_size=&#8221;full&#8221; alignment=&#8221;center&#8221; onclick=&#8221;custom_link&#8221; img_link_target=&#8221;_blank&#8221; link=&#8221;http:\/\/www.rutadelmodernisme.com\/&#8221;][\/vc_column][vc_column width=&#8221;1\/2&#8243; el_class=&#8221;hcenter-col&#8221; offset=&#8221;vc_col-lg-3 vc_col-md-6 vc_col-xs-12&#8243;][vc_single_image image=&#8221;5437&#8243; img_size=&#8221;full&#8221; alignment=&#8221;center&#8221; onclick=&#8221;custom_link&#8221; img_link_target=&#8221;_blank&#8221; link=&#8221;https:\/\/www.madeforspainandportugal.com\/en\/&#8221;][\/vc_column][vc_column width=&#8221;1\/2&#8243; el_class=&#8221;hcenter-col&#8221; offset=&#8221;vc_col-lg-3 vc_col-md-6 vc_col-xs-12&#8243;][vc_single_image image=&#8221;5407&#8243; img_size=&#8221;full&#8221; alignment=&#8221;center&#8221; onclick=&#8221;custom_link&#8221; img_link_target=&#8221;_blank&#8221; link=&#8221;https:\/\/www.fgc.cat\/&#8221;][\/vc_column][vc_column width=&#8221;1\/2&#8243; el_class=&#8221;hcenter-col&#8221; offset=&#8221;vc_col-lg-3 vc_col-md-6 vc_col-xs-12&#8243;][vc_single_image image=&#8221;5412&#8243; img_size=&#8221;full&#8221; alignment=&#8221;center&#8221; onclick=&#8221;custom_link&#8221; img_link_target=&#8221;_blank&#8221; link=&#8221;http:\/\/www.48hopenhousebarcelona.org\/&#8221;][\/vc_column][\/vc_row][vc_row el_class=&#8221;hcenter-row logos-alianzas&#8221;][vc_column width=&#8221;1\/2&#8243; el_class=&#8221;hcenter-col&#8221; offset=&#8221;vc_col-lg-3 vc_col-md-6 vc_col-xs-12&#8243;][vc_single_image image=&#8221;5417&#8243; img_size=&#8221;full&#8221; alignment=&#8221;center&#8221; onclick=&#8221;custom_link&#8221; img_link_target=&#8221;_blank&#8221; link=&#8221;https:\/\/mosaiccos.com\/ca\/&#8221;][\/vc_column][vc_column width=&#8221;1\/2&#8243; el_class=&#8221;hcenter-col&#8221; offset=&#8221;vc_col-lg-3 vc_col-md-6 vc_col-xs-12&#8243;][vc_single_image image=&#8221;5422&#8243; img_size=&#8221;full&#8221; alignment=&#8221;center&#8221; onclick=&#8221;custom_link&#8221; img_link_target=&#8221;_blank&#8221; link=&#8221;http:\/\/act.gencat.cat\/club-de-turisme-cultural\/&#8221;][\/vc_column][vc_column width=&#8221;1\/2&#8243; el_class=&#8221;hcenter-col&#8221; offset=&#8221;vc_col-lg-3 vc_col-md-6 vc_col-xs-12&#8243;][vc_single_image image=&#8221;5427&#8243; img_size=&#8221;full&#8221; alignment=&#8221;center&#8221; onclick=&#8221;custom_link&#8221; img_link_target=&#8221;_blank&#8221; link=&#8221;https:\/\/www.barcelonaesmoltmes.cat\/es\/costabarcelona\/&#8221;][\/vc_column][vc_column width=&#8221;1\/2&#8243; el_class=&#8221;hcenter-col&#8221; offset=&#8221;vc_col-lg-3 vc_col-md-6 vc_col-xs-12&#8243;][vc_single_image image=&#8221;5432&#8243; img_size=&#8221;full&#8221; alignment=&#8221;center&#8221; onclick=&#8221;custom_link&#8221; img_link_target=&#8221;_blank&#8221; link=&#8221;https:\/\/mosaiccos.com\/ca\/&#8221;][\/vc_column][\/vc_row][vc_row el_class=&#8221;hcenter-row logos-alianzas margen-top-50&#8243;][vc_column width=&#8221;1\/4&#8243; el_class=&#8221;hcenter-col&#8221;][vc_single_image image=&#8221;5442&#8243; img_size=&#8221;full&#8221; alignment=&#8221;center&#8221; onclick=&#8221;custom_link&#8221; img_link_target=&#8221;_blank&#8221; link=&#8221;https:\/\/juliatravel.com\/es\/&#8221;][\/vc_column][vc_column width=&#8221;1\/2&#8243; el_class=&#8221;hcenter-col&#8221; offset=&#8221;vc_col-lg-3 vc_col-md-6 vc_col-xs-12&#8243;][\/vc_column][vc_column width=&#8221;1\/2&#8243; el_class=&#8221;hcenter-col&#8221; offset=&#8221;vc_col-lg-3 vc_col-md-6 vc_col-xs-12&#8243;][\/vc_column][vc_column width=&#8221;1\/4&#8243; el_class=&#8221;hcenter-col&#8221;][\/vc_column][\/vc_row]<\/p>\n","protected":false},"excerpt":{"rendered":"<p>[vc_row el_class=&#8221;hcenter-row logos-alianzas&#8221;][vc_column width=&#8221;1\/2&#8243; el_class=&#8221;hcenter-col&#8221; offset=&#8221;vc_col-lg-3 vc_col-md-6 vc_col-xs-12&#8243;][vc_single_image image=&#8221;5365&#8243; img_size=&#8221;full&#8221; alignment=&#8221;center&#8221; onclick=&#8221;custom_link&#8221; img_link_target=&#8221;_blank&#8221; link=&#8221;http:\/\/www.portalgaudi.cat\/es\/consell-gaudi\/&#8221;][\/vc_column][vc_column width=&#8221;1\/2&#8243; el_class=&#8221;hcenter-col&#8221; offset=&#8221;vc_col-lg-3 vc_col-md-6 vc_col-xs-12&#8243;][vc_single_image image=&#8221;5370&#8243; img_size=&#8221;full&#8221; alignment=&#8221;center&#8221; onclick=&#8221;custom_link&#8221; img_link_target=&#8221;_blank&#8221; link=&#8221;https:\/\/www.barcelonapremium.com\/&#8221;][\/vc_column][vc_column width=&#8221;1\/2&#8243; el_class=&#8221;hcenter-col&#8221; offset=&#8221;vc_col-lg-3 vc_col-md-6 vc_col-xs-12&#8243;][vc_single_image image=&#8221;5375&#8243; img_size=&#8221;full&#8221; alignment=&#8221;center&#8221; onclick=&#8221;custom_link&#8221; img_link_target=&#8221;_blank&#8221; link=&#8221;http:\/\/www.monumenta.info\/&#8221;][\/vc_column][vc_column width=&#8221;1\/2&#8243; el_class=&#8221;hcenter-col&#8221; offset=&#8221;vc_col-lg-3 vc_col-md-6 vc_col-xs-12&#8243;][vc_single_image image=&#8221;5380&#8243; img_size=&#8221;full&#8221; alignment=&#8221;center&#8221; onclick=&#8221;custom_link&#8221; img_link_target=&#8221;_blank&#8221; link=&#8221;http:\/\/www.amicsdegaudi.com\/&#8221;][\/vc_column][\/vc_row][vc_row el_class=&#8221;hcenter-row logos-alianzas&#8221;][vc_column width=&#8221;1\/2&#8243; el_class=&#8221;hcenter-col&#8221; offset=&#8221;vc_col-lg-3 vc_col-md-6 vc_col-xs-12&#8243;][vc_single_image image=&#8221;5397&#8243; [&hellip;]<\/p>\n","protected":false},"author":1,"featured_media":0,"parent":5521,"menu_order":0,"comment_status":"closed","ping_status":"closed","template":"","meta":{"_acf_changed":false,"footnotes":""},"class_list":["post-5530","page","type-page","status-publish","hentry"],"acf":[],"yoast_head":"<!-- This site is optimized with the Yoast SEO plugin v27.2 - https:\/\/yoast.com\/product\/yoast-seo-wordpress\/ -->\n<title>Col\u00b7laboracions i Aliances | Torre Bellesguard Gaud\u00ed Barcelona<\/title>\n<meta name=\"description\" content=\"Bellesguard Gaud\u00ed col\u00b7labora amb diferents entitats amb la finalitat de promoure el patrimoni art\u00edstic, hist\u00f2ric, arquitect\u00f2nic i cultural de Barcelona.\" \/>\n<meta name=\"robots\" content=\"index, follow, max-snippet:-1, max-image-preview:large, max-video-preview:-1\" \/>\n<link rel=\"canonical\" href=\"https:\/\/bellesguardgaudi.com\/ca\/bellesguard\/collaboracions-i-aliances\/\" \/>\n<meta property=\"og:locale\" content=\"ca_ES\" \/>\n<meta property=\"og:type\" content=\"article\" \/>\n<meta property=\"og:title\" content=\"Col\u00b7laboracions i Aliances | Torre Bellesguard Gaud\u00ed Barcelona\" \/>\n<meta property=\"og:description\" content=\"Bellesguard Gaud\u00ed col\u00b7labora amb diferents entitats amb la finalitat de promoure el patrimoni art\u00edstic, hist\u00f2ric, arquitect\u00f2nic i cultural de Barcelona.\" \/>\n<meta property=\"og:url\" content=\"https:\/\/bellesguardgaudi.com\/ca\/bellesguard\/collaboracions-i-aliances\/\" \/>\n<meta property=\"og:site_name\" content=\"Obra Modernista de Antoni Gaud\u00ed en Barcelona | Torre Bellesguard\" \/>\n<meta property=\"article:modified_time\" content=\"2021-11-11T11:46:29+00:00\" \/>\n<meta name=\"twitter:card\" content=\"summary_large_image\" \/>\n<meta name=\"twitter:label1\" content=\"Temps estimat de lectura\" \/>\n\t<meta name=\"twitter:data1\" content=\"1 minut\" \/>\n<script type=\"application\/ld+json\" class=\"yoast-schema-graph\">{\"@context\":\"https:\/\/schema.org\",\"@graph\":[{\"@type\":\"WebPage\",\"@id\":\"https:\/\/bellesguardgaudi.com\/ca\/bellesguard\/collaboracions-i-aliances\/\",\"url\":\"https:\/\/bellesguardgaudi.com\/ca\/bellesguard\/collaboracions-i-aliances\/\",\"name\":\"Col\u00b7laboracions i Aliances | Torre Bellesguard Gaud\u00ed Barcelona\",\"isPartOf\":{\"@id\":\"https:\/\/bellesguardgaudi.com\/ca\/#website\"},\"datePublished\":\"2019-10-15T15:45:22+00:00\",\"dateModified\":\"2021-11-11T11:46:29+00:00\",\"description\":\"Bellesguard Gaud\u00ed col\u00b7labora amb diferents entitats amb la finalitat de promoure el patrimoni art\u00edstic, hist\u00f2ric, arquitect\u00f2nic i cultural de Barcelona.\",\"breadcrumb\":{\"@id\":\"https:\/\/bellesguardgaudi.com\/ca\/bellesguard\/collaboracions-i-aliances\/#breadcrumb\"},\"inLanguage\":\"ca\",\"potentialAction\":[{\"@type\":\"ReadAction\",\"target\":[\"https:\/\/bellesguardgaudi.com\/ca\/bellesguard\/collaboracions-i-aliances\/\"]}]},{\"@type\":\"BreadcrumbList\",\"@id\":\"https:\/\/bellesguardgaudi.com\/ca\/bellesguard\/collaboracions-i-aliances\/#breadcrumb\",\"itemListElement\":[{\"@type\":\"ListItem\",\"position\":1,\"name\":\"Portada\",\"item\":\"https:\/\/bellesguardgaudi.com\/ca\/\"},{\"@type\":\"ListItem\",\"position\":2,\"name\":\"Bellesguard\",\"item\":\"https:\/\/bellesguardgaudi.com\/ca\/bellesguard\/\"},{\"@type\":\"ListItem\",\"position\":3,\"name\":\"Col\u00b7laboracions i aliances\"}]},{\"@type\":\"WebSite\",\"@id\":\"https:\/\/bellesguardgaudi.com\/ca\/#website\",\"url\":\"https:\/\/bellesguardgaudi.com\/ca\/\",\"name\":\"Obra Modernista de Antoni Gaud\u00ed en Barcelona | Torre Bellesguard\",\"description\":\"Web oficial de la Torre Bellesguard. Una de las obras m\u00e1s personales del arquitecto modernista Gaud\u00ed en Barcelona. \u00a1Vis\u00edtala sin colas ni aglomeraciones!\",\"potentialAction\":[{\"@type\":\"SearchAction\",\"target\":{\"@type\":\"EntryPoint\",\"urlTemplate\":\"https:\/\/bellesguardgaudi.com\/ca\/?s={search_term_string}\"},\"query-input\":{\"@type\":\"PropertyValueSpecification\",\"valueRequired\":true,\"valueName\":\"search_term_string\"}}],\"inLanguage\":\"ca\"}]}<\/script>\n<!-- \/ Yoast SEO plugin. -->","yoast_head_json":{"title":"Col\u00b7laboracions i Aliances | Torre Bellesguard Gaud\u00ed Barcelona","description":"Bellesguard Gaud\u00ed col\u00b7labora amb diferents entitats amb la finalitat de promoure el patrimoni art\u00edstic, hist\u00f2ric, arquitect\u00f2nic i cultural de Barcelona.","robots":{"index":"index","follow":"follow","max-snippet":"max-snippet:-1","max-image-preview":"max-image-preview:large","max-video-preview":"max-video-preview:-1"},"canonical":"https:\/\/bellesguardgaudi.com\/ca\/bellesguard\/collaboracions-i-aliances\/","og_locale":"ca_ES","og_type":"article","og_title":"Col\u00b7laboracions i Aliances | Torre Bellesguard Gaud\u00ed Barcelona","og_description":"Bellesguard Gaud\u00ed col\u00b7labora amb diferents entitats amb la finalitat de promoure el patrimoni art\u00edstic, hist\u00f2ric, arquitect\u00f2nic i cultural de Barcelona.","og_url":"https:\/\/bellesguardgaudi.com\/ca\/bellesguard\/collaboracions-i-aliances\/","og_site_name":"Obra Modernista de Antoni Gaud\u00ed en Barcelona | Torre Bellesguard","article_modified_time":"2021-11-11T11:46:29+00:00","twitter_card":"summary_large_image","twitter_misc":{"Temps estimat de lectura":"1 minut"},"schema":{"@context":"https:\/\/schema.org","@graph":[{"@type":"WebPage","@id":"https:\/\/bellesguardgaudi.com\/ca\/bellesguard\/collaboracions-i-aliances\/","url":"https:\/\/bellesguardgaudi.com\/ca\/bellesguard\/collaboracions-i-aliances\/","name":"Col\u00b7laboracions i Aliances | Torre Bellesguard Gaud\u00ed Barcelona","isPartOf":{"@id":"https:\/\/bellesguardgaudi.com\/ca\/#website"},"datePublished":"2019-10-15T15:45:22+00:00","dateModified":"2021-11-11T11:46:29+00:00","description":"Bellesguard Gaud\u00ed col\u00b7labora amb diferents entitats amb la finalitat de promoure el patrimoni art\u00edstic, hist\u00f2ric, arquitect\u00f2nic i cultural de Barcelona.","breadcrumb":{"@id":"https:\/\/bellesguardgaudi.com\/ca\/bellesguard\/collaboracions-i-aliances\/#breadcrumb"},"inLanguage":"ca","potentialAction":[{"@type":"ReadAction","target":["https:\/\/bellesguardgaudi.com\/ca\/bellesguard\/collaboracions-i-aliances\/"]}]},{"@type":"BreadcrumbList","@id":"https:\/\/bellesguardgaudi.com\/ca\/bellesguard\/collaboracions-i-aliances\/#breadcrumb","itemListElement":[{"@type":"ListItem","position":1,"name":"Portada","item":"https:\/\/bellesguardgaudi.com\/ca\/"},{"@type":"ListItem","position":2,"name":"Bellesguard","item":"https:\/\/bellesguardgaudi.com\/ca\/bellesguard\/"},{"@type":"ListItem","position":3,"name":"Col\u00b7laboracions i aliances"}]},{"@type":"WebSite","@id":"https:\/\/bellesguardgaudi.com\/ca\/#website","url":"https:\/\/bellesguardgaudi.com\/ca\/","name":"Obra Modernista de Antoni Gaud\u00ed en Barcelona | Torre Bellesguard","description":"Web oficial de la Torre Bellesguard. Una de las obras m\u00e1s personales del arquitecto modernista Gaud\u00ed en Barcelona. \u00a1Vis\u00edtala sin colas ni aglomeraciones!","potentialAction":[{"@type":"SearchAction","target":{"@type":"EntryPoint","urlTemplate":"https:\/\/bellesguardgaudi.com\/ca\/?s={search_term_string}"},"query-input":{"@type":"PropertyValueSpecification","valueRequired":true,"valueName":"search_term_string"}}],"inLanguage":"ca"}]}},"_links":{"self":[{"href":"https:\/\/bellesguardgaudi.com\/ca\/wp-json\/wp\/v2\/pages\/5530","targetHints":{"allow":["GET"]}}],"collection":[{"href":"https:\/\/bellesguardgaudi.com\/ca\/wp-json\/wp\/v2\/pages"}],"about":[{"href":"https:\/\/bellesguardgaudi.com\/ca\/wp-json\/wp\/v2\/types\/page"}],"author":[{"embeddable":true,"href":"https:\/\/bellesguardgaudi.com\/ca\/wp-json\/wp\/v2\/users\/1"}],"replies":[{"embeddable":true,"href":"https:\/\/bellesguardgaudi.com\/ca\/wp-json\/wp\/v2\/comments?post=5530"}],"version-history":[{"count":5,"href":"https:\/\/bellesguardgaudi.com\/ca\/wp-json\/wp\/v2\/pages\/5530\/revisions"}],"predecessor-version":[{"id":8032,"href":"https:\/\/bellesguardgaudi.com\/ca\/wp-json\/wp\/v2\/pages\/5530\/revisions\/8032"}],"up":[{"embeddable":true,"href":"https:\/\/bellesguardgaudi.com\/ca\/wp-json\/wp\/v2\/pages\/5521"}],"wp:attachment":[{"href":"https:\/\/bellesguardgaudi.com\/ca\/wp-json\/wp\/v2\/media?parent=5530"}],"curies":[{"name":"wp","href":"https:\/\/api.w.org\/{rel}","templated":true}]}}