{"id":5552,"date":"2019-10-09T19:07:52","date_gmt":"2019-10-09T17:07:52","guid":{"rendered":"http:\/\/130.61.100.28\/wordpress\/bellesguard\/solidaritat\/"},"modified":"2021-11-11T12:45:33","modified_gmt":"2021-11-11T11:45:33","slug":"solidaritat","status":"publish","type":"page","link":"https:\/\/bellesguardgaudi.com\/ca\/bellesguard\/solidaritat\/","title":{"rendered":"Solidaritat"},"content":{"rendered":"<p>[vc_row][vc_column][vc_column_text]<\/p>\n<h2 style=\"text-align: center;\">LA FINESTRA DE BELLESGUARD, PAISATGE SOLIDARI<\/h2>\n<p style=\"text-align: center;\">La Torre Bellesguard d\u2019Antoni Gaud\u00ed t\u00e9 moltes finestres obertes: a la cultura, a la recerca, a la creaci\u00f3, a l\u2019art, a la m\u00fasica, a la formaci\u00f3, a la comunicaci\u00f3, a les noves tecnologies\u2026i tamb\u00e9 volem obrir una finestra a la solidaritat, assumint un comprom\u00eds actiu amb el nostre entorn i el nostre m\u00f3n.<\/p>\n<p style=\"text-align: center;\">Cada any establirem compromisos de col\u00b7laboraci\u00f3 amb diferents ONG\u2019s del territori, que treballin en \u00e0mbits diversos, com la inf\u00e0ncia, els drets humans, la inclusi\u00f3 social, les persones discapacitades, el tercer m\u00f3n, la banca \u00e8tica\u2026<\/p>\n<p style=\"text-align: center;\">Hi ha molta feina a fer i tots els que formem l\u2019equip de Bellesguard estem conven\u00e7uts que cal obrir i mantenir ben oberta aquesta finestra solid\u00e0ria, per a qu\u00e8 l\u2019aire fresc dels canvis en positiu ompli de color i energia el nostre dia a dia.<\/p>\n<p>[\/vc_column_text][\/vc_column][\/vc_row][vc_row equal_height=&#8221;yes&#8221; content_placement=&#8221;middle&#8221;][vc_column][vc_separator css=&#8221;.vc_custom_1571150705373{margin-top: 30px !important;margin-bottom: 30px !important;}&#8221;][\/vc_column][\/vc_row][vc_row][vc_column offset=&#8221;vc_col-lg-7 vc_col-md-12 vc_col-xs-12&#8243;][vc_column_text]<\/p>\n<h3>TORRE BELLESGUARD I BAYT AL-THAQAFA<\/h3>\n<p>Bayt al-Thaqafa \u00e9s una entitat sense \u00e0nim de lucre que treballa amb immigrants d\u2019origen arabomusulm\u00e0 des de 1974.<\/p>\n<p>Un equip hum\u00e0 de m\u00e9s de 60 voluntaris i una vintena de professionals fa que Bayt al-Thaqafa sigui un punt de trobada entre cultures diferents: la catalana, l\u2019espanyola, la del Magrib, la d\u2019\u00c0frica Subsahariana, la del Sud-est Asi\u00e0tic i d\u2019altres pa\u00efsos \u00e0rabs o musulmans.<\/p>\n<p>Per col\u00b7laborar amb Bayt al-Thaqafa o fer un donatiu: <a href=\"http:\/\/www.bayt-al-thaqafa.org\/\" target=\"_blank\" rel=\"noopener noreferrer\">www.bayt-al-thaqafa.org<\/a>[\/vc_column_text][\/vc_column][vc_column offset=&#8221;vc_col-lg-5 vc_col-md-12 vc_col-xs-12&#8243;][vc_single_image image=&#8221;8024&#8243; img_size=&#8221;full&#8221;][\/vc_column][\/vc_row][vc_row equal_height=&#8221;yes&#8221; content_placement=&#8221;middle&#8221;][vc_column][vc_separator css=&#8221;.vc_custom_1571150705373{margin-top: 30px !important;margin-bottom: 30px !important;}&#8221;][\/vc_column][\/vc_row][vc_row][vc_column offset=&#8221;vc_col-lg-5 vc_col-md-12 vc_col-xs-12&#8243;][vc_single_image image=&#8221;5344&#8243; img_size=&#8221;full&#8221; add_caption=&#8221;yes&#8221;][\/vc_column][vc_column offset=&#8221;vc_col-lg-7 vc_col-md-12 vc_col-xs-12&#8243;][vc_column_text]<\/p>\n<h3>TORRE BELLESGUARD I ACTIVE \u00c0FRICA<\/h3>\n<p>L&#8217;ONG Active \u00c0frica, una ONG creada l\u2019any 2004 a Barcelona, desenvolupa projectes de cooperaci\u00f3 a les zones rurals m\u00e9s pobres de Malawi i K\u00e8nia. La missi\u00f3 principal d\u2019Active \u00c0frica \u00e9s contribuir a millorar l\u2019educaci\u00f3, promoure la igualtat de g\u00e8nere i donar suport al seu sistema sanitari.<\/p>\n<p>Si vols col\u00b7laborar amb Active \u00c0frica, troba m\u00e9s informaci\u00f3 aqu\u00ed: <a href=\"https:\/\/www.activeafrica.org\/\" target=\"_blank\" rel=\"noopener noreferrer\">www.activeafrica.org<\/a>[\/vc_column_text][\/vc_column][\/vc_row][vc_row equal_height=&#8221;yes&#8221; content_placement=&#8221;middle&#8221;][vc_column][vc_separator css=&#8221;.vc_custom_1571150705373{margin-top: 30px !important;margin-bottom: 30px !important;}&#8221;][\/vc_column][\/vc_row][vc_row][vc_column offset=&#8221;vc_col-lg-7 vc_col-md-12 vc_col-xs-12&#8243;][vc_column_text]<\/p>\n<h3>TORRE BELLESGUARD I SANT JOAN DE D\u00c9U<\/h3>\n<p>L&#8217;Orde Hospital\u00e0ria de Sant Joan de D\u00e9u cuida dels m\u00e9s desfavorits i desprotegits de tot el m\u00f3n amb diferents programes de cooperaci\u00f3.<\/p>\n<p>Est\u00e0 present a m\u00e9s de 50 pa\u00efsos dels cinc continents, amb 300 centres que donen servei a 20 milions de persones cada any.<\/p>\n<p>Per col\u00b7laborar amb Sant Joan de D\u00e9u: <a href=\"http:\/\/www.ohsjd.es\/\" target=\"_blank\" rel=\"noopener noreferrer\">www.ohsjd.es<\/a>[\/vc_column_text][\/vc_column][vc_column offset=&#8221;vc_col-lg-5 vc_col-md-12 vc_col-xs-12&#8243;][vc_single_image image=&#8221;5353&#8243; img_size=&#8221;full&#8221; add_caption=&#8221;yes&#8221;][\/vc_column][\/vc_row]<\/p>\n","protected":false},"excerpt":{"rendered":"<p>[vc_row][vc_column][vc_column_text] LA FINESTRA DE BELLESGUARD, PAISATGE SOLIDARI La Torre Bellesguard d\u2019Antoni Gaud\u00ed t\u00e9 moltes finestres obertes: a la cultura, a la recerca, a la creaci\u00f3, a l\u2019art, a la m\u00fasica, a la formaci\u00f3, a la comunicaci\u00f3, a les noves tecnologies\u2026i tamb\u00e9 volem obrir una finestra a la solidaritat, assumint un comprom\u00eds actiu amb el nostre [&hellip;]<\/p>\n","protected":false},"author":1,"featured_media":0,"parent":5521,"menu_order":0,"comment_status":"closed","ping_status":"closed","template":"","meta":{"_acf_changed":false,"footnotes":""},"class_list":["post-5552","page","type-page","status-publish","hentry"],"acf":[],"yoast_head":"<!-- This site is optimized with the Yoast SEO plugin v27.2 - https:\/\/yoast.com\/product\/yoast-seo-wordpress\/ -->\n<title>Accions Solid\u00e0ries | Torre Bellesguard Gaud\u00ed Barcelona<\/title>\n<meta name=\"description\" content=\"Bellesguard participa en projectes d&#039;acci\u00f3 solid\u00e0ria amb diverses ONG del territori. Assumint un comprom\u00eds actiu amb el nostre m\u00f3n. Col\u00b7labora!\" \/>\n<meta name=\"robots\" content=\"index, follow, max-snippet:-1, max-image-preview:large, max-video-preview:-1\" \/>\n<link rel=\"canonical\" href=\"https:\/\/bellesguardgaudi.com\/ca\/bellesguard\/solidaritat\/\" \/>\n<meta property=\"og:locale\" content=\"ca_ES\" \/>\n<meta property=\"og:type\" content=\"article\" \/>\n<meta property=\"og:title\" content=\"Accions Solid\u00e0ries | Torre Bellesguard Gaud\u00ed Barcelona\" \/>\n<meta property=\"og:description\" content=\"Bellesguard participa en projectes d&#039;acci\u00f3 solid\u00e0ria amb diverses ONG del territori. Assumint un comprom\u00eds actiu amb el nostre m\u00f3n. Col\u00b7labora!\" \/>\n<meta property=\"og:url\" content=\"https:\/\/bellesguardgaudi.com\/ca\/bellesguard\/solidaritat\/\" \/>\n<meta property=\"og:site_name\" content=\"Obra Modernista de Antoni Gaud\u00ed en Barcelona | Torre Bellesguard\" \/>\n<meta property=\"article:modified_time\" content=\"2021-11-11T11:45:33+00:00\" \/>\n<meta name=\"twitter:card\" content=\"summary_large_image\" \/>\n<meta name=\"twitter:label1\" content=\"Temps estimat de lectura\" \/>\n\t<meta name=\"twitter:data1\" content=\"2 minuts\" \/>\n<script type=\"application\/ld+json\" class=\"yoast-schema-graph\">{\"@context\":\"https:\/\/schema.org\",\"@graph\":[{\"@type\":\"WebPage\",\"@id\":\"https:\/\/bellesguardgaudi.com\/ca\/bellesguard\/solidaritat\/\",\"url\":\"https:\/\/bellesguardgaudi.com\/ca\/bellesguard\/solidaritat\/\",\"name\":\"Accions Solid\u00e0ries | Torre Bellesguard Gaud\u00ed Barcelona\",\"isPartOf\":{\"@id\":\"https:\/\/bellesguardgaudi.com\/ca\/#website\"},\"datePublished\":\"2019-10-09T17:07:52+00:00\",\"dateModified\":\"2021-11-11T11:45:33+00:00\",\"description\":\"Bellesguard participa en projectes d'acci\u00f3 solid\u00e0ria amb diverses ONG del territori. Assumint un comprom\u00eds actiu amb el nostre m\u00f3n. Col\u00b7labora!\",\"breadcrumb\":{\"@id\":\"https:\/\/bellesguardgaudi.com\/ca\/bellesguard\/solidaritat\/#breadcrumb\"},\"inLanguage\":\"ca\",\"potentialAction\":[{\"@type\":\"ReadAction\",\"target\":[\"https:\/\/bellesguardgaudi.com\/ca\/bellesguard\/solidaritat\/\"]}]},{\"@type\":\"BreadcrumbList\",\"@id\":\"https:\/\/bellesguardgaudi.com\/ca\/bellesguard\/solidaritat\/#breadcrumb\",\"itemListElement\":[{\"@type\":\"ListItem\",\"position\":1,\"name\":\"Portada\",\"item\":\"https:\/\/bellesguardgaudi.com\/ca\/\"},{\"@type\":\"ListItem\",\"position\":2,\"name\":\"Bellesguard\",\"item\":\"https:\/\/bellesguardgaudi.com\/ca\/bellesguard\/\"},{\"@type\":\"ListItem\",\"position\":3,\"name\":\"Solidaritat\"}]},{\"@type\":\"WebSite\",\"@id\":\"https:\/\/bellesguardgaudi.com\/ca\/#website\",\"url\":\"https:\/\/bellesguardgaudi.com\/ca\/\",\"name\":\"Obra Modernista de Antoni Gaud\u00ed en Barcelona | Torre Bellesguard\",\"description\":\"Web oficial de la Torre Bellesguard. Una de las obras m\u00e1s personales del arquitecto modernista Gaud\u00ed en Barcelona. \u00a1Vis\u00edtala sin colas ni aglomeraciones!\",\"potentialAction\":[{\"@type\":\"SearchAction\",\"target\":{\"@type\":\"EntryPoint\",\"urlTemplate\":\"https:\/\/bellesguardgaudi.com\/ca\/?s={search_term_string}\"},\"query-input\":{\"@type\":\"PropertyValueSpecification\",\"valueRequired\":true,\"valueName\":\"search_term_string\"}}],\"inLanguage\":\"ca\"}]}<\/script>\n<!-- \/ Yoast SEO plugin. -->","yoast_head_json":{"title":"Accions Solid\u00e0ries | Torre Bellesguard Gaud\u00ed Barcelona","description":"Bellesguard participa en projectes d'acci\u00f3 solid\u00e0ria amb diverses ONG del territori. Assumint un comprom\u00eds actiu amb el nostre m\u00f3n. Col\u00b7labora!","robots":{"index":"index","follow":"follow","max-snippet":"max-snippet:-1","max-image-preview":"max-image-preview:large","max-video-preview":"max-video-preview:-1"},"canonical":"https:\/\/bellesguardgaudi.com\/ca\/bellesguard\/solidaritat\/","og_locale":"ca_ES","og_type":"article","og_title":"Accions Solid\u00e0ries | Torre Bellesguard Gaud\u00ed Barcelona","og_description":"Bellesguard participa en projectes d'acci\u00f3 solid\u00e0ria amb diverses ONG del territori. Assumint un comprom\u00eds actiu amb el nostre m\u00f3n. Col\u00b7labora!","og_url":"https:\/\/bellesguardgaudi.com\/ca\/bellesguard\/solidaritat\/","og_site_name":"Obra Modernista de Antoni Gaud\u00ed en Barcelona | Torre Bellesguard","article_modified_time":"2021-11-11T11:45:33+00:00","twitter_card":"summary_large_image","twitter_misc":{"Temps estimat de lectura":"2 minuts"},"schema":{"@context":"https:\/\/schema.org","@graph":[{"@type":"WebPage","@id":"https:\/\/bellesguardgaudi.com\/ca\/bellesguard\/solidaritat\/","url":"https:\/\/bellesguardgaudi.com\/ca\/bellesguard\/solidaritat\/","name":"Accions Solid\u00e0ries | Torre Bellesguard Gaud\u00ed Barcelona","isPartOf":{"@id":"https:\/\/bellesguardgaudi.com\/ca\/#website"},"datePublished":"2019-10-09T17:07:52+00:00","dateModified":"2021-11-11T11:45:33+00:00","description":"Bellesguard participa en projectes d'acci\u00f3 solid\u00e0ria amb diverses ONG del territori. Assumint un comprom\u00eds actiu amb el nostre m\u00f3n. Col\u00b7labora!","breadcrumb":{"@id":"https:\/\/bellesguardgaudi.com\/ca\/bellesguard\/solidaritat\/#breadcrumb"},"inLanguage":"ca","potentialAction":[{"@type":"ReadAction","target":["https:\/\/bellesguardgaudi.com\/ca\/bellesguard\/solidaritat\/"]}]},{"@type":"BreadcrumbList","@id":"https:\/\/bellesguardgaudi.com\/ca\/bellesguard\/solidaritat\/#breadcrumb","itemListElement":[{"@type":"ListItem","position":1,"name":"Portada","item":"https:\/\/bellesguardgaudi.com\/ca\/"},{"@type":"ListItem","position":2,"name":"Bellesguard","item":"https:\/\/bellesguardgaudi.com\/ca\/bellesguard\/"},{"@type":"ListItem","position":3,"name":"Solidaritat"}]},{"@type":"WebSite","@id":"https:\/\/bellesguardgaudi.com\/ca\/#website","url":"https:\/\/bellesguardgaudi.com\/ca\/","name":"Obra Modernista de Antoni Gaud\u00ed en Barcelona | Torre Bellesguard","description":"Web oficial de la Torre Bellesguard. Una de las obras m\u00e1s personales del arquitecto modernista Gaud\u00ed en Barcelona. \u00a1Vis\u00edtala sin colas ni aglomeraciones!","potentialAction":[{"@type":"SearchAction","target":{"@type":"EntryPoint","urlTemplate":"https:\/\/bellesguardgaudi.com\/ca\/?s={search_term_string}"},"query-input":{"@type":"PropertyValueSpecification","valueRequired":true,"valueName":"search_term_string"}}],"inLanguage":"ca"}]}},"_links":{"self":[{"href":"https:\/\/bellesguardgaudi.com\/ca\/wp-json\/wp\/v2\/pages\/5552","targetHints":{"allow":["GET"]}}],"collection":[{"href":"https:\/\/bellesguardgaudi.com\/ca\/wp-json\/wp\/v2\/pages"}],"about":[{"href":"https:\/\/bellesguardgaudi.com\/ca\/wp-json\/wp\/v2\/types\/page"}],"author":[{"embeddable":true,"href":"https:\/\/bellesguardgaudi.com\/ca\/wp-json\/wp\/v2\/users\/1"}],"replies":[{"embeddable":true,"href":"https:\/\/bellesguardgaudi.com\/ca\/wp-json\/wp\/v2\/comments?post=5552"}],"version-history":[{"count":5,"href":"https:\/\/bellesguardgaudi.com\/ca\/wp-json\/wp\/v2\/pages\/5552\/revisions"}],"predecessor-version":[{"id":9849,"href":"https:\/\/bellesguardgaudi.com\/ca\/wp-json\/wp\/v2\/pages\/5552\/revisions\/9849"}],"up":[{"embeddable":true,"href":"https:\/\/bellesguardgaudi.com\/ca\/wp-json\/wp\/v2\/pages\/5521"}],"wp:attachment":[{"href":"https:\/\/bellesguardgaudi.com\/ca\/wp-json\/wp\/v2\/media?parent=5552"}],"curies":[{"name":"wp","href":"https:\/\/api.w.org\/{rel}","templated":true}]}}