{"id":5578,"date":"2019-06-12T10:28:10","date_gmt":"2019-06-12T08:28:10","guid":{"rendered":"http:\/\/130.61.100.28\/wordpress\/blog\/"},"modified":"2021-11-11T12:36:43","modified_gmt":"2021-11-11T11:36:43","slug":"blog","status":"publish","type":"page","link":"https:\/\/bellesguardgaudi.com\/ca\/blog\/","title":{"rendered":"Blog"},"content":{"rendered":"","protected":false},"excerpt":{"rendered":"","protected":false},"author":1,"featured_media":0,"parent":0,"menu_order":0,"comment_status":"closed","ping_status":"closed","template":"page-blog.php","meta":{"_acf_changed":false,"footnotes":""},"class_list":["post-5578","page","type-page","status-publish","hentry"],"acf":[],"yoast_head":"<!-- This site is optimized with the Yoast SEO plugin v27.2 - https:\/\/yoast.com\/product\/yoast-seo-wordpress\/ -->\n<title>Blog | Modernisme Catal\u00e0 d&#039;Antoni Gaud\u00ed | Torre Bellesguard<\/title>\n<meta name=\"description\" content=\"Descobreix les \u00faltimes not\u00edcies sobre la hist\u00f2ria de Bellesguard i temes relacionats amb Antoni Gaud\u00ed, el modernisme i el turisme a Barcelona. Visita&#039;ns!\" \/>\n<meta name=\"robots\" content=\"index, follow, max-snippet:-1, max-image-preview:large, max-video-preview:-1\" \/>\n<link rel=\"canonical\" href=\"https:\/\/bellesguardgaudi.com\/ca\/blog\/\" \/>\n<meta property=\"og:locale\" content=\"ca_ES\" \/>\n<meta property=\"og:type\" content=\"article\" \/>\n<meta property=\"og:title\" content=\"Blog | Modernisme Catal\u00e0 d&#039;Antoni Gaud\u00ed | Torre Bellesguard\" \/>\n<meta property=\"og:description\" content=\"Descobreix les \u00faltimes not\u00edcies sobre la hist\u00f2ria de Bellesguard i temes relacionats amb Antoni Gaud\u00ed, el modernisme i el turisme a Barcelona. Visita&#039;ns!\" \/>\n<meta property=\"og:url\" content=\"https:\/\/bellesguardgaudi.com\/ca\/blog\/\" \/>\n<meta property=\"og:site_name\" content=\"Obra Modernista de Antoni Gaud\u00ed en Barcelona | Torre Bellesguard\" \/>\n<meta property=\"article:modified_time\" content=\"2021-11-11T11:36:43+00:00\" \/>\n<meta name=\"twitter:card\" content=\"summary_large_image\" \/>\n<script type=\"application\/ld+json\" class=\"yoast-schema-graph\">{\"@context\":\"https:\/\/schema.org\",\"@graph\":[{\"@type\":\"WebPage\",\"@id\":\"https:\/\/bellesguardgaudi.com\/ca\/blog\/\",\"url\":\"https:\/\/bellesguardgaudi.com\/ca\/blog\/\",\"name\":\"Blog | Modernisme Catal\u00e0 d'Antoni Gaud\u00ed | Torre Bellesguard\",\"isPartOf\":{\"@id\":\"https:\/\/bellesguardgaudi.com\/ca\/#website\"},\"datePublished\":\"2019-06-12T08:28:10+00:00\",\"dateModified\":\"2021-11-11T11:36:43+00:00\",\"description\":\"Descobreix les \u00faltimes not\u00edcies sobre la hist\u00f2ria de Bellesguard i temes relacionats amb Antoni Gaud\u00ed, el modernisme i el turisme a Barcelona. Visita'ns!\",\"breadcrumb\":{\"@id\":\"https:\/\/bellesguardgaudi.com\/ca\/blog\/#breadcrumb\"},\"inLanguage\":\"ca\",\"potentialAction\":[{\"@type\":\"ReadAction\",\"target\":[\"https:\/\/bellesguardgaudi.com\/ca\/blog\/\"]}]},{\"@type\":\"BreadcrumbList\",\"@id\":\"https:\/\/bellesguardgaudi.com\/ca\/blog\/#breadcrumb\",\"itemListElement\":[{\"@type\":\"ListItem\",\"position\":1,\"name\":\"Portada\",\"item\":\"https:\/\/bellesguardgaudi.com\/ca\/\"},{\"@type\":\"ListItem\",\"position\":2,\"name\":\"Blog\"}]},{\"@type\":\"WebSite\",\"@id\":\"https:\/\/bellesguardgaudi.com\/ca\/#website\",\"url\":\"https:\/\/bellesguardgaudi.com\/ca\/\",\"name\":\"Obra Modernista de Antoni Gaud\u00ed en Barcelona | Torre Bellesguard\",\"description\":\"Web oficial de la Torre Bellesguard. Una de las obras m\u00e1s personales del arquitecto modernista Gaud\u00ed en Barcelona. \u00a1Vis\u00edtala sin colas ni aglomeraciones!\",\"potentialAction\":[{\"@type\":\"SearchAction\",\"target\":{\"@type\":\"EntryPoint\",\"urlTemplate\":\"https:\/\/bellesguardgaudi.com\/ca\/?s={search_term_string}\"},\"query-input\":{\"@type\":\"PropertyValueSpecification\",\"valueRequired\":true,\"valueName\":\"search_term_string\"}}],\"inLanguage\":\"ca\"}]}<\/script>\n<!-- \/ Yoast SEO plugin. -->","yoast_head_json":{"title":"Blog | Modernisme Catal\u00e0 d'Antoni Gaud\u00ed | Torre Bellesguard","description":"Descobreix les \u00faltimes not\u00edcies sobre la hist\u00f2ria de Bellesguard i temes relacionats amb Antoni Gaud\u00ed, el modernisme i el turisme a Barcelona. Visita'ns!","robots":{"index":"index","follow":"follow","max-snippet":"max-snippet:-1","max-image-preview":"max-image-preview:large","max-video-preview":"max-video-preview:-1"},"canonical":"https:\/\/bellesguardgaudi.com\/ca\/blog\/","og_locale":"ca_ES","og_type":"article","og_title":"Blog | Modernisme Catal\u00e0 d'Antoni Gaud\u00ed | Torre Bellesguard","og_description":"Descobreix les \u00faltimes not\u00edcies sobre la hist\u00f2ria de Bellesguard i temes relacionats amb Antoni Gaud\u00ed, el modernisme i el turisme a Barcelona. Visita'ns!","og_url":"https:\/\/bellesguardgaudi.com\/ca\/blog\/","og_site_name":"Obra Modernista de Antoni Gaud\u00ed en Barcelona | Torre Bellesguard","article_modified_time":"2021-11-11T11:36:43+00:00","twitter_card":"summary_large_image","schema":{"@context":"https:\/\/schema.org","@graph":[{"@type":"WebPage","@id":"https:\/\/bellesguardgaudi.com\/ca\/blog\/","url":"https:\/\/bellesguardgaudi.com\/ca\/blog\/","name":"Blog | Modernisme Catal\u00e0 d'Antoni Gaud\u00ed | Torre Bellesguard","isPartOf":{"@id":"https:\/\/bellesguardgaudi.com\/ca\/#website"},"datePublished":"2019-06-12T08:28:10+00:00","dateModified":"2021-11-11T11:36:43+00:00","description":"Descobreix les \u00faltimes not\u00edcies sobre la hist\u00f2ria de Bellesguard i temes relacionats amb Antoni Gaud\u00ed, el modernisme i el turisme a Barcelona. Visita'ns!","breadcrumb":{"@id":"https:\/\/bellesguardgaudi.com\/ca\/blog\/#breadcrumb"},"inLanguage":"ca","potentialAction":[{"@type":"ReadAction","target":["https:\/\/bellesguardgaudi.com\/ca\/blog\/"]}]},{"@type":"BreadcrumbList","@id":"https:\/\/bellesguardgaudi.com\/ca\/blog\/#breadcrumb","itemListElement":[{"@type":"ListItem","position":1,"name":"Portada","item":"https:\/\/bellesguardgaudi.com\/ca\/"},{"@type":"ListItem","position":2,"name":"Blog"}]},{"@type":"WebSite","@id":"https:\/\/bellesguardgaudi.com\/ca\/#website","url":"https:\/\/bellesguardgaudi.com\/ca\/","name":"Obra Modernista de Antoni Gaud\u00ed en Barcelona | Torre Bellesguard","description":"Web oficial de la Torre Bellesguard. Una de las obras m\u00e1s personales del arquitecto modernista Gaud\u00ed en Barcelona. \u00a1Vis\u00edtala sin colas ni aglomeraciones!","potentialAction":[{"@type":"SearchAction","target":{"@type":"EntryPoint","urlTemplate":"https:\/\/bellesguardgaudi.com\/ca\/?s={search_term_string}"},"query-input":{"@type":"PropertyValueSpecification","valueRequired":true,"valueName":"search_term_string"}}],"inLanguage":"ca"}]}},"_links":{"self":[{"href":"https:\/\/bellesguardgaudi.com\/ca\/wp-json\/wp\/v2\/pages\/5578","targetHints":{"allow":["GET"]}}],"collection":[{"href":"https:\/\/bellesguardgaudi.com\/ca\/wp-json\/wp\/v2\/pages"}],"about":[{"href":"https:\/\/bellesguardgaudi.com\/ca\/wp-json\/wp\/v2\/types\/page"}],"author":[{"embeddable":true,"href":"https:\/\/bellesguardgaudi.com\/ca\/wp-json\/wp\/v2\/users\/1"}],"replies":[{"embeddable":true,"href":"https:\/\/bellesguardgaudi.com\/ca\/wp-json\/wp\/v2\/comments?post=5578"}],"version-history":[{"count":2,"href":"https:\/\/bellesguardgaudi.com\/ca\/wp-json\/wp\/v2\/pages\/5578\/revisions"}],"predecessor-version":[{"id":156207,"href":"https:\/\/bellesguardgaudi.com\/ca\/wp-json\/wp\/v2\/pages\/5578\/revisions\/156207"}],"wp:attachment":[{"href":"https:\/\/bellesguardgaudi.com\/ca\/wp-json\/wp\/v2\/media?parent=5578"}],"curies":[{"name":"wp","href":"https:\/\/api.w.org\/{rel}","templated":true}]}}