{"id":5610,"date":"2019-06-13T10:06:16","date_gmt":"2019-06-13T08:06:16","guid":{"rendered":"http:\/\/130.61.100.28\/wordpress\/politica-de-privacitat\/"},"modified":"2026-01-21T13:58:38","modified_gmt":"2026-01-21T12:58:38","slug":"politica-de-privacitat","status":"publish","type":"page","link":"https:\/\/bellesguardgaudi.com\/ca\/politica-de-privacitat\/","title":{"rendered":"Pol\u00edtica de Privacitat"},"content":{"rendered":"<h1>Pol\u00edtica de Privacitat<\/h1>\n<p><strong>Introducci\u00f3<\/strong><\/p>\n<p>La protecci\u00f3 del dret a la intimitat i, en concret, del dret a la protecci\u00f3 de les dades personals \u00e9s un dels principis b\u00e0sics del Grup Catalana Occident.<\/p>\n<p>Grupo Catalana Occidente Activos Inmobiliarios S.L.U. (d\u2019ara endavant, <strong>GCOAI<\/strong>) \u00e9s l\u2019entitat del GCO (Grup Catalana Occident) responsable de la gesti\u00f3 de la <strong>Torre Bellesguard d\u2019Antoni Gaud\u00ed<\/strong>, aix\u00ed com de la seva p\u00e0gina web oficial https:\/\/bellesguardgaudi.com\/. En aquest sentit, aquesta Entitat \u00e9s responsable del tractament de les dades personals dels visitants de la Torre Bellesguard i dels usuaris de qualsevol dels serveis prestats per aquesta Entitat, com ara la navegaci\u00f3 a trav\u00e9s de la p\u00e0gina web esmentada. L\u2019objectiu d\u2019aquesta pol\u00edtica de privacitat \u00e9s explicar, d\u2019acord amb el que estableix el <strong>Reglament (UE)<\/strong> del Parlament Europeu i del Consell, de 27 d\u2019abril de 2016, relatiu a la protecci\u00f3 de les persones f\u00edsiques respecte del tractament de dades personals i a la lliure circulaci\u00f3 d\u2019aquestes dades, pel qual es deroga la Directiva 95\/46\/CE, la <strong>Llei org\u00e0nica 3\/2018<\/strong>, de 5 de desembre, de protecci\u00f3 de dades personals i garantia dels drets digitals, i la seva normativa de desenvolupament, vigent en cada moment (la \u201c<strong>Normativa de Protecci\u00f3 de Dades Personals<\/strong>\u201d), la manera com es tractaran les dades personals que puguin ser recollides dels interessats esmentats.<\/p>\n<p><strong>Qui \u00e9s el delegat de protecci\u00f3 de dades?<\/strong><\/p>\n<p>El delegat de protecci\u00f3 de dades \u00e9s la persona designada pel GCO (Grup Catalana Occident) per vetllar pel compliment de la Normativa de Protecci\u00f3 de Dades Personals, amb qui podeu contactar, especialment quan considereu que no han estat atesos els vostres drets i llibertats en mat\u00e8ria de protecci\u00f3 de dades, a trav\u00e9s de l\u2019adre\u00e7a postal de l\u2019Entitat responsable o de l\u2019adre\u00e7a de correu electr\u00f2nic <strong>dpo@gco.com<\/strong>.<\/p>\n<p><strong>Qui \u00e9s l\u2019autoritat de control de protecci\u00f3 de dades personals?<\/strong><\/p>\n<p>L\u2019autoritat de control \u00e9s l\u2019<strong>Ag\u00e8ncia Espanyola de Protecci\u00f3 de Dades<\/strong>, amb seu a Madrid (28001), carrer Jorge Juan, n\u00fam. 6, com a autoritat p\u00fablica independent encarregada de vetllar per la privacitat i la protecci\u00f3 de les dades de la ciutadania, davant la qual es poden plantejar consultes i\/o reclamacions relatives a aquesta mat\u00e8ria en cas que l\u2019interessat consideri que els seus drets i llibertats en protecci\u00f3 de dades no han estat degudament atesos. Per a m\u00e9s informaci\u00f3, podeu consultar la p\u00e0gina web seg\u00fcent: https:\/\/www.aepd.es.<\/p>\n<p><strong>Quines dades personals s\u00f3n objecte de tractament?<\/strong><\/p>\n<p>Seran objecte de tractament les dades personals recollides directament dels usuaris i\/o clients, inclosos els documents que les continguin, aix\u00ed com totes aquelles que es puguin obtenir per a la compra d\u2019entrades i\/o amb motiu de l\u2019\u00fas de l\u2019espai per a la celebraci\u00f3 d\u2019esdeveniments o com a conseq\u00fc\u00e8ncia de la navegaci\u00f3 per aquesta p\u00e0gina web d\u2019internet, abans, durant i despr\u00e9s de l\u2019establiment de la seva relaci\u00f3 amb GCOAI.<\/p>\n<p><strong>Quines s\u00f3n les categories de dades objecte de tractament?<\/strong><\/p>\n<p>Amb car\u00e0cter general, les categories de dades personals objecte de tractament es concreten en les dades de car\u00e0cter identificatiu i de contacte de l\u2019interessat, aix\u00ed com en les dades generades amb motiu de la navegaci\u00f3 a trav\u00e9s d\u2019aquesta p\u00e0gina web.<\/p>\n<p>En els formularis de contacte que GCOAI pugui posar a disposici\u00f3 de l\u2019interessat, un cop facilitada la informaci\u00f3 pr\u00e8via a la recollida de dades, amb remissi\u00f3 a aquesta pol\u00edtica de privacitat, seran objecte de tractament les dades necess\u00e0ries per a l\u2019establiment del contacte sol\u00b7licitat.<\/p>\n<p><strong>Quines s\u00f3n les finalitats del tractament de les dades personals?<\/strong><\/p>\n<p>La finalitat principal del tractament de les dades personals \u00e9s el desenvolupament i\/o l\u2019execuci\u00f3 de la relaci\u00f3 establerta amb GCOAI o del servei prestat per la seva part.<\/p>\n<p>En relaci\u00f3 amb la navegaci\u00f3 a trav\u00e9s d\u2019aquesta p\u00e0gina web, l\u2019usuari t\u00e9 sempre a la seva disposici\u00f3, a efectes informatius, aquesta pol\u00edtica de privacitat, aix\u00ed com la pol\u00edtica de cookies del Grup Catalana Occident adaptada a les orientacions de la Guia sobre l\u2019\u00fas de les cookies emesa per l\u2019autoritat de control, i disposa en tot moment de la possibilitat d\u2019administrar i personalitzar les seves prefer\u00e8ncies sobre l\u2019\u00fas de cookies.<\/p>\n<p>Aix\u00ed mateix, pel que fa als formularis de contacte, n\u00fameros de tel\u00e8fon, b\u00fasties de correu electr\u00f2nic i perfils de xarxes socials que es puguin posar a la vostra disposici\u00f3, les vostres dades es tractaran per (i) atendre i gestionar les consultes i sol\u00b7licituds que realitzeu a trav\u00e9s dels n\u00fameros de tel\u00e8fon, formularis de contacte i perfils de xarxes socials facilitats a aquest efecte en relaci\u00f3 amb la compravenda d\u2019entrades o qualsevol altre servei; (ii) atendre i gestionar els suggeriments, sol\u00b7licituds, reclamacions i altres consultes que realitzeu a trav\u00e9s del formulari corresponent.<\/p>\n<p>Finalment, en el cas que l\u2019usuari ho autoritzi, tamb\u00e9 es tractaran les dades personals per enviar-li informaci\u00f3, fins i tot per mitjans de comunicaci\u00f3 a dist\u00e0ncia, sobre promocions i esdeveniments relatius a la <strong>Torre Bellesguard d\u2019Antoni Gaud\u00ed<\/strong>, aix\u00ed com per mostrar-li publicitat personalitzada a la p\u00e0gina web, cercadors i xarxes socials.<\/p>\n<p><strong>Quina \u00e9s la legitimaci\u00f3 del tractament de les dades personals?<\/strong><\/p>\n<p>La legitimaci\u00f3 dels tractaments indicats en les finalitats anteriorment descrites es basa en el desenvolupament de la relaci\u00f3 establerta o del servei prestat per GCOAI i, si escau, en el consentiment atorgat de manera espec\u00edfica.<\/p>\n<p>Finalment, el tractament de dades personals per enviar-li informaci\u00f3, fins i tot per mitjans de comunicaci\u00f3 a dist\u00e0ncia, sobre promocions i esdeveniments relatius a la Torre Bellesguard d\u2019Antoni Gaud\u00ed, est\u00e0 legitimat, si escau, pel consentiment atorgat.<\/p>\n<p><strong>Durant quant de temps conservarem les seves dades personals?<\/strong><\/p>\n<p>Les dades personals es conservaran durant tot el temps que estigui vigent la relaci\u00f3 amb GCOAI. Un cop finalitzada aquesta relaci\u00f3, aquestes dades es conservaran durant el temps necessari establert per la normativa aplicable en cada moment, restant a disposici\u00f3 dels jutjats i tribunals, del Ministeri Fiscal, de les Forces i Cossos de Seguretat de l\u2019Estat i\/o de les administracions p\u00fabliques competents, en particular de les autoritats de control de protecci\u00f3 de dades personals, per a l\u2019atenci\u00f3 de les possibles responsabilitats legals o contractuals derivades de la relaci\u00f3 o servei en qu\u00e8 s\u2019ha basat el tractament, i durant el termini de prescripci\u00f3 d\u2019aquestes.<\/p>\n<p>Les directrius sobre els terminis de conservaci\u00f3, supressi\u00f3 i bloqueig de les dades personals es troben concretades en la normativa interna sobre terminis de conservaci\u00f3, supressi\u00f3 i bloqueig de dades personals, com a desenvolupament de la Pol\u00edtica de protecci\u00f3 de dades personals i d\u2019\u00fas de recursos TIC del Grup Catalana Occident.<\/p>\n<p><strong>A quins destinataris es comunicaran les seves dades personals?<\/strong><\/p>\n<p><strong>(i) Entitats del Grup Catalana Occident<\/strong><\/p>\n<p>L\u2019informem que les entitats del Grup Catalana Occident comparteixen, amb diferent grau d\u2019integraci\u00f3, serveis comuns amb la finalitat d\u2019aprofitar les sinergies existents, optimitzar recursos i oferir un millor servei als interessats. Per aquest motiu, han subscrit diversos contractes marc de prestaci\u00f3 de serveis rec\u00edprocs, que impliquen l\u2019acc\u00e9s a dades personals gestionades per altres entitats del Grup Catalana Occident i que abasten diverses prestacions de serveis, incloent-hi, de manera merament enunciativa i no limitadora, les seg\u00fcents:<\/p>\n<ol>\n<li><strong>Serveis prestats a les entitats del Grup Catalana Occident per Grupo Catalana Occidente, Tecnolog\u00eda y Servicios A.I.E.<\/strong>:<br \/>\n(i)\u202fhosting i allotjament de dades, (ii)\u202fmanteniment i gesti\u00f3 de sistemes, comunicacions i equips inform\u00e0tics, (iii)\u202fseguretat de la informaci\u00f3 i dels sistemes que la suporten,(iv)\u202fdesenvolupament i manteniment d\u2019aplicacions inform\u00e0tiques, (v)\u202fprestaci\u00f3 del servei de tramitaci\u00f3 de sinistres, (vi)\u202freport d\u2019informaci\u00f3 relacionada amb els serveis prestats, (vii)\u202fmanteniment i gesti\u00f3 dels sistemes de control de pres\u00e8ncia, sistemes de seguretat i videovigil\u00e0ncia, i<br \/>\n(viii)\u202fgesti\u00f3 documental, impressi\u00f3, impremta i etiquetatge.<\/li>\n<li><strong>Serveis prestats a les entitats del Grup Catalana Occident per Grupo Catalana Occidente Contact Center A.I.E.<\/strong>:<br \/>\n(i)\u202fprestaci\u00f3 del servei d\u2019atenci\u00f3 als clients a trav\u00e9s de qualssevol mitjans, inclosos els mitjans a dist\u00e0ncia, com ara tel\u00e8fon, internet i\/o xarxes socials, i (ii)\u202frealitzaci\u00f3 de campanyes i enquestes de satisfacci\u00f3.<\/li>\n<\/ol>\n<p><strong>(ii) Organismes i autoritats oficials<\/strong><\/p>\n<p>Les dades personals es facilitaran a tots aquells destinataris als quals GCOAI estigui obligada a comunicar aquesta informaci\u00f3 en compliment d\u2019obligacions legals, incloent-hi, de manera merament enunciativa i no limitadora, organismes i administracions p\u00fabliques competents, com l\u2019Ag\u00e8ncia Estatal de l\u2019Administraci\u00f3 Tribut\u00e0ria o les hisendes forals, les autoritats de control de protecci\u00f3 de dades personals, els jutjats i tribunals, els \u00f2rgans supervisors corresponents, el Ministeri Fiscal i\/o les Forces i Cossos de Seguretat de l\u2019Estat.<\/p>\n<p><strong>Quins s\u00f3n els seus drets quan ens facilita les seves dades personals?<\/strong><\/p>\n<p>Com a titular de les seves dades personals, us assisteixen els drets exposats a continuaci\u00f3, que podreu exercir acreditant la vostra identitat davant del delegat de protecci\u00f3 de dades, a trav\u00e9s de la seva adre\u00e7a de contacte <strong>dpo@gco.com<\/strong>:<\/p>\n<ol>\n<li><strong>Dret d\u2019acc\u00e9s.<\/strong> Podeu sol\u00b7licitar informaci\u00f3 sobre les dades personals que GCOAI tingui sobre la vostra persona i sobre els tractaments a qu\u00e8 estiguin sotmeses, aix\u00ed com obtenir-ne una c\u00f2pia en un format estructurat, d\u2019\u00fas com\u00fa i de f\u00e0cil lectura.<\/li>\n<li><strong>Dret de rectificaci\u00f3.<\/strong> Podeu sol\u00b7licitar la rectificaci\u00f3 de les dades personals que siguin inexactes i, igualment, teniu dret a sol\u00b7licitar que es completin les dades personals que siguin incompletes, fins i tot mitjan\u00e7ant una declaraci\u00f3 addicional.<\/li>\n<li><strong>Dret de supressi\u00f3.<\/strong> Podeu sol\u00b7licitar la supressi\u00f3 de les vostres dades personals quan ja no siguin necess\u00e0ries per a les finalitats per a les quals van ser recollides pel responsable del tractament, o quan retireu el consentiment en qu\u00e8 es basa el tractament. Aquesta sol\u00b7licitud no ser\u00e0 aplicable quan el tractament sigui necessari d\u2019acord amb el que s\u2019indica a l\u2019apartat \u201cQuina \u00e9s la legitimaci\u00f3 del tractament de les dades personals?\u201d anterior.<\/li>\n<\/ol>\n<p>En aquest sentit, en l\u2019\u00e0mbit digital, si exerciteu el <strong>dret a l\u2019oblit<\/strong>, l\u2019Entitat es dirigir\u00e0 al prove\u00efdor de serveis d\u2019internet per traslladar-li la vostra sol\u00b7licitud relativa al cessament del tractament de les dades personals que us incumbeixin, tenint en compte la tecnologia disponible i el cost de la seva aplicaci\u00f3. En aquest cas, les dades \u00fanicament seran conservades pel responsable per a la formulaci\u00f3, l\u2019exercici o la defensa de reclamacions. Aquesta sol\u00b7licitud no ser\u00e0 aplicable quan el tractament sigui necessari d\u2019acord amb el que s\u2019indica a l\u2019apartat esmentat, quan sigui necessari per a l\u2019exercici del dret a la llibertat d\u2019expressi\u00f3 i informaci\u00f3 o per raons d\u2019inter\u00e8s p\u00fablic.<\/p>\n<ol start=\"4\">\n<li><strong>Dret d\u2019oposici\u00f3.<\/strong> Podeu oposar-vos al tractament de les vostres dades personals, llevat que concorrin motius d\u2019inter\u00e8s leg\u00edtim que, un cop analitzats, permetin continuar amb el tractament; en aquest cas, les dades \u00fanicament seran conservades pel responsable per a la formulaci\u00f3, l\u2019exercici o la defensa de reclamacions. Aquesta sol\u00b7licitud no ser\u00e0 aplicable quan el tractament sigui necessari d\u2019acord amb el que s\u2019indica a l\u2019apartat \u201cQuina \u00e9s la legitimaci\u00f3 del tractament de les dades personals?\u201d anterior.<\/li>\n<li><strong>Dret a la limitaci\u00f3 del tractament.<\/strong> Podeu sol\u00b7licitar la limitaci\u00f3 del tractament de les vostres dades personals, cosa que pot implicar, si escau, el bloqueig de les dades, en les circumst\u00e0ncies seg\u00fcents:<br \/>\n(i)\u202fquan impugneu l\u2019exactitud de les dades;<br \/>\n(ii)\u202fquan el responsable s\u2019oposi a la supressi\u00f3 de les dades per ser l\u00edcit el tractament;<br \/>\n(iii)\u202fquan el responsable ja no necessiti les dades per\u00f2 siguin necess\u00e0ries per a la formulaci\u00f3, l\u2019exercici o la defensa de reclamacions; o<br \/>\n(iv)\u202fquan us h\u00e0giu oposat al tractament, mentre el responsable verifica si els seus motius leg\u00edtims prevalen sobre els vostres.<br \/>\nEn tots aquests casos, les dades \u00fanicament seran conservades pel responsable per a la formulaci\u00f3, l\u2019exercici o la defensa de reclamacions.<\/li>\n<li><strong>Dret de portabilitat.<\/strong> Quan sigui t\u00e8cnicament possible, podeu sol\u00b7licitar que les dades personals que us afectin i que siguin objecte d\u2019un tractament automatitzat siguin transmeses a un altre responsable del tractament o a v\u00f3s mateix com a interessat, en un format estructurat, d\u2019\u00fas com\u00fa i de f\u00e0cil lectura, sense perjudici dels vostres drets de supressi\u00f3 o d\u2019oblit; en aquest cas, les dades \u00fanicament seran conservades pel responsable per a la formulaci\u00f3, l\u2019exercici o la defensa de reclamacions.<\/li>\n<\/ol>\n<p>&nbsp;<\/p>\n<p>Tota comunicaci\u00f3 i qualsevol actuaci\u00f3 realitzada en el context de l\u2019exercici dels vostres drets ser\u00e0 gratu\u00efta. Quan les sol\u00b7licituds siguin manifestament infundades o excessives, especialment pel seu car\u00e0cter repetitiu, GCOAI podr\u00e0 cobrar un c\u00e0non raonable en funci\u00f3 dels costos afrontats per a la seva atenci\u00f3.<\/p>\n<p><strong>Confidencialitat de les dades personals<\/strong><\/p>\n<p>GCOAI adoptar\u00e0, des de l\u2019inici del tractament de les dades personals, les mesures t\u00e8cniques, organitzatives i de seguretat necess\u00e0ries, tenint en compte l\u2019estat de la tecnologia, per garantir la integritat, confidencialitat, disponibilitat i resili\u00e8ncia de les dades personals, tot evitant-ne l\u2019alteraci\u00f3, la p\u00e8rdua, el tractament o l\u2019acc\u00e9s no autoritzat.<\/p>\n<p>L\u2019informem que els servidors inform\u00e0tics d\u2019alguns prove\u00efdors de serveis del Grup Catalana Occident podrien estar situats en pa\u00efsos fora de la Uni\u00f3 Europea. En aquells casos en qu\u00e8 el nivell de protecci\u00f3 de la privacitat no fos equivalent al que estableix la Normativa de Protecci\u00f3 de Dades Personals, per abs\u00e8ncia de decisi\u00f3 d\u2019adequaci\u00f3 de la Comissi\u00f3 Europea, l\u2019Entitat adoptar\u00e0 les garanties adequades previstes en la normativa aplicable per a les transfer\u00e8ncies a tercers pa\u00efsos i organitzacions internacionals, amb les excepcions expressament previstes per a situacions espec\u00edfiques, a fi d\u2019assegurar que el nivell de protecci\u00f3 dels interessats no es vegi menyscabat, aix\u00ed com les mesures apropiades i necess\u00e0ries per a la millor salvaguarda dels drets dels interessats i de la seguretat de la informaci\u00f3, d\u2019acord amb les mesures t\u00e8cniques disponibles en cada moment.<\/p>\n<p><strong>Vig\u00e8ncia de la pol\u00edtica de privacitat<\/strong><\/p>\n<p>GCOAI manifesta que la pol\u00edtica de privacitat publicada en aquesta p\u00e0gina web ser\u00e0 sempre la vigent en cada moment, i es reserva el dret de modificar-la sempre que sigui necessari. Si el visitant i\/o l\u2019usuari d\u2019aquesta p\u00e0gina web vol accedir a versions anteriors, pot adre\u00e7ar-se al delegat de protecci\u00f3 de dades a trav\u00e9s de la seva adre\u00e7a de contacte <strong>dpo@gco.com<\/strong>.<\/p>\n<p><strong>Copyright<\/strong><\/p>\n<p>L\u2019Entitat es reserva tots els drets relatius al contingut d\u2019aquesta pol\u00edtica de privacitat. Resta rigorosament prohibida, sense autoritzaci\u00f3 escrita, la reproducci\u00f3, distribuci\u00f3, transformaci\u00f3, manipulaci\u00f3, comunicaci\u00f3 p\u00fablica o qualsevol altre acte d\u2019explotaci\u00f3 total o parcial, gratu\u00eft o oner\u00f3s, d\u2019aquest document.<\/p>\n<p>GCOAI es reserva el dret d\u2019efectuar, en qualsevol moment i sense av\u00eds previ, totes les modificacions, variacions, supressions o cancel\u00b7lacions en els continguts i en la forma de presentaci\u00f3 d\u2019aquests que consideri necess\u00e0ries.<\/p>\n","protected":false},"excerpt":{"rendered":"<p>Pol\u00edtica de Privacitat Introducci\u00f3 La protecci\u00f3 del dret a la intimitat i, en concret, del dret a la protecci\u00f3 de les dades personals \u00e9s un dels principis b\u00e0sics del Grup Catalana Occident. Grupo Catalana Occidente Activos Inmobiliarios S.L.U. (d\u2019ara endavant, GCOAI) \u00e9s l\u2019entitat del GCO (Grup Catalana Occident) responsable de la gesti\u00f3 de la Torre [&hellip;]<\/p>\n","protected":false},"author":1,"featured_media":0,"parent":0,"menu_order":0,"comment_status":"closed","ping_status":"closed","template":"","meta":{"_acf_changed":false,"footnotes":""},"class_list":["post-5610","page","type-page","status-publish","hentry"],"acf":[],"yoast_head":"<!-- This site is optimized with the Yoast SEO plugin v27.2 - https:\/\/yoast.com\/product\/yoast-seo-wordpress\/ -->\n<title>Pol\u00edtica de Privacitat - Obra Modernista de Antoni Gaud\u00ed en Barcelona | Torre Bellesguard<\/title>\n<meta name=\"robots\" content=\"noindex, follow\" \/>\n<meta property=\"og:locale\" content=\"ca_ES\" \/>\n<meta property=\"og:type\" content=\"article\" \/>\n<meta property=\"og:title\" content=\"Pol\u00edtica de Privacitat - Obra Modernista de Antoni Gaud\u00ed en Barcelona | Torre Bellesguard\" \/>\n<meta property=\"og:description\" content=\"Pol\u00edtica de Privacitat Introducci\u00f3 La protecci\u00f3 del dret a la intimitat i, en concret, del dret a la protecci\u00f3 de les dades personals \u00e9s un dels principis b\u00e0sics del Grup Catalana Occident. Grupo Catalana Occidente Activos Inmobiliarios S.L.U. (d\u2019ara endavant, GCOAI) \u00e9s l\u2019entitat del GCO (Grup Catalana Occident) responsable de la gesti\u00f3 de la Torre [&hellip;]\" \/>\n<meta property=\"og:url\" content=\"https:\/\/bellesguardgaudi.com\/ca\/politica-de-privacitat\/\" \/>\n<meta property=\"og:site_name\" content=\"Obra Modernista de Antoni Gaud\u00ed en Barcelona | Torre Bellesguard\" \/>\n<meta property=\"article:modified_time\" content=\"2026-01-21T12:58:38+00:00\" \/>\n<meta name=\"twitter:card\" content=\"summary_large_image\" \/>\n<meta name=\"twitter:label1\" content=\"Temps estimat de lectura\" \/>\n\t<meta name=\"twitter:data1\" content=\"11 minuts\" \/>\n<script type=\"application\/ld+json\" class=\"yoast-schema-graph\">{\"@context\":\"https:\/\/schema.org\",\"@graph\":[{\"@type\":\"WebPage\",\"@id\":\"https:\/\/bellesguardgaudi.com\/ca\/politica-de-privacitat\/\",\"url\":\"https:\/\/bellesguardgaudi.com\/ca\/politica-de-privacitat\/\",\"name\":\"Pol\u00edtica de Privacitat - Obra Modernista de Antoni Gaud\u00ed en Barcelona | Torre Bellesguard\",\"isPartOf\":{\"@id\":\"https:\/\/bellesguardgaudi.com\/ca\/#website\"},\"datePublished\":\"2019-06-13T08:06:16+00:00\",\"dateModified\":\"2026-01-21T12:58:38+00:00\",\"breadcrumb\":{\"@id\":\"https:\/\/bellesguardgaudi.com\/ca\/politica-de-privacitat\/#breadcrumb\"},\"inLanguage\":\"ca\",\"potentialAction\":[{\"@type\":\"ReadAction\",\"target\":[\"https:\/\/bellesguardgaudi.com\/ca\/politica-de-privacitat\/\"]}]},{\"@type\":\"BreadcrumbList\",\"@id\":\"https:\/\/bellesguardgaudi.com\/ca\/politica-de-privacitat\/#breadcrumb\",\"itemListElement\":[{\"@type\":\"ListItem\",\"position\":1,\"name\":\"Portada\",\"item\":\"https:\/\/bellesguardgaudi.com\/ca\/\"},{\"@type\":\"ListItem\",\"position\":2,\"name\":\"Pol\u00edtica de Privacitat\"}]},{\"@type\":\"WebSite\",\"@id\":\"https:\/\/bellesguardgaudi.com\/ca\/#website\",\"url\":\"https:\/\/bellesguardgaudi.com\/ca\/\",\"name\":\"Obra Modernista de Antoni Gaud\u00ed en Barcelona | Torre Bellesguard\",\"description\":\"Web oficial de la Torre Bellesguard. Una de las obras m\u00e1s personales del arquitecto modernista Gaud\u00ed en Barcelona. \u00a1Vis\u00edtala sin colas ni aglomeraciones!\",\"potentialAction\":[{\"@type\":\"SearchAction\",\"target\":{\"@type\":\"EntryPoint\",\"urlTemplate\":\"https:\/\/bellesguardgaudi.com\/ca\/?s={search_term_string}\"},\"query-input\":{\"@type\":\"PropertyValueSpecification\",\"valueRequired\":true,\"valueName\":\"search_term_string\"}}],\"inLanguage\":\"ca\"}]}<\/script>\n<!-- \/ Yoast SEO plugin. -->","yoast_head_json":{"title":"Pol\u00edtica de Privacitat - Obra Modernista de Antoni Gaud\u00ed en Barcelona | Torre Bellesguard","robots":{"index":"noindex","follow":"follow"},"og_locale":"ca_ES","og_type":"article","og_title":"Pol\u00edtica de Privacitat - Obra Modernista de Antoni Gaud\u00ed en Barcelona | Torre Bellesguard","og_description":"Pol\u00edtica de Privacitat Introducci\u00f3 La protecci\u00f3 del dret a la intimitat i, en concret, del dret a la protecci\u00f3 de les dades personals \u00e9s un dels principis b\u00e0sics del Grup Catalana Occident. Grupo Catalana Occidente Activos Inmobiliarios S.L.U. (d\u2019ara endavant, GCOAI) \u00e9s l\u2019entitat del GCO (Grup Catalana Occident) responsable de la gesti\u00f3 de la Torre [&hellip;]","og_url":"https:\/\/bellesguardgaudi.com\/ca\/politica-de-privacitat\/","og_site_name":"Obra Modernista de Antoni Gaud\u00ed en Barcelona | Torre Bellesguard","article_modified_time":"2026-01-21T12:58:38+00:00","twitter_card":"summary_large_image","twitter_misc":{"Temps estimat de lectura":"11 minuts"},"schema":{"@context":"https:\/\/schema.org","@graph":[{"@type":"WebPage","@id":"https:\/\/bellesguardgaudi.com\/ca\/politica-de-privacitat\/","url":"https:\/\/bellesguardgaudi.com\/ca\/politica-de-privacitat\/","name":"Pol\u00edtica de Privacitat - Obra Modernista de Antoni Gaud\u00ed en Barcelona | Torre Bellesguard","isPartOf":{"@id":"https:\/\/bellesguardgaudi.com\/ca\/#website"},"datePublished":"2019-06-13T08:06:16+00:00","dateModified":"2026-01-21T12:58:38+00:00","breadcrumb":{"@id":"https:\/\/bellesguardgaudi.com\/ca\/politica-de-privacitat\/#breadcrumb"},"inLanguage":"ca","potentialAction":[{"@type":"ReadAction","target":["https:\/\/bellesguardgaudi.com\/ca\/politica-de-privacitat\/"]}]},{"@type":"BreadcrumbList","@id":"https:\/\/bellesguardgaudi.com\/ca\/politica-de-privacitat\/#breadcrumb","itemListElement":[{"@type":"ListItem","position":1,"name":"Portada","item":"https:\/\/bellesguardgaudi.com\/ca\/"},{"@type":"ListItem","position":2,"name":"Pol\u00edtica de Privacitat"}]},{"@type":"WebSite","@id":"https:\/\/bellesguardgaudi.com\/ca\/#website","url":"https:\/\/bellesguardgaudi.com\/ca\/","name":"Obra Modernista de Antoni Gaud\u00ed en Barcelona | Torre Bellesguard","description":"Web oficial de la Torre Bellesguard. Una de las obras m\u00e1s personales del arquitecto modernista Gaud\u00ed en Barcelona. \u00a1Vis\u00edtala sin colas ni aglomeraciones!","potentialAction":[{"@type":"SearchAction","target":{"@type":"EntryPoint","urlTemplate":"https:\/\/bellesguardgaudi.com\/ca\/?s={search_term_string}"},"query-input":{"@type":"PropertyValueSpecification","valueRequired":true,"valueName":"search_term_string"}}],"inLanguage":"ca"}]}},"_links":{"self":[{"href":"https:\/\/bellesguardgaudi.com\/ca\/wp-json\/wp\/v2\/pages\/5610","targetHints":{"allow":["GET"]}}],"collection":[{"href":"https:\/\/bellesguardgaudi.com\/ca\/wp-json\/wp\/v2\/pages"}],"about":[{"href":"https:\/\/bellesguardgaudi.com\/ca\/wp-json\/wp\/v2\/types\/page"}],"author":[{"embeddable":true,"href":"https:\/\/bellesguardgaudi.com\/ca\/wp-json\/wp\/v2\/users\/1"}],"replies":[{"embeddable":true,"href":"https:\/\/bellesguardgaudi.com\/ca\/wp-json\/wp\/v2\/comments?post=5610"}],"version-history":[{"count":5,"href":"https:\/\/bellesguardgaudi.com\/ca\/wp-json\/wp\/v2\/pages\/5610\/revisions"}],"predecessor-version":[{"id":189925,"href":"https:\/\/bellesguardgaudi.com\/ca\/wp-json\/wp\/v2\/pages\/5610\/revisions\/189925"}],"wp:attachment":[{"href":"https:\/\/bellesguardgaudi.com\/ca\/wp-json\/wp\/v2\/media?parent=5610"}],"curies":[{"name":"wp","href":"https:\/\/api.w.org\/{rel}","templated":true}]}}