{"id":5614,"date":"2019-08-20T14:22:44","date_gmt":"2019-08-20T12:22:44","guid":{"rendered":"http:\/\/130.61.100.28\/wordpress\/bellesguard\/investigacio\/"},"modified":"2021-11-11T12:44:39","modified_gmt":"2021-11-11T11:44:39","slug":"investigacio","status":"publish","type":"page","link":"https:\/\/bellesguardgaudi.com\/ca\/bellesguard\/investigacio\/","title":{"rendered":"Investigaci\u00f3"},"content":{"rendered":"<p>[vc_row][vc_column][vc_column_text]<\/p>\n<h3>Bellesguard \u00e9s un rac\u00f3 de Barcelona que, gr\u00e0cies a l\u2019abund\u00e0ncia d\u2019aig\u00fces subterr\u00e0nies i a la puresa dels seus aires, ha estat habitat des de fa m\u00e9s de dos mil anys, havent-se trobat restes de cer\u00e0mica ib\u00e8rica del Segle II a.C, aix\u00ed com de cer\u00e0mica romana de l\u2019any 50 d.C.<\/h3>\n<p>[\/vc_column_text][vc_separator css=&#8221;.vc_custom_1563962635993{margin-top: 30px !important;margin-bottom: 50px !important;}&#8221;][\/vc_column][\/vc_row][vc_row equal_height=&#8221;yes&#8221; content_placement=&#8221;top&#8221;][vc_column width=&#8221;1\/2&#8243;][vc_column_text]<strong>Va ser resid\u00e8ncia reial del monarca Mart\u00ed I l\u2019Hum\u00e0, rei de la Corona d\u2019Arag\u00f3, <\/strong>\u00faltim representant del Casal de Barcelona, entre els anys 1408 i 1410, i encara avui \u00e9s possible trobar als voltants de l\u2019edifici constru\u00eft per Gaud\u00ed les restes medievals del castell i de les muralles.<\/p>\n<p>Posteriorment, han estat molts els personatges rellevants que al llarg dels segles han coincidit a Bellesguard, que ha estat escenari d\u2019importants fets hist\u00f2rics fins al passat recent.[\/vc_column_text][vc_column_text]La hist\u00f2ria de la finca \u00e9s tan antiga que nom\u00e9s es coneix una petita part, i la implicaci\u00f3 <strong>d\u2019Antoni Gaud\u00ed amb Bellesguard \u00e9s tan complexa i tan personal<\/strong>, que encara queden per desxifrar molts detalls de la seva construcci\u00f3, del seu prop\u00f2sit i de la seva ra\u00f3 de ser.<\/p>\n<p>Per aix\u00f2, i perqu\u00e8 encara queden moltes peces per encaixar i molts secrets per descobrir, s\u2019ha creat un equip d\u2019investigaci\u00f3 multidisciplinar que treballa per desvetllar els misteris de Bellesguard.<\/p>\n<p>Fruit de la investigaci\u00f3 i del seu treball est\u00e0 previst tirar endavant diverses publicacions i articles cient\u00edfics que contribueixin a la comprensi\u00f3 i al coneixement de Bellesguard, de totes les etapes de la seva hist\u00f2ria i tots els personatges que han coincidit al llarg dels segles, aix\u00ed com de la genialitat d\u2019Antoni Gaud\u00ed, en les seves m\u00faltiples facetes i tota la seva complexitat, que s\u2019enamora de Bellesguard i el seu bagatge i crea una obra \u00fanica i que encara avui no es coneix en tota la seva dimensi\u00f3.<\/p>\n<p><strong>L\u2019equip d\u2019investigaci\u00f3 \u00e9s multidisciplinari i intergeneracional, i est\u00e0 obert a la participaci\u00f3 de tot aquell que pugui estar interessat.<\/strong> De la mateixa manera, s\u2019agraeix tota aportaci\u00f3 que se li pugui fer, ja sigui informaci\u00f3, fotografies antigues o contribucions econ\u00f2miques per fomentar la investigaci\u00f3.<\/p>\n<p>[\/vc_column_text][\/vc_column][vc_column width=&#8221;1\/2&#8243;][vc_column_text]\r\n<div id=\"slider-pro-2\" class=\"slider-pro sp-no-js\" style=\"width: 800px; height: 400px;\">\r\n\t<div class=\"sp-slides\">\r\n\t\t\r\n\t\t<div class=\"sp-slide\">\r\n\t\t\t<img loading=\"lazy\" decoding=\"async\" class=\"sp-image\" src=\"https:\/\/bellesguardgaudi.com\/wp-content\/uploads\/2024\/09\/INVESTIGACIO\u0301N-1.webp\" width=\"1920\" height=\"1080\" \/>\r\n\t\t\t\r\n\t\t<\/div>\r\n\t\t<div class=\"sp-slide\">\r\n\t\t\t<img loading=\"lazy\" decoding=\"async\" class=\"sp-image\" src=\"https:\/\/bellesguardgaudi.com\/wp-content\/uploads\/2024\/09\/INVESTIGACIO\u0301N-2-scaled.jpg\" width=\"2560\" height=\"1707\" \/>\r\n\t\t\t\r\n\t\t<\/div>\r\n\t<\/div>\r\n<\/div>[\/vc_column_text][vc_row_inner css=&#8221;.vc_custom_1566306487692{margin-top: 50px !important;}&#8221;][vc_column_inner css=&#8221;.vc_custom_1566306531679{padding-top: 20px !important;padding-right: 20px !important;padding-bottom: 20px !important;padding-left: 20px !important;background-color: #f4f4f4 !important;}&#8221;][vc_column_text]<\/p>\n<h3 style=\"text-align: center;\">ARTICLES I PUBLICACIONS<\/h3>\n<p style=\"text-align: center;\">Fins ara Bellesguard s\u2019havia estudiat poc i molt superficialment. Gr\u00e0cies al treball del <strong>Grup de Recerca Bellesguard<\/strong>, format per 14 investigadors de diferents disciplines i universitats, i al seu treball intensiu durant un any i mig, els resultats de la investigaci\u00f3 s\u00f3n tant nombrosos com sorprenents.<\/p>\n<p style=\"text-align: center;\">En breu es comen\u00e7aran a fer p\u00fablics els resultats de la investigaci\u00f3 amb diferents articles i publicacions, que podreu trobar en aquest apartat de la nostra p\u00e0gina web.<\/p>\n<p style=\"text-align: center;\">Bellesguard est\u00e0 viu, la investigaci\u00f3 segueix activa i continua donant fruits, a m\u00e9s d\u2019articles i publicacions, tamb\u00e9 s&#8217;organitzen activitats, tallers, xerrades, confer\u00e8ncies i visites tem\u00e0tiques.<\/p>\n<p>\u00a0[\/vc_column_text][\/vc_column_inner][\/vc_row_inner][\/vc_column][\/vc_row][vc_row equal_height=&#8221;yes&#8221; content_placement=&#8221;middle&#8221;][vc_column width=&#8221;1\/2&#8243;][\/vc_column][vc_column width=&#8221;1\/2&#8243;][\/vc_column][\/vc_row]<\/p>\n","protected":false},"excerpt":{"rendered":"<p>[vc_row][vc_column][vc_column_text] Bellesguard \u00e9s un rac\u00f3 de Barcelona que, gr\u00e0cies a l\u2019abund\u00e0ncia d\u2019aig\u00fces subterr\u00e0nies i a la puresa dels seus aires, ha estat habitat des de fa m\u00e9s de dos mil anys, havent-se trobat restes de cer\u00e0mica ib\u00e8rica del Segle II a.C, aix\u00ed com de cer\u00e0mica romana de l\u2019any 50 d.C. [\/vc_column_text][vc_separator css=&#8221;.vc_custom_1563962635993{margin-top: 30px !important;margin-bottom: 50px [&hellip;]<\/p>\n","protected":false},"author":1,"featured_media":0,"parent":5521,"menu_order":0,"comment_status":"closed","ping_status":"closed","template":"","meta":{"_acf_changed":false,"footnotes":""},"class_list":["post-5614","page","type-page","status-publish","hentry"],"acf":[],"yoast_head":"<!-- This site is optimized with the Yoast SEO plugin v27.2 - https:\/\/yoast.com\/product\/yoast-seo-wordpress\/ -->\n<title>Investigaci\u00f3 i Hist\u00f2ria | Torre Bellesguard Gaud\u00ed Barcelona<\/title>\n<meta name=\"description\" content=\"Articles d&#039;investigaci\u00f3 de Bellesguard. Descobreix la hist\u00f2ria i els secrets de l&#039;obra des de la seva construcci\u00f3 fins a la restauraci\u00f3 de Gaud\u00ed. Visita&#039;ns!\" \/>\n<meta name=\"robots\" content=\"index, follow, max-snippet:-1, max-image-preview:large, max-video-preview:-1\" \/>\n<link rel=\"canonical\" href=\"https:\/\/bellesguardgaudi.com\/ca\/bellesguard\/investigacio\/\" \/>\n<meta property=\"og:locale\" content=\"ca_ES\" \/>\n<meta property=\"og:type\" content=\"article\" \/>\n<meta property=\"og:title\" content=\"Investigaci\u00f3 i Hist\u00f2ria | Torre Bellesguard Gaud\u00ed Barcelona\" \/>\n<meta property=\"og:description\" content=\"Articles d&#039;investigaci\u00f3 de Bellesguard. Descobreix la hist\u00f2ria i els secrets de l&#039;obra des de la seva construcci\u00f3 fins a la restauraci\u00f3 de Gaud\u00ed. Visita&#039;ns!\" \/>\n<meta property=\"og:url\" content=\"https:\/\/bellesguardgaudi.com\/ca\/bellesguard\/investigacio\/\" \/>\n<meta property=\"og:site_name\" content=\"Obra Modernista de Antoni Gaud\u00ed en Barcelona | Torre Bellesguard\" \/>\n<meta property=\"article:modified_time\" content=\"2021-11-11T11:44:39+00:00\" \/>\n<meta name=\"twitter:card\" content=\"summary_large_image\" \/>\n<meta name=\"twitter:label1\" content=\"Temps estimat de lectura\" \/>\n\t<meta name=\"twitter:data1\" content=\"3 minuts\" \/>\n<script type=\"application\/ld+json\" class=\"yoast-schema-graph\">{\"@context\":\"https:\/\/schema.org\",\"@graph\":[{\"@type\":\"WebPage\",\"@id\":\"https:\/\/bellesguardgaudi.com\/ca\/bellesguard\/investigacio\/\",\"url\":\"https:\/\/bellesguardgaudi.com\/ca\/bellesguard\/investigacio\/\",\"name\":\"Investigaci\u00f3 i Hist\u00f2ria | Torre Bellesguard Gaud\u00ed Barcelona\",\"isPartOf\":{\"@id\":\"https:\/\/bellesguardgaudi.com\/ca\/#website\"},\"datePublished\":\"2019-08-20T12:22:44+00:00\",\"dateModified\":\"2021-11-11T11:44:39+00:00\",\"description\":\"Articles d'investigaci\u00f3 de Bellesguard. Descobreix la hist\u00f2ria i els secrets de l'obra des de la seva construcci\u00f3 fins a la restauraci\u00f3 de Gaud\u00ed. Visita'ns!\",\"breadcrumb\":{\"@id\":\"https:\/\/bellesguardgaudi.com\/ca\/bellesguard\/investigacio\/#breadcrumb\"},\"inLanguage\":\"ca\",\"potentialAction\":[{\"@type\":\"ReadAction\",\"target\":[\"https:\/\/bellesguardgaudi.com\/ca\/bellesguard\/investigacio\/\"]}]},{\"@type\":\"BreadcrumbList\",\"@id\":\"https:\/\/bellesguardgaudi.com\/ca\/bellesguard\/investigacio\/#breadcrumb\",\"itemListElement\":[{\"@type\":\"ListItem\",\"position\":1,\"name\":\"Portada\",\"item\":\"https:\/\/bellesguardgaudi.com\/ca\/\"},{\"@type\":\"ListItem\",\"position\":2,\"name\":\"Bellesguard\",\"item\":\"https:\/\/bellesguardgaudi.com\/ca\/bellesguard\/\"},{\"@type\":\"ListItem\",\"position\":3,\"name\":\"Investigaci\u00f3\"}]},{\"@type\":\"WebSite\",\"@id\":\"https:\/\/bellesguardgaudi.com\/ca\/#website\",\"url\":\"https:\/\/bellesguardgaudi.com\/ca\/\",\"name\":\"Obra Modernista de Antoni Gaud\u00ed en Barcelona | Torre Bellesguard\",\"description\":\"Web oficial de la Torre Bellesguard. Una de las obras m\u00e1s personales del arquitecto modernista Gaud\u00ed en Barcelona. \u00a1Vis\u00edtala sin colas ni aglomeraciones!\",\"potentialAction\":[{\"@type\":\"SearchAction\",\"target\":{\"@type\":\"EntryPoint\",\"urlTemplate\":\"https:\/\/bellesguardgaudi.com\/ca\/?s={search_term_string}\"},\"query-input\":{\"@type\":\"PropertyValueSpecification\",\"valueRequired\":true,\"valueName\":\"search_term_string\"}}],\"inLanguage\":\"ca\"}]}<\/script>\n<!-- \/ Yoast SEO plugin. -->","yoast_head_json":{"title":"Investigaci\u00f3 i Hist\u00f2ria | Torre Bellesguard Gaud\u00ed Barcelona","description":"Articles d'investigaci\u00f3 de Bellesguard. Descobreix la hist\u00f2ria i els secrets de l'obra des de la seva construcci\u00f3 fins a la restauraci\u00f3 de Gaud\u00ed. Visita'ns!","robots":{"index":"index","follow":"follow","max-snippet":"max-snippet:-1","max-image-preview":"max-image-preview:large","max-video-preview":"max-video-preview:-1"},"canonical":"https:\/\/bellesguardgaudi.com\/ca\/bellesguard\/investigacio\/","og_locale":"ca_ES","og_type":"article","og_title":"Investigaci\u00f3 i Hist\u00f2ria | Torre Bellesguard Gaud\u00ed Barcelona","og_description":"Articles d'investigaci\u00f3 de Bellesguard. Descobreix la hist\u00f2ria i els secrets de l'obra des de la seva construcci\u00f3 fins a la restauraci\u00f3 de Gaud\u00ed. Visita'ns!","og_url":"https:\/\/bellesguardgaudi.com\/ca\/bellesguard\/investigacio\/","og_site_name":"Obra Modernista de Antoni Gaud\u00ed en Barcelona | Torre Bellesguard","article_modified_time":"2021-11-11T11:44:39+00:00","twitter_card":"summary_large_image","twitter_misc":{"Temps estimat de lectura":"3 minuts"},"schema":{"@context":"https:\/\/schema.org","@graph":[{"@type":"WebPage","@id":"https:\/\/bellesguardgaudi.com\/ca\/bellesguard\/investigacio\/","url":"https:\/\/bellesguardgaudi.com\/ca\/bellesguard\/investigacio\/","name":"Investigaci\u00f3 i Hist\u00f2ria | Torre Bellesguard Gaud\u00ed Barcelona","isPartOf":{"@id":"https:\/\/bellesguardgaudi.com\/ca\/#website"},"datePublished":"2019-08-20T12:22:44+00:00","dateModified":"2021-11-11T11:44:39+00:00","description":"Articles d'investigaci\u00f3 de Bellesguard. Descobreix la hist\u00f2ria i els secrets de l'obra des de la seva construcci\u00f3 fins a la restauraci\u00f3 de Gaud\u00ed. Visita'ns!","breadcrumb":{"@id":"https:\/\/bellesguardgaudi.com\/ca\/bellesguard\/investigacio\/#breadcrumb"},"inLanguage":"ca","potentialAction":[{"@type":"ReadAction","target":["https:\/\/bellesguardgaudi.com\/ca\/bellesguard\/investigacio\/"]}]},{"@type":"BreadcrumbList","@id":"https:\/\/bellesguardgaudi.com\/ca\/bellesguard\/investigacio\/#breadcrumb","itemListElement":[{"@type":"ListItem","position":1,"name":"Portada","item":"https:\/\/bellesguardgaudi.com\/ca\/"},{"@type":"ListItem","position":2,"name":"Bellesguard","item":"https:\/\/bellesguardgaudi.com\/ca\/bellesguard\/"},{"@type":"ListItem","position":3,"name":"Investigaci\u00f3"}]},{"@type":"WebSite","@id":"https:\/\/bellesguardgaudi.com\/ca\/#website","url":"https:\/\/bellesguardgaudi.com\/ca\/","name":"Obra Modernista de Antoni Gaud\u00ed en Barcelona | Torre Bellesguard","description":"Web oficial de la Torre Bellesguard. Una de las obras m\u00e1s personales del arquitecto modernista Gaud\u00ed en Barcelona. \u00a1Vis\u00edtala sin colas ni aglomeraciones!","potentialAction":[{"@type":"SearchAction","target":{"@type":"EntryPoint","urlTemplate":"https:\/\/bellesguardgaudi.com\/ca\/?s={search_term_string}"},"query-input":{"@type":"PropertyValueSpecification","valueRequired":true,"valueName":"search_term_string"}}],"inLanguage":"ca"}]}},"_links":{"self":[{"href":"https:\/\/bellesguardgaudi.com\/ca\/wp-json\/wp\/v2\/pages\/5614","targetHints":{"allow":["GET"]}}],"collection":[{"href":"https:\/\/bellesguardgaudi.com\/ca\/wp-json\/wp\/v2\/pages"}],"about":[{"href":"https:\/\/bellesguardgaudi.com\/ca\/wp-json\/wp\/v2\/types\/page"}],"author":[{"embeddable":true,"href":"https:\/\/bellesguardgaudi.com\/ca\/wp-json\/wp\/v2\/users\/1"}],"replies":[{"embeddable":true,"href":"https:\/\/bellesguardgaudi.com\/ca\/wp-json\/wp\/v2\/comments?post=5614"}],"version-history":[{"count":5,"href":"https:\/\/bellesguardgaudi.com\/ca\/wp-json\/wp\/v2\/pages\/5614\/revisions"}],"predecessor-version":[{"id":9846,"href":"https:\/\/bellesguardgaudi.com\/ca\/wp-json\/wp\/v2\/pages\/5614\/revisions\/9846"}],"up":[{"embeddable":true,"href":"https:\/\/bellesguardgaudi.com\/ca\/wp-json\/wp\/v2\/pages\/5521"}],"wp:attachment":[{"href":"https:\/\/bellesguardgaudi.com\/ca\/wp-json\/wp\/v2\/media?parent=5614"}],"curies":[{"name":"wp","href":"https:\/\/api.w.org\/{rel}","templated":true}]}}