{"id":5741,"date":"2020-01-17T11:01:58","date_gmt":"2020-01-17T10:01:58","guid":{"rendered":"http:\/\/130.61.100.28\/wordpress\/?page_id=5741"},"modified":"2025-03-11T10:25:46","modified_gmt":"2025-03-11T09:25:46","slug":"lloguer-despais","status":"publish","type":"page","link":"https:\/\/bellesguardgaudi.com\/ca\/lloguer-despais\/","title":{"rendered":"Lloguer d&#8217;espais"},"content":{"rendered":"<p>[vc_row css=&#8221;.vc_custom_1579258943739{padding-bottom: 50px !important;}&#8221;][vc_column][vc_column_text el_class=&#8221;parrafo-destacado&#8221;]Situada a la zona alta de Barcelona gaudireu d\u2019uns espectaculars jardins que us permetran celebrar actes a l\u2019aire lliure, en un ambient d\u2019absoluta privacitat, allunyats del bullici i el soroll del centre de la ciutat. Un lloc de pau, l\u2019exclusivitat de trepitjar una terra amb una hist\u00f2ria mil\u00b7len\u00e0ria i tenir tot el recinte de Bellesguard a la vostra disposici\u00f3.[\/vc_column_text][\/vc_column][\/vc_row][vc_row full_width=&#8221;stretch_row&#8221; equal_height=&#8221;yes&#8221; content_placement=&#8221;middle&#8221; css=&#8221;.vc_custom_1579538630254{border-bottom-width: 20px !important;padding-top: 30px !important;background-color: #ffffff !important;}&#8221;][vc_column width=&#8221;1\/2&#8243;][vc_column_text]<\/p>\n<h2 style=\"text-align: left;\">ESPAIS I CAPACITATS<\/h2>\n<p style=\"text-align: left;\">Els espais que es poden llogar a la Torre Bellesguard d\u2019Antoni Gaud\u00ed es troben al voltant de la mateixa.<\/p>\n<p style=\"text-align: left;\"><strong>El porxo tancat amb vidre i tota la zona exterior: recinte medieval, jard\u00ed, bancs i capella.<\/strong><\/p>\n<p style=\"text-align: left;\" align=\"center\"><span lang=\"ES\">Diferents espais comunicats entre si que s\u2019adapten a les necessitats de cada esdeveniment.<\/span><\/p>\n<p>[\/vc_column_text][\/vc_column][vc_column width=&#8221;1\/2&#8243;][vc_single_image image=&#8221;5670&#8243; img_size=&#8221;full&#8221; onclick=&#8221;link_image&#8221; css_animation=&#8221;fadeIn&#8221; css=&#8221;.vc_custom_1579537832489{margin-bottom: 50px !important;}&#8221;][\/vc_column][\/vc_row][vc_row full_width=&#8221;stretch_row&#8221; css=&#8221;.vc_custom_1579538642502{padding-bottom: 30px !important;background-color: #ffffff !important;}&#8221; el_class=&#8221;listas-destacadas&#8221;][vc_column width=&#8221;1\/3&#8243;]<div class=\"ct-icon-box \"><i class=\"icon-resize-full-alt-1\"><\/i>\n<h4>SUPERF\u00cdCIE TOTAL DEL RECINTE (M2): 1.900 M2<\/h4>\n<ul>\n<li>Exteriors: recinte medieval, jardins, bancs i capella. Superf\u00edcie: 1.620 m2<\/li>\n<li>Porxo. Superf\u00edcie: 180m2<\/li>\n<\/ul>\n<p><\/div>[\/vc_column][vc_column width=&#8221;1\/3&#8243;]<div class=\"ct-icon-box \"><i class=\"icon-users-3\"><\/i>\n<h4>CAPACITAT TOTAL DEL RECINTE (EXTERIORS I PORXO):<\/h4>\n<ul>\n<li>Capacitat en format banquet: 250 pax<\/li>\n<li>Capacitat en format c\u00f2ctel: 300 pax<\/li>\n<li>Capacitat en format teatre: 300 pax<\/li>\n<\/ul>\n<p><\/div>[\/vc_column][vc_column width=&#8221;1\/3&#8243;]<div class=\"ct-icon-box \"><i class=\"icon-users-3\"><\/i>\n<h4>CAPACITAT A COBERT (NOM\u00c9S PORXO TANCAT AMB VIDRE):<\/h4>\n<ul>\n<li>Capacitat en format banquet: 90 pax<\/li>\n<li>Capacitat en format c\u00f2ctel: 90 pax<\/li>\n<li>Capacitat en format teatre: 90 pax<\/li>\n<\/ul>\n<p><\/div>[\/vc_column][\/vc_row][vc_row full_width=&#8221;stretch_row&#8221; css=&#8221;.vc_custom_1625654897912{padding-top: 50px !important;padding-bottom: 50px !important;}&#8221;][vc_column][vc_column_text css=&#8221;.vc_custom_1621506528261{margin-bottom: 50px !important;}&#8221;]<\/p>\n<h2 style=\"text-align: center;\">ESDEVENIMENTS<\/h2>\n<p>[\/vc_column_text][vc_row_inner equal_height=&#8221;yes&#8221; disable_element=&#8221;yes&#8221; el_class=&#8221;alquiler-de-espacios-home&#8221;][vc_column_inner width=&#8221;1\/4&#8243;][vc_single_image image=&#8221;5689&#8243; img_size=&#8221;full&#8221; onclick=&#8221;custom_link&#8221; css_animation=&#8221;left-to-right&#8221; link=&#8221;\/ca\/lloguer-despais\/casaments\/&#8221;][vc_column_text]<\/p>\n<h3>Casaments<\/h3>\n<p>La Torre Bellesguard d\u2019Antoni Gaud\u00ed \u00e9s ideal pels casaments. Diferents espais comunicats entre si permeten la creaci\u00f3 de diferents ambients, una zona per la recepci\u00f3 de convidats, els aperitius distribu\u00efts pels diversos racons del jard\u00ed, la zona del banquet i el ball.[\/vc_column_text]<a href=\"\/ca\/lloguer-despais\/casaments\/\" class=\"btn_1 outline\" target=\"_self\">Saber-ne m\u00e9s<\/a>[\/vc_column_inner][vc_column_inner width=&#8221;1\/4&#8243;][vc_single_image image=&#8221;5694&#8243; img_size=&#8221;full&#8221; onclick=&#8221;custom_link&#8221; css_animation=&#8221;bottom-to-top&#8221; link=&#8221;\/ca\/lloguer-despais\/esdeveniments-corporatius\/&#8221;][vc_column_text]<\/p>\n<h3>Esdeveniments corporatius<\/h3>\n<p>Sigui quin sigui l\u2019esdeveniment, la Torre Bellesguard d\u2019Antoni Gaud\u00ed \u00e9s l\u2019espai que est\u00e0s buscant. Un dinar o sopar d\u2019empresa, una presentaci\u00f3 de producte, una reuni\u00f3 de feina, un concert exclusiu o un event tem\u00e0tic\u2026 el nostre equip de professionals, amb una llarga experi\u00e8ncia en el sector, est\u00e0 a la vostra disposici\u00f3 per organitzar l\u2019esdeveniment a la mida dels vostres desitjos i expectatives.[\/vc_column_text]<a href=\"\/ca\/lloguer-despais\/esdeveniments-corporatius\/\" class=\"btn_1 outline\" target=\"_self\">Saber-ne m\u00e9s<\/a>[\/vc_column_inner][vc_column_inner width=&#8221;1\/4&#8243;][vc_single_image image=&#8221;5699&#8243; img_size=&#8221;full&#8221; onclick=&#8221;custom_link&#8221; css_animation=&#8221;bottom-to-top&#8221; link=&#8221;\/ca\/lloguer-despais\/teambuildings\/&#8221;][vc_column_text]<\/p>\n<h3>Teambuildings<\/h3>\n<p>Les empreses cada vegada donen m\u00e9s import\u00e0ncia a la realitzaci\u00f3 d\u2019activitats extralaborals, que els seus treballadors puguin interactuar fora de la f\u00e0brica o l\u2019oficina, establint lla\u00e7os a nivell personal que reforcin les relacions interpersonals i les din\u00e0miques d\u2019equip.[\/vc_column_text]<a href=\"\/ca\/lloguer-despais\/teambuilding\/\" class=\"btn_1 outline\" target=\"_self\">Saber-ne m\u00e9s<\/a>[\/vc_column_inner][vc_column_inner width=&#8221;1\/4&#8243;][vc_single_image image=&#8221;5704&#8243; img_size=&#8221;full&#8221; onclick=&#8221;custom_link&#8221; css_animation=&#8221;right-to-left&#8221; link=&#8221;\/ca\/lloguer-despais\/rodatges-i-reportatges\/&#8221;][vc_column_text]<\/p>\n<h3>Rodatges i reportatges<\/h3>\n<p>A la Torre Bellesguard disposem de diferents espais. Localitzacions amb una est\u00e8tica de castell medieval. Sales amb el segell inconfundible de Gaud\u00ed. Llum i color, pedra i trencad\u00eds, arbres i jardins, espectaculars vistes de 360 graus sobre la ciutat de Barcelona.[\/vc_column_text]<a href=\"\/ca\/lloguer-despais\/rodatges-i-reportatges\/\" class=\"btn_1 outline\" target=\"_self\">Saber-ne m\u00e9s<\/a>[\/vc_column_inner][\/vc_row_inner][vc_row_inner equal_height=&#8221;yes&#8221; el_class=&#8221;alquiler-de-espacios-home&#8221;][vc_column_inner width=&#8221;1\/3&#8243;][vc_single_image image=&#8221;150958&#8243; img_size=&#8221;full&#8221; onclick=&#8221;custom_link&#8221; css_animation=&#8221;bottom-to-top&#8221; link=&#8221;\/ca\/lloguer-despais\/esdeveniments-corporatius\/&#8221;][vc_column_text]<\/p>\n<h3>Esdeveniments corporatius<\/h3>\n<p>Sigui quin sigui l\u2019esdeveniment, la Torre Bellesguard d\u2019Antoni Gaud\u00ed \u00e9s l\u2019espai que est\u00e0s buscant. Un dinar o sopar d\u2019empresa, una presentaci\u00f3 de producte, una reuni\u00f3 de feina, un concert exclusiu o un event tem\u00e0tic\u2026 el nostre equip de professionals, amb una llarga experi\u00e8ncia en el sector, est\u00e0 a la vostra disposici\u00f3 per organitzar l\u2019esdeveniment a la mida dels vostres desitjos i expectatives.[\/vc_column_text]<a href=\"\/ca\/lloguer-despais\/esdeveniments-corporatius\/\" class=\"btn_1 outline\" target=\"_self\">Saber-ne m\u00e9s<\/a>[\/vc_column_inner][vc_column_inner width=&#8221;1\/3&#8243;][vc_single_image image=&#8221;150966&#8243; img_size=&#8221;full&#8221; onclick=&#8221;custom_link&#8221; css_animation=&#8221;bottom-to-top&#8221; link=&#8221;\/ca\/lloguer-despais\/teambuildings\/&#8221;][vc_column_text]<\/p>\n<h3>Teambuildings<\/h3>\n<p>Les empreses cada vegada donen m\u00e9s import\u00e0ncia a la realitzaci\u00f3 d\u2019activitats extralaborals, que els seus treballadors puguin interactuar fora de la f\u00e0brica o l\u2019oficina, establint lla\u00e7os a nivell personal que reforcin les relacions interpersonals i les din\u00e0miques d\u2019equip.[\/vc_column_text]<a href=\"\/ca\/lloguer-despais\/teambuilding\/\" class=\"btn_1 outline\" target=\"_self\">Saber-ne m\u00e9s<\/a>[\/vc_column_inner][vc_column_inner width=&#8221;1\/3&#8243;][vc_single_image image=&#8221;153905&#8243; img_size=&#8221;full&#8221; onclick=&#8221;custom_link&#8221; css_animation=&#8221;right-to-left&#8221; link=&#8221;\/ca\/lloguer-despais\/rodatges-i-reportatges\/&#8221;][vc_column_text]<\/p>\n<h3>Rodatges i reportatges<\/h3>\n<p>A la Torre Bellesguard disposem de diferents espais. Localitzacions amb una est\u00e8tica de castell medieval. Sales amb el segell inconfundible de Gaud\u00ed. Llum i color, pedra i trencad\u00eds, arbres i jardins, espectaculars vistes de 360 graus sobre la ciutat de Barcelona.[\/vc_column_text]<a href=\"\/ca\/lloguer-despais\/rodatges-i-reportatges\/\" class=\"btn_1 outline\" target=\"_self\">Saber-ne m\u00e9s<\/a>[\/vc_column_inner][\/vc_row_inner][\/vc_column][\/vc_row]<\/p>\n","protected":false},"excerpt":{"rendered":"<p>[vc_row css=&#8221;.vc_custom_1579258943739{padding-bottom: 50px !important;}&#8221;][vc_column][vc_column_text el_class=&#8221;parrafo-destacado&#8221;]Situada a la zona alta de Barcelona gaudireu d\u2019uns espectaculars jardins que us permetran celebrar actes a l\u2019aire lliure, en un ambient d\u2019absoluta privacitat, allunyats del bullici i el soroll del centre de la ciutat. Un lloc de pau, l\u2019exclusivitat de trepitjar una terra amb una hist\u00f2ria mil\u00b7len\u00e0ria i tenir tot [&hellip;]<\/p>\n","protected":false},"author":1,"featured_media":0,"parent":0,"menu_order":0,"comment_status":"closed","ping_status":"closed","template":"","meta":{"_acf_changed":false,"footnotes":""},"class_list":["post-5741","page","type-page","status-publish","hentry"],"acf":[],"yoast_head":"<!-- This site is optimized with the Yoast SEO plugin v27.2 - https:\/\/yoast.com\/product\/yoast-seo-wordpress\/ -->\n<title>Lloguer d&#039;Espais a Barcelona | Torre Bellesguard Gaud\u00ed<\/title>\n<meta name=\"description\" content=\"Disposem d&#039;espais de lloguer per a tot tipus d&#039;esdeveniments privats. Gaudeix d&#039;un lloc exclusiu amb la marca d&#039;Antoni Gaud\u00ed a Barcelona. Visita&#039;ns!\" \/>\n<meta name=\"robots\" content=\"index, follow, max-snippet:-1, max-image-preview:large, max-video-preview:-1\" \/>\n<link rel=\"canonical\" href=\"https:\/\/bellesguardgaudi.com\/ca\/lloguer-despais\/\" \/>\n<meta property=\"og:locale\" content=\"ca_ES\" \/>\n<meta property=\"og:type\" content=\"article\" \/>\n<meta property=\"og:title\" content=\"Lloguer d&#039;Espais a Barcelona | Torre Bellesguard Gaud\u00ed\" \/>\n<meta property=\"og:description\" content=\"Disposem d&#039;espais de lloguer per a tot tipus d&#039;esdeveniments privats. Gaudeix d&#039;un lloc exclusiu amb la marca d&#039;Antoni Gaud\u00ed a Barcelona. Visita&#039;ns!\" \/>\n<meta property=\"og:url\" content=\"https:\/\/bellesguardgaudi.com\/ca\/lloguer-despais\/\" \/>\n<meta property=\"og:site_name\" content=\"Obra Modernista de Antoni Gaud\u00ed en Barcelona | Torre Bellesguard\" \/>\n<meta property=\"article:modified_time\" content=\"2025-03-11T09:25:46+00:00\" \/>\n<meta name=\"twitter:card\" content=\"summary_large_image\" \/>\n<meta name=\"twitter:label1\" content=\"Temps estimat de lectura\" \/>\n\t<meta name=\"twitter:data1\" content=\"4 minuts\" \/>\n<script type=\"application\/ld+json\" class=\"yoast-schema-graph\">{\"@context\":\"https:\/\/schema.org\",\"@graph\":[{\"@type\":\"WebPage\",\"@id\":\"https:\/\/bellesguardgaudi.com\/ca\/lloguer-despais\/\",\"url\":\"https:\/\/bellesguardgaudi.com\/ca\/lloguer-despais\/\",\"name\":\"Lloguer d'Espais a Barcelona | Torre Bellesguard Gaud\u00ed\",\"isPartOf\":{\"@id\":\"https:\/\/bellesguardgaudi.com\/ca\/#website\"},\"datePublished\":\"2020-01-17T10:01:58+00:00\",\"dateModified\":\"2025-03-11T09:25:46+00:00\",\"description\":\"Disposem d'espais de lloguer per a tot tipus d'esdeveniments privats. Gaudeix d'un lloc exclusiu amb la marca d'Antoni Gaud\u00ed a Barcelona. Visita'ns!\",\"breadcrumb\":{\"@id\":\"https:\/\/bellesguardgaudi.com\/ca\/lloguer-despais\/#breadcrumb\"},\"inLanguage\":\"ca\",\"potentialAction\":[{\"@type\":\"ReadAction\",\"target\":[\"https:\/\/bellesguardgaudi.com\/ca\/lloguer-despais\/\"]}]},{\"@type\":\"BreadcrumbList\",\"@id\":\"https:\/\/bellesguardgaudi.com\/ca\/lloguer-despais\/#breadcrumb\",\"itemListElement\":[{\"@type\":\"ListItem\",\"position\":1,\"name\":\"Portada\",\"item\":\"https:\/\/bellesguardgaudi.com\/ca\/\"},{\"@type\":\"ListItem\",\"position\":2,\"name\":\"Lloguer d&#8217;espais\"}]},{\"@type\":\"WebSite\",\"@id\":\"https:\/\/bellesguardgaudi.com\/ca\/#website\",\"url\":\"https:\/\/bellesguardgaudi.com\/ca\/\",\"name\":\"Obra Modernista de Antoni Gaud\u00ed en Barcelona | Torre Bellesguard\",\"description\":\"Web oficial de la Torre Bellesguard. Una de las obras m\u00e1s personales del arquitecto modernista Gaud\u00ed en Barcelona. \u00a1Vis\u00edtala sin colas ni aglomeraciones!\",\"potentialAction\":[{\"@type\":\"SearchAction\",\"target\":{\"@type\":\"EntryPoint\",\"urlTemplate\":\"https:\/\/bellesguardgaudi.com\/ca\/?s={search_term_string}\"},\"query-input\":{\"@type\":\"PropertyValueSpecification\",\"valueRequired\":true,\"valueName\":\"search_term_string\"}}],\"inLanguage\":\"ca\"}]}<\/script>\n<!-- \/ Yoast SEO plugin. -->","yoast_head_json":{"title":"Lloguer d'Espais a Barcelona | Torre Bellesguard Gaud\u00ed","description":"Disposem d'espais de lloguer per a tot tipus d'esdeveniments privats. Gaudeix d'un lloc exclusiu amb la marca d'Antoni Gaud\u00ed a Barcelona. Visita'ns!","robots":{"index":"index","follow":"follow","max-snippet":"max-snippet:-1","max-image-preview":"max-image-preview:large","max-video-preview":"max-video-preview:-1"},"canonical":"https:\/\/bellesguardgaudi.com\/ca\/lloguer-despais\/","og_locale":"ca_ES","og_type":"article","og_title":"Lloguer d'Espais a Barcelona | Torre Bellesguard Gaud\u00ed","og_description":"Disposem d'espais de lloguer per a tot tipus d'esdeveniments privats. Gaudeix d'un lloc exclusiu amb la marca d'Antoni Gaud\u00ed a Barcelona. Visita'ns!","og_url":"https:\/\/bellesguardgaudi.com\/ca\/lloguer-despais\/","og_site_name":"Obra Modernista de Antoni Gaud\u00ed en Barcelona | Torre Bellesguard","article_modified_time":"2025-03-11T09:25:46+00:00","twitter_card":"summary_large_image","twitter_misc":{"Temps estimat de lectura":"4 minuts"},"schema":{"@context":"https:\/\/schema.org","@graph":[{"@type":"WebPage","@id":"https:\/\/bellesguardgaudi.com\/ca\/lloguer-despais\/","url":"https:\/\/bellesguardgaudi.com\/ca\/lloguer-despais\/","name":"Lloguer d'Espais a Barcelona | Torre Bellesguard Gaud\u00ed","isPartOf":{"@id":"https:\/\/bellesguardgaudi.com\/ca\/#website"},"datePublished":"2020-01-17T10:01:58+00:00","dateModified":"2025-03-11T09:25:46+00:00","description":"Disposem d'espais de lloguer per a tot tipus d'esdeveniments privats. Gaudeix d'un lloc exclusiu amb la marca d'Antoni Gaud\u00ed a Barcelona. Visita'ns!","breadcrumb":{"@id":"https:\/\/bellesguardgaudi.com\/ca\/lloguer-despais\/#breadcrumb"},"inLanguage":"ca","potentialAction":[{"@type":"ReadAction","target":["https:\/\/bellesguardgaudi.com\/ca\/lloguer-despais\/"]}]},{"@type":"BreadcrumbList","@id":"https:\/\/bellesguardgaudi.com\/ca\/lloguer-despais\/#breadcrumb","itemListElement":[{"@type":"ListItem","position":1,"name":"Portada","item":"https:\/\/bellesguardgaudi.com\/ca\/"},{"@type":"ListItem","position":2,"name":"Lloguer d&#8217;espais"}]},{"@type":"WebSite","@id":"https:\/\/bellesguardgaudi.com\/ca\/#website","url":"https:\/\/bellesguardgaudi.com\/ca\/","name":"Obra Modernista de Antoni Gaud\u00ed en Barcelona | Torre Bellesguard","description":"Web oficial de la Torre Bellesguard. Una de las obras m\u00e1s personales del arquitecto modernista Gaud\u00ed en Barcelona. \u00a1Vis\u00edtala sin colas ni aglomeraciones!","potentialAction":[{"@type":"SearchAction","target":{"@type":"EntryPoint","urlTemplate":"https:\/\/bellesguardgaudi.com\/ca\/?s={search_term_string}"},"query-input":{"@type":"PropertyValueSpecification","valueRequired":true,"valueName":"search_term_string"}}],"inLanguage":"ca"}]}},"_links":{"self":[{"href":"https:\/\/bellesguardgaudi.com\/ca\/wp-json\/wp\/v2\/pages\/5741","targetHints":{"allow":["GET"]}}],"collection":[{"href":"https:\/\/bellesguardgaudi.com\/ca\/wp-json\/wp\/v2\/pages"}],"about":[{"href":"https:\/\/bellesguardgaudi.com\/ca\/wp-json\/wp\/v2\/types\/page"}],"author":[{"embeddable":true,"href":"https:\/\/bellesguardgaudi.com\/ca\/wp-json\/wp\/v2\/users\/1"}],"replies":[{"embeddable":true,"href":"https:\/\/bellesguardgaudi.com\/ca\/wp-json\/wp\/v2\/comments?post=5741"}],"version-history":[{"count":5,"href":"https:\/\/bellesguardgaudi.com\/ca\/wp-json\/wp\/v2\/pages\/5741\/revisions"}],"predecessor-version":[{"id":153909,"href":"https:\/\/bellesguardgaudi.com\/ca\/wp-json\/wp\/v2\/pages\/5741\/revisions\/153909"}],"wp:attachment":[{"href":"https:\/\/bellesguardgaudi.com\/ca\/wp-json\/wp\/v2\/media?parent=5741"}],"curies":[{"name":"wp","href":"https:\/\/api.w.org\/{rel}","templated":true}]}}