{"id":6126,"date":"2020-01-20T19:15:05","date_gmt":"2020-01-20T18:15:05","guid":{"rendered":"http:\/\/130.61.100.28\/wordpress\/?page_id=6126"},"modified":"2026-01-26T12:37:24","modified_gmt":"2026-01-26T11:37:24","slug":"teambuilding","status":"publish","type":"page","link":"https:\/\/bellesguardgaudi.com\/ca\/lloguer-despais\/teambuilding\/","title":{"rendered":"Teambuilding"},"content":{"rendered":"<p>[vc_row][vc_column][vc_row_inner equal_height=&#8221;yes&#8221; content_placement=&#8221;middle&#8221;][vc_column_inner][vc_column_text el_class=&#8221;parrafo-destacado&#8221;]<\/p>\n<div class=\"row-bg-wrap\" data-bg-animation=\"none\">\n<p class=\"row-bg-overlay\">Les empreses cada vegada donen m\u00e9s import\u00e0ncia a la realitzaci\u00f3 d\u2019activitats extralaborals, que els seus treballadors puguin interactuar fora de la f\u00e0brica o l\u2019oficina, establint lla\u00e7os a nivell personal que reforcin les relacions interpersonals i les din\u00e0miques d\u2019equip.<\/p>\n<\/div>\n<p>[\/vc_column_text][vc_separator css=&#8221;.vc_custom_1579521492888{margin-top: 30px !important;margin-bottom: 30px !important;}&#8221;][vc_column_text]Amb l\u2019empresa <a href=\"https:\/\/mosaiccos.com\/\">Mosaiccos<\/a> oferim la possibilitat de realitzar un taller de trencad\u00eds, una de les t\u00e8cniques m\u00e9s famoses de Gaud\u00ed, ja sigui creant un objecte individualment o b\u00e9 elaborant entre tots el logotip de l\u2019empresa.<\/p>\n<p>L\u2019activitat de Teambuilding pot ser de qualsevol altre estil: tal com <em>masterchef<\/em>, <em>showcooking<\/em>, tast de vins,&#8230; Es pot incloure una visita guiada i un refrigeri o degustaci\u00f3 gastron\u00f2mica.<\/p>\n<p>Tot en un \u00fanic espai, la Torre Bellesguard d\u2019Antoni Gaud\u00ed.[\/vc_column_text][\/vc_column_inner][\/vc_row_inner][vc_row_inner content_placement=&#8221;top&#8221; css=&#8221;.vc_custom_1579545314042{margin-top: 50px !important;}&#8221;][vc_column_inner width=&#8221;7\/12&#8243;][vc_video link=&#8221;https:\/\/www.youtube.com\/watch?v=PgHqpDOmbDg&amp;feature=emb_title&#8221;][vc_separator css=&#8221;.vc_custom_1579521492888{margin-top: 30px !important;margin-bottom: 30px !important;}&#8221;][vc_column_text css=&#8221;.vc_custom_1579544529638{margin-top: 30px !important;}&#8221;]<\/p>\n<div style=\"width: 900px;\" class=\"wp-video\"><!--[if lt IE 9]><script>document.createElement('video');<\/script><![endif]-->\n<video class=\"wp-video-shortcode\" id=\"video-6126-1\" width=\"900\" height=\"383\" poster=\"https:\/\/bellesguardgaudi.com\/wp-content\/uploads\/2020\/01\/logo-la-caixa-2.jpg\" preload=\"metadata\" controls=\"controls\"><source type=\"video\/mp4\" src=\"https:\/\/bellesguardgaudi.com\/wp-content\/uploads\/2020\/01\/LAcaixa-teambuilding.mp4?_=1\" \/><a href=\"https:\/\/bellesguardgaudi.com\/wp-content\/uploads\/2020\/01\/LAcaixa-teambuilding.mp4\">https:\/\/bellesguardgaudi.com\/wp-content\/uploads\/2020\/01\/LAcaixa-teambuilding.mp4<\/a><\/video><\/div>\n<p>[\/vc_column_text][\/vc_column_inner][vc_column_inner width=&#8221;5\/12&#8243; css=&#8221;.vc_custom_1579545254035{padding: 20px !important;background-color: #ffffff !important;border-radius: 5px !important;}&#8221;][vc_column_text]<\/p>\n<h3 style=\"text-align: center;\">CONTACTA AMB NOSALTRES<\/h3>\n<p>[\/vc_column_text][vc_separator]\n<div class=\"wpcf7 no-js\" id=\"wpcf7-f10365-o1\" lang=\"ca\" dir=\"ltr\" data-wpcf7-id=\"10365\">\n<div class=\"screen-reader-response\"><p role=\"status\" aria-live=\"polite\" aria-atomic=\"true\"><\/p> <ul><\/ul><\/div>\n<form action=\"\/ca\/wp-json\/wp\/v2\/pages\/6126#wpcf7-f10365-o1\" method=\"post\" class=\"wpcf7-form init\" aria-label=\"Formulari de contacte\" novalidate=\"novalidate\" data-status=\"init\">\n<fieldset class=\"hidden-fields-container\"><input type=\"hidden\" name=\"_wpcf7\" value=\"10365\" \/><input type=\"hidden\" name=\"_wpcf7_version\" value=\"6.1.5\" \/><input type=\"hidden\" name=\"_wpcf7_locale\" value=\"ca\" \/><input type=\"hidden\" name=\"_wpcf7_unit_tag\" value=\"wpcf7-f10365-o1\" \/><input type=\"hidden\" name=\"_wpcf7_container_post\" value=\"0\" \/><input type=\"hidden\" name=\"_wpcf7_posted_data_hash\" value=\"\" \/><input type=\"hidden\" name=\"_wpcf7_recaptcha_response\" value=\"\" \/>\n<\/fieldset>\n<p><label> <span class=\"wpcf7-form-control-wrap\" data-name=\"your-name\"><input size=\"40\" maxlength=\"400\" class=\"wpcf7-form-control wpcf7-text wpcf7-validates-as-required\" aria-required=\"true\" aria-invalid=\"false\" placeholder=\"Nom (required)\" value=\"\" type=\"text\" name=\"your-name\" \/><\/span> <\/label>\n<\/p>\n<p><label> <span class=\"wpcf7-form-control-wrap\" data-name=\"your-surname\"><input size=\"40\" maxlength=\"400\" class=\"wpcf7-form-control wpcf7-text wpcf7-validates-as-required\" aria-required=\"true\" aria-invalid=\"false\" placeholder=\"Cognoms (required)\" value=\"\" type=\"text\" name=\"your-surname\" \/><\/span> <\/label>\n<\/p>\n<p><label> <span class=\"wpcf7-form-control-wrap\" data-name=\"your-email\"><input size=\"40\" maxlength=\"400\" class=\"wpcf7-form-control wpcf7-email wpcf7-validates-as-required wpcf7-text wpcf7-validates-as-email\" aria-required=\"true\" aria-invalid=\"false\" placeholder=\"Correu electr\u00f2nic (required)\" value=\"\" type=\"email\" name=\"your-email\" \/><\/span> <\/label>\n<\/p>\n<p><label> <span class=\"wpcf7-form-control-wrap\" data-name=\"your-subject\"><input size=\"40\" maxlength=\"400\" class=\"wpcf7-form-control wpcf7-text\" aria-invalid=\"false\" placeholder=\"Assumpte\" value=\"\" type=\"text\" name=\"your-subject\" \/><\/span> <\/label>\n<\/p>\n<p><label> <span class=\"wpcf7-form-control-wrap\" data-name=\"your-message\"><textarea cols=\"40\" rows=\"10\" maxlength=\"2000\" class=\"wpcf7-form-control wpcf7-textarea\" aria-invalid=\"false\" placeholder=\"Missatge\" name=\"your-message\"><\/textarea><\/span> <\/label>\n<\/p>\n<p><span class=\"wpcf7-form-control-wrap\" data-name=\"acceptance-399\"><span class=\"wpcf7-form-control wpcf7-acceptance\"><span class=\"wpcf7-list-item\"><label><input type=\"checkbox\" name=\"acceptance-399\" value=\"1\" aria-invalid=\"false\" \/><span class=\"wpcf7-list-item-label\">Accepto la  <a href=\"https:\/\/bellesguardgaudi.com\/ca\/politica-de-privacitat\/\" target=\"_blank\" rel=\"noopener\">Pol\u00edtica de privacitat<\/a><\/span><\/label><\/span><\/span><\/span>\n<\/p>\n<p><input class=\"wpcf7-form-control wpcf7-submit has-spinner\" type=\"submit\" value=\"Enviar\" \/>\n<\/p>\n<p>Aquiest lloc web esta protegit per reCAPTCHA y Google. Et deixem enlla\u00e7os cap a la seva <a href=\"https:\/\/policies.google.com\/privacy\" target=\"_blank\" rel=\"nofollow\">Privacy Policy<\/a> i <a href=\"https:\/\/policies.google.com\/terms\" target=\"_blank\" rel=\"nofollow\">Terms of Service<\/a>.\n<\/p><input type='hidden' class='wpcf7-pum' value='{\"closepopup\":false,\"closedelay\":0,\"openpopup\":false,\"openpopup_id\":0}' \/><div class=\"wpcf7-response-output\" aria-hidden=\"true\"><\/div>\n<\/form>\n<\/div>\n[\/vc_column_inner][\/vc_row_inner][\/vc_column][\/vc_row][vc_row][vc_column][\/vc_column][\/vc_row]<\/p>\n","protected":false},"excerpt":{"rendered":"<p>[vc_row][vc_column][vc_row_inner equal_height=&#8221;yes&#8221; content_placement=&#8221;middle&#8221;][vc_column_inner][vc_column_text el_class=&#8221;parrafo-destacado&#8221;] Les empreses cada vegada donen m\u00e9s import\u00e0ncia a la realitzaci\u00f3 d\u2019activitats extralaborals, que els seus treballadors puguin interactuar fora de la f\u00e0brica o l\u2019oficina, establint lla\u00e7os a nivell personal que reforcin les relacions interpersonals i les din\u00e0miques d\u2019equip. [\/vc_column_text][vc_separator css=&#8221;.vc_custom_1579521492888{margin-top: 30px !important;margin-bottom: 30px !important;}&#8221;][vc_column_text]Amb l\u2019empresa Mosaiccos oferim la possibilitat de realitzar [&hellip;]<\/p>\n","protected":false},"author":1,"featured_media":0,"parent":5741,"menu_order":0,"comment_status":"closed","ping_status":"closed","template":"","meta":{"_acf_changed":false,"footnotes":""},"class_list":["post-6126","page","type-page","status-publish","hentry"],"acf":[],"yoast_head":"<!-- This site is optimized with the Yoast SEO plugin v27.2 - https:\/\/yoast.com\/product\/yoast-seo-wordpress\/ -->\n<title>Team Building a Barcelona | Lloguer d&#039;espais<\/title>\n<meta name=\"description\" content=\"Organitzem tallers de team building mitjan\u00e7ant una de les t\u00e8cniques m\u00e9s famoses de Gaud\u00ed. Enforteix el teu equip de treball en un espai \u00fanic. Contacta&#039;ns!\" \/>\n<meta name=\"robots\" content=\"index, follow, max-snippet:-1, max-image-preview:large, max-video-preview:-1\" \/>\n<link rel=\"canonical\" href=\"https:\/\/bellesguardgaudi.com\/ca\/lloguer-despais\/teambuilding\/\" \/>\n<meta property=\"og:locale\" content=\"ca_ES\" \/>\n<meta property=\"og:type\" content=\"article\" \/>\n<meta property=\"og:title\" content=\"Team Building a Barcelona | Lloguer d&#039;espais\" \/>\n<meta property=\"og:description\" content=\"Organitzem tallers de team building mitjan\u00e7ant una de les t\u00e8cniques m\u00e9s famoses de Gaud\u00ed. Enforteix el teu equip de treball en un espai \u00fanic. Contacta&#039;ns!\" \/>\n<meta property=\"og:url\" content=\"https:\/\/bellesguardgaudi.com\/ca\/lloguer-despais\/teambuilding\/\" \/>\n<meta property=\"og:site_name\" content=\"Obra Modernista de Antoni Gaud\u00ed en Barcelona | Torre Bellesguard\" \/>\n<meta property=\"article:modified_time\" content=\"2026-01-26T11:37:24+00:00\" \/>\n<meta name=\"twitter:card\" content=\"summary_large_image\" \/>\n<meta name=\"twitter:label1\" content=\"Temps estimat de lectura\" \/>\n\t<meta name=\"twitter:data1\" content=\"1 minut\" \/>\n<script type=\"application\/ld+json\" class=\"yoast-schema-graph\">{\"@context\":\"https:\/\/schema.org\",\"@graph\":[{\"@type\":\"WebPage\",\"@id\":\"https:\/\/bellesguardgaudi.com\/ca\/lloguer-despais\/teambuilding\/\",\"url\":\"https:\/\/bellesguardgaudi.com\/ca\/lloguer-despais\/teambuilding\/\",\"name\":\"Team Building a Barcelona | Lloguer d'espais\",\"isPartOf\":{\"@id\":\"https:\/\/bellesguardgaudi.com\/ca\/#website\"},\"datePublished\":\"2020-01-20T18:15:05+00:00\",\"dateModified\":\"2026-01-26T11:37:24+00:00\",\"description\":\"Organitzem tallers de team building mitjan\u00e7ant una de les t\u00e8cniques m\u00e9s famoses de Gaud\u00ed. Enforteix el teu equip de treball en un espai \u00fanic. Contacta'ns!\",\"breadcrumb\":{\"@id\":\"https:\/\/bellesguardgaudi.com\/ca\/lloguer-despais\/teambuilding\/#breadcrumb\"},\"inLanguage\":\"ca\",\"potentialAction\":[{\"@type\":\"ReadAction\",\"target\":[\"https:\/\/bellesguardgaudi.com\/ca\/lloguer-despais\/teambuilding\/\"]}]},{\"@type\":\"BreadcrumbList\",\"@id\":\"https:\/\/bellesguardgaudi.com\/ca\/lloguer-despais\/teambuilding\/#breadcrumb\",\"itemListElement\":[{\"@type\":\"ListItem\",\"position\":1,\"name\":\"Portada\",\"item\":\"https:\/\/bellesguardgaudi.com\/ca\/\"},{\"@type\":\"ListItem\",\"position\":2,\"name\":\"Lloguer d&#8217;espais\",\"item\":\"https:\/\/bellesguardgaudi.com\/ca\/lloguer-despais\/\"},{\"@type\":\"ListItem\",\"position\":3,\"name\":\"Teambuilding\"}]},{\"@type\":\"WebSite\",\"@id\":\"https:\/\/bellesguardgaudi.com\/ca\/#website\",\"url\":\"https:\/\/bellesguardgaudi.com\/ca\/\",\"name\":\"Obra Modernista de Antoni Gaud\u00ed en Barcelona | Torre Bellesguard\",\"description\":\"Web oficial de la Torre Bellesguard. Una de las obras m\u00e1s personales del arquitecto modernista Gaud\u00ed en Barcelona. \u00a1Vis\u00edtala sin colas ni aglomeraciones!\",\"potentialAction\":[{\"@type\":\"SearchAction\",\"target\":{\"@type\":\"EntryPoint\",\"urlTemplate\":\"https:\/\/bellesguardgaudi.com\/ca\/?s={search_term_string}\"},\"query-input\":{\"@type\":\"PropertyValueSpecification\",\"valueRequired\":true,\"valueName\":\"search_term_string\"}}],\"inLanguage\":\"ca\"}]}<\/script>\n<!-- \/ Yoast SEO plugin. -->","yoast_head_json":{"title":"Team Building a Barcelona | Lloguer d'espais","description":"Organitzem tallers de team building mitjan\u00e7ant una de les t\u00e8cniques m\u00e9s famoses de Gaud\u00ed. Enforteix el teu equip de treball en un espai \u00fanic. Contacta'ns!","robots":{"index":"index","follow":"follow","max-snippet":"max-snippet:-1","max-image-preview":"max-image-preview:large","max-video-preview":"max-video-preview:-1"},"canonical":"https:\/\/bellesguardgaudi.com\/ca\/lloguer-despais\/teambuilding\/","og_locale":"ca_ES","og_type":"article","og_title":"Team Building a Barcelona | Lloguer d'espais","og_description":"Organitzem tallers de team building mitjan\u00e7ant una de les t\u00e8cniques m\u00e9s famoses de Gaud\u00ed. Enforteix el teu equip de treball en un espai \u00fanic. Contacta'ns!","og_url":"https:\/\/bellesguardgaudi.com\/ca\/lloguer-despais\/teambuilding\/","og_site_name":"Obra Modernista de Antoni Gaud\u00ed en Barcelona | Torre Bellesguard","article_modified_time":"2026-01-26T11:37:24+00:00","twitter_card":"summary_large_image","twitter_misc":{"Temps estimat de lectura":"1 minut"},"schema":{"@context":"https:\/\/schema.org","@graph":[{"@type":"WebPage","@id":"https:\/\/bellesguardgaudi.com\/ca\/lloguer-despais\/teambuilding\/","url":"https:\/\/bellesguardgaudi.com\/ca\/lloguer-despais\/teambuilding\/","name":"Team Building a Barcelona | Lloguer d'espais","isPartOf":{"@id":"https:\/\/bellesguardgaudi.com\/ca\/#website"},"datePublished":"2020-01-20T18:15:05+00:00","dateModified":"2026-01-26T11:37:24+00:00","description":"Organitzem tallers de team building mitjan\u00e7ant una de les t\u00e8cniques m\u00e9s famoses de Gaud\u00ed. Enforteix el teu equip de treball en un espai \u00fanic. Contacta'ns!","breadcrumb":{"@id":"https:\/\/bellesguardgaudi.com\/ca\/lloguer-despais\/teambuilding\/#breadcrumb"},"inLanguage":"ca","potentialAction":[{"@type":"ReadAction","target":["https:\/\/bellesguardgaudi.com\/ca\/lloguer-despais\/teambuilding\/"]}]},{"@type":"BreadcrumbList","@id":"https:\/\/bellesguardgaudi.com\/ca\/lloguer-despais\/teambuilding\/#breadcrumb","itemListElement":[{"@type":"ListItem","position":1,"name":"Portada","item":"https:\/\/bellesguardgaudi.com\/ca\/"},{"@type":"ListItem","position":2,"name":"Lloguer d&#8217;espais","item":"https:\/\/bellesguardgaudi.com\/ca\/lloguer-despais\/"},{"@type":"ListItem","position":3,"name":"Teambuilding"}]},{"@type":"WebSite","@id":"https:\/\/bellesguardgaudi.com\/ca\/#website","url":"https:\/\/bellesguardgaudi.com\/ca\/","name":"Obra Modernista de Antoni Gaud\u00ed en Barcelona | Torre Bellesguard","description":"Web oficial de la Torre Bellesguard. Una de las obras m\u00e1s personales del arquitecto modernista Gaud\u00ed en Barcelona. \u00a1Vis\u00edtala sin colas ni aglomeraciones!","potentialAction":[{"@type":"SearchAction","target":{"@type":"EntryPoint","urlTemplate":"https:\/\/bellesguardgaudi.com\/ca\/?s={search_term_string}"},"query-input":{"@type":"PropertyValueSpecification","valueRequired":true,"valueName":"search_term_string"}}],"inLanguage":"ca"}]}},"_links":{"self":[{"href":"https:\/\/bellesguardgaudi.com\/ca\/wp-json\/wp\/v2\/pages\/6126","targetHints":{"allow":["GET"]}}],"collection":[{"href":"https:\/\/bellesguardgaudi.com\/ca\/wp-json\/wp\/v2\/pages"}],"about":[{"href":"https:\/\/bellesguardgaudi.com\/ca\/wp-json\/wp\/v2\/types\/page"}],"author":[{"embeddable":true,"href":"https:\/\/bellesguardgaudi.com\/ca\/wp-json\/wp\/v2\/users\/1"}],"replies":[{"embeddable":true,"href":"https:\/\/bellesguardgaudi.com\/ca\/wp-json\/wp\/v2\/comments?post=6126"}],"version-history":[{"count":4,"href":"https:\/\/bellesguardgaudi.com\/ca\/wp-json\/wp\/v2\/pages\/6126\/revisions"}],"predecessor-version":[{"id":190024,"href":"https:\/\/bellesguardgaudi.com\/ca\/wp-json\/wp\/v2\/pages\/6126\/revisions\/190024"}],"up":[{"embeddable":true,"href":"https:\/\/bellesguardgaudi.com\/ca\/wp-json\/wp\/v2\/pages\/5741"}],"wp:attachment":[{"href":"https:\/\/bellesguardgaudi.com\/ca\/wp-json\/wp\/v2\/media?parent=6126"}],"curies":[{"name":"wp","href":"https:\/\/api.w.org\/{rel}","templated":true}]}}