{"id":6140,"date":"2020-01-20T19:41:45","date_gmt":"2020-01-20T18:41:45","guid":{"rendered":"http:\/\/130.61.100.28\/wordpress\/?page_id=6140"},"modified":"2026-01-26T12:41:09","modified_gmt":"2026-01-26T11:41:09","slug":"rodatges-i-reportatges","status":"publish","type":"page","link":"https:\/\/bellesguardgaudi.com\/ca\/lloguer-despais\/rodatges-i-reportatges\/","title":{"rendered":"Rodatges i reportatges"},"content":{"rendered":"<p>[vc_row][vc_column][vc_row_inner equal_height=&#8221;yes&#8221; content_placement=&#8221;middle&#8221;][vc_column_inner][vc_column_text el_class=&#8221;parrafo-destacado&#8221;]A la Torre Bellesguard disposem de diferents espais molt diferents entre ells. Localitzacions amb est\u00e8tica de castell medieval. Sales amb el segell inconfusible de Gaud\u00ed. Llum i color, pedra i trencad\u00eds, arbres i jardins, espectaculars vistes de 360 graus sobre la ciutat de Barcelona.[\/vc_column_text][vc_separator css=&#8221;.vc_custom_1579521492888{margin-top: 30px !important;margin-bottom: 30px !important;}&#8221;][\/vc_column_inner][\/vc_row_inner][vc_row_inner equal_height=&#8221;yes&#8221; content_placement=&#8221;middle&#8221; css=&#8221;.vc_custom_1579545922378{margin-top: 30px !important;}&#8221;][vc_column_inner width=&#8221;2\/3&#8243;][vc_column_text]Bellesguard \u00e9s una localitzaci\u00f3 c\u00f2moda i segura, amb facilitats log\u00edstiques d\u2019aparcament, c\u00e0rregues i desc\u00e0rregues. Un ambient d\u2019absoluta privacitat per tractar-se d\u2019un recinte tancat. Totes les comoditats sense sortir de Barcelona i perfectament comunicat amb qualsevol punt de la ciutat.<\/p>\n<p>Expliqueu-nos el vostre projecte, ja sigui un reportatge fotogr\u00e0fic o gravaci\u00f3 audiovisual, una publicitat o pel\u00b7l\u00edcula i us farem un pressupost a mida.[\/vc_column_text][vc_single_image image=&#8221;154421&#8243; img_size=&#8221;full&#8221;][\/vc_column_inner][vc_column_inner width=&#8221;1\/3&#8243; css=&#8221;.vc_custom_1579545254035{padding: 20px !important;background-color: #ffffff !important;border-radius: 5px !important;}&#8221;][vc_column_text]<\/p>\n<h3 style=\"text-align: center;\">CONTACTA AMB NOSALTRES<\/h3>\n<p>[\/vc_column_text][vc_separator]\n<div class=\"wpcf7 no-js\" id=\"wpcf7-f10365-o1\" lang=\"ca\" dir=\"ltr\" data-wpcf7-id=\"10365\">\n<div class=\"screen-reader-response\"><p role=\"status\" aria-live=\"polite\" aria-atomic=\"true\"><\/p> <ul><\/ul><\/div>\n<form action=\"\/ca\/wp-json\/wp\/v2\/pages\/6140#wpcf7-f10365-o1\" method=\"post\" class=\"wpcf7-form init\" aria-label=\"Formulari de contacte\" novalidate=\"novalidate\" data-status=\"init\">\n<fieldset class=\"hidden-fields-container\"><input type=\"hidden\" name=\"_wpcf7\" value=\"10365\" \/><input type=\"hidden\" name=\"_wpcf7_version\" value=\"6.1.5\" \/><input type=\"hidden\" name=\"_wpcf7_locale\" value=\"ca\" \/><input type=\"hidden\" name=\"_wpcf7_unit_tag\" value=\"wpcf7-f10365-o1\" \/><input type=\"hidden\" name=\"_wpcf7_container_post\" value=\"0\" \/><input type=\"hidden\" name=\"_wpcf7_posted_data_hash\" value=\"\" \/><input type=\"hidden\" name=\"_wpcf7_recaptcha_response\" value=\"\" \/>\n<\/fieldset>\n<p><label> <span class=\"wpcf7-form-control-wrap\" data-name=\"your-name\"><input size=\"40\" maxlength=\"400\" class=\"wpcf7-form-control wpcf7-text wpcf7-validates-as-required\" aria-required=\"true\" aria-invalid=\"false\" placeholder=\"Nom (required)\" value=\"\" type=\"text\" name=\"your-name\" \/><\/span> <\/label>\n<\/p>\n<p><label> <span class=\"wpcf7-form-control-wrap\" data-name=\"your-surname\"><input size=\"40\" maxlength=\"400\" class=\"wpcf7-form-control wpcf7-text wpcf7-validates-as-required\" aria-required=\"true\" aria-invalid=\"false\" placeholder=\"Cognoms (required)\" value=\"\" type=\"text\" name=\"your-surname\" \/><\/span> <\/label>\n<\/p>\n<p><label> <span class=\"wpcf7-form-control-wrap\" data-name=\"your-email\"><input size=\"40\" maxlength=\"400\" class=\"wpcf7-form-control wpcf7-email wpcf7-validates-as-required wpcf7-text wpcf7-validates-as-email\" aria-required=\"true\" aria-invalid=\"false\" placeholder=\"Correu electr\u00f2nic (required)\" value=\"\" type=\"email\" name=\"your-email\" \/><\/span> <\/label>\n<\/p>\n<p><label> <span class=\"wpcf7-form-control-wrap\" data-name=\"your-subject\"><input size=\"40\" maxlength=\"400\" class=\"wpcf7-form-control wpcf7-text\" aria-invalid=\"false\" placeholder=\"Assumpte\" value=\"\" type=\"text\" name=\"your-subject\" \/><\/span> <\/label>\n<\/p>\n<p><label> <span class=\"wpcf7-form-control-wrap\" data-name=\"your-message\"><textarea cols=\"40\" rows=\"10\" maxlength=\"2000\" class=\"wpcf7-form-control wpcf7-textarea\" aria-invalid=\"false\" placeholder=\"Missatge\" name=\"your-message\"><\/textarea><\/span> <\/label>\n<\/p>\n<p><span class=\"wpcf7-form-control-wrap\" data-name=\"acceptance-399\"><span class=\"wpcf7-form-control wpcf7-acceptance\"><span class=\"wpcf7-list-item\"><label><input type=\"checkbox\" name=\"acceptance-399\" value=\"1\" aria-invalid=\"false\" \/><span class=\"wpcf7-list-item-label\">Accepto la  <a href=\"https:\/\/bellesguardgaudi.com\/ca\/politica-de-privacitat\/\" target=\"_blank\" rel=\"noopener\">Pol\u00edtica de privacitat<\/a><\/span><\/label><\/span><\/span><\/span>\n<\/p>\n<p><input class=\"wpcf7-form-control wpcf7-submit has-spinner\" type=\"submit\" value=\"Enviar\" \/>\n<\/p>\n<p>Aquiest lloc web esta protegit per reCAPTCHA y Google. Et deixem enlla\u00e7os cap a la seva <a href=\"https:\/\/policies.google.com\/privacy\" target=\"_blank\" rel=\"nofollow\">Privacy Policy<\/a> i <a href=\"https:\/\/policies.google.com\/terms\" target=\"_blank\" rel=\"nofollow\">Terms of Service<\/a>.\n<\/p><input type='hidden' class='wpcf7-pum' value='{\"closepopup\":false,\"closedelay\":0,\"openpopup\":false,\"openpopup_id\":0}' \/><div class=\"wpcf7-response-output\" aria-hidden=\"true\"><\/div>\n<\/form>\n<\/div>\n[\/vc_column_inner][\/vc_row_inner][\/vc_column][\/vc_row][vc_row css=&#8221;.vc_custom_1579546993757{margin-top: 30px !important;}&#8221;][vc_column][vc_column_text]<\/p>\n<h3 style=\"text-align: center;\">MODA<\/h3>\n<p>[\/vc_column_text][vc_separator css=&#8221;.vc_custom_1579521492888{margin-top: 30px !important;margin-bottom: 30px !important;}&#8221;][vc_masonry_media_grid style=&#8221;load-more&#8221; items_per_page=&#8221;6&#8243; element_width=&#8221;2&#8243; item=&#8221;masonryMedia_SimpleBlurWithScale&#8221; initial_loading_animation=&#8221;fadeIn&#8221; grid_id=&#8221;vc_gid:1769427650084-d8f5a413-c9e9-6&#8243; include=&#8221;6013,6039,5996,5991,6023,6018,6028,6003,5986,6008,6033&#8243;][vc_row_inner][vc_column_inner width=&#8221;1\/4&#8243;][\/vc_column_inner][vc_column_inner width=&#8221;1\/4&#8243;][\/vc_column_inner][vc_column_inner width=&#8221;1\/4&#8243;][\/vc_column_inner][vc_column_inner width=&#8221;1\/4&#8243;][\/vc_column_inner][\/vc_row_inner][\/vc_column][\/vc_row]<\/p>\n","protected":false},"excerpt":{"rendered":"<p>[vc_row][vc_column][vc_row_inner equal_height=&#8221;yes&#8221; content_placement=&#8221;middle&#8221;][vc_column_inner][vc_column_text el_class=&#8221;parrafo-destacado&#8221;]A la Torre Bellesguard disposem de diferents espais molt diferents entre ells. Localitzacions amb est\u00e8tica de castell medieval. Sales amb el segell inconfusible de Gaud\u00ed. Llum i color, pedra i trencad\u00eds, arbres i jardins, espectaculars vistes de 360 graus sobre la ciutat de Barcelona.[\/vc_column_text][vc_separator css=&#8221;.vc_custom_1579521492888{margin-top: 30px !important;margin-bottom: 30px !important;}&#8221;][\/vc_column_inner][\/vc_row_inner][vc_row_inner equal_height=&#8221;yes&#8221; content_placement=&#8221;middle&#8221; css=&#8221;.vc_custom_1579545922378{margin-top: [&hellip;]<\/p>\n","protected":false},"author":1,"featured_media":0,"parent":5741,"menu_order":0,"comment_status":"closed","ping_status":"closed","template":"","meta":{"_acf_changed":false,"footnotes":""},"class_list":["post-6140","page","type-page","status-publish","hentry"],"acf":[],"yoast_head":"<!-- This site is optimized with the Yoast SEO plugin v27.2 - https:\/\/yoast.com\/product\/yoast-seo-wordpress\/ -->\n<title>Rodatges i Reportatges a Barcelona | Lloguer d&#039;espais<\/title>\n<meta name=\"description\" content=\"Lloguer per a rodatges i reportatges. Disposem d&#039;espais amb est\u00e8tica de castell medieval i sales amb el segell inconfusible de Gaud\u00ed. Contacta&#039;ns!\" \/>\n<meta name=\"robots\" content=\"index, follow, max-snippet:-1, max-image-preview:large, max-video-preview:-1\" \/>\n<link rel=\"canonical\" href=\"https:\/\/bellesguardgaudi.com\/ca\/lloguer-despais\/rodatges-i-reportatges\/\" \/>\n<meta property=\"og:locale\" content=\"ca_ES\" \/>\n<meta property=\"og:type\" content=\"article\" \/>\n<meta property=\"og:title\" content=\"Rodatges i Reportatges a Barcelona | Lloguer d&#039;espais\" \/>\n<meta property=\"og:description\" content=\"Lloguer per a rodatges i reportatges. Disposem d&#039;espais amb est\u00e8tica de castell medieval i sales amb el segell inconfusible de Gaud\u00ed. Contacta&#039;ns!\" \/>\n<meta property=\"og:url\" content=\"https:\/\/bellesguardgaudi.com\/ca\/lloguer-despais\/rodatges-i-reportatges\/\" \/>\n<meta property=\"og:site_name\" content=\"Obra Modernista de Antoni Gaud\u00ed en Barcelona | Torre Bellesguard\" \/>\n<meta property=\"article:modified_time\" content=\"2026-01-26T11:41:09+00:00\" \/>\n<meta name=\"twitter:card\" content=\"summary_large_image\" \/>\n<meta name=\"twitter:label1\" content=\"Temps estimat de lectura\" \/>\n\t<meta name=\"twitter:data1\" content=\"4 minuts\" \/>\n<script type=\"application\/ld+json\" class=\"yoast-schema-graph\">{\"@context\":\"https:\/\/schema.org\",\"@graph\":[{\"@type\":\"WebPage\",\"@id\":\"https:\/\/bellesguardgaudi.com\/ca\/lloguer-despais\/rodatges-i-reportatges\/\",\"url\":\"https:\/\/bellesguardgaudi.com\/ca\/lloguer-despais\/rodatges-i-reportatges\/\",\"name\":\"Rodatges i Reportatges a Barcelona | Lloguer d'espais\",\"isPartOf\":{\"@id\":\"https:\/\/bellesguardgaudi.com\/ca\/#website\"},\"datePublished\":\"2020-01-20T18:41:45+00:00\",\"dateModified\":\"2026-01-26T11:41:09+00:00\",\"description\":\"Lloguer per a rodatges i reportatges. Disposem d'espais amb est\u00e8tica de castell medieval i sales amb el segell inconfusible de Gaud\u00ed. Contacta'ns!\",\"breadcrumb\":{\"@id\":\"https:\/\/bellesguardgaudi.com\/ca\/lloguer-despais\/rodatges-i-reportatges\/#breadcrumb\"},\"inLanguage\":\"ca\",\"potentialAction\":[{\"@type\":\"ReadAction\",\"target\":[\"https:\/\/bellesguardgaudi.com\/ca\/lloguer-despais\/rodatges-i-reportatges\/\"]}]},{\"@type\":\"BreadcrumbList\",\"@id\":\"https:\/\/bellesguardgaudi.com\/ca\/lloguer-despais\/rodatges-i-reportatges\/#breadcrumb\",\"itemListElement\":[{\"@type\":\"ListItem\",\"position\":1,\"name\":\"Portada\",\"item\":\"https:\/\/bellesguardgaudi.com\/ca\/\"},{\"@type\":\"ListItem\",\"position\":2,\"name\":\"Lloguer d&#8217;espais\",\"item\":\"https:\/\/bellesguardgaudi.com\/ca\/lloguer-despais\/\"},{\"@type\":\"ListItem\",\"position\":3,\"name\":\"Rodatges i reportatges\"}]},{\"@type\":\"WebSite\",\"@id\":\"https:\/\/bellesguardgaudi.com\/ca\/#website\",\"url\":\"https:\/\/bellesguardgaudi.com\/ca\/\",\"name\":\"Obra Modernista de Antoni Gaud\u00ed en Barcelona | Torre Bellesguard\",\"description\":\"Web oficial de la Torre Bellesguard. Una de las obras m\u00e1s personales del arquitecto modernista Gaud\u00ed en Barcelona. \u00a1Vis\u00edtala sin colas ni aglomeraciones!\",\"potentialAction\":[{\"@type\":\"SearchAction\",\"target\":{\"@type\":\"EntryPoint\",\"urlTemplate\":\"https:\/\/bellesguardgaudi.com\/ca\/?s={search_term_string}\"},\"query-input\":{\"@type\":\"PropertyValueSpecification\",\"valueRequired\":true,\"valueName\":\"search_term_string\"}}],\"inLanguage\":\"ca\"}]}<\/script>\n<!-- \/ Yoast SEO plugin. -->","yoast_head_json":{"title":"Rodatges i Reportatges a Barcelona | Lloguer d'espais","description":"Lloguer per a rodatges i reportatges. Disposem d'espais amb est\u00e8tica de castell medieval i sales amb el segell inconfusible de Gaud\u00ed. Contacta'ns!","robots":{"index":"index","follow":"follow","max-snippet":"max-snippet:-1","max-image-preview":"max-image-preview:large","max-video-preview":"max-video-preview:-1"},"canonical":"https:\/\/bellesguardgaudi.com\/ca\/lloguer-despais\/rodatges-i-reportatges\/","og_locale":"ca_ES","og_type":"article","og_title":"Rodatges i Reportatges a Barcelona | Lloguer d'espais","og_description":"Lloguer per a rodatges i reportatges. Disposem d'espais amb est\u00e8tica de castell medieval i sales amb el segell inconfusible de Gaud\u00ed. Contacta'ns!","og_url":"https:\/\/bellesguardgaudi.com\/ca\/lloguer-despais\/rodatges-i-reportatges\/","og_site_name":"Obra Modernista de Antoni Gaud\u00ed en Barcelona | Torre Bellesguard","article_modified_time":"2026-01-26T11:41:09+00:00","twitter_card":"summary_large_image","twitter_misc":{"Temps estimat de lectura":"4 minuts"},"schema":{"@context":"https:\/\/schema.org","@graph":[{"@type":"WebPage","@id":"https:\/\/bellesguardgaudi.com\/ca\/lloguer-despais\/rodatges-i-reportatges\/","url":"https:\/\/bellesguardgaudi.com\/ca\/lloguer-despais\/rodatges-i-reportatges\/","name":"Rodatges i Reportatges a Barcelona | Lloguer d'espais","isPartOf":{"@id":"https:\/\/bellesguardgaudi.com\/ca\/#website"},"datePublished":"2020-01-20T18:41:45+00:00","dateModified":"2026-01-26T11:41:09+00:00","description":"Lloguer per a rodatges i reportatges. Disposem d'espais amb est\u00e8tica de castell medieval i sales amb el segell inconfusible de Gaud\u00ed. Contacta'ns!","breadcrumb":{"@id":"https:\/\/bellesguardgaudi.com\/ca\/lloguer-despais\/rodatges-i-reportatges\/#breadcrumb"},"inLanguage":"ca","potentialAction":[{"@type":"ReadAction","target":["https:\/\/bellesguardgaudi.com\/ca\/lloguer-despais\/rodatges-i-reportatges\/"]}]},{"@type":"BreadcrumbList","@id":"https:\/\/bellesguardgaudi.com\/ca\/lloguer-despais\/rodatges-i-reportatges\/#breadcrumb","itemListElement":[{"@type":"ListItem","position":1,"name":"Portada","item":"https:\/\/bellesguardgaudi.com\/ca\/"},{"@type":"ListItem","position":2,"name":"Lloguer d&#8217;espais","item":"https:\/\/bellesguardgaudi.com\/ca\/lloguer-despais\/"},{"@type":"ListItem","position":3,"name":"Rodatges i reportatges"}]},{"@type":"WebSite","@id":"https:\/\/bellesguardgaudi.com\/ca\/#website","url":"https:\/\/bellesguardgaudi.com\/ca\/","name":"Obra Modernista de Antoni Gaud\u00ed en Barcelona | Torre Bellesguard","description":"Web oficial de la Torre Bellesguard. Una de las obras m\u00e1s personales del arquitecto modernista Gaud\u00ed en Barcelona. \u00a1Vis\u00edtala sin colas ni aglomeraciones!","potentialAction":[{"@type":"SearchAction","target":{"@type":"EntryPoint","urlTemplate":"https:\/\/bellesguardgaudi.com\/ca\/?s={search_term_string}"},"query-input":{"@type":"PropertyValueSpecification","valueRequired":true,"valueName":"search_term_string"}}],"inLanguage":"ca"}]}},"_links":{"self":[{"href":"https:\/\/bellesguardgaudi.com\/ca\/wp-json\/wp\/v2\/pages\/6140","targetHints":{"allow":["GET"]}}],"collection":[{"href":"https:\/\/bellesguardgaudi.com\/ca\/wp-json\/wp\/v2\/pages"}],"about":[{"href":"https:\/\/bellesguardgaudi.com\/ca\/wp-json\/wp\/v2\/types\/page"}],"author":[{"embeddable":true,"href":"https:\/\/bellesguardgaudi.com\/ca\/wp-json\/wp\/v2\/users\/1"}],"replies":[{"embeddable":true,"href":"https:\/\/bellesguardgaudi.com\/ca\/wp-json\/wp\/v2\/comments?post=6140"}],"version-history":[{"count":5,"href":"https:\/\/bellesguardgaudi.com\/ca\/wp-json\/wp\/v2\/pages\/6140\/revisions"}],"predecessor-version":[{"id":190030,"href":"https:\/\/bellesguardgaudi.com\/ca\/wp-json\/wp\/v2\/pages\/6140\/revisions\/190030"}],"up":[{"embeddable":true,"href":"https:\/\/bellesguardgaudi.com\/ca\/wp-json\/wp\/v2\/pages\/5741"}],"wp:attachment":[{"href":"https:\/\/bellesguardgaudi.com\/ca\/wp-json\/wp\/v2\/media?parent=6140"}],"curies":[{"name":"wp","href":"https:\/\/api.w.org\/{rel}","templated":true}]}}