{"id":6270,"date":"2020-01-20T10:40:51","date_gmt":"2020-01-20T09:40:51","guid":{"rendered":"http:\/\/130.61.100.28\/wordpress\/?page_id=6270"},"modified":"2024-09-17T13:22:18","modified_gmt":"2024-09-17T11:22:18","slug":"informacio-practica","status":"publish","type":"page","link":"https:\/\/bellesguardgaudi.com\/ca\/informacio-practica\/","title":{"rendered":"Informaci\u00f3 pr\u00e0ctica"},"content":{"rendered":"<p>[vc_row][vc_column][vc_column_text]<\/p>\n<h2 style=\"text-align: center;\">COM ARRIBAR<\/h2>\n<p>[\/vc_column_text][vc_separator css=&#8221;.vc_custom_1579521492888{margin-top: 30px !important;margin-bottom: 30px !important;}&#8221;][vc_row_inner equal_height=&#8221;yes&#8221; content_placement=&#8221;middle&#8221;][vc_column_inner width=&#8221;2\/3&#8243;][vc_column_text el_class=&#8221;parrafo-destacado&#8221;]<\/p>\n<p style=\"text-align: left;\">La Torre\u00a0<strong>Bellesguard\u00a0 Gaud\u00ed<\/strong> est\u00e0 situada en <strong>c\/Bellesguard n\u00ba 20, 08022 Barcelona.<br \/>\n<\/strong>Disposes de diferents maneres d&#8217;arribar tant en transport p\u00fablic com en vehicle privat.<\/p>\n<p>[\/vc_column_text][\/vc_column_inner][vc_column_inner width=&#8221;1\/3&#8243;][vc_single_image image=&#8221;9330&#8243; img_size=&#8221;full&#8221; alignment=&#8221;center&#8221; onclick=&#8221;link_image&#8221;][\/vc_column_inner][\/vc_row_inner][vc_separator css=&#8221;.vc_custom_1579521492888{margin-top: 30px !important;margin-bottom: 30px !important;}&#8221;][\/vc_column][\/vc_row][vc_row el_id=&#8221;info-boxes&#8221;][vc_column css_animation=&#8221;fadeInLeft&#8221; width=&#8221;1\/3&#8243;]<div class=\"ct-icon-box  feature_page\"><i class=\"icon_set_1_icon-37\"><\/i>\n<h3>Combinacions recomanades<\/h3>\n<p><strong>Pl. Catalunya \u2013 Torre Bellesguard Antoni Gaudi\u0301<\/strong><\/p>\n<ul>\n<li>FGC \u2013 L7 + BUS 196<\/li>\n<li>BUS V15 + BUS 196<\/li>\n<li>BUS V13 + BUS 196<\/li>\n<li>En lloc del BUS 196, tamb\u00e9 es pot agafar el BUS 123<\/li>\n<\/ul>\n<p><\/div>[\/vc_column][vc_column width=&#8221;1\/3&#8243;]<div class=\"ct-icon-box  feature_page\"><i class=\"icon_set_1_icon-26\"><\/i>\n<h3>Autob\u00fas<\/h3>\n<ul>\n<li><strong>v13 Les Corts-Av. Tibidabo<\/strong>\u00a0&gt;&gt; Pl. Kennedy \u2013 Av. Tibidabo<\/li>\n<li><strong>v15 Barceloneta \u2013 Vall d\u2019Hebron<\/strong>\u00a0&gt;&gt; Pl. Kennedy \u2013 Av. Tibidabo<\/li>\n<li><strong>196 Pl. Kennedy \u2013 Bellesguard<\/strong>\u00a0&gt;&gt; Ronda de Dalt \u2013 Bellesguard<\/li>\n<li><strong>123 Bonanova<\/strong>\u00a0&gt;&gt; Valeta d\u2019Arquer<\/li>\n<li><strong>V12 &#8211; H2<\/strong>\u00a0&gt;&gt; Sagrada Fam\u00edlia<\/li>\n<\/ul>\n<p><\/div>[\/vc_column][vc_column width=&#8221;1\/3&#8243;]<div class=\"ct-icon-box  feature_page\"><i class=\"icon_set_1_icon-25\"><\/i>\n<h3>Altres<\/h3>\n<p><strong>FGC<\/strong><\/p>\n<ul>\n<li><strong>Pl. Catalunya \u2013 Av. Tibidabo.<\/strong>\u00a0&gt;&gt; Av. Tibidabo<\/li>\n<\/ul>\n<p><strong>Transports tur\u00edstics<\/strong><\/p>\n<ul>\n<li><strong>Bus Tur\u00edstic. Ruta blava<\/strong>\u00a0&gt;&gt; Tibidabo<\/li>\n<li><strong>Barcelona City Tour. Ruta Est<\/strong>\u00a0&gt;&gt; Tibidabo<\/li>\n<\/ul>\n<p><strong>Cotxe \/ Taxi<\/strong><\/p>\n<ul>\n<li><strong>A 15 minuts del centre de Barcelona<\/strong><\/li>\n<\/ul>\n<p><\/div>[\/vc_column][\/vc_row][vc_row][vc_column][vc_separator css=&#8221;.vc_custom_1579521492888{margin-top: 30px !important;margin-bottom: 30px !important;}&#8221;][\/vc_column][\/vc_row][vc_row full_width=&#8221;stretch_row_content&#8221;][vc_column]\r\n<div id=\"map-65739\" class=\"citytours-map\"><\/div>\r\n\r\n\r\n\r\n\r\n<script type=\"text\/javascript\">\r\n\tjQuery(document).ready(function($){\r\n\t\t$('#map_filter a.filter-option').on('click', function(){\r\n\t\t\tvar key = $(this).data('cat');\r\n\t\t\t$('#map_filter select.map_filter option').each(function(){\r\n\t\t\t\tif( $(this).val() == key ) $(this).attr('selected', 'selected');\r\n\t\t\t});\r\n\t\t\ttoggleMarkers(key);\r\n\t\t});\r\n\r\n\t\t$('#map_filter select.map_filter').on('change', function(){\r\n\t\t\ttoggleMarkers($(this).val());\r\n\t\t});\r\n\r\n\t\t\t\t\tvar mapId = 'map-65739';\r\n\t\t\tvar zoom = 14;\r\n\t\t\tvar mapType = google.maps.MapTypeId.ROADMAP;\r\n\t\t\tvar mapTypeControl = false;\r\n\t\t\tvar markersData = {\r\n\t\t\t\t\t\t\t\t\t'torre-bellesguard' : [\r\n\t\t\t\t\t\t\t\t\t\t\t\t\t\t{\r\n\t\t\t\t\t\t\t\t\t\tname: 'Visita Guiada',\r\n\t\t\t\t\t\t\t\t\t\ttype: 'https:\/\/bellesguardgaudi.com\/wp-content\/uploads\/2019\/05\/map-icon-marker.png',\r\n\t\t\t\t\t\t\t\t\t\tlocation_latitude: 41.4095905,\r\n\t\t\t\t\t\t\t\t\t\tlocation_longitude: 2.1268397,\r\n\t\t\t\t\t\t\t\t\t\tmap_image_url: 'https:\/\/bellesguardgaudi.com\/wp-content\/uploads\/2020\/06\/VISITA-GUIADA-crop-280x140.webp',\r\n\t\t\t\t\t\t\t\t\t\tname_point: 'Visita Guiada',\r\n\t\t\t\t\t\t\t\t\t\tdescription_point: '[vc_row][vc_column width=&quot;1\/4&quot;][vc_column_text] Descripci\u00f3n [\/vc_column_text][\/vc_column][vc_column width=&quot;3\/4&quot;][vc_column_text] Nadie como nuestro equipo puede guiar al visitante a trav\u00e9s de la historia y los...',\r\n\t\t\t\t\t\t\t\t\t\turl_point: 'https:\/\/bellesguardgaudi.com\/visitas\/visita-guiada\/'\r\n\t\t\t\t\t\t\t\t\t},\r\n\t\t\t\t\t\t\t\t\t\t\t],\r\n\t\t\t\t\t\t\t};\r\n\t\t\t\r\n\t\t\tvar lati = 41.4095905;\r\n\t\t\tvar long = 2.1268397;\r\n\t\t\tvar _center = [lati, long];\r\n\t\t\trenderMap( _center, markersData, zoom, mapType, mapTypeControl, mapId, '' );\r\n\r\n\t\t\t});\r\n<\/script>[\/vc_column][\/vc_row][vc_row css=&#8221;.vc_custom_1579523056230{margin-top: 50px !important;}&#8221;][vc_column][vc_column_text]<\/p>\n<h2 style=\"text-align: center;\">TARIFES I HORARIS<\/h2>\n<p>[\/vc_column_text][vc_separator css=&#8221;.vc_custom_1579521492888{margin-top: 30px !important;margin-bottom: 30px !important;}&#8221;][\/vc_column][\/vc_row][vc_row equal_height=&#8221;yes&#8221; content_placement=&#8221;middle&#8221; css=&#8221;.vc_custom_1579535085155{margin-bottom: 10px !important;}&#8221;][vc_column][vc_row_inner equal_height=&#8221;yes&#8221;][vc_column_inner width=&#8221;1\/2&#8243;]<div class=\"ct-icon-box style3\"><i class=\"icon_set_1_icon-83\"><\/i>\n<h3><strong>Horari:<\/strong><\/h3>\n<p>De dimarts a diumenge, de 10h a 15h<br \/>\n<strong>(\u00faltima entrada a les 14:00)<\/strong><\/div>[\/vc_column_inner][vc_column_inner width=&#8221;1\/2&#8243;]<div class=\"ct-icon-box style3\"><i class=\"icon_set_1_icon-75\"><\/i>\n<h3><strong>Tancat:<\/strong><\/h3>\n<ul>\n<li>&#8211; Tots els dilluns excepte els festius.<\/li>\n<li>&#8211; 1 i 6 de gener, 25 i 26 de desembre.<\/li>\n<\/ul>\n<p><\/div>[\/vc_column_inner][\/vc_row_inner][\/vc_column][\/vc_row][vc_row css=&#8221;.vc_custom_1579531936010{margin-top: 0px !important;}&#8221;][vc_column][vc_column_text]<\/p>\n<h3 style=\"text-align: center;\">MODALITATS DE VISITA I PREUS<\/h3>\n<p>[\/vc_column_text][vc_separator css=&#8221;.vc_custom_1579521492888{margin-top: 30px !important;margin-bottom: 30px !important;}&#8221;]<div class=\"ct-icon-box  tabla-informativa\">\n<table class=\"table table-responsive table-hover\">\n<thead>\n<tr>\n<th scope=\"col\"><\/th>\n<th scope=\"col\">Adults<\/th>\n<th scope=\"col\">Menors de 18 y jubilats<\/th>\n<th scope=\"col\">Menors de 8 anys<\/th>\n<\/tr>\n<\/thead>\n<tbody>\n<tr>\n<th scope=\"row\">VISITA GUIADA<\/th>\n<td>20 euros<\/td>\n<td>15 euros<\/td>\n<td>Gratu\u00eft<\/td>\n<\/tr>\n<tr>\n<th scope=\"row\">VISITA AUDIGUIA<\/th>\n<td>12 euros<\/td>\n<td>9 euros<\/td>\n<td>Gratu\u00eft<\/td>\n<\/tr>\n<\/tbody>\n<\/table>\n<p><\/div>[vc_row_inner equal_height=&#8221;yes&#8221;][vc_column_inner width=&#8221;1\/2&#8243;]<div class=\"ct-icon-box style3\"><i class=\"icon_set_custom\"><\/i>\n<h3><span style=\"color: #ff7519;\"><strong>VISITA GUIADA<\/strong><\/span><\/h3>\n<p>Visita amb guia de la Torre Bellesguard<\/p>\n<p><strong>HORARI<br \/>\n<\/strong>Dijous, divendres dissabte i diumenge<\/p>\n<p><strong>DURACI\u00d3 DE LA VISITA<br \/>\n<\/strong>Una hora<\/p>\n<p><strong>IDIOMES DISPONIBLES<br \/>\n<\/strong>Catal\u00e0, castell\u00e0, angl\u00e8s.<\/p>\n<p><strong>Possibilitat d\u2019altres idiomes i horaris amb petici\u00f3 i reserva pr\u00e8via.<\/strong><\/p>\n<p><a class=\"btn_1 outline\" href=\"https:\/\/bellesguardgaudi.com\/ca\/visites\/visita-guiada\/\">Comprar entrades<\/a><\/div>[\/vc_column_inner][vc_column_inner width=&#8221;1\/2&#8243;]<div class=\"ct-icon-box style3 ocultar-audioguia\"><i class=\"icon_set_custom\"><\/i>\n<h3><span style=\"color: #ff7519;\"><strong>VISITA AMB AUDIOGUIA<\/strong><\/span><\/h3>\n<p>Visita lliure amb audioguia<\/p>\n<p><strong>HORARI<br \/>\n<\/strong>Durant tot el temps d\u2019obertura<\/p>\n<p><strong>DURACI\u00d3 DE LA VISITA<br \/>\n<\/strong>Una hora<\/p>\n<p><strong>IDIOMES DISPONIBLES<\/strong><br \/>\nCatal\u00e0, castell\u00e0, angl\u00e8s, franc\u00e8s, itali\u00e0 i rus.<\/p>\n<p>&nbsp;<\/p>\n<p><a class=\"btn_1 outline\" href=\"\/ca\/visites\/visita-amb-audioguia\/\">Comprar entrades<\/a><\/div>[\/vc_column_inner][\/vc_row_inner][\/vc_column][\/vc_row]<\/p>\n","protected":false},"excerpt":{"rendered":"<p>[vc_row][vc_column][vc_column_text] COM ARRIBAR [\/vc_column_text][vc_separator css=&#8221;.vc_custom_1579521492888{margin-top: 30px !important;margin-bottom: 30px !important;}&#8221;][vc_row_inner equal_height=&#8221;yes&#8221; content_placement=&#8221;middle&#8221;][vc_column_inner width=&#8221;2\/3&#8243;][vc_column_text el_class=&#8221;parrafo-destacado&#8221;] La Torre\u00a0Bellesguard\u00a0 Gaud\u00ed est\u00e0 situada en c\/Bellesguard n\u00ba 20, 08022 Barcelona. Disposes de diferents maneres d&#8217;arribar tant en transport p\u00fablic com en vehicle privat. [\/vc_column_text][\/vc_column_inner][vc_column_inner width=&#8221;1\/3&#8243;][vc_single_image image=&#8221;9330&#8243; img_size=&#8221;full&#8221; alignment=&#8221;center&#8221; onclick=&#8221;link_image&#8221;][\/vc_column_inner][\/vc_row_inner][vc_separator css=&#8221;.vc_custom_1579521492888{margin-top: 30px !important;margin-bottom: 30px !important;}&#8221;][\/vc_column][\/vc_row][vc_row el_id=&#8221;info-boxes&#8221;][vc_column css_animation=&#8221;fadeInLeft&#8221; width=&#8221;1\/3&#8243;][\/vc_column][vc_column width=&#8221;1\/3&#8243;][\/vc_column][vc_column width=&#8221;1\/3&#8243;][\/vc_column][\/vc_row][vc_row][vc_column][vc_separator css=&#8221;.vc_custom_1579521492888{margin-top: 30px [&hellip;]<\/p>\n","protected":false},"author":1,"featured_media":0,"parent":0,"menu_order":0,"comment_status":"closed","ping_status":"closed","template":"","meta":{"_acf_changed":false,"footnotes":""},"class_list":["post-6270","page","type-page","status-publish","hentry"],"acf":[],"yoast_head":"<!-- This site is optimized with the Yoast SEO plugin v27.2 - https:\/\/yoast.com\/product\/yoast-seo-wordpress\/ -->\n<title>Informaci\u00f3 Pr\u00e0ctica | Torre Bellesguard Gaud\u00ed Barcelona<\/title>\n<meta name=\"description\" content=\"Consulta tota la informaci\u00f3 sobre horaris, activitats, preus i com arribar a la Torre Bellesguard. Obra modernista de Gaud\u00ed a Barcelona. Visita&#039;ns!\" \/>\n<meta name=\"robots\" content=\"index, follow, max-snippet:-1, max-image-preview:large, max-video-preview:-1\" \/>\n<link rel=\"canonical\" href=\"https:\/\/bellesguardgaudi.com\/ca\/informacio-practica\/\" \/>\n<meta property=\"og:locale\" content=\"ca_ES\" \/>\n<meta property=\"og:type\" content=\"article\" \/>\n<meta property=\"og:title\" content=\"Informaci\u00f3 Pr\u00e0ctica | Torre Bellesguard Gaud\u00ed Barcelona\" \/>\n<meta property=\"og:description\" content=\"Consulta tota la informaci\u00f3 sobre horaris, activitats, preus i com arribar a la Torre Bellesguard. Obra modernista de Gaud\u00ed a Barcelona. Visita&#039;ns!\" \/>\n<meta property=\"og:url\" content=\"https:\/\/bellesguardgaudi.com\/ca\/informacio-practica\/\" \/>\n<meta property=\"og:site_name\" content=\"Obra Modernista de Antoni Gaud\u00ed en Barcelona | Torre Bellesguard\" \/>\n<meta property=\"article:modified_time\" content=\"2024-09-17T11:22:18+00:00\" \/>\n<meta name=\"twitter:card\" content=\"summary_large_image\" \/>\n<meta name=\"twitter:label1\" content=\"Temps estimat de lectura\" \/>\n\t<meta name=\"twitter:data1\" content=\"2 minuts\" \/>\n<script type=\"application\/ld+json\" class=\"yoast-schema-graph\">{\"@context\":\"https:\/\/schema.org\",\"@graph\":[{\"@type\":\"WebPage\",\"@id\":\"https:\/\/bellesguardgaudi.com\/ca\/informacio-practica\/\",\"url\":\"https:\/\/bellesguardgaudi.com\/ca\/informacio-practica\/\",\"name\":\"Informaci\u00f3 Pr\u00e0ctica | Torre Bellesguard Gaud\u00ed Barcelona\",\"isPartOf\":{\"@id\":\"https:\/\/bellesguardgaudi.com\/ca\/#website\"},\"datePublished\":\"2020-01-20T09:40:51+00:00\",\"dateModified\":\"2024-09-17T11:22:18+00:00\",\"description\":\"Consulta tota la informaci\u00f3 sobre horaris, activitats, preus i com arribar a la Torre Bellesguard. Obra modernista de Gaud\u00ed a Barcelona. Visita'ns!\",\"breadcrumb\":{\"@id\":\"https:\/\/bellesguardgaudi.com\/ca\/informacio-practica\/#breadcrumb\"},\"inLanguage\":\"ca\",\"potentialAction\":[{\"@type\":\"ReadAction\",\"target\":[\"https:\/\/bellesguardgaudi.com\/ca\/informacio-practica\/\"]}]},{\"@type\":\"BreadcrumbList\",\"@id\":\"https:\/\/bellesguardgaudi.com\/ca\/informacio-practica\/#breadcrumb\",\"itemListElement\":[{\"@type\":\"ListItem\",\"position\":1,\"name\":\"Portada\",\"item\":\"https:\/\/bellesguardgaudi.com\/ca\/\"},{\"@type\":\"ListItem\",\"position\":2,\"name\":\"Informaci\u00f3 pr\u00e0ctica\"}]},{\"@type\":\"WebSite\",\"@id\":\"https:\/\/bellesguardgaudi.com\/ca\/#website\",\"url\":\"https:\/\/bellesguardgaudi.com\/ca\/\",\"name\":\"Obra Modernista de Antoni Gaud\u00ed en Barcelona | Torre Bellesguard\",\"description\":\"Web oficial de la Torre Bellesguard. Una de las obras m\u00e1s personales del arquitecto modernista Gaud\u00ed en Barcelona. \u00a1Vis\u00edtala sin colas ni aglomeraciones!\",\"potentialAction\":[{\"@type\":\"SearchAction\",\"target\":{\"@type\":\"EntryPoint\",\"urlTemplate\":\"https:\/\/bellesguardgaudi.com\/ca\/?s={search_term_string}\"},\"query-input\":{\"@type\":\"PropertyValueSpecification\",\"valueRequired\":true,\"valueName\":\"search_term_string\"}}],\"inLanguage\":\"ca\"}]}<\/script>\n<!-- \/ Yoast SEO plugin. -->","yoast_head_json":{"title":"Informaci\u00f3 Pr\u00e0ctica | Torre Bellesguard Gaud\u00ed Barcelona","description":"Consulta tota la informaci\u00f3 sobre horaris, activitats, preus i com arribar a la Torre Bellesguard. Obra modernista de Gaud\u00ed a Barcelona. Visita'ns!","robots":{"index":"index","follow":"follow","max-snippet":"max-snippet:-1","max-image-preview":"max-image-preview:large","max-video-preview":"max-video-preview:-1"},"canonical":"https:\/\/bellesguardgaudi.com\/ca\/informacio-practica\/","og_locale":"ca_ES","og_type":"article","og_title":"Informaci\u00f3 Pr\u00e0ctica | Torre Bellesguard Gaud\u00ed Barcelona","og_description":"Consulta tota la informaci\u00f3 sobre horaris, activitats, preus i com arribar a la Torre Bellesguard. Obra modernista de Gaud\u00ed a Barcelona. Visita'ns!","og_url":"https:\/\/bellesguardgaudi.com\/ca\/informacio-practica\/","og_site_name":"Obra Modernista de Antoni Gaud\u00ed en Barcelona | Torre Bellesguard","article_modified_time":"2024-09-17T11:22:18+00:00","twitter_card":"summary_large_image","twitter_misc":{"Temps estimat de lectura":"2 minuts"},"schema":{"@context":"https:\/\/schema.org","@graph":[{"@type":"WebPage","@id":"https:\/\/bellesguardgaudi.com\/ca\/informacio-practica\/","url":"https:\/\/bellesguardgaudi.com\/ca\/informacio-practica\/","name":"Informaci\u00f3 Pr\u00e0ctica | Torre Bellesguard Gaud\u00ed Barcelona","isPartOf":{"@id":"https:\/\/bellesguardgaudi.com\/ca\/#website"},"datePublished":"2020-01-20T09:40:51+00:00","dateModified":"2024-09-17T11:22:18+00:00","description":"Consulta tota la informaci\u00f3 sobre horaris, activitats, preus i com arribar a la Torre Bellesguard. Obra modernista de Gaud\u00ed a Barcelona. Visita'ns!","breadcrumb":{"@id":"https:\/\/bellesguardgaudi.com\/ca\/informacio-practica\/#breadcrumb"},"inLanguage":"ca","potentialAction":[{"@type":"ReadAction","target":["https:\/\/bellesguardgaudi.com\/ca\/informacio-practica\/"]}]},{"@type":"BreadcrumbList","@id":"https:\/\/bellesguardgaudi.com\/ca\/informacio-practica\/#breadcrumb","itemListElement":[{"@type":"ListItem","position":1,"name":"Portada","item":"https:\/\/bellesguardgaudi.com\/ca\/"},{"@type":"ListItem","position":2,"name":"Informaci\u00f3 pr\u00e0ctica"}]},{"@type":"WebSite","@id":"https:\/\/bellesguardgaudi.com\/ca\/#website","url":"https:\/\/bellesguardgaudi.com\/ca\/","name":"Obra Modernista de Antoni Gaud\u00ed en Barcelona | Torre Bellesguard","description":"Web oficial de la Torre Bellesguard. Una de las obras m\u00e1s personales del arquitecto modernista Gaud\u00ed en Barcelona. \u00a1Vis\u00edtala sin colas ni aglomeraciones!","potentialAction":[{"@type":"SearchAction","target":{"@type":"EntryPoint","urlTemplate":"https:\/\/bellesguardgaudi.com\/ca\/?s={search_term_string}"},"query-input":{"@type":"PropertyValueSpecification","valueRequired":true,"valueName":"search_term_string"}}],"inLanguage":"ca"}]}},"_links":{"self":[{"href":"https:\/\/bellesguardgaudi.com\/ca\/wp-json\/wp\/v2\/pages\/6270","targetHints":{"allow":["GET"]}}],"collection":[{"href":"https:\/\/bellesguardgaudi.com\/ca\/wp-json\/wp\/v2\/pages"}],"about":[{"href":"https:\/\/bellesguardgaudi.com\/ca\/wp-json\/wp\/v2\/types\/page"}],"author":[{"embeddable":true,"href":"https:\/\/bellesguardgaudi.com\/ca\/wp-json\/wp\/v2\/users\/1"}],"replies":[{"embeddable":true,"href":"https:\/\/bellesguardgaudi.com\/ca\/wp-json\/wp\/v2\/comments?post=6270"}],"version-history":[{"count":5,"href":"https:\/\/bellesguardgaudi.com\/ca\/wp-json\/wp\/v2\/pages\/6270\/revisions"}],"predecessor-version":[{"id":150946,"href":"https:\/\/bellesguardgaudi.com\/ca\/wp-json\/wp\/v2\/pages\/6270\/revisions\/150946"}],"wp:attachment":[{"href":"https:\/\/bellesguardgaudi.com\/ca\/wp-json\/wp\/v2\/media?parent=6270"}],"curies":[{"name":"wp","href":"https:\/\/api.w.org\/{rel}","templated":true}]}}