{"id":5511,"date":"2019-07-23T17:47:06","date_gmt":"2019-07-23T15:47:06","guid":{"rendered":"http:\/\/130.61.100.28\/wordpress\/bellesguard\/"},"modified":"2021-11-16T11:01:02","modified_gmt":"2021-11-16T10:01:02","slug":"bellesguard","status":"publish","type":"page","link":"https:\/\/bellesguardgaudi.com\/en\/bellesguard\/","title":{"rendered":"Bellesguard"},"content":{"rendered":"<p>[vc_row el_class=&#8221;box-text&#8221;][vc_column][vc_column_text]<\/p>\n<h3>The Bellesguard house is a new spot in Barcelona, open to the city and the world, to tourism and to culture, to knowledge, to research, to history, music and the arts.<\/h3>\n<p>[\/vc_column_text][vc_separator css=&#8221;.vc_custom_1563962635993{margin-top: 30px !important;margin-bottom: 50px !important;}&#8221;][\/vc_column][\/vc_row][vc_row gap=&#8221;15&#8243; content_placement=&#8221;top&#8221;][vc_column width=&#8221;5\/12&#8243;][vc_column_text]Our doors are open and our arms outstretched to embrace new collaborations and synergies. Our sights are set on new technologies, social networks and a fluid and honest intercommunication with anything and anyone interested in the Gaudian world of Bellesguard. Get in touch; we\u2019d love to hear from you.<\/p>\n<h3>Of all Antoni Gaud\u00ed\u2019s works, the Bellesguard house is the one with the longest history.<\/h3>\n<p>Thanks to the abundant underground waters and the purity of the air, the site has always been inhabited. It became a royal residence in 1408 when King Martin I, the last monarch of the House of Barcelona moved into Bellesguard, where he resided until his death in 1410. Today you can still see some of the medieval remains of the palace and its walls in the area around the building constructed by Gaud\u00ed.[\/vc_column_text][\/vc_column][vc_column width=&#8221;7\/12&#8243;][vc_column_text]\r\n<div id=\"slider-pro-1\" class=\"slider-pro sp-no-js\" style=\"width: 800px; height: 533px;\">\r\n\t<div class=\"sp-slides\">\r\n\t\t\r\n\t\t<div class=\"sp-slide\">\r\n\t\t\t<img loading=\"lazy\" decoding=\"async\" class=\"sp-image\" src=\"https:\/\/bellesguardgaudi.com\/wp-content\/uploads\/2024\/09\/0.-INICIAL-scaled.webp\" width=\"2560\" height=\"1708\" \/>\r\n\t\t\t\r\n\t\t<\/div>\r\n\t\t<div class=\"sp-slide\">\r\n\t\t\t<img loading=\"lazy\" decoding=\"async\" class=\"sp-image\" src=\"https:\/\/bellesguardgaudi.com\/wp-content\/uploads\/2024\/09\/1G-scaled.webp\" width=\"2560\" height=\"1708\" \/>\r\n\t\t\t\r\n\t\t<\/div>\r\n\t\t<div class=\"sp-slide\">\r\n\t\t\t<img loading=\"lazy\" decoding=\"async\" class=\"sp-image\" src=\"https:\/\/bellesguardgaudi.com\/wp-content\/uploads\/2024\/09\/2G.webp\" width=\"2000\" height=\"1333\" \/>\r\n\t\t\t\r\n\t\t<\/div>\r\n\t\t<div class=\"sp-slide\">\r\n\t\t\t<img loading=\"lazy\" decoding=\"async\" class=\"sp-image\" src=\"https:\/\/bellesguardgaudi.com\/wp-content\/uploads\/2024\/09\/3G-scaled.webp\" width=\"2560\" height=\"1708\" \/>\r\n\t\t\t\r\n\t\t<\/div>\r\n\t\t<div class=\"sp-slide\">\r\n\t\t\t<img loading=\"lazy\" decoding=\"async\" class=\"sp-image\" src=\"https:\/\/bellesguardgaudi.com\/wp-content\/uploads\/2024\/09\/4G-scaled.webp\" width=\"2560\" height=\"1708\" \/>\r\n\t\t\t\r\n\t\t<\/div>\r\n\t\t<div class=\"sp-slide\">\r\n\t\t\t<img loading=\"lazy\" decoding=\"async\" class=\"sp-image\" src=\"https:\/\/bellesguardgaudi.com\/wp-content\/uploads\/2024\/09\/5G-scaled.webp\" width=\"2560\" height=\"1708\" \/>\r\n\t\t\t\r\n\t\t<\/div>\r\n\t\t<div class=\"sp-slide\">\r\n\t\t\t<img loading=\"lazy\" decoding=\"async\" class=\"sp-image\" src=\"https:\/\/bellesguardgaudi.com\/wp-content\/uploads\/2024\/09\/6G-scaled.webp\" width=\"2560\" height=\"1707\" \/>\r\n\t\t\t\r\n\t\t<\/div>\r\n\t\t<div class=\"sp-slide\">\r\n\t\t\t<img loading=\"lazy\" decoding=\"async\" class=\"sp-image\" src=\"https:\/\/bellesguardgaudi.com\/wp-content\/uploads\/2024\/09\/7G-scaled.webp\" width=\"2560\" height=\"1708\" \/>\r\n\t\t\t\r\n\t\t<\/div>\r\n\t\t<div class=\"sp-slide\">\r\n\t\t\t<img loading=\"lazy\" decoding=\"async\" class=\"sp-image\" src=\"https:\/\/bellesguardgaudi.com\/wp-content\/uploads\/2024\/09\/8G-scaled.webp\" width=\"2560\" height=\"1708\" \/>\r\n\t\t\t\r\n\t\t<\/div>\r\n\t<\/div>\r\n<\/div>[\/vc_column_text][\/vc_column][\/vc_row][vc_row gap=&#8221;15&#8243; content_placement=&#8221;top&#8221; css=&#8221;.vc_custom_1625673696403{padding-top: 20px !important;}&#8221;][vc_column width=&#8221;5\/12&#8243;][vc_column_text]Over the centuries many renowned figures have come together in Bellesguard and this building\u2019s history is filled with coincidences and causality, famous people and events from bygone eras which have all left their mark on this small plot of land.[\/vc_column_text][\/vc_column][vc_column width=&#8221;7\/12&#8243;][vc_column_text]This history inspired Antoni Gaud\u00ed to create his unique masterpiece in Bellesguard. Architecturally mid-way between Gothic and Art Nouveau, the building is imbued with symbolism and allusions to the past. It is embraced by beautiful gardens where you can lose all sense of time and bathe in the essence and magic of Gaud\u00ed\u2019s least famous but most fascinating work.[\/vc_column_text][\/vc_column][\/vc_row]<\/p>\n","protected":false},"excerpt":{"rendered":"<p>[vc_row el_class=&#8221;box-text&#8221;][vc_column][vc_column_text] The Bellesguard house is a new spot in Barcelona, open to the city and the world, to tourism and to culture, to knowledge, to research, to history, music and the arts. [\/vc_column_text][vc_separator css=&#8221;.vc_custom_1563962635993{margin-top: 30px !important;margin-bottom: 50px !important;}&#8221;][\/vc_column][\/vc_row][vc_row gap=&#8221;15&#8243; content_placement=&#8221;top&#8221;][vc_column width=&#8221;5\/12&#8243;][vc_column_text]Our doors are open and our arms outstretched to embrace new collaborations and synergies. [&hellip;]<\/p>\n","protected":false},"author":1,"featured_media":0,"parent":0,"menu_order":0,"comment_status":"closed","ping_status":"closed","template":"","meta":{"_acf_changed":false,"footnotes":""},"class_list":["post-5511","page","type-page","status-publish","hentry"],"acf":[],"yoast_head":"<!-- This site is optimized with the Yoast SEO plugin v27.2 - https:\/\/yoast.com\/product\/yoast-seo-wordpress\/ -->\n<title>Torre Bellesguard | Exclusive work of Gaud\u00ed in Barcelona<\/title>\n<meta name=\"description\" content=\"Discover Bellesguard, the most exclusive work of the modernist architect declared a Property of Cultural Interest in Barcelona. Visit us now!\" \/>\n<meta name=\"robots\" content=\"index, follow, max-snippet:-1, max-image-preview:large, max-video-preview:-1\" \/>\n<link rel=\"canonical\" href=\"https:\/\/bellesguardgaudi.com\/en\/bellesguard\/\" \/>\n<meta property=\"og:locale\" content=\"en_US\" \/>\n<meta property=\"og:type\" content=\"article\" \/>\n<meta property=\"og:title\" content=\"Torre Bellesguard | Exclusive work of Gaud\u00ed in Barcelona\" \/>\n<meta property=\"og:description\" content=\"Discover Bellesguard, the most exclusive work of the modernist architect declared a Property of Cultural Interest in Barcelona. Visit us now!\" \/>\n<meta property=\"og:url\" content=\"https:\/\/bellesguardgaudi.com\/en\/bellesguard\/\" \/>\n<meta property=\"og:site_name\" content=\"Obra Modernista de Antoni Gaud\u00ed en Barcelona | Torre Bellesguard\" \/>\n<meta property=\"article:modified_time\" content=\"2021-11-16T10:01:02+00:00\" \/>\n<meta name=\"twitter:card\" content=\"summary_large_image\" \/>\n<meta name=\"twitter:label1\" content=\"Est. reading time\" \/>\n\t<meta name=\"twitter:data1\" content=\"2 minutes\" \/>\n<script type=\"application\/ld+json\" class=\"yoast-schema-graph\">{\"@context\":\"https:\/\/schema.org\",\"@graph\":[{\"@type\":\"WebPage\",\"@id\":\"https:\/\/bellesguardgaudi.com\/en\/bellesguard\/\",\"url\":\"https:\/\/bellesguardgaudi.com\/en\/bellesguard\/\",\"name\":\"Torre Bellesguard | Exclusive work of Gaud\u00ed in Barcelona\",\"isPartOf\":{\"@id\":\"https:\/\/bellesguardgaudi.com\/en\/#website\"},\"datePublished\":\"2019-07-23T15:47:06+00:00\",\"dateModified\":\"2021-11-16T10:01:02+00:00\",\"description\":\"Discover Bellesguard, the most exclusive work of the modernist architect declared a Property of Cultural Interest in Barcelona. Visit us now!\",\"breadcrumb\":{\"@id\":\"https:\/\/bellesguardgaudi.com\/en\/bellesguard\/#breadcrumb\"},\"inLanguage\":\"en-US\",\"potentialAction\":[{\"@type\":\"ReadAction\",\"target\":[\"https:\/\/bellesguardgaudi.com\/en\/bellesguard\/\"]}]},{\"@type\":\"BreadcrumbList\",\"@id\":\"https:\/\/bellesguardgaudi.com\/en\/bellesguard\/#breadcrumb\",\"itemListElement\":[{\"@type\":\"ListItem\",\"position\":1,\"name\":\"Portada\",\"item\":\"https:\/\/bellesguardgaudi.com\/en\/\"},{\"@type\":\"ListItem\",\"position\":2,\"name\":\"Bellesguard\"}]},{\"@type\":\"WebSite\",\"@id\":\"https:\/\/bellesguardgaudi.com\/en\/#website\",\"url\":\"https:\/\/bellesguardgaudi.com\/en\/\",\"name\":\"Obra Modernista de Antoni Gaud\u00ed en Barcelona | Torre Bellesguard\",\"description\":\"Web oficial de la Torre Bellesguard. Una de las obras m\u00e1s personales del arquitecto modernista Gaud\u00ed en Barcelona. \u00a1Vis\u00edtala sin colas ni aglomeraciones!\",\"potentialAction\":[{\"@type\":\"SearchAction\",\"target\":{\"@type\":\"EntryPoint\",\"urlTemplate\":\"https:\/\/bellesguardgaudi.com\/en\/?s={search_term_string}\"},\"query-input\":{\"@type\":\"PropertyValueSpecification\",\"valueRequired\":true,\"valueName\":\"search_term_string\"}}],\"inLanguage\":\"en-US\"}]}<\/script>\n<!-- \/ Yoast SEO plugin. -->","yoast_head_json":{"title":"Torre Bellesguard | Exclusive work of Gaud\u00ed in Barcelona","description":"Discover Bellesguard, the most exclusive work of the modernist architect declared a Property of Cultural Interest in Barcelona. Visit us now!","robots":{"index":"index","follow":"follow","max-snippet":"max-snippet:-1","max-image-preview":"max-image-preview:large","max-video-preview":"max-video-preview:-1"},"canonical":"https:\/\/bellesguardgaudi.com\/en\/bellesguard\/","og_locale":"en_US","og_type":"article","og_title":"Torre Bellesguard | Exclusive work of Gaud\u00ed in Barcelona","og_description":"Discover Bellesguard, the most exclusive work of the modernist architect declared a Property of Cultural Interest in Barcelona. Visit us now!","og_url":"https:\/\/bellesguardgaudi.com\/en\/bellesguard\/","og_site_name":"Obra Modernista de Antoni Gaud\u00ed en Barcelona | Torre Bellesguard","article_modified_time":"2021-11-16T10:01:02+00:00","twitter_card":"summary_large_image","twitter_misc":{"Est. reading time":"2 minutes"},"schema":{"@context":"https:\/\/schema.org","@graph":[{"@type":"WebPage","@id":"https:\/\/bellesguardgaudi.com\/en\/bellesguard\/","url":"https:\/\/bellesguardgaudi.com\/en\/bellesguard\/","name":"Torre Bellesguard | Exclusive work of Gaud\u00ed in Barcelona","isPartOf":{"@id":"https:\/\/bellesguardgaudi.com\/en\/#website"},"datePublished":"2019-07-23T15:47:06+00:00","dateModified":"2021-11-16T10:01:02+00:00","description":"Discover Bellesguard, the most exclusive work of the modernist architect declared a Property of Cultural Interest in Barcelona. Visit us now!","breadcrumb":{"@id":"https:\/\/bellesguardgaudi.com\/en\/bellesguard\/#breadcrumb"},"inLanguage":"en-US","potentialAction":[{"@type":"ReadAction","target":["https:\/\/bellesguardgaudi.com\/en\/bellesguard\/"]}]},{"@type":"BreadcrumbList","@id":"https:\/\/bellesguardgaudi.com\/en\/bellesguard\/#breadcrumb","itemListElement":[{"@type":"ListItem","position":1,"name":"Portada","item":"https:\/\/bellesguardgaudi.com\/en\/"},{"@type":"ListItem","position":2,"name":"Bellesguard"}]},{"@type":"WebSite","@id":"https:\/\/bellesguardgaudi.com\/en\/#website","url":"https:\/\/bellesguardgaudi.com\/en\/","name":"Obra Modernista de Antoni Gaud\u00ed en Barcelona | Torre Bellesguard","description":"Web oficial de la Torre Bellesguard. Una de las obras m\u00e1s personales del arquitecto modernista Gaud\u00ed en Barcelona. \u00a1Vis\u00edtala sin colas ni aglomeraciones!","potentialAction":[{"@type":"SearchAction","target":{"@type":"EntryPoint","urlTemplate":"https:\/\/bellesguardgaudi.com\/en\/?s={search_term_string}"},"query-input":{"@type":"PropertyValueSpecification","valueRequired":true,"valueName":"search_term_string"}}],"inLanguage":"en-US"}]}},"_links":{"self":[{"href":"https:\/\/bellesguardgaudi.com\/en\/wp-json\/wp\/v2\/pages\/5511","targetHints":{"allow":["GET"]}}],"collection":[{"href":"https:\/\/bellesguardgaudi.com\/en\/wp-json\/wp\/v2\/pages"}],"about":[{"href":"https:\/\/bellesguardgaudi.com\/en\/wp-json\/wp\/v2\/types\/page"}],"author":[{"embeddable":true,"href":"https:\/\/bellesguardgaudi.com\/en\/wp-json\/wp\/v2\/users\/1"}],"replies":[{"embeddable":true,"href":"https:\/\/bellesguardgaudi.com\/en\/wp-json\/wp\/v2\/comments?post=5511"}],"version-history":[{"count":5,"href":"https:\/\/bellesguardgaudi.com\/en\/wp-json\/wp\/v2\/pages\/5511\/revisions"}],"predecessor-version":[{"id":9410,"href":"https:\/\/bellesguardgaudi.com\/en\/wp-json\/wp\/v2\/pages\/5511\/revisions\/9410"}],"wp:attachment":[{"href":"https:\/\/bellesguardgaudi.com\/en\/wp-json\/wp\/v2\/media?parent=5511"}],"curies":[{"name":"wp","href":"https:\/\/api.w.org\/{rel}","templated":true}]}}