{"id":5532,"date":"2019-10-15T17:45:22","date_gmt":"2019-10-15T15:45:22","guid":{"rendered":"http:\/\/130.61.100.28\/wordpress\/bellesguard\/collaborations-and-alliances\/"},"modified":"2021-11-15T16:47:43","modified_gmt":"2021-11-15T15:47:43","slug":"collaborations-and-alliances","status":"publish","type":"page","link":"https:\/\/bellesguardgaudi.com\/en\/bellesguard\/collaborations-and-alliances\/","title":{"rendered":"Collaborations and alliances"},"content":{"rendered":"<p>[vc_row el_class=&#8221;hcenter-row logos-alianzas&#8221;][vc_column width=&#8221;1\/2&#8243; el_class=&#8221;hcenter-col&#8221; offset=&#8221;vc_col-lg-3 vc_col-md-6 vc_col-xs-12&#8243;][vc_single_image image=&#8221;5366&#8243; img_size=&#8221;full&#8221; alignment=&#8221;center&#8221; onclick=&#8221;custom_link&#8221; img_link_target=&#8221;_blank&#8221; link=&#8221;http:\/\/www.portalgaudi.cat\/es\/consell-gaudi\/&#8221;][\/vc_column][vc_column width=&#8221;1\/2&#8243; el_class=&#8221;hcenter-col&#8221; offset=&#8221;vc_col-lg-3 vc_col-md-6 vc_col-xs-12&#8243;][vc_single_image image=&#8221;5371&#8243; img_size=&#8221;full&#8221; alignment=&#8221;center&#8221; onclick=&#8221;custom_link&#8221; img_link_target=&#8221;_blank&#8221; link=&#8221;https:\/\/www.barcelonapremium.com\/&#8221;][\/vc_column][vc_column width=&#8221;1\/2&#8243; el_class=&#8221;hcenter-col&#8221; offset=&#8221;vc_col-lg-3 vc_col-md-6 vc_col-xs-12&#8243;][vc_single_image image=&#8221;5376&#8243; img_size=&#8221;full&#8221; alignment=&#8221;center&#8221; onclick=&#8221;custom_link&#8221; img_link_target=&#8221;_blank&#8221; link=&#8221;http:\/\/www.monumenta.info\/&#8221;][\/vc_column][vc_column width=&#8221;1\/2&#8243; el_class=&#8221;hcenter-col&#8221; offset=&#8221;vc_col-lg-3 vc_col-md-6 vc_col-xs-12&#8243;][vc_single_image image=&#8221;5381&#8243; img_size=&#8221;full&#8221; alignment=&#8221;center&#8221; onclick=&#8221;custom_link&#8221; img_link_target=&#8221;_blank&#8221; link=&#8221;http:\/\/www.amicsdegaudi.com\/&#8221;][\/vc_column][\/vc_row][vc_row el_class=&#8221;hcenter-row logos-alianzas&#8221;][vc_column width=&#8221;1\/2&#8243; el_class=&#8221;hcenter-col&#8221; offset=&#8221;vc_col-lg-3 vc_col-md-6 vc_col-xs-12&#8243;][vc_single_image image=&#8221;5398&#8243; img_size=&#8221;full&#8221; alignment=&#8221;center&#8221; onclick=&#8221;custom_link&#8221; img_link_target=&#8221;_blank&#8221; link=&#8221;http:\/\/www.rutadelmodernisme.com\/&#8221;][\/vc_column][vc_column width=&#8221;1\/2&#8243; el_class=&#8221;hcenter-col&#8221; offset=&#8221;vc_col-lg-3 vc_col-md-6 vc_col-xs-12&#8243;][vc_single_image image=&#8221;5438&#8243; img_size=&#8221;full&#8221; alignment=&#8221;center&#8221; onclick=&#8221;custom_link&#8221; img_link_target=&#8221;_blank&#8221; link=&#8221;https:\/\/www.madeforspainandportugal.com\/en\/&#8221;][\/vc_column][vc_column width=&#8221;1\/2&#8243; el_class=&#8221;hcenter-col&#8221; offset=&#8221;vc_col-lg-3 vc_col-md-6 vc_col-xs-12&#8243;][vc_single_image image=&#8221;5408&#8243; img_size=&#8221;full&#8221; alignment=&#8221;center&#8221; onclick=&#8221;custom_link&#8221; img_link_target=&#8221;_blank&#8221; link=&#8221;https:\/\/www.fgc.cat\/&#8221;][\/vc_column][vc_column width=&#8221;1\/2&#8243; el_class=&#8221;hcenter-col&#8221; offset=&#8221;vc_col-lg-3 vc_col-md-6 vc_col-xs-12&#8243;][vc_single_image image=&#8221;5413&#8243; img_size=&#8221;full&#8221; alignment=&#8221;center&#8221; onclick=&#8221;custom_link&#8221; img_link_target=&#8221;_blank&#8221; link=&#8221;http:\/\/www.48hopenhousebarcelona.org\/&#8221;][\/vc_column][\/vc_row][vc_row el_class=&#8221;hcenter-row logos-alianzas&#8221;][vc_column width=&#8221;1\/2&#8243; el_class=&#8221;hcenter-col&#8221; offset=&#8221;vc_col-lg-3 vc_col-md-6 vc_col-xs-12&#8243;][vc_single_image image=&#8221;5418&#8243; img_size=&#8221;full&#8221; alignment=&#8221;center&#8221; onclick=&#8221;custom_link&#8221; img_link_target=&#8221;_blank&#8221; link=&#8221;https:\/\/www.barcelonaturisme.com\/wv3\/es\/&#8221;][\/vc_column][vc_column width=&#8221;1\/2&#8243; el_class=&#8221;hcenter-col&#8221; offset=&#8221;vc_col-lg-3 vc_col-md-6 vc_col-xs-12&#8243;][vc_single_image image=&#8221;5423&#8243; img_size=&#8221;full&#8221; alignment=&#8221;center&#8221; onclick=&#8221;custom_link&#8221; img_link_target=&#8221;_blank&#8221; link=&#8221;http:\/\/act.gencat.cat\/club-de-turisme-cultural\/&#8221;][\/vc_column][vc_column width=&#8221;1\/2&#8243; el_class=&#8221;hcenter-col&#8221; offset=&#8221;vc_col-lg-3 vc_col-md-6 vc_col-xs-12&#8243;][vc_single_image image=&#8221;5428&#8243; img_size=&#8221;full&#8221; alignment=&#8221;center&#8221; onclick=&#8221;custom_link&#8221; img_link_target=&#8221;_blank&#8221; link=&#8221;https:\/\/www.barcelonaesmoltmes.cat\/es\/costabarcelona\/&#8221;][\/vc_column][vc_column width=&#8221;1\/2&#8243; el_class=&#8221;hcenter-col&#8221; offset=&#8221;vc_col-lg-3 vc_col-md-6 vc_col-xs-12&#8243;][vc_single_image image=&#8221;5433&#8243; img_size=&#8221;full&#8221; alignment=&#8221;center&#8221; onclick=&#8221;custom_link&#8221; img_link_target=&#8221;_blank&#8221; link=&#8221;https:\/\/mosaiccos.com\/es\/&#8221;][\/vc_column][\/vc_row][vc_row el_class=&#8221;hcenter-row logos-alianzas margen-top-50&#8243;][vc_column width=&#8221;1\/4&#8243; el_class=&#8221;hcenter-col&#8221;][vc_single_image image=&#8221;5443&#8243; img_size=&#8221;full&#8221; alignment=&#8221;center&#8221; onclick=&#8221;custom_link&#8221; img_link_target=&#8221;_blank&#8221; link=&#8221;https:\/\/juliatravel.com\/es\/&#8221;][\/vc_column][vc_column width=&#8221;1\/2&#8243; el_class=&#8221;hcenter-col&#8221; offset=&#8221;vc_col-lg-3 vc_col-md-6 vc_col-xs-12&#8243;][\/vc_column][vc_column width=&#8221;1\/2&#8243; el_class=&#8221;hcenter-col&#8221; offset=&#8221;vc_col-lg-3 vc_col-md-6 vc_col-xs-12&#8243;][\/vc_column][vc_column width=&#8221;1\/4&#8243; el_class=&#8221;hcenter-col&#8221;][\/vc_column][\/vc_row]<\/p>\n","protected":false},"excerpt":{"rendered":"<p>[vc_row el_class=&#8221;hcenter-row logos-alianzas&#8221;][vc_column width=&#8221;1\/2&#8243; el_class=&#8221;hcenter-col&#8221; offset=&#8221;vc_col-lg-3 vc_col-md-6 vc_col-xs-12&#8243;][vc_single_image image=&#8221;5366&#8243; img_size=&#8221;full&#8221; alignment=&#8221;center&#8221; onclick=&#8221;custom_link&#8221; img_link_target=&#8221;_blank&#8221; link=&#8221;http:\/\/www.portalgaudi.cat\/es\/consell-gaudi\/&#8221;][\/vc_column][vc_column width=&#8221;1\/2&#8243; el_class=&#8221;hcenter-col&#8221; offset=&#8221;vc_col-lg-3 vc_col-md-6 vc_col-xs-12&#8243;][vc_single_image image=&#8221;5371&#8243; img_size=&#8221;full&#8221; alignment=&#8221;center&#8221; onclick=&#8221;custom_link&#8221; img_link_target=&#8221;_blank&#8221; link=&#8221;https:\/\/www.barcelonapremium.com\/&#8221;][\/vc_column][vc_column width=&#8221;1\/2&#8243; el_class=&#8221;hcenter-col&#8221; offset=&#8221;vc_col-lg-3 vc_col-md-6 vc_col-xs-12&#8243;][vc_single_image image=&#8221;5376&#8243; img_size=&#8221;full&#8221; alignment=&#8221;center&#8221; onclick=&#8221;custom_link&#8221; img_link_target=&#8221;_blank&#8221; link=&#8221;http:\/\/www.monumenta.info\/&#8221;][\/vc_column][vc_column width=&#8221;1\/2&#8243; el_class=&#8221;hcenter-col&#8221; offset=&#8221;vc_col-lg-3 vc_col-md-6 vc_col-xs-12&#8243;][vc_single_image image=&#8221;5381&#8243; img_size=&#8221;full&#8221; alignment=&#8221;center&#8221; onclick=&#8221;custom_link&#8221; img_link_target=&#8221;_blank&#8221; link=&#8221;http:\/\/www.amicsdegaudi.com\/&#8221;][\/vc_column][\/vc_row][vc_row el_class=&#8221;hcenter-row logos-alianzas&#8221;][vc_column width=&#8221;1\/2&#8243; el_class=&#8221;hcenter-col&#8221; offset=&#8221;vc_col-lg-3 vc_col-md-6 vc_col-xs-12&#8243;][vc_single_image image=&#8221;5398&#8243; [&hellip;]<\/p>\n","protected":false},"author":1,"featured_media":0,"parent":5511,"menu_order":0,"comment_status":"closed","ping_status":"closed","template":"","meta":{"_acf_changed":false,"footnotes":""},"class_list":["post-5532","page","type-page","status-publish","hentry"],"acf":[],"yoast_head":"<!-- This site is optimized with the Yoast SEO plugin v27.2 - https:\/\/yoast.com\/product\/yoast-seo-wordpress\/ -->\n<title>Collaborations and Alliances | Torre Bellesguard Gaud\u00ed Barcelona<\/title>\n<meta name=\"description\" content=\"Bellesguard collaborates with different institutions in order to promote the artistic heritage, historical, architectural and cultural of Barcelona.\" \/>\n<meta name=\"robots\" content=\"index, follow, max-snippet:-1, max-image-preview:large, max-video-preview:-1\" \/>\n<link rel=\"canonical\" href=\"https:\/\/bellesguardgaudi.com\/en\/bellesguard\/collaborations-and-alliances\/\" \/>\n<meta property=\"og:locale\" content=\"en_US\" \/>\n<meta property=\"og:type\" content=\"article\" \/>\n<meta property=\"og:title\" content=\"Collaborations and Alliances | Torre Bellesguard Gaud\u00ed Barcelona\" \/>\n<meta property=\"og:description\" content=\"Bellesguard collaborates with different institutions in order to promote the artistic heritage, historical, architectural and cultural of Barcelona.\" \/>\n<meta property=\"og:url\" content=\"https:\/\/bellesguardgaudi.com\/en\/bellesguard\/collaborations-and-alliances\/\" \/>\n<meta property=\"og:site_name\" content=\"Obra Modernista de Antoni Gaud\u00ed en Barcelona | Torre Bellesguard\" \/>\n<meta property=\"article:modified_time\" content=\"2021-11-15T15:47:43+00:00\" \/>\n<meta name=\"twitter:card\" content=\"summary_large_image\" \/>\n<meta name=\"twitter:label1\" content=\"Est. reading time\" \/>\n\t<meta name=\"twitter:data1\" content=\"1 minute\" \/>\n<script type=\"application\/ld+json\" class=\"yoast-schema-graph\">{\"@context\":\"https:\/\/schema.org\",\"@graph\":[{\"@type\":\"WebPage\",\"@id\":\"https:\/\/bellesguardgaudi.com\/en\/bellesguard\/collaborations-and-alliances\/\",\"url\":\"https:\/\/bellesguardgaudi.com\/en\/bellesguard\/collaborations-and-alliances\/\",\"name\":\"Collaborations and Alliances | Torre Bellesguard Gaud\u00ed Barcelona\",\"isPartOf\":{\"@id\":\"https:\/\/bellesguardgaudi.com\/en\/#website\"},\"datePublished\":\"2019-10-15T15:45:22+00:00\",\"dateModified\":\"2021-11-15T15:47:43+00:00\",\"description\":\"Bellesguard collaborates with different institutions in order to promote the artistic heritage, historical, architectural and cultural of Barcelona.\",\"breadcrumb\":{\"@id\":\"https:\/\/bellesguardgaudi.com\/en\/bellesguard\/collaborations-and-alliances\/#breadcrumb\"},\"inLanguage\":\"en-US\",\"potentialAction\":[{\"@type\":\"ReadAction\",\"target\":[\"https:\/\/bellesguardgaudi.com\/en\/bellesguard\/collaborations-and-alliances\/\"]}]},{\"@type\":\"BreadcrumbList\",\"@id\":\"https:\/\/bellesguardgaudi.com\/en\/bellesguard\/collaborations-and-alliances\/#breadcrumb\",\"itemListElement\":[{\"@type\":\"ListItem\",\"position\":1,\"name\":\"Portada\",\"item\":\"https:\/\/bellesguardgaudi.com\/en\/\"},{\"@type\":\"ListItem\",\"position\":2,\"name\":\"Bellesguard\",\"item\":\"https:\/\/bellesguardgaudi.com\/en\/bellesguard\/\"},{\"@type\":\"ListItem\",\"position\":3,\"name\":\"Collaborations and alliances\"}]},{\"@type\":\"WebSite\",\"@id\":\"https:\/\/bellesguardgaudi.com\/en\/#website\",\"url\":\"https:\/\/bellesguardgaudi.com\/en\/\",\"name\":\"Obra Modernista de Antoni Gaud\u00ed en Barcelona | Torre Bellesguard\",\"description\":\"Web oficial de la Torre Bellesguard. Una de las obras m\u00e1s personales del arquitecto modernista Gaud\u00ed en Barcelona. \u00a1Vis\u00edtala sin colas ni aglomeraciones!\",\"potentialAction\":[{\"@type\":\"SearchAction\",\"target\":{\"@type\":\"EntryPoint\",\"urlTemplate\":\"https:\/\/bellesguardgaudi.com\/en\/?s={search_term_string}\"},\"query-input\":{\"@type\":\"PropertyValueSpecification\",\"valueRequired\":true,\"valueName\":\"search_term_string\"}}],\"inLanguage\":\"en-US\"}]}<\/script>\n<!-- \/ Yoast SEO plugin. -->","yoast_head_json":{"title":"Collaborations and Alliances | Torre Bellesguard Gaud\u00ed Barcelona","description":"Bellesguard collaborates with different institutions in order to promote the artistic heritage, historical, architectural and cultural of Barcelona.","robots":{"index":"index","follow":"follow","max-snippet":"max-snippet:-1","max-image-preview":"max-image-preview:large","max-video-preview":"max-video-preview:-1"},"canonical":"https:\/\/bellesguardgaudi.com\/en\/bellesguard\/collaborations-and-alliances\/","og_locale":"en_US","og_type":"article","og_title":"Collaborations and Alliances | Torre Bellesguard Gaud\u00ed Barcelona","og_description":"Bellesguard collaborates with different institutions in order to promote the artistic heritage, historical, architectural and cultural of Barcelona.","og_url":"https:\/\/bellesguardgaudi.com\/en\/bellesguard\/collaborations-and-alliances\/","og_site_name":"Obra Modernista de Antoni Gaud\u00ed en Barcelona | Torre Bellesguard","article_modified_time":"2021-11-15T15:47:43+00:00","twitter_card":"summary_large_image","twitter_misc":{"Est. reading time":"1 minute"},"schema":{"@context":"https:\/\/schema.org","@graph":[{"@type":"WebPage","@id":"https:\/\/bellesguardgaudi.com\/en\/bellesguard\/collaborations-and-alliances\/","url":"https:\/\/bellesguardgaudi.com\/en\/bellesguard\/collaborations-and-alliances\/","name":"Collaborations and Alliances | Torre Bellesguard Gaud\u00ed Barcelona","isPartOf":{"@id":"https:\/\/bellesguardgaudi.com\/en\/#website"},"datePublished":"2019-10-15T15:45:22+00:00","dateModified":"2021-11-15T15:47:43+00:00","description":"Bellesguard collaborates with different institutions in order to promote the artistic heritage, historical, architectural and cultural of Barcelona.","breadcrumb":{"@id":"https:\/\/bellesguardgaudi.com\/en\/bellesguard\/collaborations-and-alliances\/#breadcrumb"},"inLanguage":"en-US","potentialAction":[{"@type":"ReadAction","target":["https:\/\/bellesguardgaudi.com\/en\/bellesguard\/collaborations-and-alliances\/"]}]},{"@type":"BreadcrumbList","@id":"https:\/\/bellesguardgaudi.com\/en\/bellesguard\/collaborations-and-alliances\/#breadcrumb","itemListElement":[{"@type":"ListItem","position":1,"name":"Portada","item":"https:\/\/bellesguardgaudi.com\/en\/"},{"@type":"ListItem","position":2,"name":"Bellesguard","item":"https:\/\/bellesguardgaudi.com\/en\/bellesguard\/"},{"@type":"ListItem","position":3,"name":"Collaborations and alliances"}]},{"@type":"WebSite","@id":"https:\/\/bellesguardgaudi.com\/en\/#website","url":"https:\/\/bellesguardgaudi.com\/en\/","name":"Obra Modernista de Antoni Gaud\u00ed en Barcelona | Torre Bellesguard","description":"Web oficial de la Torre Bellesguard. Una de las obras m\u00e1s personales del arquitecto modernista Gaud\u00ed en Barcelona. \u00a1Vis\u00edtala sin colas ni aglomeraciones!","potentialAction":[{"@type":"SearchAction","target":{"@type":"EntryPoint","urlTemplate":"https:\/\/bellesguardgaudi.com\/en\/?s={search_term_string}"},"query-input":{"@type":"PropertyValueSpecification","valueRequired":true,"valueName":"search_term_string"}}],"inLanguage":"en-US"}]}},"_links":{"self":[{"href":"https:\/\/bellesguardgaudi.com\/en\/wp-json\/wp\/v2\/pages\/5532","targetHints":{"allow":["GET"]}}],"collection":[{"href":"https:\/\/bellesguardgaudi.com\/en\/wp-json\/wp\/v2\/pages"}],"about":[{"href":"https:\/\/bellesguardgaudi.com\/en\/wp-json\/wp\/v2\/types\/page"}],"author":[{"embeddable":true,"href":"https:\/\/bellesguardgaudi.com\/en\/wp-json\/wp\/v2\/users\/1"}],"replies":[{"embeddable":true,"href":"https:\/\/bellesguardgaudi.com\/en\/wp-json\/wp\/v2\/comments?post=5532"}],"version-history":[{"count":5,"href":"https:\/\/bellesguardgaudi.com\/en\/wp-json\/wp\/v2\/pages\/5532\/revisions"}],"predecessor-version":[{"id":8288,"href":"https:\/\/bellesguardgaudi.com\/en\/wp-json\/wp\/v2\/pages\/5532\/revisions\/8288"}],"up":[{"embeddable":true,"href":"https:\/\/bellesguardgaudi.com\/en\/wp-json\/wp\/v2\/pages\/5511"}],"wp:attachment":[{"href":"https:\/\/bellesguardgaudi.com\/en\/wp-json\/wp\/v2\/media?parent=5532"}],"curies":[{"name":"wp","href":"https:\/\/api.w.org\/{rel}","templated":true}]}}