{"id":5546,"date":"2019-10-15T18:52:12","date_gmt":"2019-10-15T16:52:12","guid":{"rendered":"http:\/\/130.61.100.28\/wordpress\/how-to-get-here\/"},"modified":"2021-03-16T13:53:55","modified_gmt":"2021-03-16T12:53:55","slug":"how-to-find-us","status":"publish","type":"page","link":"https:\/\/bellesguardgaudi.com\/en\/how-to-get-here\/how-to-find-us\/","title":{"rendered":"How to find us"},"content":{"rendered":"<p>[vc_row][vc_column][vc_row_inner equal_height=&#8221;yes&#8221; content_placement=&#8221;middle&#8221;][vc_column_inner width=&#8221;2\/3&#8243;][vc_column_text el_class=&#8221;parrafo-destacado&#8221;]<\/p>\n<p style=\"text-align: left;\"><span lang=\"en\">The <strong>Bellesguard Gaud\u00ed Tower<\/strong> is located at c \/ <strong>Bellesguard n\u00ba 20, 08022 in Barcelona<\/strong>. You have different ways of arriving both by public transport and by private vehicle.<\/span><\/p>\n<p>[\/vc_column_text][\/vc_column_inner][vc_column_inner width=&#8221;1\/3&#8243;][vc_single_image image=&#8221;5476&#8243; img_size=&#8221;full&#8221; alignment=&#8221;center&#8221; onclick=&#8221;link_image&#8221;][\/vc_column_inner][\/vc_row_inner][vc_separator css=&#8221;.vc_custom_1579521492888{margin-top: 30px !important;margin-bottom: 30px !important;}&#8221;][\/vc_column][\/vc_row][vc_row el_id=&#8221;info-boxes&#8221;][vc_column css_animation=&#8221;fadeInLeft&#8221; width=&#8221;1\/3&#8243;]<div class=\"ct-icon-box  feature_page\"><i class=\"icon_set_1_icon-37\"><\/i>\n<h3>Recommended combinations of transport<\/h3>\n<p><strong>Pl. Catalunya \u2013 Torre Bellesguard Antoni Gaudi\u0301<\/strong><\/p>\n<ul>\n<li>FGC \u2013 L7 + BUS 196<\/li>\n<li>BUS V15 + BUS 196<\/li>\n<li>BUS V13 + BUS 196<\/li>\n<li>The alternative to BUS 196 is BUS 123<\/li>\n<\/ul>\n<p><\/div>[\/vc_column][vc_column width=&#8221;1\/3&#8243;]<div class=\"ct-icon-box  feature_page\"><i class=\"icon_set_1_icon-26\"><\/i>\n<h3>Buses<\/h3>\n<ul>\n<li><strong>v13 Les Corts-Av.Tibidabo<\/strong>\u00a0&gt;&gt; Pl. Kennedy \u2013 Av. Tibidabo<\/li>\n<li><strong>v15 Barceloneta \u2013 Vall d\u2019Hebron<\/strong>\u00a0&gt;&gt; Pl. Kennedy \u2013 Av. Tibidabo<\/li>\n<li><strong>196 Pl. Kennedy \u2013 Bellesguard<\/strong>\u00a0&gt;&gt; Ronda de Dalt \u2013 Bellesguard<\/li>\n<li><strong>123 Bonanova<\/strong>\u00a0&gt;&gt; Valeta d\u2019Arquer<\/li>\n<\/ul>\n<p><\/div>[\/vc_column][vc_column width=&#8221;1\/3&#8243;]<div class=\"ct-icon-box  feature_page\"><i class=\"icon_set_1_icon-25\"><\/i>\n<h3>Other options<\/h3>\n<p><strong>FGC<\/strong><\/p>\n<ul>\n<li><strong>Pl. Catalunya \u2013 Av.Tibidabo.<\/strong>\u00a0&gt;&gt; Av. Tibidabo<\/li>\n<\/ul>\n<p><strong>Turistic transports<\/strong><\/p>\n<ul>\n<li><strong>Bus Tur\u00edstic. Ruta azul<\/strong>\u00a0&gt;&gt; Tibidabo<\/li>\n<li><strong>Barcelona City Tour.\u00a0Ruta Este<\/strong>\u00a0&gt;&gt; Tibidabo<\/li>\n<\/ul>\n<p><strong>Car \/ Taxi<\/strong><\/p>\n<ul>\n<li><strong>15 minutes from the center of Barcelona<\/strong><\/li>\n<\/ul>\n<p><\/div>[\/vc_column][\/vc_row][vc_row][vc_column][vc_separator css=&#8221;.vc_custom_1579521492888{margin-top: 30px !important;margin-bottom: 30px !important;}&#8221;][\/vc_column][\/vc_row][vc_row full_width=&#8221;stretch_row_content&#8221;][vc_column]\r\n<div id=\"map-92543\" class=\"citytours-map\"><\/div>\r\n\r\n\r\n\r\n\r\n<script type=\"text\/javascript\">\r\n\tjQuery(document).ready(function($){\r\n\t\t$('#map_filter a.filter-option').on('click', function(){\r\n\t\t\tvar key = $(this).data('cat');\r\n\t\t\t$('#map_filter select.map_filter option').each(function(){\r\n\t\t\t\tif( $(this).val() == key ) $(this).attr('selected', 'selected');\r\n\t\t\t});\r\n\t\t\ttoggleMarkers(key);\r\n\t\t});\r\n\r\n\t\t$('#map_filter select.map_filter').on('change', function(){\r\n\t\t\ttoggleMarkers($(this).val());\r\n\t\t});\r\n\r\n\t\t\t\t\tvar mapId = 'map-92543';\r\n\t\t\tvar zoom = 14;\r\n\t\t\tvar mapType = google.maps.MapTypeId.ROADMAP;\r\n\t\t\tvar mapTypeControl = false;\r\n\t\t\tvar markersData = {\r\n\t\t\t\t\t\t\t\t\t'torre-bellesguard' : [\r\n\t\t\t\t\t\t\t\t\t\t\t\t\t\t{\r\n\t\t\t\t\t\t\t\t\t\tname: 'Visita Guiada',\r\n\t\t\t\t\t\t\t\t\t\ttype: 'https:\/\/bellesguardgaudi.com\/wp-content\/uploads\/2019\/05\/map-icon-marker.png',\r\n\t\t\t\t\t\t\t\t\t\tlocation_latitude: 41.4095905,\r\n\t\t\t\t\t\t\t\t\t\tlocation_longitude: 2.1268397,\r\n\t\t\t\t\t\t\t\t\t\tmap_image_url: 'https:\/\/bellesguardgaudi.com\/wp-content\/uploads\/2020\/06\/VISITA-GUIADA-crop-280x140.webp',\r\n\t\t\t\t\t\t\t\t\t\tname_point: 'Visita Guiada',\r\n\t\t\t\t\t\t\t\t\t\tdescription_point: '[vc_row][vc_column width=&quot;1\/4&quot;][vc_column_text] Descripci\u00f3n [\/vc_column_text][\/vc_column][vc_column width=&quot;3\/4&quot;][vc_column_text] Nadie como nuestro equipo puede guiar al visitante a trav\u00e9s de la historia y los...',\r\n\t\t\t\t\t\t\t\t\t\turl_point: 'https:\/\/bellesguardgaudi.com\/visitas\/visita-guiada\/'\r\n\t\t\t\t\t\t\t\t\t},\r\n\t\t\t\t\t\t\t\t\t\t\t],\r\n\t\t\t\t\t\t\t};\r\n\t\t\t\r\n\t\t\tvar lati = 41.4095905;\r\n\t\t\tvar long = 2.1268397;\r\n\t\t\tvar _center = [lati, long];\r\n\t\t\trenderMap( _center, markersData, zoom, mapType, mapTypeControl, mapId, '' );\r\n\r\n\t\t\t});\r\n<\/script>[\/vc_column][\/vc_row][vc_row css=&#8221;.vc_custom_1579534942469{padding-top: 40px !important;}&#8221;][vc_column width=&#8221;1\/6&#8243;][\/vc_column][vc_column width=&#8221;4\/6&#8243;][vc_single_image image=&#8221;5834&#8243; img_size=&#8221;full&#8221; alignment=&#8221;center&#8221; css_animation=&#8221;fadeIn&#8221;][\/vc_column][vc_column width=&#8221;1\/6&#8243;][\/vc_column][\/vc_row]<\/p>\n","protected":false},"excerpt":{"rendered":"<p>[vc_row][vc_column][vc_row_inner equal_height=&#8221;yes&#8221; content_placement=&#8221;middle&#8221;][vc_column_inner width=&#8221;2\/3&#8243;][vc_column_text el_class=&#8221;parrafo-destacado&#8221;] The Bellesguard Gaud\u00ed Tower is located at c \/ Bellesguard n\u00ba 20, 08022 in Barcelona. You have different ways of arriving both by public transport and by private vehicle. [\/vc_column_text][\/vc_column_inner][vc_column_inner width=&#8221;1\/3&#8243;][vc_single_image image=&#8221;5476&#8243; img_size=&#8221;full&#8221; alignment=&#8221;center&#8221; onclick=&#8221;link_image&#8221;][\/vc_column_inner][\/vc_row_inner][vc_separator css=&#8221;.vc_custom_1579521492888{margin-top: 30px !important;margin-bottom: 30px !important;}&#8221;][\/vc_column][\/vc_row][vc_row el_id=&#8221;info-boxes&#8221;][vc_column css_animation=&#8221;fadeInLeft&#8221; width=&#8221;1\/3&#8243;][\/vc_column][vc_column width=&#8221;1\/3&#8243;][\/vc_column][vc_column width=&#8221;1\/3&#8243;][\/vc_column][\/vc_row][vc_row][vc_column][vc_separator css=&#8221;.vc_custom_1579521492888{margin-top: 30px !important;margin-bottom: 30px !important;}&#8221;][\/vc_column][\/vc_row][vc_row [&hellip;]<\/p>\n","protected":false},"author":1,"featured_media":0,"parent":6275,"menu_order":0,"comment_status":"closed","ping_status":"closed","template":"","meta":{"_acf_changed":false,"footnotes":""},"class_list":["post-5546","page","type-page","status-publish","hentry"],"acf":[],"yoast_head":"<!-- This site is optimized with the Yoast SEO plugin v27.2 - https:\/\/yoast.com\/product\/yoast-seo-wordpress\/ -->\n<title>How to find us - Obra Modernista de Antoni Gaud\u00ed en Barcelona | Torre Bellesguard<\/title>\n<meta name=\"robots\" content=\"index, follow, max-snippet:-1, max-image-preview:large, max-video-preview:-1\" \/>\n<link rel=\"canonical\" href=\"https:\/\/bellesguardgaudi.com\/en\/how-to-get-here\/how-to-find-us\/\" \/>\n<meta property=\"og:locale\" content=\"en_US\" \/>\n<meta property=\"og:type\" content=\"article\" \/>\n<meta property=\"og:title\" content=\"How to find us - Obra Modernista de Antoni Gaud\u00ed en Barcelona | Torre Bellesguard\" \/>\n<meta property=\"og:description\" content=\"[vc_row][vc_column][vc_row_inner equal_height=&#8221;yes&#8221; content_placement=&#8221;middle&#8221;][vc_column_inner width=&#8221;2\/3&#8243;][vc_column_text el_class=&#8221;parrafo-destacado&#8221;] The Bellesguard Gaud\u00ed Tower is located at c \/ Bellesguard n\u00ba 20, 08022 in Barcelona. You have different ways of arriving both by public transport and by private vehicle. [\/vc_column_text][\/vc_column_inner][vc_column_inner width=&#8221;1\/3&#8243;][vc_single_image image=&#8221;5476&#8243; img_size=&#8221;full&#8221; alignment=&#8221;center&#8221; onclick=&#8221;link_image&#8221;][\/vc_column_inner][\/vc_row_inner][vc_separator css=&#8221;.vc_custom_1579521492888{margin-top: 30px !important;margin-bottom: 30px !important;}&#8221;][\/vc_column][\/vc_row][vc_row el_id=&#8221;info-boxes&#8221;][vc_column css_animation=&#8221;fadeInLeft&#8221; width=&#8221;1\/3&#8243;][\/vc_column][vc_column width=&#8221;1\/3&#8243;][\/vc_column][vc_column width=&#8221;1\/3&#8243;][\/vc_column][\/vc_row][vc_row][vc_column][vc_separator css=&#8221;.vc_custom_1579521492888{margin-top: 30px !important;margin-bottom: 30px !important;}&#8221;][\/vc_column][\/vc_row][vc_row [&hellip;]\" \/>\n<meta property=\"og:url\" content=\"https:\/\/bellesguardgaudi.com\/en\/how-to-get-here\/how-to-find-us\/\" \/>\n<meta property=\"og:site_name\" content=\"Obra Modernista de Antoni Gaud\u00ed en Barcelona | Torre Bellesguard\" \/>\n<meta property=\"article:modified_time\" content=\"2021-03-16T12:53:55+00:00\" \/>\n<meta name=\"twitter:card\" content=\"summary_large_image\" \/>\n<meta name=\"twitter:label1\" content=\"Est. reading time\" \/>\n\t<meta name=\"twitter:data1\" content=\"1 minute\" \/>\n<script type=\"application\/ld+json\" class=\"yoast-schema-graph\">{\"@context\":\"https:\/\/schema.org\",\"@graph\":[{\"@type\":\"WebPage\",\"@id\":\"https:\/\/bellesguardgaudi.com\/en\/how-to-get-here\/how-to-find-us\/\",\"url\":\"https:\/\/bellesguardgaudi.com\/en\/how-to-get-here\/how-to-find-us\/\",\"name\":\"How to find us - Obra Modernista de Antoni Gaud\u00ed en Barcelona | Torre Bellesguard\",\"isPartOf\":{\"@id\":\"https:\/\/bellesguardgaudi.com\/en\/#website\"},\"datePublished\":\"2019-10-15T16:52:12+00:00\",\"dateModified\":\"2021-03-16T12:53:55+00:00\",\"breadcrumb\":{\"@id\":\"https:\/\/bellesguardgaudi.com\/en\/how-to-get-here\/how-to-find-us\/#breadcrumb\"},\"inLanguage\":\"en-US\",\"potentialAction\":[{\"@type\":\"ReadAction\",\"target\":[\"https:\/\/bellesguardgaudi.com\/en\/how-to-get-here\/how-to-find-us\/\"]}]},{\"@type\":\"BreadcrumbList\",\"@id\":\"https:\/\/bellesguardgaudi.com\/en\/how-to-get-here\/how-to-find-us\/#breadcrumb\",\"itemListElement\":[{\"@type\":\"ListItem\",\"position\":1,\"name\":\"Portada\",\"item\":\"https:\/\/bellesguardgaudi.com\/en\/\"},{\"@type\":\"ListItem\",\"position\":2,\"name\":\"Practical information\",\"item\":\"https:\/\/bellesguardgaudi.com\/en\/how-to-get-here\/\"},{\"@type\":\"ListItem\",\"position\":3,\"name\":\"How to find us\"}]},{\"@type\":\"WebSite\",\"@id\":\"https:\/\/bellesguardgaudi.com\/en\/#website\",\"url\":\"https:\/\/bellesguardgaudi.com\/en\/\",\"name\":\"Obra Modernista de Antoni Gaud\u00ed en Barcelona | Torre Bellesguard\",\"description\":\"Web oficial de la Torre Bellesguard. Una de las obras m\u00e1s personales del arquitecto modernista Gaud\u00ed en Barcelona. \u00a1Vis\u00edtala sin colas ni aglomeraciones!\",\"potentialAction\":[{\"@type\":\"SearchAction\",\"target\":{\"@type\":\"EntryPoint\",\"urlTemplate\":\"https:\/\/bellesguardgaudi.com\/en\/?s={search_term_string}\"},\"query-input\":{\"@type\":\"PropertyValueSpecification\",\"valueRequired\":true,\"valueName\":\"search_term_string\"}}],\"inLanguage\":\"en-US\"}]}<\/script>\n<!-- \/ Yoast SEO plugin. -->","yoast_head_json":{"title":"How to find us - Obra Modernista de Antoni Gaud\u00ed en Barcelona | Torre Bellesguard","robots":{"index":"index","follow":"follow","max-snippet":"max-snippet:-1","max-image-preview":"max-image-preview:large","max-video-preview":"max-video-preview:-1"},"canonical":"https:\/\/bellesguardgaudi.com\/en\/how-to-get-here\/how-to-find-us\/","og_locale":"en_US","og_type":"article","og_title":"How to find us - Obra Modernista de Antoni Gaud\u00ed en Barcelona | Torre Bellesguard","og_description":"[vc_row][vc_column][vc_row_inner equal_height=&#8221;yes&#8221; content_placement=&#8221;middle&#8221;][vc_column_inner width=&#8221;2\/3&#8243;][vc_column_text el_class=&#8221;parrafo-destacado&#8221;] The Bellesguard Gaud\u00ed Tower is located at c \/ Bellesguard n\u00ba 20, 08022 in Barcelona. You have different ways of arriving both by public transport and by private vehicle. [\/vc_column_text][\/vc_column_inner][vc_column_inner width=&#8221;1\/3&#8243;][vc_single_image image=&#8221;5476&#8243; img_size=&#8221;full&#8221; alignment=&#8221;center&#8221; onclick=&#8221;link_image&#8221;][\/vc_column_inner][\/vc_row_inner][vc_separator css=&#8221;.vc_custom_1579521492888{margin-top: 30px !important;margin-bottom: 30px !important;}&#8221;][\/vc_column][\/vc_row][vc_row el_id=&#8221;info-boxes&#8221;][vc_column css_animation=&#8221;fadeInLeft&#8221; width=&#8221;1\/3&#8243;][\/vc_column][vc_column width=&#8221;1\/3&#8243;][\/vc_column][vc_column width=&#8221;1\/3&#8243;][\/vc_column][\/vc_row][vc_row][vc_column][vc_separator css=&#8221;.vc_custom_1579521492888{margin-top: 30px !important;margin-bottom: 30px !important;}&#8221;][\/vc_column][\/vc_row][vc_row [&hellip;]","og_url":"https:\/\/bellesguardgaudi.com\/en\/how-to-get-here\/how-to-find-us\/","og_site_name":"Obra Modernista de Antoni Gaud\u00ed en Barcelona | Torre Bellesguard","article_modified_time":"2021-03-16T12:53:55+00:00","twitter_card":"summary_large_image","twitter_misc":{"Est. reading time":"1 minute"},"schema":{"@context":"https:\/\/schema.org","@graph":[{"@type":"WebPage","@id":"https:\/\/bellesguardgaudi.com\/en\/how-to-get-here\/how-to-find-us\/","url":"https:\/\/bellesguardgaudi.com\/en\/how-to-get-here\/how-to-find-us\/","name":"How to find us - Obra Modernista de Antoni Gaud\u00ed en Barcelona | Torre Bellesguard","isPartOf":{"@id":"https:\/\/bellesguardgaudi.com\/en\/#website"},"datePublished":"2019-10-15T16:52:12+00:00","dateModified":"2021-03-16T12:53:55+00:00","breadcrumb":{"@id":"https:\/\/bellesguardgaudi.com\/en\/how-to-get-here\/how-to-find-us\/#breadcrumb"},"inLanguage":"en-US","potentialAction":[{"@type":"ReadAction","target":["https:\/\/bellesguardgaudi.com\/en\/how-to-get-here\/how-to-find-us\/"]}]},{"@type":"BreadcrumbList","@id":"https:\/\/bellesguardgaudi.com\/en\/how-to-get-here\/how-to-find-us\/#breadcrumb","itemListElement":[{"@type":"ListItem","position":1,"name":"Portada","item":"https:\/\/bellesguardgaudi.com\/en\/"},{"@type":"ListItem","position":2,"name":"Practical information","item":"https:\/\/bellesguardgaudi.com\/en\/how-to-get-here\/"},{"@type":"ListItem","position":3,"name":"How to find us"}]},{"@type":"WebSite","@id":"https:\/\/bellesguardgaudi.com\/en\/#website","url":"https:\/\/bellesguardgaudi.com\/en\/","name":"Obra Modernista de Antoni Gaud\u00ed en Barcelona | Torre Bellesguard","description":"Web oficial de la Torre Bellesguard. Una de las obras m\u00e1s personales del arquitecto modernista Gaud\u00ed en Barcelona. \u00a1Vis\u00edtala sin colas ni aglomeraciones!","potentialAction":[{"@type":"SearchAction","target":{"@type":"EntryPoint","urlTemplate":"https:\/\/bellesguardgaudi.com\/en\/?s={search_term_string}"},"query-input":{"@type":"PropertyValueSpecification","valueRequired":true,"valueName":"search_term_string"}}],"inLanguage":"en-US"}]}},"_links":{"self":[{"href":"https:\/\/bellesguardgaudi.com\/en\/wp-json\/wp\/v2\/pages\/5546","targetHints":{"allow":["GET"]}}],"collection":[{"href":"https:\/\/bellesguardgaudi.com\/en\/wp-json\/wp\/v2\/pages"}],"about":[{"href":"https:\/\/bellesguardgaudi.com\/en\/wp-json\/wp\/v2\/types\/page"}],"author":[{"embeddable":true,"href":"https:\/\/bellesguardgaudi.com\/en\/wp-json\/wp\/v2\/users\/1"}],"replies":[{"embeddable":true,"href":"https:\/\/bellesguardgaudi.com\/en\/wp-json\/wp\/v2\/comments?post=5546"}],"version-history":[{"count":5,"href":"https:\/\/bellesguardgaudi.com\/en\/wp-json\/wp\/v2\/pages\/5546\/revisions"}],"predecessor-version":[{"id":6740,"href":"https:\/\/bellesguardgaudi.com\/en\/wp-json\/wp\/v2\/pages\/5546\/revisions\/6740"}],"up":[{"embeddable":true,"href":"https:\/\/bellesguardgaudi.com\/en\/wp-json\/wp\/v2\/pages\/6275"}],"wp:attachment":[{"href":"https:\/\/bellesguardgaudi.com\/en\/wp-json\/wp\/v2\/media?parent=5546"}],"curies":[{"name":"wp","href":"https:\/\/api.w.org\/{rel}","templated":true}]}}