{"id":5555,"date":"2019-10-09T19:07:52","date_gmt":"2019-10-09T17:07:52","guid":{"rendered":"http:\/\/130.61.100.28\/wordpress\/bellesguard\/solidarity-initiatives\/"},"modified":"2021-11-15T16:46:12","modified_gmt":"2021-11-15T15:46:12","slug":"solidarity-initiatives","status":"publish","type":"page","link":"https:\/\/bellesguardgaudi.com\/en\/bellesguard\/solidarity-initiatives\/","title":{"rendered":"Solidarity initiatives"},"content":{"rendered":"<p>[vc_row][vc_column][vc_column_text]<\/p>\n<h2>BELLESGUARD\u2019S WINDOW, SUPPORTIVE LANDSCAPE<\/h2>\n<p>Torre Bellesguard by Antoni Gaud\u00ed has many windows opened: to the culture, research, creation, art, music, education, communication, new technologies \u2026 and also wants to open a window for solidarity, taking an active commitment with our environment and our world.<\/p>\n<p>Every year we establish collaboration agreements with different NGO which work in different fields, childhood, humane rights, social inclusion, disabled people, third world, ethical bank\u2026<\/p>\n<p>There is so much work to be done, and all the members of Bellesguard team are convinced that is necessary to have the solidarity window open, so the fresh air of the positive changes and energy will fill our days.[\/vc_column_text][\/vc_column][\/vc_row][vc_row equal_height=&#8221;yes&#8221; content_placement=&#8221;middle&#8221;][vc_column][vc_separator css=&#8221;.vc_custom_1571150705373{margin-top: 30px !important;margin-bottom: 30px !important;}&#8221;][\/vc_column][\/vc_row][vc_row][vc_column offset=&#8221;vc_col-lg-7 vc_col-md-12 vc_col-xs-12&#8243;][vc_column_text]<\/p>\n<h3>TORRE BELLESGUARD AND BAYT AL-THAQAFA<\/h3>\n<p>Bayt al-Thaqafa is a non-profit organisation which works with arab-muslims emigrants since 1974.<\/p>\n<p>A human team of more than 60 volunteers and twenty professionals makes Bayt al-Thaqafa a meeting point between different cultures: the Catalan, Spanish, Maghrib, sub-Saharan Africa, south-east Asia and from other muslims and arabian countries.<\/p>\n<p>To cooperate with Bayt al-Thaqafa or to make a donation: <a href=\"http:\/\/www.bayt-al-thaqafa.org\/\" target=\"_blank\" rel=\"noopener noreferrer\">www.bayt-al-thaqafa.org<\/a>[\/vc_column_text][\/vc_column][vc_column offset=&#8221;vc_col-lg-5 vc_col-md-12 vc_col-xs-12&#8243;][vc_single_image image=&#8221;8025&#8243; img_size=&#8221;full&#8221;][\/vc_column][\/vc_row][vc_row equal_height=&#8221;yes&#8221; content_placement=&#8221;middle&#8221;][vc_column][vc_separator css=&#8221;.vc_custom_1571150705373{margin-top: 30px !important;margin-bottom: 30px !important;}&#8221;][\/vc_column][\/vc_row][vc_row][vc_column offset=&#8221;vc_col-lg-5 vc_col-md-12 vc_col-xs-12&#8243;][vc_single_image image=&#8221;5345&#8243; img_size=&#8221;full&#8221; add_caption=&#8221;yes&#8221;][\/vc_column][vc_column offset=&#8221;vc_col-lg-7 vc_col-md-12 vc_col-xs-12&#8243;][vc_column_text]<\/p>\n<h3>TORRE BELLESGUARD AND ACTIVE \u00c1FRICA<\/h3>\n<p>NGO Active Africa was created in Barcelona in 2004, developes cooperation projects in the poorest rural areas of Malawi and Kenya. The main mission of Active Africa is to contribute to develop education, to promote the gender equality and provide support to their health system.<\/p>\n<p>If you wish to collaborate with Active Africa, futher information at: <a href=\"http:\/\/www.activeafrica.org\/active_africa_iweb\/Quienes-somos.html\" target=\"_blank\" rel=\"noopener noreferrer\">www.activeafrica.org<\/a>[\/vc_column_text][\/vc_column][\/vc_row][vc_row equal_height=&#8221;yes&#8221; content_placement=&#8221;middle&#8221;][vc_column][vc_separator css=&#8221;.vc_custom_1571150705373{margin-top: 30px !important;margin-bottom: 30px !important;}&#8221;][\/vc_column][\/vc_row][vc_row][vc_column offset=&#8221;vc_col-lg-7 vc_col-md-12 vc_col-xs-12&#8243;][vc_column_text]<\/p>\n<h3>TORRE BELLESGUARD AND SANT JOAN DE D\u00c9U<\/h3>\n<p>Sant Joan de D\u00e9u (officially The Hospitaller Order of the Brothers of Saint John God) takes care of the most disadvantaged and unprotected people of the world through different cooperation programs.<\/p>\n<p>It is present in more than 50 countries on five continents, with 300 centers that serve 20 million people each year.<\/p>\n<p>To collaborate with San Juan de Dios:: <a href=\"http:\/\/www.ohsjd.es\/Actua\/Cooperaci%97ninternacional.aspx\" target=\"_blank\" rel=\"noopener noreferrer\">www.ohsjd.es<\/a>[\/vc_column_text][\/vc_column][vc_column offset=&#8221;vc_col-lg-5 vc_col-md-12 vc_col-xs-12&#8243;][vc_single_image image=&#8221;5354&#8243; img_size=&#8221;full&#8221; add_caption=&#8221;yes&#8221;][\/vc_column][\/vc_row]<\/p>\n","protected":false},"excerpt":{"rendered":"<p>[vc_row][vc_column][vc_column_text] BELLESGUARD\u2019S WINDOW, SUPPORTIVE LANDSCAPE Torre Bellesguard by Antoni Gaud\u00ed has many windows opened: to the culture, research, creation, art, music, education, communication, new technologies \u2026 and also wants to open a window for solidarity, taking an active commitment with our environment and our world. Every year we establish collaboration agreements with different NGO which [&hellip;]<\/p>\n","protected":false},"author":1,"featured_media":0,"parent":5511,"menu_order":0,"comment_status":"closed","ping_status":"closed","template":"","meta":{"_acf_changed":false,"footnotes":""},"class_list":["post-5555","page","type-page","status-publish","hentry"],"acf":[],"yoast_head":"<!-- This site is optimized with the Yoast SEO plugin v27.2 - https:\/\/yoast.com\/product\/yoast-seo-wordpress\/ -->\n<title>Solidarity Initatives | Torre Bellesguard Gaud\u00ed Barcelona<\/title>\n<meta name=\"description\" content=\"Bellesguard participates in projects of solidarity action of various NGO from the territory. Taking a commitment with our world. Collaborate!\" \/>\n<meta name=\"robots\" content=\"index, follow, max-snippet:-1, max-image-preview:large, max-video-preview:-1\" \/>\n<link rel=\"canonical\" href=\"https:\/\/bellesguardgaudi.com\/en\/bellesguard\/solidarity-initiatives\/\" \/>\n<meta property=\"og:locale\" content=\"en_US\" \/>\n<meta property=\"og:type\" content=\"article\" \/>\n<meta property=\"og:title\" content=\"Solidarity Initatives | Torre Bellesguard Gaud\u00ed Barcelona\" \/>\n<meta property=\"og:description\" content=\"Bellesguard participates in projects of solidarity action of various NGO from the territory. Taking a commitment with our world. Collaborate!\" \/>\n<meta property=\"og:url\" content=\"https:\/\/bellesguardgaudi.com\/en\/bellesguard\/solidarity-initiatives\/\" \/>\n<meta property=\"og:site_name\" content=\"Obra Modernista de Antoni Gaud\u00ed en Barcelona | Torre Bellesguard\" \/>\n<meta property=\"article:modified_time\" content=\"2021-11-15T15:46:12+00:00\" \/>\n<meta name=\"twitter:card\" content=\"summary_large_image\" \/>\n<meta name=\"twitter:label1\" content=\"Est. reading time\" \/>\n\t<meta name=\"twitter:data1\" content=\"3 minutes\" \/>\n<script type=\"application\/ld+json\" class=\"yoast-schema-graph\">{\"@context\":\"https:\/\/schema.org\",\"@graph\":[{\"@type\":\"WebPage\",\"@id\":\"https:\/\/bellesguardgaudi.com\/en\/bellesguard\/solidarity-initiatives\/\",\"url\":\"https:\/\/bellesguardgaudi.com\/en\/bellesguard\/solidarity-initiatives\/\",\"name\":\"Solidarity Initatives | Torre Bellesguard Gaud\u00ed Barcelona\",\"isPartOf\":{\"@id\":\"https:\/\/bellesguardgaudi.com\/en\/#website\"},\"datePublished\":\"2019-10-09T17:07:52+00:00\",\"dateModified\":\"2021-11-15T15:46:12+00:00\",\"description\":\"Bellesguard participates in projects of solidarity action of various NGO from the territory. Taking a commitment with our world. Collaborate!\",\"breadcrumb\":{\"@id\":\"https:\/\/bellesguardgaudi.com\/en\/bellesguard\/solidarity-initiatives\/#breadcrumb\"},\"inLanguage\":\"en-US\",\"potentialAction\":[{\"@type\":\"ReadAction\",\"target\":[\"https:\/\/bellesguardgaudi.com\/en\/bellesguard\/solidarity-initiatives\/\"]}]},{\"@type\":\"BreadcrumbList\",\"@id\":\"https:\/\/bellesguardgaudi.com\/en\/bellesguard\/solidarity-initiatives\/#breadcrumb\",\"itemListElement\":[{\"@type\":\"ListItem\",\"position\":1,\"name\":\"Portada\",\"item\":\"https:\/\/bellesguardgaudi.com\/en\/\"},{\"@type\":\"ListItem\",\"position\":2,\"name\":\"Bellesguard\",\"item\":\"https:\/\/bellesguardgaudi.com\/en\/bellesguard\/\"},{\"@type\":\"ListItem\",\"position\":3,\"name\":\"Solidarity initiatives\"}]},{\"@type\":\"WebSite\",\"@id\":\"https:\/\/bellesguardgaudi.com\/en\/#website\",\"url\":\"https:\/\/bellesguardgaudi.com\/en\/\",\"name\":\"Obra Modernista de Antoni Gaud\u00ed en Barcelona | Torre Bellesguard\",\"description\":\"Web oficial de la Torre Bellesguard. Una de las obras m\u00e1s personales del arquitecto modernista Gaud\u00ed en Barcelona. \u00a1Vis\u00edtala sin colas ni aglomeraciones!\",\"potentialAction\":[{\"@type\":\"SearchAction\",\"target\":{\"@type\":\"EntryPoint\",\"urlTemplate\":\"https:\/\/bellesguardgaudi.com\/en\/?s={search_term_string}\"},\"query-input\":{\"@type\":\"PropertyValueSpecification\",\"valueRequired\":true,\"valueName\":\"search_term_string\"}}],\"inLanguage\":\"en-US\"}]}<\/script>\n<!-- \/ Yoast SEO plugin. -->","yoast_head_json":{"title":"Solidarity Initatives | Torre Bellesguard Gaud\u00ed Barcelona","description":"Bellesguard participates in projects of solidarity action of various NGO from the territory. Taking a commitment with our world. Collaborate!","robots":{"index":"index","follow":"follow","max-snippet":"max-snippet:-1","max-image-preview":"max-image-preview:large","max-video-preview":"max-video-preview:-1"},"canonical":"https:\/\/bellesguardgaudi.com\/en\/bellesguard\/solidarity-initiatives\/","og_locale":"en_US","og_type":"article","og_title":"Solidarity Initatives | Torre Bellesguard Gaud\u00ed Barcelona","og_description":"Bellesguard participates in projects of solidarity action of various NGO from the territory. Taking a commitment with our world. Collaborate!","og_url":"https:\/\/bellesguardgaudi.com\/en\/bellesguard\/solidarity-initiatives\/","og_site_name":"Obra Modernista de Antoni Gaud\u00ed en Barcelona | Torre Bellesguard","article_modified_time":"2021-11-15T15:46:12+00:00","twitter_card":"summary_large_image","twitter_misc":{"Est. reading time":"3 minutes"},"schema":{"@context":"https:\/\/schema.org","@graph":[{"@type":"WebPage","@id":"https:\/\/bellesguardgaudi.com\/en\/bellesguard\/solidarity-initiatives\/","url":"https:\/\/bellesguardgaudi.com\/en\/bellesguard\/solidarity-initiatives\/","name":"Solidarity Initatives | Torre Bellesguard Gaud\u00ed Barcelona","isPartOf":{"@id":"https:\/\/bellesguardgaudi.com\/en\/#website"},"datePublished":"2019-10-09T17:07:52+00:00","dateModified":"2021-11-15T15:46:12+00:00","description":"Bellesguard participates in projects of solidarity action of various NGO from the territory. Taking a commitment with our world. Collaborate!","breadcrumb":{"@id":"https:\/\/bellesguardgaudi.com\/en\/bellesguard\/solidarity-initiatives\/#breadcrumb"},"inLanguage":"en-US","potentialAction":[{"@type":"ReadAction","target":["https:\/\/bellesguardgaudi.com\/en\/bellesguard\/solidarity-initiatives\/"]}]},{"@type":"BreadcrumbList","@id":"https:\/\/bellesguardgaudi.com\/en\/bellesguard\/solidarity-initiatives\/#breadcrumb","itemListElement":[{"@type":"ListItem","position":1,"name":"Portada","item":"https:\/\/bellesguardgaudi.com\/en\/"},{"@type":"ListItem","position":2,"name":"Bellesguard","item":"https:\/\/bellesguardgaudi.com\/en\/bellesguard\/"},{"@type":"ListItem","position":3,"name":"Solidarity initiatives"}]},{"@type":"WebSite","@id":"https:\/\/bellesguardgaudi.com\/en\/#website","url":"https:\/\/bellesguardgaudi.com\/en\/","name":"Obra Modernista de Antoni Gaud\u00ed en Barcelona | Torre Bellesguard","description":"Web oficial de la Torre Bellesguard. Una de las obras m\u00e1s personales del arquitecto modernista Gaud\u00ed en Barcelona. \u00a1Vis\u00edtala sin colas ni aglomeraciones!","potentialAction":[{"@type":"SearchAction","target":{"@type":"EntryPoint","urlTemplate":"https:\/\/bellesguardgaudi.com\/en\/?s={search_term_string}"},"query-input":{"@type":"PropertyValueSpecification","valueRequired":true,"valueName":"search_term_string"}}],"inLanguage":"en-US"}]}},"_links":{"self":[{"href":"https:\/\/bellesguardgaudi.com\/en\/wp-json\/wp\/v2\/pages\/5555","targetHints":{"allow":["GET"]}}],"collection":[{"href":"https:\/\/bellesguardgaudi.com\/en\/wp-json\/wp\/v2\/pages"}],"about":[{"href":"https:\/\/bellesguardgaudi.com\/en\/wp-json\/wp\/v2\/types\/page"}],"author":[{"embeddable":true,"href":"https:\/\/bellesguardgaudi.com\/en\/wp-json\/wp\/v2\/users\/1"}],"replies":[{"embeddable":true,"href":"https:\/\/bellesguardgaudi.com\/en\/wp-json\/wp\/v2\/comments?post=5555"}],"version-history":[{"count":5,"href":"https:\/\/bellesguardgaudi.com\/en\/wp-json\/wp\/v2\/pages\/5555\/revisions"}],"predecessor-version":[{"id":10521,"href":"https:\/\/bellesguardgaudi.com\/en\/wp-json\/wp\/v2\/pages\/5555\/revisions\/10521"}],"up":[{"embeddable":true,"href":"https:\/\/bellesguardgaudi.com\/en\/wp-json\/wp\/v2\/pages\/5511"}],"wp:attachment":[{"href":"https:\/\/bellesguardgaudi.com\/en\/wp-json\/wp\/v2\/media?parent=5555"}],"curies":[{"name":"wp","href":"https:\/\/api.w.org\/{rel}","templated":true}]}}