{"id":5604,"date":"2019-07-26T11:02:58","date_gmt":"2019-07-26T09:02:58","guid":{"rendered":"http:\/\/130.61.100.28\/wordpress\/buy-tickets\/"},"modified":"2022-03-22T13:05:09","modified_gmt":"2022-03-22T12:05:09","slug":"buy-tickets","status":"publish","type":"page","link":"https:\/\/bellesguardgaudi.com\/en\/buy-tickets\/","title":{"rendered":"Buy tickets"},"content":{"rendered":"<p>[vc_row][vc_column]<div class=\"tour-list row add-clearfix\"><div class=\"col-md-4 col-sm-6 wow zoomIn\" data-wow-delay=\"0.1s\">\t<div class=\"tour_container asdda\">\n\t\t\t\t\t<div class=\"ribbon_3\"><span>Featured<\/span><\/div>\n\t\t\t\t  \n\t\t\t<span><\/span>\n\t\t  \n\t\t<div class=\"img_container\">\n\t\t\t<a href=\"https:\/\/tickets.bellesguardgaudi.com\/en\/1794-entradas\/11873-visita-guiada \">\n\t\t\t\t<img loading=\"lazy\" decoding=\"async\" width=\"400\" height=\"267\" src=\"https:\/\/bellesguardgaudi.com\/wp-content\/uploads\/2019\/05\/visita-guiada-400x267.jpg\" class=\"attachment-ct-list-thumb size-ct-list-thumb wp-post-image\" alt=\"\" srcset=\"https:\/\/bellesguardgaudi.com\/wp-content\/uploads\/2019\/05\/visita-guiada-400x267.jpg 400w, https:\/\/bellesguardgaudi.com\/wp-content\/uploads\/2019\/05\/visita-guiada-300x201.jpg 300w, https:\/\/bellesguardgaudi.com\/wp-content\/uploads\/2019\/05\/visita-guiada-200x133.jpg 200w, https:\/\/bellesguardgaudi.com\/wp-content\/uploads\/2019\/05\/visita-guiada.jpg 422w\" sizes=\"auto, (max-width: 400px) 100vw, 400px\" \/>\t\t\t\t<!-- <div class=\"ribbon top_rated\"><\/div> -->\n\t\t\t\t\t\t\t\t<div class=\"short_info\">\n\t\t\t\t\t<i class=\"icon_set_custom\"><\/i>Torre Bellesguard\t\t\t\t\t<span class=\"price\">\n                          <span>20.00<sup>\u20ac<\/sup><\/span>                      <\/span>\n\t\t\t\t<\/div>\n\t\t\t<\/a>\n\t\t<\/div>\n\n\t\t<div class=\"tour_title\">\n\t\t\t<h3>Guided Visit<\/h3>\n\n          \t\n        \n        <div class='rating custom-rating'><i class='fas fa-star'><\/i><i class='fas fa-star'><\/i><i class='fas fa-star'><\/i><i class='fas fa-star'><\/i><i class='fas fa-star-half-alt'><\/i><span>(<span>71<\/span>)<\/span><\/div>\n      \n\n\n\t\t\t\t\t\t\t\t<\/div>\n\t<\/div><!-- End box tour -->\n<\/div><!-- End col-md-6 -->\n<div class=\"col-md-4 col-sm-6 wow zoomIn\" data-wow-delay=\"0.1s\">\t<div class=\"tour_container asdda\">\n\t\t\t\t\t<div class=\"ribbon_3\"><span>Featured<\/span><\/div>\n\t\t\t\t  \n\t\t\t<span><\/span>\n\t\t  \n\t\t<div class=\"img_container\">\n\t\t\t<a href=\"https:\/\/tickets.bellesguardgaudi.com\/en\/1794-entradas\/11872-visita-con-audioguia \">\n\t\t\t\t<img loading=\"lazy\" decoding=\"async\" width=\"400\" height=\"267\" src=\"https:\/\/bellesguardgaudi.com\/wp-content\/uploads\/2024\/09\/0.-PRINCIPAL-AG-400x267.webp\" class=\"attachment-ct-list-thumb size-ct-list-thumb wp-post-image\" alt=\"\" srcset=\"https:\/\/bellesguardgaudi.com\/wp-content\/uploads\/2024\/09\/0.-PRINCIPAL-AG-400x267.webp 400w, https:\/\/bellesguardgaudi.com\/wp-content\/uploads\/2024\/09\/0.-PRINCIPAL-AG-300x200.webp 300w, https:\/\/bellesguardgaudi.com\/wp-content\/uploads\/2024\/09\/0.-PRINCIPAL-AG-1024x683.webp 1024w, https:\/\/bellesguardgaudi.com\/wp-content\/uploads\/2024\/09\/0.-PRINCIPAL-AG-768x512.webp 768w, https:\/\/bellesguardgaudi.com\/wp-content\/uploads\/2024\/09\/0.-PRINCIPAL-AG-1536x1025.webp 1536w, https:\/\/bellesguardgaudi.com\/wp-content\/uploads\/2024\/09\/0.-PRINCIPAL-AG-2048x1366.webp 2048w, https:\/\/bellesguardgaudi.com\/wp-content\/uploads\/2024\/09\/0.-PRINCIPAL-AG-200x133.webp 200w, https:\/\/bellesguardgaudi.com\/wp-content\/uploads\/2024\/09\/0.-PRINCIPAL-AG-600x400.webp 600w\" sizes=\"auto, (max-width: 400px) 100vw, 400px\" \/>\t\t\t\t<!-- <div class=\"ribbon top_rated\"><\/div> -->\n\t\t\t\t\t\t\t\t<div class=\"short_info\">\n\t\t\t\t\t<i class=\"icon_set_custom\"><\/i>Torre Bellesguard\t\t\t\t\t<span class=\"price\">\n                          <span>12.00<sup>\u20ac<\/sup><\/span>                      <\/span>\n\t\t\t\t<\/div>\n\t\t\t<\/a>\n\t\t<\/div>\n\n\t\t<div class=\"tour_title\">\n\t\t\t<h3>Visit with audioguide<\/h3>\n\n          \t\n        \n        <div class='rating custom-rating'><i class='fas fa-star'><\/i><i class='fas fa-star'><\/i><i class='fas fa-star'><\/i><i class='fas fa-star'><\/i><i class='fas fa-star-half-alt'><\/i><span>(<span>71<\/span>)<\/span><\/div>\n      \n\n\n\t\t\t\t\t\t\t\t<\/div>\n\t<\/div><!-- End box tour -->\n<\/div><!-- End col-md-6 -->\n<div class=\"col-md-4 col-sm-6 wow zoomIn\" data-wow-delay=\"0.1s\">\t<div class=\"tour_container asdda\">\n\t\t\t\t  \n\t\t\t<span><\/span>\n\t\t  \n\t\t<div class=\"img_container\">\n\t\t\t<a href=\"https:\/\/tickets.bellesguardgaudi.com\/en \">\n\t\t\t\t<img loading=\"lazy\" decoding=\"async\" width=\"400\" height=\"267\" src=\"https:\/\/bellesguardgaudi.com\/wp-content\/uploads\/2024\/09\/1-400x267.webp\" class=\"attachment-ct-list-thumb size-ct-list-thumb wp-post-image\" alt=\"\" srcset=\"https:\/\/bellesguardgaudi.com\/wp-content\/uploads\/2024\/09\/1-400x267.webp 400w, https:\/\/bellesguardgaudi.com\/wp-content\/uploads\/2024\/09\/1-300x200.webp 300w, https:\/\/bellesguardgaudi.com\/wp-content\/uploads\/2024\/09\/1-1024x683.webp 1024w, https:\/\/bellesguardgaudi.com\/wp-content\/uploads\/2024\/09\/1-768x512.webp 768w, https:\/\/bellesguardgaudi.com\/wp-content\/uploads\/2024\/09\/1-1536x1024.webp 1536w, https:\/\/bellesguardgaudi.com\/wp-content\/uploads\/2024\/09\/1-200x133.webp 200w, https:\/\/bellesguardgaudi.com\/wp-content\/uploads\/2024\/09\/1-600x400.webp 600w, https:\/\/bellesguardgaudi.com\/wp-content\/uploads\/2024\/09\/1.webp 1875w\" sizes=\"auto, (max-width: 400px) 100vw, 400px\" \/>\t\t\t\t<!-- <div class=\"ribbon top_rated\"><\/div> -->\n\t\t\t\t\t\t\t\t<div class=\"short_info\">\n\t\t\t\t\t<i class=\"icon_set_custom\"><\/i>Groups\t\t\t\t\t<span class=\"price\">\n                      <\/span>\n\t\t\t\t<\/div>\n\t\t\t<\/a>\n\t\t<\/div>\n\n\t\t<div class=\"tour_title\">\n\t\t\t<h3>Groups<\/h3>\n\n          \t<br>\n\n\n\t\t\t\t\t\t\t\t<\/div>\n\t<\/div><!-- End box tour -->\n<\/div><!-- End col-md-6 -->\n<div class=\"col-md-4 col-sm-6 wow zoomIn\" data-wow-delay=\"0.1s\">\t<div class=\"tour_container asdda\">\n\t\t\t\t  \n\t\t\t<span><\/span>\n\t\t  \n\t\t<div class=\"img_container\">\n\t\t\t<a href=\"https:\/\/tickets.bellesguardgaudi.com\/en \">\n\t\t\t\t<img loading=\"lazy\" decoding=\"async\" width=\"400\" height=\"267\" src=\"https:\/\/bellesguardgaudi.com\/wp-content\/uploads\/2020\/06\/6-400x267.webp\" class=\"attachment-ct-list-thumb size-ct-list-thumb wp-post-image\" alt=\"\" srcset=\"https:\/\/bellesguardgaudi.com\/wp-content\/uploads\/2020\/06\/6-400x267.webp 400w, https:\/\/bellesguardgaudi.com\/wp-content\/uploads\/2020\/06\/6-300x200.webp 300w, https:\/\/bellesguardgaudi.com\/wp-content\/uploads\/2020\/06\/6-1024x683.webp 1024w, https:\/\/bellesguardgaudi.com\/wp-content\/uploads\/2020\/06\/6-768x512.webp 768w, https:\/\/bellesguardgaudi.com\/wp-content\/uploads\/2020\/06\/6-1536x1024.webp 1536w, https:\/\/bellesguardgaudi.com\/wp-content\/uploads\/2020\/06\/6-2048x1366.webp 2048w, https:\/\/bellesguardgaudi.com\/wp-content\/uploads\/2020\/06\/6-200x133.webp 200w, https:\/\/bellesguardgaudi.com\/wp-content\/uploads\/2020\/06\/6-600x400.webp 600w\" sizes=\"auto, (max-width: 400px) 100vw, 400px\" \/>\t\t\t\t<!-- <div class=\"ribbon top_rated\"><\/div> -->\n\t\t\t\t\t\t\t\t<div class=\"short_info\">\n\t\t\t\t\t<i class=\"icon_set_custom\"><\/i>Groups\t\t\t\t\t<span class=\"price\">\n                      <\/span>\n\t\t\t\t<\/div>\n\t\t\t<\/a>\n\t\t<\/div>\n\n\t\t<div class=\"tour_title\">\n\t\t\t<h3>Customized Visits<\/h3>\n\n          \t<br>\n\n\n\t\t\t\t\t\t\t\t<\/div>\n\t<\/div><!-- End box tour -->\n<\/div><!-- End col-md-6 -->\n<div class=\"col-md-4 col-sm-6 wow zoomIn\" data-wow-delay=\"0.1s\">\t<div class=\"tour_container asdda\">\n\t\t\t\t  \n\t\t\t<span><\/span>\n\t\t  \n\t\t<div class=\"img_container\">\n\t\t\t<a href=\"https:\/\/tickets.bellesguardgaudi.com\/en\/1843-ecoles \">\n\t\t\t\t<img loading=\"lazy\" decoding=\"async\" width=\"400\" height=\"267\" src=\"https:\/\/bellesguardgaudi.com\/wp-content\/uploads\/2020\/06\/ESCUELAS-400x267.webp\" class=\"attachment-ct-list-thumb size-ct-list-thumb wp-post-image\" alt=\"\" srcset=\"https:\/\/bellesguardgaudi.com\/wp-content\/uploads\/2020\/06\/ESCUELAS-400x267.webp 400w, https:\/\/bellesguardgaudi.com\/wp-content\/uploads\/2020\/06\/ESCUELAS-200x133.webp 200w\" sizes=\"auto, (max-width: 400px) 100vw, 400px\" \/>\t\t\t\t<!-- <div class=\"ribbon top_rated\"><\/div> -->\n\t\t\t\t\t\t\t\t<div class=\"short_info\">\n\t\t\t\t\t<i class=\"icon_set_custom\"><\/i>Groups\t\t\t\t\t<span class=\"price\">\n                      <\/span>\n\t\t\t\t<\/div>\n\t\t\t<\/a>\n\t\t<\/div>\n\n\t\t<div class=\"tour_title\">\n\t\t\t<h3>Tours for schools<\/h3>\n\n          \t<br>\n\n\n\t\t\t\t\t\t\t\t<\/div>\n\t<\/div><!-- End box tour -->\n<\/div><!-- End col-md-6 -->\n<\/div>[\/vc_column][\/vc_row]<\/p>\n","protected":false},"excerpt":{"rendered":"<p>[vc_row][vc_column][\/vc_column][\/vc_row]<\/p>\n","protected":false},"author":1,"featured_media":0,"parent":0,"menu_order":0,"comment_status":"closed","ping_status":"closed","template":"","meta":{"_acf_changed":false,"footnotes":""},"class_list":["post-5604","page","type-page","status-publish","hentry"],"acf":[],"yoast_head":"<!-- This site is optimized with the Yoast SEO plugin v27.2 - https:\/\/yoast.com\/product\/yoast-seo-wordpress\/ -->\n<title>Buy tickets for the Tour | Torre Bellesguard<\/title>\n<meta name=\"description\" content=\"Buy tickets to visit the Torre Bellesguard. Do not miss the most exclusive modernist work of Antoni Gaud\u00ed in Barcelona. Buy online your tickets now!\" \/>\n<meta name=\"robots\" content=\"index, follow, max-snippet:-1, max-image-preview:large, max-video-preview:-1\" \/>\n<link rel=\"canonical\" href=\"https:\/\/bellesguardgaudi.com\/en\/buy-tickets\/\" \/>\n<meta property=\"og:locale\" content=\"en_US\" \/>\n<meta property=\"og:type\" content=\"article\" \/>\n<meta property=\"og:title\" content=\"Buy tickets for the Tour | Torre Bellesguard\" \/>\n<meta property=\"og:description\" content=\"Buy tickets to visit the Torre Bellesguard. Do not miss the most exclusive modernist work of Antoni Gaud\u00ed in Barcelona. Buy online your tickets now!\" \/>\n<meta property=\"og:url\" content=\"https:\/\/bellesguardgaudi.com\/en\/buy-tickets\/\" \/>\n<meta property=\"og:site_name\" content=\"Obra Modernista de Antoni Gaud\u00ed en Barcelona | Torre Bellesguard\" \/>\n<meta property=\"article:modified_time\" content=\"2022-03-22T12:05:09+00:00\" \/>\n<meta name=\"twitter:card\" content=\"summary_large_image\" \/>\n<meta name=\"twitter:label1\" content=\"Est. reading time\" \/>\n\t<meta name=\"twitter:data1\" content=\"1 minute\" \/>\n<script type=\"application\/ld+json\" class=\"yoast-schema-graph\">{\"@context\":\"https:\/\/schema.org\",\"@graph\":[{\"@type\":\"WebPage\",\"@id\":\"https:\/\/bellesguardgaudi.com\/en\/buy-tickets\/\",\"url\":\"https:\/\/bellesguardgaudi.com\/en\/buy-tickets\/\",\"name\":\"Buy tickets for the Tour | Torre Bellesguard\",\"isPartOf\":{\"@id\":\"https:\/\/bellesguardgaudi.com\/en\/#website\"},\"datePublished\":\"2019-07-26T09:02:58+00:00\",\"dateModified\":\"2022-03-22T12:05:09+00:00\",\"description\":\"Buy tickets to visit the Torre Bellesguard. Do not miss the most exclusive modernist work of Antoni Gaud\u00ed in Barcelona. Buy online your tickets now!\",\"breadcrumb\":{\"@id\":\"https:\/\/bellesguardgaudi.com\/en\/buy-tickets\/#breadcrumb\"},\"inLanguage\":\"en-US\",\"potentialAction\":[{\"@type\":\"ReadAction\",\"target\":[\"https:\/\/bellesguardgaudi.com\/en\/buy-tickets\/\"]}]},{\"@type\":\"BreadcrumbList\",\"@id\":\"https:\/\/bellesguardgaudi.com\/en\/buy-tickets\/#breadcrumb\",\"itemListElement\":[{\"@type\":\"ListItem\",\"position\":1,\"name\":\"Portada\",\"item\":\"https:\/\/bellesguardgaudi.com\/en\/\"},{\"@type\":\"ListItem\",\"position\":2,\"name\":\"Buy tickets\"}]},{\"@type\":\"WebSite\",\"@id\":\"https:\/\/bellesguardgaudi.com\/en\/#website\",\"url\":\"https:\/\/bellesguardgaudi.com\/en\/\",\"name\":\"Obra Modernista de Antoni Gaud\u00ed en Barcelona | Torre Bellesguard\",\"description\":\"Web oficial de la Torre Bellesguard. Una de las obras m\u00e1s personales del arquitecto modernista Gaud\u00ed en Barcelona. \u00a1Vis\u00edtala sin colas ni aglomeraciones!\",\"potentialAction\":[{\"@type\":\"SearchAction\",\"target\":{\"@type\":\"EntryPoint\",\"urlTemplate\":\"https:\/\/bellesguardgaudi.com\/en\/?s={search_term_string}\"},\"query-input\":{\"@type\":\"PropertyValueSpecification\",\"valueRequired\":true,\"valueName\":\"search_term_string\"}}],\"inLanguage\":\"en-US\"}]}<\/script>\n<!-- \/ Yoast SEO plugin. -->","yoast_head_json":{"title":"Buy tickets for the Tour | Torre Bellesguard","description":"Buy tickets to visit the Torre Bellesguard. Do not miss the most exclusive modernist work of Antoni Gaud\u00ed in Barcelona. Buy online your tickets now!","robots":{"index":"index","follow":"follow","max-snippet":"max-snippet:-1","max-image-preview":"max-image-preview:large","max-video-preview":"max-video-preview:-1"},"canonical":"https:\/\/bellesguardgaudi.com\/en\/buy-tickets\/","og_locale":"en_US","og_type":"article","og_title":"Buy tickets for the Tour | Torre Bellesguard","og_description":"Buy tickets to visit the Torre Bellesguard. Do not miss the most exclusive modernist work of Antoni Gaud\u00ed in Barcelona. Buy online your tickets now!","og_url":"https:\/\/bellesguardgaudi.com\/en\/buy-tickets\/","og_site_name":"Obra Modernista de Antoni Gaud\u00ed en Barcelona | Torre Bellesguard","article_modified_time":"2022-03-22T12:05:09+00:00","twitter_card":"summary_large_image","twitter_misc":{"Est. reading time":"1 minute"},"schema":{"@context":"https:\/\/schema.org","@graph":[{"@type":"WebPage","@id":"https:\/\/bellesguardgaudi.com\/en\/buy-tickets\/","url":"https:\/\/bellesguardgaudi.com\/en\/buy-tickets\/","name":"Buy tickets for the Tour | Torre Bellesguard","isPartOf":{"@id":"https:\/\/bellesguardgaudi.com\/en\/#website"},"datePublished":"2019-07-26T09:02:58+00:00","dateModified":"2022-03-22T12:05:09+00:00","description":"Buy tickets to visit the Torre Bellesguard. Do not miss the most exclusive modernist work of Antoni Gaud\u00ed in Barcelona. Buy online your tickets now!","breadcrumb":{"@id":"https:\/\/bellesguardgaudi.com\/en\/buy-tickets\/#breadcrumb"},"inLanguage":"en-US","potentialAction":[{"@type":"ReadAction","target":["https:\/\/bellesguardgaudi.com\/en\/buy-tickets\/"]}]},{"@type":"BreadcrumbList","@id":"https:\/\/bellesguardgaudi.com\/en\/buy-tickets\/#breadcrumb","itemListElement":[{"@type":"ListItem","position":1,"name":"Portada","item":"https:\/\/bellesguardgaudi.com\/en\/"},{"@type":"ListItem","position":2,"name":"Buy tickets"}]},{"@type":"WebSite","@id":"https:\/\/bellesguardgaudi.com\/en\/#website","url":"https:\/\/bellesguardgaudi.com\/en\/","name":"Obra Modernista de Antoni Gaud\u00ed en Barcelona | Torre Bellesguard","description":"Web oficial de la Torre Bellesguard. Una de las obras m\u00e1s personales del arquitecto modernista Gaud\u00ed en Barcelona. \u00a1Vis\u00edtala sin colas ni aglomeraciones!","potentialAction":[{"@type":"SearchAction","target":{"@type":"EntryPoint","urlTemplate":"https:\/\/bellesguardgaudi.com\/en\/?s={search_term_string}"},"query-input":{"@type":"PropertyValueSpecification","valueRequired":true,"valueName":"search_term_string"}}],"inLanguage":"en-US"}]}},"_links":{"self":[{"href":"https:\/\/bellesguardgaudi.com\/en\/wp-json\/wp\/v2\/pages\/5604","targetHints":{"allow":["GET"]}}],"collection":[{"href":"https:\/\/bellesguardgaudi.com\/en\/wp-json\/wp\/v2\/pages"}],"about":[{"href":"https:\/\/bellesguardgaudi.com\/en\/wp-json\/wp\/v2\/types\/page"}],"author":[{"embeddable":true,"href":"https:\/\/bellesguardgaudi.com\/en\/wp-json\/wp\/v2\/users\/1"}],"replies":[{"embeddable":true,"href":"https:\/\/bellesguardgaudi.com\/en\/wp-json\/wp\/v2\/comments?post=5604"}],"version-history":[{"count":5,"href":"https:\/\/bellesguardgaudi.com\/en\/wp-json\/wp\/v2\/pages\/5604\/revisions"}],"predecessor-version":[{"id":18702,"href":"https:\/\/bellesguardgaudi.com\/en\/wp-json\/wp\/v2\/pages\/5604\/revisions\/18702"}],"wp:attachment":[{"href":"https:\/\/bellesguardgaudi.com\/en\/wp-json\/wp\/v2\/media?parent=5604"}],"curies":[{"name":"wp","href":"https:\/\/api.w.org\/{rel}","templated":true}]}}