{"id":6130,"date":"2020-01-20T19:15:05","date_gmt":"2020-01-20T18:15:05","guid":{"rendered":"http:\/\/130.61.100.28\/wordpress\/?page_id=6130"},"modified":"2026-01-26T12:38:15","modified_gmt":"2026-01-26T11:38:15","slug":"teambuildings","status":"publish","type":"page","link":"https:\/\/bellesguardgaudi.com\/en\/renting-of-spaces\/teambuildings\/","title":{"rendered":"Teambuilding"},"content":{"rendered":"<p>[vc_row][vc_column][vc_row_inner equal_height=&#8221;yes&#8221; content_placement=&#8221;middle&#8221;][vc_column_inner][vc_column_text el_class=&#8221;parrafo-destacado&#8221;]Companies increasingly give importance to the realization of extra-work activities, so that their workers can meet outside the factory or office, creating personal ties that strengthen interpersonal relationships and team dynamics.[\/vc_column_text][vc_separator css=&#8221;.vc_custom_1579521492888{margin-top: 30px !important;margin-bottom: 30px !important;}&#8221;][vc_column_text]With the company <a href=\"https:\/\/mosaiccos.com\/\">Mosaiccos<\/a> we offer the possibility of holding a\u00a0<em>trencad\u00eds\u00a0<\/em>(\u201cbroken tile mosaics\u201d) workshop, one of Gaud\u00ed\u2019s most famous techniques, either by creating an object for each participant or by jointly drawing up the company\u2019s logo.<\/p>\n<p>The activity of Teambuilding can be of any other type: masterchef style, show cooking, wine tasting \u2026 and can include a guided tour and a snack or gastronomic tasting. All this in a single space, the Bellesguard Tower of Antoni Gaud\u00ed. Tell us what you are thinking and we help you to assemble it, we are at your disposal.[\/vc_column_text][\/vc_column_inner][\/vc_row_inner][vc_row_inner content_placement=&#8221;top&#8221; css=&#8221;.vc_custom_1579545314042{margin-top: 50px !important;}&#8221;][vc_column_inner width=&#8221;7\/12&#8243;][vc_video link=&#8221;https:\/\/www.youtube.com\/watch?v=PgHqpDOmbDg&amp;feature=emb_title&#8221;][vc_separator css=&#8221;.vc_custom_1579521492888{margin-top: 30px !important;margin-bottom: 30px !important;}&#8221;][vc_column_text css=&#8221;.vc_custom_1579544529638{margin-top: 30px !important;}&#8221;]<\/p>\n<div style=\"width: 900px;\" class=\"wp-video\"><!--[if lt IE 9]><script>document.createElement('video');<\/script><![endif]-->\n<video class=\"wp-video-shortcode\" id=\"video-6130-1\" width=\"900\" height=\"383\" poster=\"https:\/\/bellesguardgaudi.com\/wp-content\/uploads\/2020\/01\/logo-la-caixa-2.jpg\" preload=\"metadata\" controls=\"controls\"><source type=\"video\/mp4\" src=\"https:\/\/bellesguardgaudi.com\/wp-content\/uploads\/2020\/01\/LAcaixa-teambuilding.mp4?_=1\" \/><a href=\"https:\/\/bellesguardgaudi.com\/wp-content\/uploads\/2020\/01\/LAcaixa-teambuilding.mp4\">https:\/\/bellesguardgaudi.com\/wp-content\/uploads\/2020\/01\/LAcaixa-teambuilding.mp4<\/a><\/video><\/div>\n<p>[\/vc_column_text][\/vc_column_inner][vc_column_inner width=&#8221;5\/12&#8243; css=&#8221;.vc_custom_1579545254035{padding: 20px !important;background-color: #ffffff !important;border-radius: 5px !important;}&#8221;][vc_column_text]<\/p>\n<h3 style=\"text-align: center;\">CONTACT US<\/h3>\n<p>[\/vc_column_text][vc_separator]\n<div class=\"wpcf7 no-js\" id=\"wpcf7-f10364-o1\" lang=\"en-US\" dir=\"ltr\" data-wpcf7-id=\"10364\">\n<div class=\"screen-reader-response\"><p role=\"status\" aria-live=\"polite\" aria-atomic=\"true\"><\/p> <ul><\/ul><\/div>\n<form action=\"\/en\/wp-json\/wp\/v2\/pages\/6130#wpcf7-f10364-o1\" method=\"post\" class=\"wpcf7-form init\" aria-label=\"Contact form\" novalidate=\"novalidate\" data-status=\"init\">\n<fieldset class=\"hidden-fields-container\"><input type=\"hidden\" name=\"_wpcf7\" value=\"10364\" \/><input type=\"hidden\" name=\"_wpcf7_version\" value=\"6.1.5\" \/><input type=\"hidden\" name=\"_wpcf7_locale\" value=\"en_US\" \/><input type=\"hidden\" name=\"_wpcf7_unit_tag\" value=\"wpcf7-f10364-o1\" \/><input type=\"hidden\" name=\"_wpcf7_container_post\" value=\"0\" \/><input type=\"hidden\" name=\"_wpcf7_posted_data_hash\" value=\"\" \/><input type=\"hidden\" name=\"_wpcf7_recaptcha_response\" value=\"\" \/>\n<\/fieldset>\n<p><label> <span class=\"wpcf7-form-control-wrap\" data-name=\"your-name\"><input size=\"40\" maxlength=\"400\" class=\"wpcf7-form-control wpcf7-text wpcf7-validates-as-required\" aria-required=\"true\" aria-invalid=\"false\" placeholder=\"Name (required)\" value=\"\" type=\"text\" name=\"your-name\" \/><\/span> <\/label>\n<\/p>\n<p><label> <span class=\"wpcf7-form-control-wrap\" data-name=\"your-surname\"><input size=\"40\" maxlength=\"400\" class=\"wpcf7-form-control wpcf7-text wpcf7-validates-as-required\" aria-required=\"true\" aria-invalid=\"false\" placeholder=\"Last Name (required)\" value=\"\" type=\"text\" name=\"your-surname\" \/><\/span> <\/label>\n<\/p>\n<p><label> <span class=\"wpcf7-form-control-wrap\" data-name=\"your-email\"><input size=\"40\" maxlength=\"400\" class=\"wpcf7-form-control wpcf7-email wpcf7-validates-as-required wpcf7-text wpcf7-validates-as-email\" aria-required=\"true\" aria-invalid=\"false\" placeholder=\"E-mail (required)\" value=\"\" type=\"email\" name=\"your-email\" \/><\/span> <\/label>\n<\/p>\n<p><label> <span class=\"wpcf7-form-control-wrap\" data-name=\"your-subject\"><input size=\"40\" maxlength=\"400\" class=\"wpcf7-form-control wpcf7-text\" aria-invalid=\"false\" placeholder=\"Subject\" value=\"\" type=\"text\" name=\"your-subject\" \/><\/span> <\/label>\n<\/p>\n<p><label> <span class=\"wpcf7-form-control-wrap\" data-name=\"your-message\"><textarea cols=\"40\" rows=\"10\" maxlength=\"2000\" class=\"wpcf7-form-control wpcf7-textarea\" aria-invalid=\"false\" placeholder=\"Message\" name=\"your-message\"><\/textarea><\/span> <\/label>\n<\/p>\n<p><span class=\"wpcf7-form-control-wrap\" data-name=\"acceptance-399\"><span class=\"wpcf7-form-control wpcf7-acceptance\"><span class=\"wpcf7-list-item\"><label><input type=\"checkbox\" name=\"acceptance-399\" value=\"1\" aria-invalid=\"false\" \/><span class=\"wpcf7-list-item-label\">I accept  <a href=\"https:\/\/bellesguardgaudi.com\/en\/privacy-policy\/\" target=\"_blank\" rel=\"noopener\">the Privacy Policy<\/a><\/span><\/label><\/span><\/span><\/span>\n<\/p>\n<p><input class=\"wpcf7-form-control wpcf7-submit has-spinner\" type=\"submit\" value=\"Send\" \/>\n<\/p>\n<p>This website is guard by reCAPTCHA and Google. Next link you can see the <a href=\"https:\/\/policies.google.com\/privacy\" target=\"_blank\" rel=\"nofollow\">Privacy Policy<\/a> and <a href=\"https:\/\/policies.google.com\/terms\" target=\"_blank\" rel=\"nofollow\">Terms of Service<\/a>.\n<\/p><input type='hidden' class='wpcf7-pum' value='{\"closepopup\":false,\"closedelay\":0,\"openpopup\":false,\"openpopup_id\":0}' \/><div class=\"wpcf7-response-output\" aria-hidden=\"true\"><\/div>\n<\/form>\n<\/div>\n[\/vc_column_inner][\/vc_row_inner][\/vc_column][\/vc_row]<\/p>\n","protected":false},"excerpt":{"rendered":"<p>[vc_row][vc_column][vc_row_inner equal_height=&#8221;yes&#8221; content_placement=&#8221;middle&#8221;][vc_column_inner][vc_column_text el_class=&#8221;parrafo-destacado&#8221;]Companies increasingly give importance to the realization of extra-work activities, so that their workers can meet outside the factory or office, creating personal ties that strengthen interpersonal relationships and team dynamics.[\/vc_column_text][vc_separator css=&#8221;.vc_custom_1579521492888{margin-top: 30px !important;margin-bottom: 30px !important;}&#8221;][vc_column_text]With the company Mosaiccos we offer the possibility of holding a\u00a0trencad\u00eds\u00a0(\u201cbroken tile mosaics\u201d) workshop, one of Gaud\u00ed\u2019s [&hellip;]<\/p>\n","protected":false},"author":1,"featured_media":0,"parent":5745,"menu_order":0,"comment_status":"closed","ping_status":"closed","template":"","meta":{"_acf_changed":false,"footnotes":""},"class_list":["post-6130","page","type-page","status-publish","hentry"],"acf":[],"yoast_head":"<!-- This site is optimized with the Yoast SEO plugin v27.2 - https:\/\/yoast.com\/product\/yoast-seo-wordpress\/ -->\n<title>Team Building in Barcelona | Space Rental<\/title>\n<meta name=\"description\" content=\"We organize Team Building workshops through one of the most famous techniques in Gaud\u00ed. Strengthens your work team in a unique space. Contact us!\" \/>\n<meta name=\"robots\" content=\"index, follow, max-snippet:-1, max-image-preview:large, max-video-preview:-1\" \/>\n<link rel=\"canonical\" href=\"https:\/\/bellesguardgaudi.com\/en\/renting-of-spaces\/teambuildings\/\" \/>\n<meta property=\"og:locale\" content=\"en_US\" \/>\n<meta property=\"og:type\" content=\"article\" \/>\n<meta property=\"og:title\" content=\"Team Building in Barcelona | Space Rental\" \/>\n<meta property=\"og:description\" content=\"We organize Team Building workshops through one of the most famous techniques in Gaud\u00ed. Strengthens your work team in a unique space. Contact us!\" \/>\n<meta property=\"og:url\" content=\"https:\/\/bellesguardgaudi.com\/en\/renting-of-spaces\/teambuildings\/\" \/>\n<meta property=\"og:site_name\" content=\"Obra Modernista de Antoni Gaud\u00ed en Barcelona | Torre Bellesguard\" \/>\n<meta property=\"article:modified_time\" content=\"2026-01-26T11:38:15+00:00\" \/>\n<meta name=\"twitter:card\" content=\"summary_large_image\" \/>\n<meta name=\"twitter:label1\" content=\"Est. reading time\" \/>\n\t<meta name=\"twitter:data1\" content=\"1 minute\" \/>\n<script type=\"application\/ld+json\" class=\"yoast-schema-graph\">{\"@context\":\"https:\/\/schema.org\",\"@graph\":[{\"@type\":\"WebPage\",\"@id\":\"https:\/\/bellesguardgaudi.com\/en\/renting-of-spaces\/teambuildings\/\",\"url\":\"https:\/\/bellesguardgaudi.com\/en\/renting-of-spaces\/teambuildings\/\",\"name\":\"Team Building in Barcelona | Space Rental\",\"isPartOf\":{\"@id\":\"https:\/\/bellesguardgaudi.com\/en\/#website\"},\"datePublished\":\"2020-01-20T18:15:05+00:00\",\"dateModified\":\"2026-01-26T11:38:15+00:00\",\"description\":\"We organize Team Building workshops through one of the most famous techniques in Gaud\u00ed. Strengthens your work team in a unique space. Contact us!\",\"breadcrumb\":{\"@id\":\"https:\/\/bellesguardgaudi.com\/en\/renting-of-spaces\/teambuildings\/#breadcrumb\"},\"inLanguage\":\"en-US\",\"potentialAction\":[{\"@type\":\"ReadAction\",\"target\":[\"https:\/\/bellesguardgaudi.com\/en\/renting-of-spaces\/teambuildings\/\"]}]},{\"@type\":\"BreadcrumbList\",\"@id\":\"https:\/\/bellesguardgaudi.com\/en\/renting-of-spaces\/teambuildings\/#breadcrumb\",\"itemListElement\":[{\"@type\":\"ListItem\",\"position\":1,\"name\":\"Portada\",\"item\":\"https:\/\/bellesguardgaudi.com\/en\/\"},{\"@type\":\"ListItem\",\"position\":2,\"name\":\"Space rental\",\"item\":\"https:\/\/bellesguardgaudi.com\/en\/renting-of-spaces\/\"},{\"@type\":\"ListItem\",\"position\":3,\"name\":\"Teambuilding\"}]},{\"@type\":\"WebSite\",\"@id\":\"https:\/\/bellesguardgaudi.com\/en\/#website\",\"url\":\"https:\/\/bellesguardgaudi.com\/en\/\",\"name\":\"Obra Modernista de Antoni Gaud\u00ed en Barcelona | Torre Bellesguard\",\"description\":\"Web oficial de la Torre Bellesguard. Una de las obras m\u00e1s personales del arquitecto modernista Gaud\u00ed en Barcelona. \u00a1Vis\u00edtala sin colas ni aglomeraciones!\",\"potentialAction\":[{\"@type\":\"SearchAction\",\"target\":{\"@type\":\"EntryPoint\",\"urlTemplate\":\"https:\/\/bellesguardgaudi.com\/en\/?s={search_term_string}\"},\"query-input\":{\"@type\":\"PropertyValueSpecification\",\"valueRequired\":true,\"valueName\":\"search_term_string\"}}],\"inLanguage\":\"en-US\"}]}<\/script>\n<!-- \/ Yoast SEO plugin. -->","yoast_head_json":{"title":"Team Building in Barcelona | Space Rental","description":"We organize Team Building workshops through one of the most famous techniques in Gaud\u00ed. Strengthens your work team in a unique space. Contact us!","robots":{"index":"index","follow":"follow","max-snippet":"max-snippet:-1","max-image-preview":"max-image-preview:large","max-video-preview":"max-video-preview:-1"},"canonical":"https:\/\/bellesguardgaudi.com\/en\/renting-of-spaces\/teambuildings\/","og_locale":"en_US","og_type":"article","og_title":"Team Building in Barcelona | Space Rental","og_description":"We organize Team Building workshops through one of the most famous techniques in Gaud\u00ed. Strengthens your work team in a unique space. Contact us!","og_url":"https:\/\/bellesguardgaudi.com\/en\/renting-of-spaces\/teambuildings\/","og_site_name":"Obra Modernista de Antoni Gaud\u00ed en Barcelona | Torre Bellesguard","article_modified_time":"2026-01-26T11:38:15+00:00","twitter_card":"summary_large_image","twitter_misc":{"Est. reading time":"1 minute"},"schema":{"@context":"https:\/\/schema.org","@graph":[{"@type":"WebPage","@id":"https:\/\/bellesguardgaudi.com\/en\/renting-of-spaces\/teambuildings\/","url":"https:\/\/bellesguardgaudi.com\/en\/renting-of-spaces\/teambuildings\/","name":"Team Building in Barcelona | Space Rental","isPartOf":{"@id":"https:\/\/bellesguardgaudi.com\/en\/#website"},"datePublished":"2020-01-20T18:15:05+00:00","dateModified":"2026-01-26T11:38:15+00:00","description":"We organize Team Building workshops through one of the most famous techniques in Gaud\u00ed. Strengthens your work team in a unique space. Contact us!","breadcrumb":{"@id":"https:\/\/bellesguardgaudi.com\/en\/renting-of-spaces\/teambuildings\/#breadcrumb"},"inLanguage":"en-US","potentialAction":[{"@type":"ReadAction","target":["https:\/\/bellesguardgaudi.com\/en\/renting-of-spaces\/teambuildings\/"]}]},{"@type":"BreadcrumbList","@id":"https:\/\/bellesguardgaudi.com\/en\/renting-of-spaces\/teambuildings\/#breadcrumb","itemListElement":[{"@type":"ListItem","position":1,"name":"Portada","item":"https:\/\/bellesguardgaudi.com\/en\/"},{"@type":"ListItem","position":2,"name":"Space rental","item":"https:\/\/bellesguardgaudi.com\/en\/renting-of-spaces\/"},{"@type":"ListItem","position":3,"name":"Teambuilding"}]},{"@type":"WebSite","@id":"https:\/\/bellesguardgaudi.com\/en\/#website","url":"https:\/\/bellesguardgaudi.com\/en\/","name":"Obra Modernista de Antoni Gaud\u00ed en Barcelona | Torre Bellesguard","description":"Web oficial de la Torre Bellesguard. Una de las obras m\u00e1s personales del arquitecto modernista Gaud\u00ed en Barcelona. \u00a1Vis\u00edtala sin colas ni aglomeraciones!","potentialAction":[{"@type":"SearchAction","target":{"@type":"EntryPoint","urlTemplate":"https:\/\/bellesguardgaudi.com\/en\/?s={search_term_string}"},"query-input":{"@type":"PropertyValueSpecification","valueRequired":true,"valueName":"search_term_string"}}],"inLanguage":"en-US"}]}},"_links":{"self":[{"href":"https:\/\/bellesguardgaudi.com\/en\/wp-json\/wp\/v2\/pages\/6130","targetHints":{"allow":["GET"]}}],"collection":[{"href":"https:\/\/bellesguardgaudi.com\/en\/wp-json\/wp\/v2\/pages"}],"about":[{"href":"https:\/\/bellesguardgaudi.com\/en\/wp-json\/wp\/v2\/types\/page"}],"author":[{"embeddable":true,"href":"https:\/\/bellesguardgaudi.com\/en\/wp-json\/wp\/v2\/users\/1"}],"replies":[{"embeddable":true,"href":"https:\/\/bellesguardgaudi.com\/en\/wp-json\/wp\/v2\/comments?post=6130"}],"version-history":[{"count":6,"href":"https:\/\/bellesguardgaudi.com\/en\/wp-json\/wp\/v2\/pages\/6130\/revisions"}],"predecessor-version":[{"id":190025,"href":"https:\/\/bellesguardgaudi.com\/en\/wp-json\/wp\/v2\/pages\/6130\/revisions\/190025"}],"up":[{"embeddable":true,"href":"https:\/\/bellesguardgaudi.com\/en\/wp-json\/wp\/v2\/pages\/5745"}],"wp:attachment":[{"href":"https:\/\/bellesguardgaudi.com\/en\/wp-json\/wp\/v2\/media?parent=6130"}],"curies":[{"name":"wp","href":"https:\/\/api.w.org\/{rel}","templated":true}]}}