{"id":6275,"date":"2020-01-20T10:40:51","date_gmt":"2020-01-20T09:40:51","guid":{"rendered":"http:\/\/130.61.100.28\/wordpress\/?page_id=6275"},"modified":"2024-09-17T13:22:38","modified_gmt":"2024-09-17T11:22:38","slug":"how-to-get-here","status":"publish","type":"page","link":"https:\/\/bellesguardgaudi.com\/en\/how-to-get-here\/","title":{"rendered":"Practical information"},"content":{"rendered":"<p>[vc_row][vc_column][vc_column_text]<\/p>\n<h2 style=\"text-align: center;\">HOW TO FIND US<\/h2>\n<p>[\/vc_column_text][vc_separator css=&#8221;.vc_custom_1579521492888{margin-top: 30px !important;margin-bottom: 30px !important;}&#8221;][vc_row_inner equal_height=&#8221;yes&#8221; content_placement=&#8221;middle&#8221;][vc_column_inner width=&#8221;2\/3&#8243;][vc_column_text el_class=&#8221;parrafo-destacado&#8221;]<\/p>\n<p style=\"text-align: left;\"><span lang=\"en\">The <strong>Bellesguard Gaud\u00ed Tower<\/strong> is located at c \/ <strong>Bellesguard n\u00ba 20, 08022 in Barcelona<\/strong>. You have different ways of arriving both by public transport and by private vehicle.<\/span><\/p>\n<p>[\/vc_column_text][\/vc_column_inner][vc_column_inner width=&#8221;1\/3&#8243;][vc_single_image image=&#8221;9331&#8243; img_size=&#8221;full&#8221; alignment=&#8221;center&#8221; onclick=&#8221;link_image&#8221;][\/vc_column_inner][\/vc_row_inner][vc_separator css=&#8221;.vc_custom_1579521492888{margin-top: 30px !important;margin-bottom: 30px !important;}&#8221;][\/vc_column][\/vc_row][vc_row el_id=&#8221;info-boxes&#8221;][vc_column css_animation=&#8221;fadeInLeft&#8221; width=&#8221;1\/3&#8243;]<div class=\"ct-icon-box  feature_page\"><i class=\"icon_set_1_icon-37\"><\/i>\n<h3>Recommended combinations of transport<\/h3>\n<p><strong>Pl. Catalunya \u2013 Torre Bellesguard Antoni Gaudi\u0301<\/strong><\/p>\n<ul>\n<li>FGC \u2013 L7 + BUS 196<\/li>\n<li>BUS V15 + BUS 196<\/li>\n<li>BUS V13 + BUS 196<\/li>\n<li>The alternative to BUS 196 is BUS 123<\/li>\n<\/ul>\n<p><\/div>[\/vc_column][vc_column width=&#8221;1\/3&#8243;]<div class=\"ct-icon-box  feature_page\"><i class=\"icon_set_1_icon-26\"><\/i>\n<h3>Buses<\/h3>\n<ul>\n<li><strong>v13 Les Corts-Av.Tibidabo<\/strong>\u00a0&gt;&gt; Pl. Kennedy \u2013 Av. Tibidabo<\/li>\n<li><strong>v15 Barceloneta \u2013 Vall d\u2019Hebron<\/strong>\u00a0&gt;&gt; Pl. Kennedy \u2013 Av. Tibidabo<\/li>\n<li><strong>196 Pl. Kennedy \u2013 Bellesguard<\/strong>\u00a0&gt;&gt; Ronda de Dalt \u2013 Bellesguard<\/li>\n<li><strong>123 Bonanova<\/strong> &gt;&gt; Valeta d\u2019Arquer<\/li>\n<li><strong>V12 &#8211; H2<\/strong> &gt;&gt; Sagrada Fam\u00edlia<\/li>\n<\/ul>\n<p><\/div>[\/vc_column][vc_column width=&#8221;1\/3&#8243;]<div class=\"ct-icon-box  feature_page\"><i class=\"icon_set_1_icon-25\"><\/i>\n<h3>Other options<\/h3>\n<p><strong>FGC<\/strong><\/p>\n<ul>\n<li><strong>Pl. Catalunya \u2013 Av.Tibidabo.<\/strong>\u00a0&gt;&gt; Av. Tibidabo<\/li>\n<\/ul>\n<p><strong>Turistic transports<\/strong><\/p>\n<ul>\n<li><strong>Bus Tur\u00edstic. Ruta azul<\/strong>\u00a0&gt;&gt; Tibidabo<\/li>\n<li><strong>Barcelona City Tour.\u00a0Ruta Este<\/strong>\u00a0&gt;&gt; Tibidabo<\/li>\n<\/ul>\n<p><strong>Car \/ Taxi<\/strong><\/p>\n<ul>\n<li><strong>15 minutes from the center of Barcelona<\/strong><\/li>\n<\/ul>\n<p><\/div>[\/vc_column][\/vc_row][vc_row][vc_column][vc_separator css=&#8221;.vc_custom_1579521492888{margin-top: 30px !important;margin-bottom: 30px !important;}&#8221;][\/vc_column][\/vc_row][vc_row full_width=&#8221;stretch_row_content&#8221;][vc_column]\r\n<div id=\"map-41993\" class=\"citytours-map\"><\/div>\r\n\r\n\r\n\r\n\r\n<script type=\"text\/javascript\">\r\n\tjQuery(document).ready(function($){\r\n\t\t$('#map_filter a.filter-option').on('click', function(){\r\n\t\t\tvar key = $(this).data('cat');\r\n\t\t\t$('#map_filter select.map_filter option').each(function(){\r\n\t\t\t\tif( $(this).val() == key ) $(this).attr('selected', 'selected');\r\n\t\t\t});\r\n\t\t\ttoggleMarkers(key);\r\n\t\t});\r\n\r\n\t\t$('#map_filter select.map_filter').on('change', function(){\r\n\t\t\ttoggleMarkers($(this).val());\r\n\t\t});\r\n\r\n\t\t\t\t\tvar mapId = 'map-41993';\r\n\t\t\tvar zoom = 14;\r\n\t\t\tvar mapType = google.maps.MapTypeId.ROADMAP;\r\n\t\t\tvar mapTypeControl = false;\r\n\t\t\tvar markersData = {\r\n\t\t\t\t\t\t\t\t\t'torre-bellesguard' : [\r\n\t\t\t\t\t\t\t\t\t\t\t\t\t\t{\r\n\t\t\t\t\t\t\t\t\t\tname: 'Visita Guiada',\r\n\t\t\t\t\t\t\t\t\t\ttype: 'https:\/\/bellesguardgaudi.com\/wp-content\/uploads\/2019\/05\/map-icon-marker.png',\r\n\t\t\t\t\t\t\t\t\t\tlocation_latitude: 41.4095905,\r\n\t\t\t\t\t\t\t\t\t\tlocation_longitude: 2.1268397,\r\n\t\t\t\t\t\t\t\t\t\tmap_image_url: 'https:\/\/bellesguardgaudi.com\/wp-content\/uploads\/2020\/06\/VISITA-GUIADA-crop-280x140.webp',\r\n\t\t\t\t\t\t\t\t\t\tname_point: 'Visita Guiada',\r\n\t\t\t\t\t\t\t\t\t\tdescription_point: '[vc_row][vc_column width=&quot;1\/4&quot;][vc_column_text] Descripci\u00f3n [\/vc_column_text][\/vc_column][vc_column width=&quot;3\/4&quot;][vc_column_text] Nadie como nuestro equipo puede guiar al visitante a trav\u00e9s de la historia y los...',\r\n\t\t\t\t\t\t\t\t\t\turl_point: 'https:\/\/bellesguardgaudi.com\/visitas\/visita-guiada\/'\r\n\t\t\t\t\t\t\t\t\t},\r\n\t\t\t\t\t\t\t\t\t\t\t],\r\n\t\t\t\t\t\t\t};\r\n\t\t\t\r\n\t\t\tvar lati = 41.4095905;\r\n\t\t\tvar long = 2.1268397;\r\n\t\t\tvar _center = [lati, long];\r\n\t\t\trenderMap( _center, markersData, zoom, mapType, mapTypeControl, mapId, '' );\r\n\r\n\t\t\t});\r\n<\/script>[\/vc_column][\/vc_row][vc_row css=&#8221;.vc_custom_1579523056230{margin-top: 50px !important;}&#8221;][vc_column][vc_column_text]<\/p>\n<h2 style=\"text-align: center;\">TICKETS AND TIMETABLE<\/h2>\n<p>[\/vc_column_text][vc_separator css=&#8221;.vc_custom_1579521492888{margin-top: 30px !important;margin-bottom: 30px !important;}&#8221;][\/vc_column][\/vc_row][vc_row equal_height=&#8221;yes&#8221; content_placement=&#8221;middle&#8221; css=&#8221;.vc_custom_1579535085155{margin-bottom: 10px !important;}&#8221;][vc_column][vc_row_inner][vc_column_inner width=&#8221;1\/2&#8243;]<div class=\"ct-icon-box style3\"><i class=\"icon_set_1_icon-83\"><\/i>\n<h3><strong>Timetable:<\/strong><\/h3>\n<p>Tuesday to Sunday, from 10:00 a.m to 3:00 p.m<br \/>\n(last entry at 2:00 p.m)<\/div>[\/vc_column_inner][vc_column_inner width=&#8221;1\/2&#8243;]<div class=\"ct-icon-box style3\"><i class=\"icon_set_1_icon-75\"><\/i>\n<h3><strong>Closed:<\/strong><\/h3>\n<ul>\n<li>All Mondays, except Holidays.<\/li>\n<li>1st &amp; 6th of January. 25th &amp; 26th of December.<\/li>\n<\/ul>\n<p><\/div>[\/vc_column_inner][\/vc_row_inner][\/vc_column][\/vc_row][vc_row css=&#8221;.vc_custom_1579531936010{margin-top: 0px !important;}&#8221;][vc_column][vc_column_text]<\/p>\n<h3 style=\"text-align: center;\">VISIT OPTIONS AND PRICES<\/h3>\n<p>[\/vc_column_text][vc_separator css=&#8221;.vc_custom_1579521492888{margin-top: 30px !important;margin-bottom: 30px !important;}&#8221;]<div class=\"ct-icon-box  tabla-informativa\">\n<table class=\"table table-responsive table-hover\" style=\"height: 165px;\" width=\"596\">\n<thead>\n<tr>\n<th scope=\"col\"><\/th>\n<th scope=\"col\">Adults<\/th>\n<th scope=\"col\">Under 18 and retired<\/th>\n<th scope=\"col\">Under 8 years old<\/th>\n<\/tr>\n<\/thead>\n<tbody>\n<tr>\n<th scope=\"row\">GUIDED TOUR<\/th>\n<td>20 euros<\/td>\n<td>15 euros<\/td>\n<td>Free<\/td>\n<\/tr>\n<tr>\n<th scope=\"row\">AUDIOGUIDED TOUR<\/th>\n<td>12 euros<\/td>\n<td>9 euros<\/td>\n<td>Free<\/td>\n<\/tr>\n<\/tbody>\n<\/table>\n<p><\/div>[vc_row_inner][vc_column_inner width=&#8221;1\/2&#8243;]<div class=\"ct-icon-box style3\"><i class=\"icon_set_custom\"><\/i>\n<h3><span style=\"color: #ff7519;\"><strong>GUIDED TOUR<\/strong><\/span><\/h3>\n<p>Tour with a guide of Torre Bellesguard<\/p>\n<p><strong>OPENING TIMES<br \/>\n<\/strong>Thursday, Friday, Saturday and Sunday<\/p>\n<p><strong>DURATION OF THE VISIT<br \/>\n<\/strong>One hour<\/p>\n<p><strong>AVAILABLE LANGUAGES<br \/>\n<\/strong>Catalan, Spanish and English<\/p>\n<p><strong>Contact us for further information about exclusive groups and other languages<\/strong><\/p>\n<p><a class=\"btn_1 outline\" href=\"\/en\/tour\/guided-visit\/\">Buy Tickets<\/a><\/div>[\/vc_column_inner][vc_column_inner width=&#8221;1\/2&#8243;]<div class=\"ct-icon-box style3 ocultar-audioguia\"><i class=\"icon_set_custom\"><\/i>\n<h3><span style=\"color: #ff7519;\"><strong>AUDIOGUIDED TOUR<\/strong><\/span><\/h3>\n<p>Visit with audio guide<\/p>\n<p><strong>SCHEDULED<br \/>\n<\/strong>All the time of the opening times<\/p>\n<p><strong>DURATION OF THE VISIT<br \/>\n<\/strong>One hour<\/p>\n<p><strong>AVAILABLE LANGUAGES<br \/>\n<\/strong>English, Catalan, Spanish, French, Italian and Russian.<\/p>\n<p>&nbsp;<\/p>\n<p><a class=\"btn_1 outline\" href=\"\/en\/tour\/visit-with-audioguide\/\">Buy Tickets<\/a><\/div>[\/vc_column_inner][\/vc_row_inner][\/vc_column][\/vc_row][vc_row css=&#8221;.vc_custom_1579534942469{padding-top: 40px !important;}&#8221;][vc_column width=&#8221;1\/6&#8243;][\/vc_column][vc_column width=&#8221;4\/6&#8243;][vc_single_image image=&#8221;5834&#8243; img_size=&#8221;full&#8221; alignment=&#8221;center&#8221; css_animation=&#8221;fadeIn&#8221;][\/vc_column][vc_column width=&#8221;1\/6&#8243;][\/vc_column][\/vc_row]<\/p>\n","protected":false},"excerpt":{"rendered":"<p>[vc_row][vc_column][vc_column_text] HOW TO FIND US [\/vc_column_text][vc_separator css=&#8221;.vc_custom_1579521492888{margin-top: 30px !important;margin-bottom: 30px !important;}&#8221;][vc_row_inner equal_height=&#8221;yes&#8221; content_placement=&#8221;middle&#8221;][vc_column_inner width=&#8221;2\/3&#8243;][vc_column_text el_class=&#8221;parrafo-destacado&#8221;] The Bellesguard Gaud\u00ed Tower is located at c \/ Bellesguard n\u00ba 20, 08022 in Barcelona. You have different ways of arriving both by public transport and by private vehicle. [\/vc_column_text][\/vc_column_inner][vc_column_inner width=&#8221;1\/3&#8243;][vc_single_image image=&#8221;9331&#8243; img_size=&#8221;full&#8221; alignment=&#8221;center&#8221; onclick=&#8221;link_image&#8221;][\/vc_column_inner][\/vc_row_inner][vc_separator css=&#8221;.vc_custom_1579521492888{margin-top: 30px !important;margin-bottom: 30px !important;}&#8221;][\/vc_column][\/vc_row][vc_row [&hellip;]<\/p>\n","protected":false},"author":1,"featured_media":0,"parent":0,"menu_order":0,"comment_status":"closed","ping_status":"closed","template":"","meta":{"_acf_changed":false,"footnotes":""},"class_list":["post-6275","page","type-page","status-publish","hentry"],"acf":[],"yoast_head":"<!-- This site is optimized with the Yoast SEO plugin v27.2 - https:\/\/yoast.com\/product\/yoast-seo-wordpress\/ -->\n<title>Practical information | Torre Bellesguard Gaud\u00ed Barcelona<\/title>\n<meta name=\"description\" content=\"Check all the information about timetables, activities, prices and how to get to Torre Bellesguard. Modernist work of Gaud\u00ed in Barcelona. Visit us!\" \/>\n<meta name=\"robots\" content=\"index, follow, max-snippet:-1, max-image-preview:large, max-video-preview:-1\" \/>\n<link rel=\"canonical\" href=\"https:\/\/bellesguardgaudi.com\/en\/how-to-get-here\/\" \/>\n<meta property=\"og:locale\" content=\"en_US\" \/>\n<meta property=\"og:type\" content=\"article\" \/>\n<meta property=\"og:title\" content=\"Practical information | Torre Bellesguard Gaud\u00ed Barcelona\" \/>\n<meta property=\"og:description\" content=\"Check all the information about timetables, activities, prices and how to get to Torre Bellesguard. Modernist work of Gaud\u00ed in Barcelona. Visit us!\" \/>\n<meta property=\"og:url\" content=\"https:\/\/bellesguardgaudi.com\/en\/how-to-get-here\/\" \/>\n<meta property=\"og:site_name\" content=\"Obra Modernista de Antoni Gaud\u00ed en Barcelona | Torre Bellesguard\" \/>\n<meta property=\"article:modified_time\" content=\"2024-09-17T11:22:38+00:00\" \/>\n<meta name=\"twitter:card\" content=\"summary_large_image\" \/>\n<meta name=\"twitter:label1\" content=\"Est. reading time\" \/>\n\t<meta name=\"twitter:data1\" content=\"2 minutes\" \/>\n<script type=\"application\/ld+json\" class=\"yoast-schema-graph\">{\"@context\":\"https:\/\/schema.org\",\"@graph\":[{\"@type\":\"WebPage\",\"@id\":\"https:\/\/bellesguardgaudi.com\/en\/how-to-get-here\/\",\"url\":\"https:\/\/bellesguardgaudi.com\/en\/how-to-get-here\/\",\"name\":\"Practical information | Torre Bellesguard Gaud\u00ed Barcelona\",\"isPartOf\":{\"@id\":\"https:\/\/bellesguardgaudi.com\/en\/#website\"},\"datePublished\":\"2020-01-20T09:40:51+00:00\",\"dateModified\":\"2024-09-17T11:22:38+00:00\",\"description\":\"Check all the information about timetables, activities, prices and how to get to Torre Bellesguard. Modernist work of Gaud\u00ed in Barcelona. Visit us!\",\"breadcrumb\":{\"@id\":\"https:\/\/bellesguardgaudi.com\/en\/how-to-get-here\/#breadcrumb\"},\"inLanguage\":\"en-US\",\"potentialAction\":[{\"@type\":\"ReadAction\",\"target\":[\"https:\/\/bellesguardgaudi.com\/en\/how-to-get-here\/\"]}]},{\"@type\":\"BreadcrumbList\",\"@id\":\"https:\/\/bellesguardgaudi.com\/en\/how-to-get-here\/#breadcrumb\",\"itemListElement\":[{\"@type\":\"ListItem\",\"position\":1,\"name\":\"Portada\",\"item\":\"https:\/\/bellesguardgaudi.com\/en\/\"},{\"@type\":\"ListItem\",\"position\":2,\"name\":\"Practical information\"}]},{\"@type\":\"WebSite\",\"@id\":\"https:\/\/bellesguardgaudi.com\/en\/#website\",\"url\":\"https:\/\/bellesguardgaudi.com\/en\/\",\"name\":\"Obra Modernista de Antoni Gaud\u00ed en Barcelona | Torre Bellesguard\",\"description\":\"Web oficial de la Torre Bellesguard. Una de las obras m\u00e1s personales del arquitecto modernista Gaud\u00ed en Barcelona. \u00a1Vis\u00edtala sin colas ni aglomeraciones!\",\"potentialAction\":[{\"@type\":\"SearchAction\",\"target\":{\"@type\":\"EntryPoint\",\"urlTemplate\":\"https:\/\/bellesguardgaudi.com\/en\/?s={search_term_string}\"},\"query-input\":{\"@type\":\"PropertyValueSpecification\",\"valueRequired\":true,\"valueName\":\"search_term_string\"}}],\"inLanguage\":\"en-US\"}]}<\/script>\n<!-- \/ Yoast SEO plugin. -->","yoast_head_json":{"title":"Practical information | Torre Bellesguard Gaud\u00ed Barcelona","description":"Check all the information about timetables, activities, prices and how to get to Torre Bellesguard. Modernist work of Gaud\u00ed in Barcelona. Visit us!","robots":{"index":"index","follow":"follow","max-snippet":"max-snippet:-1","max-image-preview":"max-image-preview:large","max-video-preview":"max-video-preview:-1"},"canonical":"https:\/\/bellesguardgaudi.com\/en\/how-to-get-here\/","og_locale":"en_US","og_type":"article","og_title":"Practical information | Torre Bellesguard Gaud\u00ed Barcelona","og_description":"Check all the information about timetables, activities, prices and how to get to Torre Bellesguard. Modernist work of Gaud\u00ed in Barcelona. Visit us!","og_url":"https:\/\/bellesguardgaudi.com\/en\/how-to-get-here\/","og_site_name":"Obra Modernista de Antoni Gaud\u00ed en Barcelona | Torre Bellesguard","article_modified_time":"2024-09-17T11:22:38+00:00","twitter_card":"summary_large_image","twitter_misc":{"Est. reading time":"2 minutes"},"schema":{"@context":"https:\/\/schema.org","@graph":[{"@type":"WebPage","@id":"https:\/\/bellesguardgaudi.com\/en\/how-to-get-here\/","url":"https:\/\/bellesguardgaudi.com\/en\/how-to-get-here\/","name":"Practical information | Torre Bellesguard Gaud\u00ed Barcelona","isPartOf":{"@id":"https:\/\/bellesguardgaudi.com\/en\/#website"},"datePublished":"2020-01-20T09:40:51+00:00","dateModified":"2024-09-17T11:22:38+00:00","description":"Check all the information about timetables, activities, prices and how to get to Torre Bellesguard. Modernist work of Gaud\u00ed in Barcelona. Visit us!","breadcrumb":{"@id":"https:\/\/bellesguardgaudi.com\/en\/how-to-get-here\/#breadcrumb"},"inLanguage":"en-US","potentialAction":[{"@type":"ReadAction","target":["https:\/\/bellesguardgaudi.com\/en\/how-to-get-here\/"]}]},{"@type":"BreadcrumbList","@id":"https:\/\/bellesguardgaudi.com\/en\/how-to-get-here\/#breadcrumb","itemListElement":[{"@type":"ListItem","position":1,"name":"Portada","item":"https:\/\/bellesguardgaudi.com\/en\/"},{"@type":"ListItem","position":2,"name":"Practical information"}]},{"@type":"WebSite","@id":"https:\/\/bellesguardgaudi.com\/en\/#website","url":"https:\/\/bellesguardgaudi.com\/en\/","name":"Obra Modernista de Antoni Gaud\u00ed en Barcelona | Torre Bellesguard","description":"Web oficial de la Torre Bellesguard. Una de las obras m\u00e1s personales del arquitecto modernista Gaud\u00ed en Barcelona. \u00a1Vis\u00edtala sin colas ni aglomeraciones!","potentialAction":[{"@type":"SearchAction","target":{"@type":"EntryPoint","urlTemplate":"https:\/\/bellesguardgaudi.com\/en\/?s={search_term_string}"},"query-input":{"@type":"PropertyValueSpecification","valueRequired":true,"valueName":"search_term_string"}}],"inLanguage":"en-US"}]}},"_links":{"self":[{"href":"https:\/\/bellesguardgaudi.com\/en\/wp-json\/wp\/v2\/pages\/6275","targetHints":{"allow":["GET"]}}],"collection":[{"href":"https:\/\/bellesguardgaudi.com\/en\/wp-json\/wp\/v2\/pages"}],"about":[{"href":"https:\/\/bellesguardgaudi.com\/en\/wp-json\/wp\/v2\/types\/page"}],"author":[{"embeddable":true,"href":"https:\/\/bellesguardgaudi.com\/en\/wp-json\/wp\/v2\/users\/1"}],"replies":[{"embeddable":true,"href":"https:\/\/bellesguardgaudi.com\/en\/wp-json\/wp\/v2\/comments?post=6275"}],"version-history":[{"count":5,"href":"https:\/\/bellesguardgaudi.com\/en\/wp-json\/wp\/v2\/pages\/6275\/revisions"}],"predecessor-version":[{"id":150947,"href":"https:\/\/bellesguardgaudi.com\/en\/wp-json\/wp\/v2\/pages\/6275\/revisions\/150947"}],"wp:attachment":[{"href":"https:\/\/bellesguardgaudi.com\/en\/wp-json\/wp\/v2\/media?parent=6275"}],"curies":[{"name":"wp","href":"https:\/\/api.w.org\/{rel}","templated":true}]}}