{"id":10370,"date":"2021-05-06T13:30:38","date_gmt":"2021-05-06T11:30:38","guid":{"rendered":"http:\/\/130.61.100.28\/wordpress\/opinion\/"},"modified":"2021-11-15T15:07:30","modified_gmt":"2021-11-15T14:07:30","slug":"opinion","status":"publish","type":"page","link":"https:\/\/bellesguardgaudi.com\/fr\/opinion\/","title":{"rendered":"Opini\u00f3n"},"content":{"rendered":"<p>[vc_row is_container=&#8221;yes&#8221; css=&#8221;.vc_custom_1620579484615{background-color: #000000 !important;background-position: center !important;background-repeat: no-repeat !important;background-size: cover !important;}&#8221; el_id=&#8221;review-background&#8221;][vc_column][vc_row_inner equal_height=&#8221;yes&#8221; content_placement=&#8221;top&#8221; el_id=&#8221;review-card&#8221; css=&#8221;.vc_custom_1620576776496{padding-top: 0px !important;padding-right: 0px !important;padding-bottom: 0px !important;padding-left: 0px !important;background-color: #ffffff !important;border-radius: 5px !important;}&#8221;][vc_column_inner width=&#8221;6\/12&#8243;][vc_single_image image=&#8221;52&#8243; onclick=&#8221;custom_link&#8221; link=&#8221;\/&#8221; el_class=&#8221;img-logo&#8221;][vc_column_text]<\/p>\n<h1><span style=\"color: #000000;\">LAISSEZ-NOUS VOTRE AVIS<\/span><\/h1>\n<p>[\/vc_column_text][vc_column_text]<span style=\"color: #000000;\">Il est important pour nous de conna\u00eetre votre opinion pour am\u00e9liorer et offrir \u00e0 tous nos utilisateurs la meilleure visite de la Torre Bellesguard<\/span>[\/vc_column_text][\/vc_column_inner][vc_column_inner width=&#8221;6\/12&#8243;]\n<div class=\"wpcf7 no-js\" id=\"wpcf7-f10359-o1\" lang=\"fr-FR\" dir=\"ltr\" data-wpcf7-id=\"10359\">\n<div class=\"screen-reader-response\"><p role=\"status\" aria-live=\"polite\" aria-atomic=\"true\"><\/p> <ul><\/ul><\/div>\n<form action=\"\/fr\/wp-json\/wp\/v2\/pages\/10370#wpcf7-f10359-o1\" method=\"post\" class=\"wpcf7-form init\" aria-label=\"Formulaire de contact\" enctype=\"multipart\/form-data\" novalidate=\"novalidate\" data-status=\"init\">\n<fieldset class=\"hidden-fields-container\"><input type=\"hidden\" name=\"_wpcf7\" value=\"10359\" \/><input type=\"hidden\" name=\"_wpcf7_version\" value=\"6.1.5\" \/><input type=\"hidden\" name=\"_wpcf7_locale\" value=\"fr_FR\" \/><input type=\"hidden\" name=\"_wpcf7_unit_tag\" value=\"wpcf7-f10359-o1\" \/><input type=\"hidden\" name=\"_wpcf7_container_post\" value=\"0\" \/><input type=\"hidden\" name=\"_wpcf7_posted_data_hash\" value=\"\" \/><input type=\"hidden\" name=\"_wpcf7_recaptcha_response\" value=\"\" \/>\n<\/fieldset>\n<div class=\"review-form\">\n\t<div class=\"row\">\n\t\t<div class=\"col-md-12\">\n\t\t\t<h4 class=\"first\">Informations personnelles\n\t\t\t<\/h4>\n\t\t<\/div>\n\t\t<div class=\"col-md-6\">\n\t\t\t<p><label>Nom*<\/label><br \/>\n<span class=\"wpcf7-form-control-wrap\" data-name=\"your-name\"><input size=\"40\" maxlength=\"400\" class=\"wpcf7-form-control wpcf7-text wpcf7-validates-as-required form-control\" aria-required=\"true\" aria-invalid=\"false\" placeholder=\"Ton nom\" value=\"\" type=\"text\" name=\"your-name\" \/><\/span>\n\t\t\t<\/p>\n\t\t<\/div>\n\t\t<div class=\"col-md-6\">\n\t\t\t<p><label>Utilisateur d'Instagram<\/label><br \/>\n<span class=\"wpcf7-form-control-wrap\" data-name=\"instragram\"><input size=\"40\" maxlength=\"400\" class=\"wpcf7-form-control wpcf7-text form-control\" aria-invalid=\"false\" placeholder=\"Ej: @utilisateur\" value=\"\" type=\"text\" name=\"instragram\" \/><\/span>\n\t\t\t<\/p>\n\t\t<\/div>\n\t<\/div>\n\t<div class=\"row\">\n\t\t<div class=\"col-md-12\">\n\t\t\t<h4>Qu'avez-vous le plus aim\u00e9 dans la Torre Bellesguard de Gaud\u00ed ?\n\t\t\t<\/h4>\n\t\t<\/div>\n\t\t<div class=\"col-md-12\">\n\t\t\t<p><span class=\"wpcf7-form-control-wrap\" data-name=\"your-message\"><textarea cols=\"40\" rows=\"10\" maxlength=\"2000\" class=\"wpcf7-form-control wpcf7-textarea form-control\" aria-invalid=\"false\" placeholder=\"Ton message\" name=\"your-message\"><\/textarea><\/span>\n\t\t\t<\/p>\n\t\t<\/div>\n\t<\/div>\n\t<div class=\"row modalidad\">\n\t\t<div class=\"col-md-12\">\n\t\t\t<h4>Modalit\u00e9 de la visite*\n\t\t\t<\/h4>\n\t\t<\/div>\n\t\t<div class=\"col-md-12\">\n\t\t\t<p><span class=\"wpcf7-form-control-wrap\" data-name=\"modalidad\"><select class=\"wpcf7-form-control wpcf7-select wpcf7-validates-as-required form-control\" aria-required=\"true\" aria-invalid=\"false\" name=\"modalidad\"><option value=\"\">&#8212;Veuillez choisir une option&#8212;<\/option><option value=\"1\">Visite guid\u00e9e<\/option><option value=\"2\">Visite avec audioguide<\/option><\/select><\/span>\n\t\t\t<\/p>\n\t\t<\/div>\n\t<\/div>\n\t<div class=\"row\">\n\t\t<div class=\"col-md-12\">\n\t\t\t<h4>Valorisez votre exp\u00e9rience*\n\t\t\t<\/h4>\n\t\t<\/div>\n\t\t<div class=\"col-md-12\">\n\t\t\t<div class=\"wpcf7-radio\">\n\t\t\t\t<p><span class=\"wpcf7-form-control-wrap\" data-name=\"valoracion\"><span class=\"wpcf7-form-control wpcf7-radio\"><span class=\"wpcf7-list-item first\"><input type=\"radio\" name=\"valoracion\" value=\"1\" \/><span class=\"wpcf7-list-item-label\">1<\/span><\/span><span class=\"wpcf7-list-item\"><input type=\"radio\" name=\"valoracion\" value=\"2\" \/><span class=\"wpcf7-list-item-label\">2<\/span><\/span><span class=\"wpcf7-list-item\"><input type=\"radio\" name=\"valoracion\" value=\"3\" \/><span class=\"wpcf7-list-item-label\">3<\/span><\/span><span class=\"wpcf7-list-item\"><input type=\"radio\" name=\"valoracion\" value=\"4\" \/><span class=\"wpcf7-list-item-label\">4<\/span><\/span><span class=\"wpcf7-list-item last\"><input type=\"radio\" name=\"valoracion\" value=\"5\" \/><span class=\"wpcf7-list-item-label\">5<\/span><\/span><\/span><\/span>\n\t\t\t\t<\/p>\n\t\t\t<\/div>\n\t\t<\/div>\n\t<\/div>\n\t<div class=\"row\">\n\t\t<div class=\"col-md-12\">\n\t\t\t<h4>T\u00e9l\u00e9chargez une photo\u00a0! Nous le partagerons sur Instagram en les taguant avec votre avis\n\t\t\t<\/h4>\n\t\t\t<p><span class=\"wpcf7-form-control-wrap\" data-name=\"file-390\"><input size=\"40\" class=\"wpcf7-form-control wpcf7-file\" accept=\"audio\/*,video\/*,image\/*\" aria-invalid=\"false\" type=\"file\" name=\"file-390\" \/><\/span>\n\t\t\t<\/p>\n\t\t<\/div>\n\t<\/div>\n\t<div class=\"row\">\n\t\t<div class=\"col-md-12\">\n\t\t\t<p><span class=\"wpcf7-form-control-wrap\" data-name=\"acceptance-399\"><span class=\"wpcf7-form-control wpcf7-acceptance\"><span class=\"wpcf7-list-item\"><label><input type=\"checkbox\" name=\"acceptance-399\" value=\"1\" aria-invalid=\"false\" \/><span class=\"wpcf7-list-item-label\">J'accepte le <a href=\"https:\/\/bellesguardgaudi.com\/fr\/politique-de-confidentialite\/\" target=\"_blank\" rel=\"noopener\">politique de confidentialit\u00e9 et de cookies <\/a><\/span><\/label><\/span><\/span><\/span>\n\t\t\t<\/p>\n\t\t<\/div>\n\t<\/div>\n\t<div class=\"row\">\n\t\t<div class=\"col-md-12\">\n\t\t\t<p><input class=\"wpcf7-form-control wpcf7-submit has-spinner\" type=\"submit\" value=\"Envoyer\" \/>\n\t\t\t<\/p>\n\t\t<\/div>\n\t<\/div>\n<\/div><input type='hidden' class='wpcf7-pum' value='{\"closepopup\":false,\"closedelay\":0,\"openpopup\":false,\"openpopup_id\":0}' \/><div class=\"wpcf7-response-output\" aria-hidden=\"true\"><\/div>\n<\/form>\n<\/div>\n[\/vc_column_inner][\/vc_row_inner][\/vc_column][\/vc_row]<\/p>\n","protected":false},"excerpt":{"rendered":"<p>[vc_row is_container=&#8221;yes&#8221; css=&#8221;.vc_custom_1620579484615{background-color: #000000 !important;background-position: center !important;background-repeat: no-repeat !important;background-size: cover !important;}&#8221; el_id=&#8221;review-background&#8221;][vc_column][vc_row_inner equal_height=&#8221;yes&#8221; content_placement=&#8221;top&#8221; el_id=&#8221;review-card&#8221; css=&#8221;.vc_custom_1620576776496{padding-top: 0px !important;padding-right: 0px !important;padding-bottom: 0px !important;padding-left: 0px !important;background-color: #ffffff !important;border-radius: 5px !important;}&#8221;][vc_column_inner width=&#8221;6\/12&#8243;][vc_single_image image=&#8221;52&#8243; onclick=&#8221;custom_link&#8221; link=&#8221;\/&#8221; el_class=&#8221;img-logo&#8221;][vc_column_text] LAISSEZ-NOUS VOTRE AVIS [\/vc_column_text][vc_column_text]Il est important pour nous de conna\u00eetre votre opinion pour am\u00e9liorer et offrir \u00e0 tous nos utilisateurs la meilleure [&hellip;]<\/p>\n","protected":false},"author":1,"featured_media":0,"parent":0,"menu_order":0,"comment_status":"closed","ping_status":"closed","template":"redux-templates_contained","meta":{"_acf_changed":false,"footnotes":""},"class_list":["post-10370","page","type-page","status-publish","hentry"],"acf":[],"yoast_head":"<!-- This site is optimized with the Yoast SEO plugin v27.2 - https:\/\/yoast.com\/product\/yoast-seo-wordpress\/ -->\n<title>Opini\u00f3n - Obra Modernista de Antoni Gaud\u00ed en Barcelona | Torre Bellesguard<\/title>\n<meta name=\"robots\" content=\"noindex, follow\" \/>\n<meta property=\"og:locale\" content=\"fr_FR\" \/>\n<meta property=\"og:type\" content=\"article\" \/>\n<meta property=\"og:title\" content=\"Opini\u00f3n - Obra Modernista de Antoni Gaud\u00ed en Barcelona | Torre Bellesguard\" \/>\n<meta property=\"og:description\" content=\"[vc_row is_container=&#8221;yes&#8221; css=&#8221;.vc_custom_1620579484615{background-color: #000000 !important;background-position: center !important;background-repeat: no-repeat !important;background-size: cover !important;}&#8221; el_id=&#8221;review-background&#8221;][vc_column][vc_row_inner equal_height=&#8221;yes&#8221; content_placement=&#8221;top&#8221; el_id=&#8221;review-card&#8221; css=&#8221;.vc_custom_1620576776496{padding-top: 0px !important;padding-right: 0px !important;padding-bottom: 0px !important;padding-left: 0px !important;background-color: #ffffff !important;border-radius: 5px !important;}&#8221;][vc_column_inner width=&#8221;6\/12&#8243;][vc_single_image image=&#8221;52&#8243; onclick=&#8221;custom_link&#8221; link=&#8221;\/&#8221; el_class=&#8221;img-logo&#8221;][vc_column_text] LAISSEZ-NOUS VOTRE AVIS [\/vc_column_text][vc_column_text]Il est important pour nous de conna\u00eetre votre opinion pour am\u00e9liorer et offrir \u00e0 tous nos utilisateurs la meilleure [&hellip;]\" \/>\n<meta property=\"og:url\" content=\"https:\/\/bellesguardgaudi.com\/fr\/opinion\/\" \/>\n<meta property=\"og:site_name\" content=\"Obra Modernista de Antoni Gaud\u00ed en Barcelona | Torre Bellesguard\" \/>\n<meta property=\"article:modified_time\" content=\"2021-11-15T14:07:30+00:00\" \/>\n<meta name=\"twitter:card\" content=\"summary_large_image\" \/>\n<meta name=\"twitter:label1\" content=\"Dur\u00e9e de lecture estim\u00e9e\" \/>\n\t<meta name=\"twitter:data1\" content=\"1 minute\" \/>\n<script type=\"application\/ld+json\" class=\"yoast-schema-graph\">{\"@context\":\"https:\/\/schema.org\",\"@graph\":[{\"@type\":\"WebPage\",\"@id\":\"https:\/\/bellesguardgaudi.com\/fr\/opinion\/\",\"url\":\"https:\/\/bellesguardgaudi.com\/fr\/opinion\/\",\"name\":\"Opini\u00f3n - Obra Modernista de Antoni Gaud\u00ed en Barcelona | Torre Bellesguard\",\"isPartOf\":{\"@id\":\"https:\/\/bellesguardgaudi.com\/fr\/#website\"},\"datePublished\":\"2021-05-06T11:30:38+00:00\",\"dateModified\":\"2021-11-15T14:07:30+00:00\",\"breadcrumb\":{\"@id\":\"https:\/\/bellesguardgaudi.com\/fr\/opinion\/#breadcrumb\"},\"inLanguage\":\"fr-FR\",\"potentialAction\":[{\"@type\":\"ReadAction\",\"target\":[\"https:\/\/bellesguardgaudi.com\/fr\/opinion\/\"]}]},{\"@type\":\"BreadcrumbList\",\"@id\":\"https:\/\/bellesguardgaudi.com\/fr\/opinion\/#breadcrumb\",\"itemListElement\":[{\"@type\":\"ListItem\",\"position\":1,\"name\":\"Portada\",\"item\":\"https:\/\/bellesguardgaudi.com\/fr\/\"},{\"@type\":\"ListItem\",\"position\":2,\"name\":\"Opini\u00f3n\"}]},{\"@type\":\"WebSite\",\"@id\":\"https:\/\/bellesguardgaudi.com\/fr\/#website\",\"url\":\"https:\/\/bellesguardgaudi.com\/fr\/\",\"name\":\"Obra Modernista de Antoni Gaud\u00ed en Barcelona | Torre Bellesguard\",\"description\":\"Web oficial de la Torre Bellesguard. Una de las obras m\u00e1s personales del arquitecto modernista Gaud\u00ed en Barcelona. \u00a1Vis\u00edtala sin colas ni aglomeraciones!\",\"potentialAction\":[{\"@type\":\"SearchAction\",\"target\":{\"@type\":\"EntryPoint\",\"urlTemplate\":\"https:\/\/bellesguardgaudi.com\/fr\/?s={search_term_string}\"},\"query-input\":{\"@type\":\"PropertyValueSpecification\",\"valueRequired\":true,\"valueName\":\"search_term_string\"}}],\"inLanguage\":\"fr-FR\"}]}<\/script>\n<!-- \/ Yoast SEO plugin. -->","yoast_head_json":{"title":"Opini\u00f3n - Obra Modernista de Antoni Gaud\u00ed en Barcelona | Torre Bellesguard","robots":{"index":"noindex","follow":"follow"},"og_locale":"fr_FR","og_type":"article","og_title":"Opini\u00f3n - Obra Modernista de Antoni Gaud\u00ed en Barcelona | Torre Bellesguard","og_description":"[vc_row is_container=&#8221;yes&#8221; css=&#8221;.vc_custom_1620579484615{background-color: #000000 !important;background-position: center !important;background-repeat: no-repeat !important;background-size: cover !important;}&#8221; el_id=&#8221;review-background&#8221;][vc_column][vc_row_inner equal_height=&#8221;yes&#8221; content_placement=&#8221;top&#8221; el_id=&#8221;review-card&#8221; css=&#8221;.vc_custom_1620576776496{padding-top: 0px !important;padding-right: 0px !important;padding-bottom: 0px !important;padding-left: 0px !important;background-color: #ffffff !important;border-radius: 5px !important;}&#8221;][vc_column_inner width=&#8221;6\/12&#8243;][vc_single_image image=&#8221;52&#8243; onclick=&#8221;custom_link&#8221; link=&#8221;\/&#8221; el_class=&#8221;img-logo&#8221;][vc_column_text] LAISSEZ-NOUS VOTRE AVIS [\/vc_column_text][vc_column_text]Il est important pour nous de conna\u00eetre votre opinion pour am\u00e9liorer et offrir \u00e0 tous nos utilisateurs la meilleure [&hellip;]","og_url":"https:\/\/bellesguardgaudi.com\/fr\/opinion\/","og_site_name":"Obra Modernista de Antoni Gaud\u00ed en Barcelona | Torre Bellesguard","article_modified_time":"2021-11-15T14:07:30+00:00","twitter_card":"summary_large_image","twitter_misc":{"Dur\u00e9e de lecture estim\u00e9e":"1 minute"},"schema":{"@context":"https:\/\/schema.org","@graph":[{"@type":"WebPage","@id":"https:\/\/bellesguardgaudi.com\/fr\/opinion\/","url":"https:\/\/bellesguardgaudi.com\/fr\/opinion\/","name":"Opini\u00f3n - Obra Modernista de Antoni Gaud\u00ed en Barcelona | Torre Bellesguard","isPartOf":{"@id":"https:\/\/bellesguardgaudi.com\/fr\/#website"},"datePublished":"2021-05-06T11:30:38+00:00","dateModified":"2021-11-15T14:07:30+00:00","breadcrumb":{"@id":"https:\/\/bellesguardgaudi.com\/fr\/opinion\/#breadcrumb"},"inLanguage":"fr-FR","potentialAction":[{"@type":"ReadAction","target":["https:\/\/bellesguardgaudi.com\/fr\/opinion\/"]}]},{"@type":"BreadcrumbList","@id":"https:\/\/bellesguardgaudi.com\/fr\/opinion\/#breadcrumb","itemListElement":[{"@type":"ListItem","position":1,"name":"Portada","item":"https:\/\/bellesguardgaudi.com\/fr\/"},{"@type":"ListItem","position":2,"name":"Opini\u00f3n"}]},{"@type":"WebSite","@id":"https:\/\/bellesguardgaudi.com\/fr\/#website","url":"https:\/\/bellesguardgaudi.com\/fr\/","name":"Obra Modernista de Antoni Gaud\u00ed en Barcelona | Torre Bellesguard","description":"Web oficial de la Torre Bellesguard. Una de las obras m\u00e1s personales del arquitecto modernista Gaud\u00ed en Barcelona. \u00a1Vis\u00edtala sin colas ni aglomeraciones!","potentialAction":[{"@type":"SearchAction","target":{"@type":"EntryPoint","urlTemplate":"https:\/\/bellesguardgaudi.com\/fr\/?s={search_term_string}"},"query-input":{"@type":"PropertyValueSpecification","valueRequired":true,"valueName":"search_term_string"}}],"inLanguage":"fr-FR"}]}},"_links":{"self":[{"href":"https:\/\/bellesguardgaudi.com\/fr\/wp-json\/wp\/v2\/pages\/10370","targetHints":{"allow":["GET"]}}],"collection":[{"href":"https:\/\/bellesguardgaudi.com\/fr\/wp-json\/wp\/v2\/pages"}],"about":[{"href":"https:\/\/bellesguardgaudi.com\/fr\/wp-json\/wp\/v2\/types\/page"}],"author":[{"embeddable":true,"href":"https:\/\/bellesguardgaudi.com\/fr\/wp-json\/wp\/v2\/users\/1"}],"replies":[{"embeddable":true,"href":"https:\/\/bellesguardgaudi.com\/fr\/wp-json\/wp\/v2\/comments?post=10370"}],"version-history":[{"count":3,"href":"https:\/\/bellesguardgaudi.com\/fr\/wp-json\/wp\/v2\/pages\/10370\/revisions"}],"predecessor-version":[{"id":10520,"href":"https:\/\/bellesguardgaudi.com\/fr\/wp-json\/wp\/v2\/pages\/10370\/revisions\/10520"}],"wp:attachment":[{"href":"https:\/\/bellesguardgaudi.com\/fr\/wp-json\/wp\/v2\/media?parent=10370"}],"curies":[{"name":"wp","href":"https:\/\/api.w.org\/{rel}","templated":true}]}}