{"id":5525,"date":"2019-07-23T17:47:06","date_gmt":"2019-07-23T15:47:06","guid":{"rendered":"http:\/\/130.61.100.28\/wordpress\/bellesguard-barcelone\/"},"modified":"2021-11-16T11:34:38","modified_gmt":"2021-11-16T10:34:38","slug":"bellesguard","status":"publish","type":"page","link":"https:\/\/bellesguardgaudi.com\/fr\/bellesguard\/","title":{"rendered":"Bellesguard"},"content":{"rendered":"<p>[vc_row el_class=&#8221;box-text&#8221;][vc_column][vc_column_text]<\/p>\n<h3>La maison Bellesguard est un nouvel espace \u00e0 Barcelone, ouvert \u00e0 la ville et au monde, au tourisme, mais \u00e9galement \u00e0 la culture, la connaissance, la recherche, l\u2019histoire, la musique et l\u2019art.<\/h3>\n<p>[\/vc_column_text][vc_separator css=&#8221;.vc_custom_1563962635993{margin-top: 30px !important;margin-bottom: 50px !important;}&#8221;][\/vc_column][\/vc_row][vc_row gap=&#8221;15&#8243; content_placement=&#8221;top&#8221;][vc_column width=&#8221;5\/12&#8243;][vc_column_text]Ses portes sont ouvertes et il tend ses mains \u00e0 tous les types de collaboration ou de synergie, le regard toujours tourn\u00e9 vers les nouvelles technologies, les r\u00e9seaux sociaux et une communication fluide et honn\u00eate envers tous ceux qui souhaitent se rapprocher de l\u2019univers de Gaud\u00ed de Bellesguard. N\u2019h\u00e9sitez pas \u00e0 nous contacter, nous sommes \u00e0 votre disposition.<\/p>\n<h3>De toutes les \u0153uvres d\u2019Antoni Gaud\u00ed, La maison Bellesguard est celle qui a le plus d\u2019histoire.<\/h3>\n<p>Gr\u00e2ce \u00e0 l\u2019abondance d\u2019eaux souterraines et \u00e0 puret\u00e9 de l\u2019air, ce lieu a toujours \u00e9t\u00e9 habit\u00e9, devenant r\u00e9sidence royale en 1408 quand le monarque Martin Ier, dernier roi de la Maison de Barcelone, s\u2019installe \u00e0 Bellesguard jusqu\u2019\u00e0 sa mort en 1410. Encore de nous jours nous pouvons trouver aux alentours du b\u00e2timent construit par Gaud\u00ed, les vestiges m\u00e9di\u00e9vaux du palais et des murailles.[\/vc_column_text][\/vc_column][vc_column width=&#8221;7\/12&#8243;][vc_column_text]\r\n<div id=\"slider-pro-1\" class=\"slider-pro sp-no-js\" style=\"width: 800px; height: 533px;\">\r\n\t<div class=\"sp-slides\">\r\n\t\t\r\n\t\t<div class=\"sp-slide\">\r\n\t\t\t<img loading=\"lazy\" decoding=\"async\" class=\"sp-image\" src=\"https:\/\/bellesguardgaudi.com\/wp-content\/uploads\/2024\/09\/0.-INICIAL-scaled.webp\" width=\"2560\" height=\"1708\" \/>\r\n\t\t\t\r\n\t\t<\/div>\r\n\t\t<div class=\"sp-slide\">\r\n\t\t\t<img loading=\"lazy\" decoding=\"async\" class=\"sp-image\" src=\"https:\/\/bellesguardgaudi.com\/wp-content\/uploads\/2024\/09\/1G-scaled.webp\" width=\"2560\" height=\"1708\" \/>\r\n\t\t\t\r\n\t\t<\/div>\r\n\t\t<div class=\"sp-slide\">\r\n\t\t\t<img loading=\"lazy\" decoding=\"async\" class=\"sp-image\" src=\"https:\/\/bellesguardgaudi.com\/wp-content\/uploads\/2024\/09\/2G.webp\" width=\"2000\" height=\"1333\" \/>\r\n\t\t\t\r\n\t\t<\/div>\r\n\t\t<div class=\"sp-slide\">\r\n\t\t\t<img loading=\"lazy\" decoding=\"async\" class=\"sp-image\" src=\"https:\/\/bellesguardgaudi.com\/wp-content\/uploads\/2024\/09\/3G-scaled.webp\" width=\"2560\" height=\"1708\" \/>\r\n\t\t\t\r\n\t\t<\/div>\r\n\t\t<div class=\"sp-slide\">\r\n\t\t\t<img loading=\"lazy\" decoding=\"async\" class=\"sp-image\" src=\"https:\/\/bellesguardgaudi.com\/wp-content\/uploads\/2024\/09\/4G-scaled.webp\" width=\"2560\" height=\"1708\" \/>\r\n\t\t\t\r\n\t\t<\/div>\r\n\t\t<div class=\"sp-slide\">\r\n\t\t\t<img loading=\"lazy\" decoding=\"async\" class=\"sp-image\" src=\"https:\/\/bellesguardgaudi.com\/wp-content\/uploads\/2024\/09\/5G-scaled.webp\" width=\"2560\" height=\"1708\" \/>\r\n\t\t\t\r\n\t\t<\/div>\r\n\t\t<div class=\"sp-slide\">\r\n\t\t\t<img loading=\"lazy\" decoding=\"async\" class=\"sp-image\" src=\"https:\/\/bellesguardgaudi.com\/wp-content\/uploads\/2024\/09\/6G-scaled.webp\" width=\"2560\" height=\"1707\" \/>\r\n\t\t\t\r\n\t\t<\/div>\r\n\t\t<div class=\"sp-slide\">\r\n\t\t\t<img loading=\"lazy\" decoding=\"async\" class=\"sp-image\" src=\"https:\/\/bellesguardgaudi.com\/wp-content\/uploads\/2024\/09\/7G-scaled.webp\" width=\"2560\" height=\"1708\" \/>\r\n\t\t\t\r\n\t\t<\/div>\r\n\t\t<div class=\"sp-slide\">\r\n\t\t\t<img loading=\"lazy\" decoding=\"async\" class=\"sp-image\" src=\"https:\/\/bellesguardgaudi.com\/wp-content\/uploads\/2024\/09\/8G-scaled.webp\" width=\"2560\" height=\"1708\" \/>\r\n\t\t\t\r\n\t\t<\/div>\r\n\t<\/div>\r\n<\/div>[\/vc_column_text][\/vc_column][\/vc_row][vc_row gap=&#8221;15&#8243; content_placement=&#8221;top&#8221; css=&#8221;.vc_custom_1625673696403{padding-top: 20px !important;}&#8221;][vc_column width=&#8221;5\/12&#8243;][vc_column_text]Nombreux sont les personnages qui, au fil des si\u00e8cles, se sont rendus \u00e0 Bellesguard, des histoires crois\u00e9es remplies de casualit\u00e9s et de causalit\u00e9s, de grandes biographies et des \u00e9v\u00e9nements importants se sont donn\u00e9s rendez-vous dans ce petit lopin de terre, rempli de traces et de souvenirs d\u2019\u00e9poques d\u2019antan.[\/vc_column_text][\/vc_column][vc_column width=&#8221;7\/12&#8243;][vc_column_text]Toute cette histoire influence \u00e9norm\u00e9ment Antoni Gaud\u00ed, qui construit \u00e0 Bellesguard une ouvre unique, \u00e0 mi-chemin, au niveau architectural, entre le Gothique et l\u2019Art Nouveau catalan, remplie de symboles et d\u2019allusions au pass\u00e9, entour\u00e9e de magnifiques jardins o\u00f9 perdre la notion du temps et se laisser impr\u00e9gner par l\u2019essence et la magie de l\u2019\u0153uvre la plus m\u00e9connue et fascinante de Gaud\u00ed.[\/vc_column_text][\/vc_column][\/vc_row]<\/p>\n","protected":false},"excerpt":{"rendered":"<p>[vc_row el_class=&#8221;box-text&#8221;][vc_column][vc_column_text] La maison Bellesguard est un nouvel espace \u00e0 Barcelone, ouvert \u00e0 la ville et au monde, au tourisme, mais \u00e9galement \u00e0 la culture, la connaissance, la recherche, l\u2019histoire, la musique et l\u2019art. [\/vc_column_text][vc_separator css=&#8221;.vc_custom_1563962635993{margin-top: 30px !important;margin-bottom: 50px !important;}&#8221;][\/vc_column][\/vc_row][vc_row gap=&#8221;15&#8243; content_placement=&#8221;top&#8221;][vc_column width=&#8221;5\/12&#8243;][vc_column_text]Ses portes sont ouvertes et il tend ses mains \u00e0 tous les types [&hellip;]<\/p>\n","protected":false},"author":1,"featured_media":0,"parent":0,"menu_order":0,"comment_status":"closed","ping_status":"closed","template":"","meta":{"_acf_changed":false,"footnotes":""},"class_list":["post-5525","page","type-page","status-publish","hentry"],"acf":[],"yoast_head":"<!-- This site is optimized with the Yoast SEO plugin v27.2 - https:\/\/yoast.com\/product\/yoast-seo-wordpress\/ -->\n<title>Torre Bellesguard | Travail exclusif de Gaud\u00ed \u00e0 Barcelone<\/title>\n<meta name=\"description\" content=\"D\u00e9couvrez Bellesguard, le travail le plus exclusif de l&#039;architecte moderniste a d\u00e9clar\u00e9 une propri\u00e9t\u00e9 d&#039;int\u00e9r\u00eat culturel \u00e0 Barcelone. Visitez-nous maintenant!\" \/>\n<meta name=\"robots\" content=\"index, follow, max-snippet:-1, max-image-preview:large, max-video-preview:-1\" \/>\n<link rel=\"canonical\" href=\"https:\/\/bellesguardgaudi.com\/fr\/bellesguard\/\" \/>\n<meta property=\"og:locale\" content=\"fr_FR\" \/>\n<meta property=\"og:type\" content=\"article\" \/>\n<meta property=\"og:title\" content=\"Torre Bellesguard | Travail exclusif de Gaud\u00ed \u00e0 Barcelone\" \/>\n<meta property=\"og:description\" content=\"D\u00e9couvrez Bellesguard, le travail le plus exclusif de l&#039;architecte moderniste a d\u00e9clar\u00e9 une propri\u00e9t\u00e9 d&#039;int\u00e9r\u00eat culturel \u00e0 Barcelone. Visitez-nous maintenant!\" \/>\n<meta property=\"og:url\" content=\"https:\/\/bellesguardgaudi.com\/fr\/bellesguard\/\" \/>\n<meta property=\"og:site_name\" content=\"Obra Modernista de Antoni Gaud\u00ed en Barcelona | Torre Bellesguard\" \/>\n<meta property=\"article:modified_time\" content=\"2021-11-16T10:34:38+00:00\" \/>\n<meta name=\"twitter:card\" content=\"summary_large_image\" \/>\n<meta name=\"twitter:label1\" content=\"Dur\u00e9e de lecture estim\u00e9e\" \/>\n\t<meta name=\"twitter:data1\" content=\"2 minutes\" \/>\n<script type=\"application\/ld+json\" class=\"yoast-schema-graph\">{\"@context\":\"https:\/\/schema.org\",\"@graph\":[{\"@type\":\"WebPage\",\"@id\":\"https:\/\/bellesguardgaudi.com\/fr\/bellesguard\/\",\"url\":\"https:\/\/bellesguardgaudi.com\/fr\/bellesguard\/\",\"name\":\"Torre Bellesguard | Travail exclusif de Gaud\u00ed \u00e0 Barcelone\",\"isPartOf\":{\"@id\":\"https:\/\/bellesguardgaudi.com\/fr\/#website\"},\"datePublished\":\"2019-07-23T15:47:06+00:00\",\"dateModified\":\"2021-11-16T10:34:38+00:00\",\"description\":\"D\u00e9couvrez Bellesguard, le travail le plus exclusif de l'architecte moderniste a d\u00e9clar\u00e9 une propri\u00e9t\u00e9 d'int\u00e9r\u00eat culturel \u00e0 Barcelone. Visitez-nous maintenant!\",\"breadcrumb\":{\"@id\":\"https:\/\/bellesguardgaudi.com\/fr\/bellesguard\/#breadcrumb\"},\"inLanguage\":\"fr-FR\",\"potentialAction\":[{\"@type\":\"ReadAction\",\"target\":[\"https:\/\/bellesguardgaudi.com\/fr\/bellesguard\/\"]}]},{\"@type\":\"BreadcrumbList\",\"@id\":\"https:\/\/bellesguardgaudi.com\/fr\/bellesguard\/#breadcrumb\",\"itemListElement\":[{\"@type\":\"ListItem\",\"position\":1,\"name\":\"Portada\",\"item\":\"https:\/\/bellesguardgaudi.com\/fr\/\"},{\"@type\":\"ListItem\",\"position\":2,\"name\":\"Bellesguard\"}]},{\"@type\":\"WebSite\",\"@id\":\"https:\/\/bellesguardgaudi.com\/fr\/#website\",\"url\":\"https:\/\/bellesguardgaudi.com\/fr\/\",\"name\":\"Obra Modernista de Antoni Gaud\u00ed en Barcelona | Torre Bellesguard\",\"description\":\"Web oficial de la Torre Bellesguard. Una de las obras m\u00e1s personales del arquitecto modernista Gaud\u00ed en Barcelona. \u00a1Vis\u00edtala sin colas ni aglomeraciones!\",\"potentialAction\":[{\"@type\":\"SearchAction\",\"target\":{\"@type\":\"EntryPoint\",\"urlTemplate\":\"https:\/\/bellesguardgaudi.com\/fr\/?s={search_term_string}\"},\"query-input\":{\"@type\":\"PropertyValueSpecification\",\"valueRequired\":true,\"valueName\":\"search_term_string\"}}],\"inLanguage\":\"fr-FR\"}]}<\/script>\n<!-- \/ Yoast SEO plugin. -->","yoast_head_json":{"title":"Torre Bellesguard | Travail exclusif de Gaud\u00ed \u00e0 Barcelone","description":"D\u00e9couvrez Bellesguard, le travail le plus exclusif de l'architecte moderniste a d\u00e9clar\u00e9 une propri\u00e9t\u00e9 d'int\u00e9r\u00eat culturel \u00e0 Barcelone. Visitez-nous maintenant!","robots":{"index":"index","follow":"follow","max-snippet":"max-snippet:-1","max-image-preview":"max-image-preview:large","max-video-preview":"max-video-preview:-1"},"canonical":"https:\/\/bellesguardgaudi.com\/fr\/bellesguard\/","og_locale":"fr_FR","og_type":"article","og_title":"Torre Bellesguard | Travail exclusif de Gaud\u00ed \u00e0 Barcelone","og_description":"D\u00e9couvrez Bellesguard, le travail le plus exclusif de l'architecte moderniste a d\u00e9clar\u00e9 une propri\u00e9t\u00e9 d'int\u00e9r\u00eat culturel \u00e0 Barcelone. Visitez-nous maintenant!","og_url":"https:\/\/bellesguardgaudi.com\/fr\/bellesguard\/","og_site_name":"Obra Modernista de Antoni Gaud\u00ed en Barcelona | Torre Bellesguard","article_modified_time":"2021-11-16T10:34:38+00:00","twitter_card":"summary_large_image","twitter_misc":{"Dur\u00e9e de lecture estim\u00e9e":"2 minutes"},"schema":{"@context":"https:\/\/schema.org","@graph":[{"@type":"WebPage","@id":"https:\/\/bellesguardgaudi.com\/fr\/bellesguard\/","url":"https:\/\/bellesguardgaudi.com\/fr\/bellesguard\/","name":"Torre Bellesguard | Travail exclusif de Gaud\u00ed \u00e0 Barcelone","isPartOf":{"@id":"https:\/\/bellesguardgaudi.com\/fr\/#website"},"datePublished":"2019-07-23T15:47:06+00:00","dateModified":"2021-11-16T10:34:38+00:00","description":"D\u00e9couvrez Bellesguard, le travail le plus exclusif de l'architecte moderniste a d\u00e9clar\u00e9 une propri\u00e9t\u00e9 d'int\u00e9r\u00eat culturel \u00e0 Barcelone. Visitez-nous maintenant!","breadcrumb":{"@id":"https:\/\/bellesguardgaudi.com\/fr\/bellesguard\/#breadcrumb"},"inLanguage":"fr-FR","potentialAction":[{"@type":"ReadAction","target":["https:\/\/bellesguardgaudi.com\/fr\/bellesguard\/"]}]},{"@type":"BreadcrumbList","@id":"https:\/\/bellesguardgaudi.com\/fr\/bellesguard\/#breadcrumb","itemListElement":[{"@type":"ListItem","position":1,"name":"Portada","item":"https:\/\/bellesguardgaudi.com\/fr\/"},{"@type":"ListItem","position":2,"name":"Bellesguard"}]},{"@type":"WebSite","@id":"https:\/\/bellesguardgaudi.com\/fr\/#website","url":"https:\/\/bellesguardgaudi.com\/fr\/","name":"Obra Modernista de Antoni Gaud\u00ed en Barcelona | Torre Bellesguard","description":"Web oficial de la Torre Bellesguard. Una de las obras m\u00e1s personales del arquitecto modernista Gaud\u00ed en Barcelona. \u00a1Vis\u00edtala sin colas ni aglomeraciones!","potentialAction":[{"@type":"SearchAction","target":{"@type":"EntryPoint","urlTemplate":"https:\/\/bellesguardgaudi.com\/fr\/?s={search_term_string}"},"query-input":{"@type":"PropertyValueSpecification","valueRequired":true,"valueName":"search_term_string"}}],"inLanguage":"fr-FR"}]}},"_links":{"self":[{"href":"https:\/\/bellesguardgaudi.com\/fr\/wp-json\/wp\/v2\/pages\/5525","targetHints":{"allow":["GET"]}}],"collection":[{"href":"https:\/\/bellesguardgaudi.com\/fr\/wp-json\/wp\/v2\/pages"}],"about":[{"href":"https:\/\/bellesguardgaudi.com\/fr\/wp-json\/wp\/v2\/types\/page"}],"author":[{"embeddable":true,"href":"https:\/\/bellesguardgaudi.com\/fr\/wp-json\/wp\/v2\/users\/1"}],"replies":[{"embeddable":true,"href":"https:\/\/bellesguardgaudi.com\/fr\/wp-json\/wp\/v2\/comments?post=5525"}],"version-history":[{"count":6,"href":"https:\/\/bellesguardgaudi.com\/fr\/wp-json\/wp\/v2\/pages\/5525\/revisions"}],"predecessor-version":[{"id":9412,"href":"https:\/\/bellesguardgaudi.com\/fr\/wp-json\/wp\/v2\/pages\/5525\/revisions\/9412"}],"wp:attachment":[{"href":"https:\/\/bellesguardgaudi.com\/fr\/wp-json\/wp\/v2\/media?parent=5525"}],"curies":[{"name":"wp","href":"https:\/\/api.w.org\/{rel}","templated":true}]}}