{"id":5534,"date":"2019-10-15T17:45:22","date_gmt":"2019-10-15T15:45:22","guid":{"rendered":"http:\/\/130.61.100.28\/wordpress\/bellesguard-barcelone\/collaborations-et-alliances\/"},"modified":"2021-11-19T09:22:34","modified_gmt":"2021-11-19T08:22:34","slug":"collaborations-et-alliances","status":"publish","type":"page","link":"https:\/\/bellesguardgaudi.com\/fr\/bellesguard\/collaborations-et-alliances\/","title":{"rendered":"Collaborations et Alliances"},"content":{"rendered":"<p>[vc_row el_class=&#8221;hcenter-row logos-alianzas&#8221;][vc_column width=&#8221;1\/2&#8243; el_class=&#8221;hcenter-col&#8221; offset=&#8221;vc_col-lg-3 vc_col-md-6 vc_col-xs-12&#8243;][vc_single_image image=&#8221;5367&#8243; img_size=&#8221;full&#8221; alignment=&#8221;center&#8221; onclick=&#8221;custom_link&#8221; img_link_target=&#8221;_blank&#8221; link=&#8221;http:\/\/www.portalgaudi.cat\/es\/consell-gaudi\/&#8221;][\/vc_column][vc_column width=&#8221;1\/2&#8243; el_class=&#8221;hcenter-col&#8221; offset=&#8221;vc_col-lg-3 vc_col-md-6 vc_col-xs-12&#8243;][vc_single_image image=&#8221;5372&#8243; img_size=&#8221;full&#8221; alignment=&#8221;center&#8221; onclick=&#8221;custom_link&#8221; img_link_target=&#8221;_blank&#8221; link=&#8221;https:\/\/www.barcelonapremium.com\/&#8221;][\/vc_column][vc_column width=&#8221;1\/2&#8243; el_class=&#8221;hcenter-col&#8221; offset=&#8221;vc_col-lg-3 vc_col-md-6 vc_col-xs-12&#8243;][vc_single_image image=&#8221;5377&#8243; img_size=&#8221;full&#8221; alignment=&#8221;center&#8221; onclick=&#8221;custom_link&#8221; img_link_target=&#8221;_blank&#8221; link=&#8221;http:\/\/www.monumenta.info\/&#8221;][\/vc_column][vc_column width=&#8221;1\/2&#8243; el_class=&#8221;hcenter-col&#8221; offset=&#8221;vc_col-lg-3 vc_col-md-6 vc_col-xs-12&#8243;][vc_single_image image=&#8221;5382&#8243; img_size=&#8221;full&#8221; alignment=&#8221;center&#8221; onclick=&#8221;custom_link&#8221; img_link_target=&#8221;_blank&#8221; link=&#8221;amicsdegaudi.com&#8221;][\/vc_column][\/vc_row][vc_row el_class=&#8221;hcenter-row logos-alianzas&#8221;][vc_column width=&#8221;1\/2&#8243; el_class=&#8221;hcenter-col&#8221; offset=&#8221;vc_col-lg-3 vc_col-md-6 vc_col-xs-12&#8243;][vc_single_image image=&#8221;5419&#8243; img_size=&#8221;full&#8221; alignment=&#8221;center&#8221; onclick=&#8221;custom_link&#8221; link=&#8221;https:\/\/www.barcelonaturisme.com\/wv3\/en\/&#8221;][\/vc_column][vc_column width=&#8221;1\/2&#8243; el_class=&#8221;hcenter-col&#8221; offset=&#8221;vc_col-lg-3 vc_col-md-6 vc_col-xs-12&#8243;][vc_single_image image=&#8221;5424&#8243; img_size=&#8221;full&#8221; alignment=&#8221;center&#8221; onclick=&#8221;custom_link&#8221; img_link_target=&#8221;_blank&#8221; link=&#8221;http:\/\/act.gencat.cat\/club-de-turisme-cultural\/&#8221;][\/vc_column][vc_column width=&#8221;1\/2&#8243; el_class=&#8221;hcenter-col&#8221; offset=&#8221;vc_col-lg-3 vc_col-md-6 vc_col-xs-12&#8243;][vc_single_image image=&#8221;5429&#8243; img_size=&#8221;full&#8221; alignment=&#8221;center&#8221; onclick=&#8221;custom_link&#8221; img_link_target=&#8221;_blank&#8221; link=&#8221;https:\/\/www.barcelonaesmoltmes.cat\/es\/costabarcelona\/&#8221;][\/vc_column][vc_column width=&#8221;1\/2&#8243; el_class=&#8221;hcenter-col&#8221; offset=&#8221;vc_col-lg-3 vc_col-md-6 vc_col-xs-12&#8243;][vc_single_image image=&#8221;5434&#8243; img_size=&#8221;full&#8221; alignment=&#8221;center&#8221; onclick=&#8221;custom_link&#8221; link=&#8221;https:\/\/mosaiccos.com\/es\/&#8221;][\/vc_column][\/vc_row][vc_row el_class=&#8221;hcenter-row logos-alianzas margen-top-50&#8243;][vc_column width=&#8221;1\/2&#8243; el_class=&#8221;hcenter-col&#8221; offset=&#8221;vc_col-lg-3 vc_col-md-6 vc_col-xs-12&#8243;][vc_single_image image=&#8221;5439&#8243; img_size=&#8221;full&#8221; alignment=&#8221;center&#8221; onclick=&#8221;custom_link&#8221; img_link_target=&#8221;_blank&#8221; link=&#8221;https:\/\/www.madeforspainandportugal.com\/en\/&#8221;][\/vc_column][vc_column width=&#8221;1\/2&#8243; el_class=&#8221;hcenter-col&#8221; offset=&#8221;vc_col-lg-3 vc_col-md-6 vc_col-xs-12&#8243;][vc_single_image image=&#8221;5444&#8243; img_size=&#8221;full&#8221; alignment=&#8221;center&#8221; onclick=&#8221;custom_link&#8221; img_link_target=&#8221;_blank&#8221; link=&#8221;https:\/\/juliatravel.com\/es\/&#8221;][\/vc_column][vc_column width=&#8221;1\/4&#8243; el_class=&#8221;hcenter-col&#8221;][\/vc_column][\/vc_row]<\/p>\n","protected":false},"excerpt":{"rendered":"<p>[vc_row el_class=&#8221;hcenter-row logos-alianzas&#8221;][vc_column width=&#8221;1\/2&#8243; el_class=&#8221;hcenter-col&#8221; offset=&#8221;vc_col-lg-3 vc_col-md-6 vc_col-xs-12&#8243;][vc_single_image image=&#8221;5367&#8243; img_size=&#8221;full&#8221; alignment=&#8221;center&#8221; onclick=&#8221;custom_link&#8221; img_link_target=&#8221;_blank&#8221; link=&#8221;http:\/\/www.portalgaudi.cat\/es\/consell-gaudi\/&#8221;][\/vc_column][vc_column width=&#8221;1\/2&#8243; el_class=&#8221;hcenter-col&#8221; offset=&#8221;vc_col-lg-3 vc_col-md-6 vc_col-xs-12&#8243;][vc_single_image image=&#8221;5372&#8243; img_size=&#8221;full&#8221; alignment=&#8221;center&#8221; onclick=&#8221;custom_link&#8221; img_link_target=&#8221;_blank&#8221; link=&#8221;https:\/\/www.barcelonapremium.com\/&#8221;][\/vc_column][vc_column width=&#8221;1\/2&#8243; el_class=&#8221;hcenter-col&#8221; offset=&#8221;vc_col-lg-3 vc_col-md-6 vc_col-xs-12&#8243;][vc_single_image image=&#8221;5377&#8243; img_size=&#8221;full&#8221; alignment=&#8221;center&#8221; onclick=&#8221;custom_link&#8221; img_link_target=&#8221;_blank&#8221; link=&#8221;http:\/\/www.monumenta.info\/&#8221;][\/vc_column][vc_column width=&#8221;1\/2&#8243; el_class=&#8221;hcenter-col&#8221; offset=&#8221;vc_col-lg-3 vc_col-md-6 vc_col-xs-12&#8243;][vc_single_image image=&#8221;5382&#8243; img_size=&#8221;full&#8221; alignment=&#8221;center&#8221; onclick=&#8221;custom_link&#8221; img_link_target=&#8221;_blank&#8221; link=&#8221;amicsdegaudi.com&#8221;][\/vc_column][\/vc_row][vc_row el_class=&#8221;hcenter-row logos-alianzas&#8221;][vc_column width=&#8221;1\/2&#8243; el_class=&#8221;hcenter-col&#8221; offset=&#8221;vc_col-lg-3 vc_col-md-6 vc_col-xs-12&#8243;][vc_single_image image=&#8221;5419&#8243; [&hellip;]<\/p>\n","protected":false},"author":1,"featured_media":0,"parent":5525,"menu_order":0,"comment_status":"closed","ping_status":"closed","template":"","meta":{"_acf_changed":false,"footnotes":""},"class_list":["post-5534","page","type-page","status-publish","hentry"],"acf":[],"yoast_head":"<!-- This site is optimized with the Yoast SEO plugin v27.2 - https:\/\/yoast.com\/product\/yoast-seo-wordpress\/ -->\n<title>Collaborations et alliances | Torre Bellesguard Gaud\u00ed Barcelone<\/title>\n<meta name=\"description\" content=\"Bellesguard collabore avec diff\u00e9rentes institutions afin de promouvoir le patrimoine artistique, historique, architectural et culturel de Barcelone.\" \/>\n<meta name=\"robots\" content=\"index, follow, max-snippet:-1, max-image-preview:large, max-video-preview:-1\" \/>\n<link rel=\"canonical\" href=\"https:\/\/bellesguardgaudi.com\/fr\/bellesguard\/collaborations-et-alliances\/\" \/>\n<meta property=\"og:locale\" content=\"fr_FR\" \/>\n<meta property=\"og:type\" content=\"article\" \/>\n<meta property=\"og:title\" content=\"Collaborations et alliances | Torre Bellesguard Gaud\u00ed Barcelone\" \/>\n<meta property=\"og:description\" content=\"Bellesguard collabore avec diff\u00e9rentes institutions afin de promouvoir le patrimoine artistique, historique, architectural et culturel de Barcelone.\" \/>\n<meta property=\"og:url\" content=\"https:\/\/bellesguardgaudi.com\/fr\/bellesguard\/collaborations-et-alliances\/\" \/>\n<meta property=\"og:site_name\" content=\"Obra Modernista de Antoni Gaud\u00ed en Barcelona | Torre Bellesguard\" \/>\n<meta property=\"article:modified_time\" content=\"2021-11-19T08:22:34+00:00\" \/>\n<meta name=\"twitter:card\" content=\"summary_large_image\" \/>\n<meta name=\"twitter:label1\" content=\"Dur\u00e9e de lecture estim\u00e9e\" \/>\n\t<meta name=\"twitter:data1\" content=\"1 minute\" \/>\n<script type=\"application\/ld+json\" class=\"yoast-schema-graph\">{\"@context\":\"https:\/\/schema.org\",\"@graph\":[{\"@type\":\"WebPage\",\"@id\":\"https:\/\/bellesguardgaudi.com\/fr\/bellesguard\/collaborations-et-alliances\/\",\"url\":\"https:\/\/bellesguardgaudi.com\/fr\/bellesguard\/collaborations-et-alliances\/\",\"name\":\"Collaborations et alliances | Torre Bellesguard Gaud\u00ed Barcelone\",\"isPartOf\":{\"@id\":\"https:\/\/bellesguardgaudi.com\/fr\/#website\"},\"datePublished\":\"2019-10-15T15:45:22+00:00\",\"dateModified\":\"2021-11-19T08:22:34+00:00\",\"description\":\"Bellesguard collabore avec diff\u00e9rentes institutions afin de promouvoir le patrimoine artistique, historique, architectural et culturel de Barcelone.\",\"breadcrumb\":{\"@id\":\"https:\/\/bellesguardgaudi.com\/fr\/bellesguard\/collaborations-et-alliances\/#breadcrumb\"},\"inLanguage\":\"fr-FR\",\"potentialAction\":[{\"@type\":\"ReadAction\",\"target\":[\"https:\/\/bellesguardgaudi.com\/fr\/bellesguard\/collaborations-et-alliances\/\"]}]},{\"@type\":\"BreadcrumbList\",\"@id\":\"https:\/\/bellesguardgaudi.com\/fr\/bellesguard\/collaborations-et-alliances\/#breadcrumb\",\"itemListElement\":[{\"@type\":\"ListItem\",\"position\":1,\"name\":\"Portada\",\"item\":\"https:\/\/bellesguardgaudi.com\/fr\/\"},{\"@type\":\"ListItem\",\"position\":2,\"name\":\"Bellesguard\",\"item\":\"https:\/\/bellesguardgaudi.com\/fr\/bellesguard\/\"},{\"@type\":\"ListItem\",\"position\":3,\"name\":\"Collaborations et Alliances\"}]},{\"@type\":\"WebSite\",\"@id\":\"https:\/\/bellesguardgaudi.com\/fr\/#website\",\"url\":\"https:\/\/bellesguardgaudi.com\/fr\/\",\"name\":\"Obra Modernista de Antoni Gaud\u00ed en Barcelona | Torre Bellesguard\",\"description\":\"Web oficial de la Torre Bellesguard. Una de las obras m\u00e1s personales del arquitecto modernista Gaud\u00ed en Barcelona. \u00a1Vis\u00edtala sin colas ni aglomeraciones!\",\"potentialAction\":[{\"@type\":\"SearchAction\",\"target\":{\"@type\":\"EntryPoint\",\"urlTemplate\":\"https:\/\/bellesguardgaudi.com\/fr\/?s={search_term_string}\"},\"query-input\":{\"@type\":\"PropertyValueSpecification\",\"valueRequired\":true,\"valueName\":\"search_term_string\"}}],\"inLanguage\":\"fr-FR\"}]}<\/script>\n<!-- \/ Yoast SEO plugin. -->","yoast_head_json":{"title":"Collaborations et alliances | Torre Bellesguard Gaud\u00ed Barcelone","description":"Bellesguard collabore avec diff\u00e9rentes institutions afin de promouvoir le patrimoine artistique, historique, architectural et culturel de Barcelone.","robots":{"index":"index","follow":"follow","max-snippet":"max-snippet:-1","max-image-preview":"max-image-preview:large","max-video-preview":"max-video-preview:-1"},"canonical":"https:\/\/bellesguardgaudi.com\/fr\/bellesguard\/collaborations-et-alliances\/","og_locale":"fr_FR","og_type":"article","og_title":"Collaborations et alliances | Torre Bellesguard Gaud\u00ed Barcelone","og_description":"Bellesguard collabore avec diff\u00e9rentes institutions afin de promouvoir le patrimoine artistique, historique, architectural et culturel de Barcelone.","og_url":"https:\/\/bellesguardgaudi.com\/fr\/bellesguard\/collaborations-et-alliances\/","og_site_name":"Obra Modernista de Antoni Gaud\u00ed en Barcelona | Torre Bellesguard","article_modified_time":"2021-11-19T08:22:34+00:00","twitter_card":"summary_large_image","twitter_misc":{"Dur\u00e9e de lecture estim\u00e9e":"1 minute"},"schema":{"@context":"https:\/\/schema.org","@graph":[{"@type":"WebPage","@id":"https:\/\/bellesguardgaudi.com\/fr\/bellesguard\/collaborations-et-alliances\/","url":"https:\/\/bellesguardgaudi.com\/fr\/bellesguard\/collaborations-et-alliances\/","name":"Collaborations et alliances | Torre Bellesguard Gaud\u00ed Barcelone","isPartOf":{"@id":"https:\/\/bellesguardgaudi.com\/fr\/#website"},"datePublished":"2019-10-15T15:45:22+00:00","dateModified":"2021-11-19T08:22:34+00:00","description":"Bellesguard collabore avec diff\u00e9rentes institutions afin de promouvoir le patrimoine artistique, historique, architectural et culturel de Barcelone.","breadcrumb":{"@id":"https:\/\/bellesguardgaudi.com\/fr\/bellesguard\/collaborations-et-alliances\/#breadcrumb"},"inLanguage":"fr-FR","potentialAction":[{"@type":"ReadAction","target":["https:\/\/bellesguardgaudi.com\/fr\/bellesguard\/collaborations-et-alliances\/"]}]},{"@type":"BreadcrumbList","@id":"https:\/\/bellesguardgaudi.com\/fr\/bellesguard\/collaborations-et-alliances\/#breadcrumb","itemListElement":[{"@type":"ListItem","position":1,"name":"Portada","item":"https:\/\/bellesguardgaudi.com\/fr\/"},{"@type":"ListItem","position":2,"name":"Bellesguard","item":"https:\/\/bellesguardgaudi.com\/fr\/bellesguard\/"},{"@type":"ListItem","position":3,"name":"Collaborations et Alliances"}]},{"@type":"WebSite","@id":"https:\/\/bellesguardgaudi.com\/fr\/#website","url":"https:\/\/bellesguardgaudi.com\/fr\/","name":"Obra Modernista de Antoni Gaud\u00ed en Barcelona | Torre Bellesguard","description":"Web oficial de la Torre Bellesguard. Una de las obras m\u00e1s personales del arquitecto modernista Gaud\u00ed en Barcelona. \u00a1Vis\u00edtala sin colas ni aglomeraciones!","potentialAction":[{"@type":"SearchAction","target":{"@type":"EntryPoint","urlTemplate":"https:\/\/bellesguardgaudi.com\/fr\/?s={search_term_string}"},"query-input":{"@type":"PropertyValueSpecification","valueRequired":true,"valueName":"search_term_string"}}],"inLanguage":"fr-FR"}]}},"_links":{"self":[{"href":"https:\/\/bellesguardgaudi.com\/fr\/wp-json\/wp\/v2\/pages\/5534","targetHints":{"allow":["GET"]}}],"collection":[{"href":"https:\/\/bellesguardgaudi.com\/fr\/wp-json\/wp\/v2\/pages"}],"about":[{"href":"https:\/\/bellesguardgaudi.com\/fr\/wp-json\/wp\/v2\/types\/page"}],"author":[{"embeddable":true,"href":"https:\/\/bellesguardgaudi.com\/fr\/wp-json\/wp\/v2\/users\/1"}],"replies":[{"embeddable":true,"href":"https:\/\/bellesguardgaudi.com\/fr\/wp-json\/wp\/v2\/comments?post=5534"}],"version-history":[{"count":4,"href":"https:\/\/bellesguardgaudi.com\/fr\/wp-json\/wp\/v2\/pages\/5534\/revisions"}],"predecessor-version":[{"id":10702,"href":"https:\/\/bellesguardgaudi.com\/fr\/wp-json\/wp\/v2\/pages\/5534\/revisions\/10702"}],"up":[{"embeddable":true,"href":"https:\/\/bellesguardgaudi.com\/fr\/wp-json\/wp\/v2\/pages\/5525"}],"wp:attachment":[{"href":"https:\/\/bellesguardgaudi.com\/fr\/wp-json\/wp\/v2\/media?parent=5534"}],"curies":[{"name":"wp","href":"https:\/\/api.w.org\/{rel}","templated":true}]}}