{"id":5558,"date":"2019-10-09T19:07:52","date_gmt":"2019-10-09T17:07:52","guid":{"rendered":"http:\/\/130.61.100.28\/wordpress\/bellesguard\/solidarite\/"},"modified":"2021-11-16T11:40:29","modified_gmt":"2021-11-16T10:40:29","slug":"solidarite","status":"publish","type":"page","link":"https:\/\/bellesguardgaudi.com\/fr\/bellesguard\/solidarite\/","title":{"rendered":"Solidarit\u00e9"},"content":{"rendered":"<p>[vc_row][vc_column][vc_column_text]<\/p>\n<h2 style=\"text-align: center;\">LA FEN\u00caTRE DE BELLESGUARD, PAYSAGE SOLIDAIRE<\/h2>\n<p style=\"text-align: center;\">La Torre Bellesguard de Antoni Gaud\u00ed a beaucoup de fen\u00eatres ouvertes: vers la culture, vers la recherche, vers la cr\u00e9ation, vers l\u2019art, vers la musique, vers la formation, vers la communication, vers les nouvelles technologies\u2026 et veut aussi ouvrir une fen\u00eatre vers la solidarit\u00e9, en prenant engagement actif de notre environnement et de notre monde.<\/p>\n<p style=\"text-align: center;\">Chaque ann\u00e9e\u00a0 nous \u00e9tablirons un compromis avec diff\u00e9rentes ONG du territoire, travaillant dans divers domaines, tels que les enfants, les droits de l\u2019homme, l\u2019inclusion sociale, les personnes handicap\u00e9es, le tiers-monde, la banque \u00e9thique \u2026<\/p>\n<p style=\"text-align: center;\">Il y a beaucoup de travail \u00e0 faire et tous les composants de l\u2019\u00e9quipe de Bellesguard nous sommes convaincus qu\u2019il faut garder cette fen\u00eatre solidaire bien ouverte, pour que l\u2019air frais de changements positifs remplisse de couleur et d\u2019\u00e9nergie notre quotidien.<\/p>\n<h3 style=\"text-align: center;\"><\/h3>\n<p>[\/vc_column_text][\/vc_column][\/vc_row][vc_row equal_height=&#8221;yes&#8221; content_placement=&#8221;middle&#8221;][vc_column][vc_separator css=&#8221;.vc_custom_1571150705373{margin-top: 30px !important;margin-bottom: 30px !important;}&#8221;][\/vc_column][\/vc_row][vc_row][vc_column offset=&#8221;vc_col-lg-7 vc_col-md-12 vc_col-xs-12&#8243;][vc_column_text]<\/p>\n<h3>TORRE BELLESGUARD ET BAYT AL-THAQAFA<\/h3>\n<p>Bayt al-Thaqafa est une entit\u00e9 sans but lucratif qui travaille avec des immigrantes d\u2019origine arabo-musulman depuis 1974.<\/p>\n<p>C\u2019est une \u00e9quipe humaine de plus de 60 volontaires et une vingtaine de professionnels qui font que Bayt al-Thaqafa soit un point de rencontre entre cultures diff\u00e9rentes\u00a0: la catalane, l\u2019espagnole, la magr\u00e9bine, l\u2019africaine subsaharienne, l\u2019asiatique et aussi la de toutes les pays qui sont arabes o musulmanes.<\/p>\n<p>Pour collaborer avec Bayt al-Thaqafa ou faire une donation: <a href=\"http:\/\/www.bayt-al-thaqafa.org\/\" target=\"_blank\" rel=\"noopener noreferrer\">www.bayt-al-thaqafa.org<\/a>[\/vc_column_text][\/vc_column][vc_column offset=&#8221;vc_col-lg-5 vc_col-md-12 vc_col-xs-12&#8243;][vc_single_image image=&#8221;8026&#8243; img_size=&#8221;full&#8221;][\/vc_column][\/vc_row][vc_row equal_height=&#8221;yes&#8221; content_placement=&#8221;middle&#8221;][vc_column][vc_separator css=&#8221;.vc_custom_1571150705373{margin-top: 30px !important;margin-bottom: 30px !important;}&#8221;][\/vc_column][\/vc_row][vc_row][vc_column offset=&#8221;vc_col-lg-5 vc_col-md-12 vc_col-xs-12&#8243;][vc_single_image image=&#8221;5346&#8243; img_size=&#8221;full&#8221; add_caption=&#8221;yes&#8221;][\/vc_column][vc_column el_class=&#8221;hcenter-col&#8221; offset=&#8221;vc_col-lg-7 vc_col-md-12 vc_col-xs-12&#8243;][vc_column_text]<\/p>\n<h3>TORRE BELLESGUARD ET ACTIVE \u00c1FRICA<\/h3>\n<p>L\u2019ONG Active \u00c1frica (une ONG cr\u00e9\u00e9 en 2004 \u00e0 Barcelone) d\u00e9veloppe des projets de coop\u00e9ration pour les r\u00e9gions plus pauvres de Malawi et Kenya. La mission principale d\u2019Active \u00c1frica est la contribution \u00e0 am\u00e9liorer l\u2019\u00e9ducation, la promotion de l\u2019\u00e9galit\u00e9 des genres et soutenir le syst\u00e8me sanitaire.<\/p>\n<p>Si vous voulez collaborer avec Active \u00c1frica, ici vous avez plus de l\u2019information: <a href=\"https:\/\/www.activeafrica.org\/\" target=\"_blank\" rel=\"noopener noreferrer\">www.activeafrica.org<\/a>[\/vc_column_text][\/vc_column][\/vc_row][vc_row equal_height=&#8221;yes&#8221; content_placement=&#8221;middle&#8221;][vc_column][vc_separator css=&#8221;.vc_custom_1571150705373{margin-top: 30px !important;margin-bottom: 30px !important;}&#8221;][\/vc_column][\/vc_row][vc_row][vc_column offset=&#8221;vc_col-lg-7 vc_col-md-12 vc_col-xs-12&#8243;][vc_column_text]<\/p>\n<h3>TORRE BELLESGUARD ET SANT JOAN DE D\u00c9U<\/h3>\n<p>L\u2019ordre religieuse de Sant Joan de D\u00e9u s\u2019occupe des handicap\u00e9s et des plus vuln\u00e9rables autour du monde avec des diff\u00e9rentes programmes de coop\u00e9ration.<\/p>\n<p>Elle est pr\u00e9sente dans plus de 50 pays des 5 continentes, avec 300 centres qui donnent service \u00e0 20 millions de personnes chaque ann\u00e9e.<\/p>\n<p>Pour collaborer avec Sant Joan de D\u00e9u: <a href=\"https:\/\/www.ohsjd.es\/\" target=\"_blank\" rel=\"noopener noreferrer\">www.ohsjd.es<\/a>[\/vc_column_text][\/vc_column][vc_column offset=&#8221;vc_col-lg-5 vc_col-md-12 vc_col-xs-12&#8243;][vc_single_image image=&#8221;5355&#8243; img_size=&#8221;full&#8221; add_caption=&#8221;yes&#8221;][\/vc_column][\/vc_row]<\/p>\n","protected":false},"excerpt":{"rendered":"<p>[vc_row][vc_column][vc_column_text] LA FEN\u00caTRE DE BELLESGUARD, PAYSAGE SOLIDAIRE La Torre Bellesguard de Antoni Gaud\u00ed a beaucoup de fen\u00eatres ouvertes: vers la culture, vers la recherche, vers la cr\u00e9ation, vers l\u2019art, vers la musique, vers la formation, vers la communication, vers les nouvelles technologies\u2026 et veut aussi ouvrir une fen\u00eatre vers la solidarit\u00e9, en prenant engagement actif [&hellip;]<\/p>\n","protected":false},"author":1,"featured_media":0,"parent":5525,"menu_order":0,"comment_status":"closed","ping_status":"closed","template":"","meta":{"_acf_changed":false,"footnotes":""},"class_list":["post-5558","page","type-page","status-publish","hentry"],"acf":[],"yoast_head":"<!-- This site is optimized with the Yoast SEO plugin v27.2 - https:\/\/yoast.com\/product\/yoast-seo-wordpress\/ -->\n<title>Inn\u00e9s de solidarit\u00e9 | Torre Bellesguard Gaud\u00ed Barcelone<\/title>\n<meta name=\"description\" content=\"Bellesguard participe \u00e0 des projets d&#039;action de solidarit\u00e9 de diverses ONG du territoire. Prendre un engagement avec notre monde. Collaborer!\" \/>\n<meta name=\"robots\" content=\"index, follow, max-snippet:-1, max-image-preview:large, max-video-preview:-1\" \/>\n<link rel=\"canonical\" href=\"https:\/\/bellesguardgaudi.com\/fr\/bellesguard\/solidarite\/\" \/>\n<meta property=\"og:locale\" content=\"fr_FR\" \/>\n<meta property=\"og:type\" content=\"article\" \/>\n<meta property=\"og:title\" content=\"Inn\u00e9s de solidarit\u00e9 | Torre Bellesguard Gaud\u00ed Barcelone\" \/>\n<meta property=\"og:description\" content=\"Bellesguard participe \u00e0 des projets d&#039;action de solidarit\u00e9 de diverses ONG du territoire. Prendre un engagement avec notre monde. Collaborer!\" \/>\n<meta property=\"og:url\" content=\"https:\/\/bellesguardgaudi.com\/fr\/bellesguard\/solidarite\/\" \/>\n<meta property=\"og:site_name\" content=\"Obra Modernista de Antoni Gaud\u00ed en Barcelona | Torre Bellesguard\" \/>\n<meta property=\"article:modified_time\" content=\"2021-11-16T10:40:29+00:00\" \/>\n<meta name=\"twitter:card\" content=\"summary_large_image\" \/>\n<meta name=\"twitter:label1\" content=\"Dur\u00e9e de lecture estim\u00e9e\" \/>\n\t<meta name=\"twitter:data1\" content=\"2 minutes\" \/>\n<script type=\"application\/ld+json\" class=\"yoast-schema-graph\">{\"@context\":\"https:\/\/schema.org\",\"@graph\":[{\"@type\":\"WebPage\",\"@id\":\"https:\/\/bellesguardgaudi.com\/fr\/bellesguard\/solidarite\/\",\"url\":\"https:\/\/bellesguardgaudi.com\/fr\/bellesguard\/solidarite\/\",\"name\":\"Inn\u00e9s de solidarit\u00e9 | Torre Bellesguard Gaud\u00ed Barcelone\",\"isPartOf\":{\"@id\":\"https:\/\/bellesguardgaudi.com\/fr\/#website\"},\"datePublished\":\"2019-10-09T17:07:52+00:00\",\"dateModified\":\"2021-11-16T10:40:29+00:00\",\"description\":\"Bellesguard participe \u00e0 des projets d'action de solidarit\u00e9 de diverses ONG du territoire. Prendre un engagement avec notre monde. Collaborer!\",\"breadcrumb\":{\"@id\":\"https:\/\/bellesguardgaudi.com\/fr\/bellesguard\/solidarite\/#breadcrumb\"},\"inLanguage\":\"fr-FR\",\"potentialAction\":[{\"@type\":\"ReadAction\",\"target\":[\"https:\/\/bellesguardgaudi.com\/fr\/bellesguard\/solidarite\/\"]}]},{\"@type\":\"BreadcrumbList\",\"@id\":\"https:\/\/bellesguardgaudi.com\/fr\/bellesguard\/solidarite\/#breadcrumb\",\"itemListElement\":[{\"@type\":\"ListItem\",\"position\":1,\"name\":\"Portada\",\"item\":\"https:\/\/bellesguardgaudi.com\/fr\/\"},{\"@type\":\"ListItem\",\"position\":2,\"name\":\"Bellesguard\",\"item\":\"https:\/\/bellesguardgaudi.com\/fr\/bellesguard\/\"},{\"@type\":\"ListItem\",\"position\":3,\"name\":\"Solidarit\u00e9\"}]},{\"@type\":\"WebSite\",\"@id\":\"https:\/\/bellesguardgaudi.com\/fr\/#website\",\"url\":\"https:\/\/bellesguardgaudi.com\/fr\/\",\"name\":\"Obra Modernista de Antoni Gaud\u00ed en Barcelona | Torre Bellesguard\",\"description\":\"Web oficial de la Torre Bellesguard. Una de las obras m\u00e1s personales del arquitecto modernista Gaud\u00ed en Barcelona. \u00a1Vis\u00edtala sin colas ni aglomeraciones!\",\"potentialAction\":[{\"@type\":\"SearchAction\",\"target\":{\"@type\":\"EntryPoint\",\"urlTemplate\":\"https:\/\/bellesguardgaudi.com\/fr\/?s={search_term_string}\"},\"query-input\":{\"@type\":\"PropertyValueSpecification\",\"valueRequired\":true,\"valueName\":\"search_term_string\"}}],\"inLanguage\":\"fr-FR\"}]}<\/script>\n<!-- \/ Yoast SEO plugin. -->","yoast_head_json":{"title":"Inn\u00e9s de solidarit\u00e9 | Torre Bellesguard Gaud\u00ed Barcelone","description":"Bellesguard participe \u00e0 des projets d'action de solidarit\u00e9 de diverses ONG du territoire. Prendre un engagement avec notre monde. Collaborer!","robots":{"index":"index","follow":"follow","max-snippet":"max-snippet:-1","max-image-preview":"max-image-preview:large","max-video-preview":"max-video-preview:-1"},"canonical":"https:\/\/bellesguardgaudi.com\/fr\/bellesguard\/solidarite\/","og_locale":"fr_FR","og_type":"article","og_title":"Inn\u00e9s de solidarit\u00e9 | Torre Bellesguard Gaud\u00ed Barcelone","og_description":"Bellesguard participe \u00e0 des projets d'action de solidarit\u00e9 de diverses ONG du territoire. Prendre un engagement avec notre monde. Collaborer!","og_url":"https:\/\/bellesguardgaudi.com\/fr\/bellesguard\/solidarite\/","og_site_name":"Obra Modernista de Antoni Gaud\u00ed en Barcelona | Torre Bellesguard","article_modified_time":"2021-11-16T10:40:29+00:00","twitter_card":"summary_large_image","twitter_misc":{"Dur\u00e9e de lecture estim\u00e9e":"2 minutes"},"schema":{"@context":"https:\/\/schema.org","@graph":[{"@type":"WebPage","@id":"https:\/\/bellesguardgaudi.com\/fr\/bellesguard\/solidarite\/","url":"https:\/\/bellesguardgaudi.com\/fr\/bellesguard\/solidarite\/","name":"Inn\u00e9s de solidarit\u00e9 | Torre Bellesguard Gaud\u00ed Barcelone","isPartOf":{"@id":"https:\/\/bellesguardgaudi.com\/fr\/#website"},"datePublished":"2019-10-09T17:07:52+00:00","dateModified":"2021-11-16T10:40:29+00:00","description":"Bellesguard participe \u00e0 des projets d'action de solidarit\u00e9 de diverses ONG du territoire. Prendre un engagement avec notre monde. Collaborer!","breadcrumb":{"@id":"https:\/\/bellesguardgaudi.com\/fr\/bellesguard\/solidarite\/#breadcrumb"},"inLanguage":"fr-FR","potentialAction":[{"@type":"ReadAction","target":["https:\/\/bellesguardgaudi.com\/fr\/bellesguard\/solidarite\/"]}]},{"@type":"BreadcrumbList","@id":"https:\/\/bellesguardgaudi.com\/fr\/bellesguard\/solidarite\/#breadcrumb","itemListElement":[{"@type":"ListItem","position":1,"name":"Portada","item":"https:\/\/bellesguardgaudi.com\/fr\/"},{"@type":"ListItem","position":2,"name":"Bellesguard","item":"https:\/\/bellesguardgaudi.com\/fr\/bellesguard\/"},{"@type":"ListItem","position":3,"name":"Solidarit\u00e9"}]},{"@type":"WebSite","@id":"https:\/\/bellesguardgaudi.com\/fr\/#website","url":"https:\/\/bellesguardgaudi.com\/fr\/","name":"Obra Modernista de Antoni Gaud\u00ed en Barcelona | Torre Bellesguard","description":"Web oficial de la Torre Bellesguard. Una de las obras m\u00e1s personales del arquitecto modernista Gaud\u00ed en Barcelona. \u00a1Vis\u00edtala sin colas ni aglomeraciones!","potentialAction":[{"@type":"SearchAction","target":{"@type":"EntryPoint","urlTemplate":"https:\/\/bellesguardgaudi.com\/fr\/?s={search_term_string}"},"query-input":{"@type":"PropertyValueSpecification","valueRequired":true,"valueName":"search_term_string"}}],"inLanguage":"fr-FR"}]}},"_links":{"self":[{"href":"https:\/\/bellesguardgaudi.com\/fr\/wp-json\/wp\/v2\/pages\/5558","targetHints":{"allow":["GET"]}}],"collection":[{"href":"https:\/\/bellesguardgaudi.com\/fr\/wp-json\/wp\/v2\/pages"}],"about":[{"href":"https:\/\/bellesguardgaudi.com\/fr\/wp-json\/wp\/v2\/types\/page"}],"author":[{"embeddable":true,"href":"https:\/\/bellesguardgaudi.com\/fr\/wp-json\/wp\/v2\/users\/1"}],"replies":[{"embeddable":true,"href":"https:\/\/bellesguardgaudi.com\/fr\/wp-json\/wp\/v2\/comments?post=5558"}],"version-history":[{"count":6,"href":"https:\/\/bellesguardgaudi.com\/fr\/wp-json\/wp\/v2\/pages\/5558\/revisions"}],"predecessor-version":[{"id":9406,"href":"https:\/\/bellesguardgaudi.com\/fr\/wp-json\/wp\/v2\/pages\/5558\/revisions\/9406"}],"up":[{"embeddable":true,"href":"https:\/\/bellesguardgaudi.com\/fr\/wp-json\/wp\/v2\/pages\/5525"}],"wp:attachment":[{"href":"https:\/\/bellesguardgaudi.com\/fr\/wp-json\/wp\/v2\/media?parent=5558"}],"curies":[{"name":"wp","href":"https:\/\/api.w.org\/{rel}","templated":true}]}}