{"id":5606,"date":"2019-07-26T11:02:58","date_gmt":"2019-07-26T09:02:58","guid":{"rendered":"http:\/\/130.61.100.28\/wordpress\/acheter-des-billets\/"},"modified":"2022-03-22T13:04:28","modified_gmt":"2022-03-22T12:04:28","slug":"acheter-des-billets","status":"publish","type":"page","link":"https:\/\/bellesguardgaudi.com\/fr\/acheter-des-billets\/","title":{"rendered":"Acheter des billets"},"content":{"rendered":"<p>[vc_row][vc_column]<div class=\"tour-list row add-clearfix\"><div class=\"col-md-4 col-sm-6 wow zoomIn\" data-wow-delay=\"0.1s\">\t<div class=\"tour_container asdda\">\n\t\t\t\t\t<div class=\"ribbon_3\"><span>En vedette<\/span><\/div>\n\t\t\t\t  \n\t\t\t<span><\/span>\n\t\t  \n\t\t<div class=\"img_container\">\n\t\t\t<a href=\"https:\/\/tickets.bellesguardgaudi.com\/fr\/1794-entradas\/11873-visita-guiada \">\n\t\t\t\t<img loading=\"lazy\" decoding=\"async\" width=\"400\" height=\"267\" src=\"https:\/\/bellesguardgaudi.com\/wp-content\/uploads\/2020\/06\/VISITA-GUIADA-crop-400x267.webp\" class=\"attachment-ct-list-thumb size-ct-list-thumb wp-post-image\" alt=\"\" srcset=\"https:\/\/bellesguardgaudi.com\/wp-content\/uploads\/2020\/06\/VISITA-GUIADA-crop-400x267.webp 400w, https:\/\/bellesguardgaudi.com\/wp-content\/uploads\/2020\/06\/VISITA-GUIADA-crop-200x133.webp 200w\" sizes=\"auto, (max-width: 400px) 100vw, 400px\" \/>\t\t\t\t<!-- <div class=\"ribbon top_rated\"><\/div> -->\n\t\t\t\t\t\t\t\t<div class=\"short_info\">\n\t\t\t\t\t\t\t\t\t\t<span class=\"price\">\n                          <span>20.00<sup>\u20ac<\/sup><\/span>                      <\/span>\n\t\t\t\t<\/div>\n\t\t\t<\/a>\n\t\t<\/div>\n\n\t\t<div class=\"tour_title\">\n\t\t\t<h3>Visite Guid\u00e9e<\/h3>\n\n          \t\n        \n        <div class='rating custom-rating'><i class='fas fa-star'><\/i><i class='fas fa-star'><\/i><i class='fas fa-star'><\/i><i class='fas fa-star'><\/i><i class='fas fa-star-half-alt'><\/i><span>(<span>71<\/span>)<\/span><\/div>\n      \n\n\n\t\t\t\t\t\t\t\t<\/div>\n\t<\/div><!-- End box tour -->\n<\/div><!-- End col-md-6 -->\n<div class=\"col-md-4 col-sm-6 wow zoomIn\" data-wow-delay=\"0.1s\">\t<div class=\"tour_container asdda\">\n\t\t\t\t\t<div class=\"ribbon_3\"><span>En vedette<\/span><\/div>\n\t\t\t\t  \n\t\t\t<span><\/span>\n\t\t  \n\t\t<div class=\"img_container\">\n\t\t\t<a href=\"https:\/\/tickets.bellesguardgaudi.com\/fr\/1794-entradas\/11872-visita-con-audioguia \">\n\t\t\t\t<img loading=\"lazy\" decoding=\"async\" width=\"400\" height=\"267\" src=\"https:\/\/bellesguardgaudi.com\/wp-content\/uploads\/2024\/09\/0.-PRINCIPAL-AG-400x267.webp\" class=\"attachment-ct-list-thumb size-ct-list-thumb wp-post-image\" alt=\"\" srcset=\"https:\/\/bellesguardgaudi.com\/wp-content\/uploads\/2024\/09\/0.-PRINCIPAL-AG-400x267.webp 400w, https:\/\/bellesguardgaudi.com\/wp-content\/uploads\/2024\/09\/0.-PRINCIPAL-AG-300x200.webp 300w, https:\/\/bellesguardgaudi.com\/wp-content\/uploads\/2024\/09\/0.-PRINCIPAL-AG-1024x683.webp 1024w, https:\/\/bellesguardgaudi.com\/wp-content\/uploads\/2024\/09\/0.-PRINCIPAL-AG-768x512.webp 768w, https:\/\/bellesguardgaudi.com\/wp-content\/uploads\/2024\/09\/0.-PRINCIPAL-AG-1536x1025.webp 1536w, https:\/\/bellesguardgaudi.com\/wp-content\/uploads\/2024\/09\/0.-PRINCIPAL-AG-2048x1366.webp 2048w, https:\/\/bellesguardgaudi.com\/wp-content\/uploads\/2024\/09\/0.-PRINCIPAL-AG-200x133.webp 200w, https:\/\/bellesguardgaudi.com\/wp-content\/uploads\/2024\/09\/0.-PRINCIPAL-AG-600x400.webp 600w\" sizes=\"auto, (max-width: 400px) 100vw, 400px\" \/>\t\t\t\t<!-- <div class=\"ribbon top_rated\"><\/div> -->\n\t\t\t\t\t\t\t\t<div class=\"short_info\">\n\t\t\t\t\t\t\t\t\t\t<span class=\"price\">\n                          <span>12.00<sup>\u20ac<\/sup><\/span>                      <\/span>\n\t\t\t\t<\/div>\n\t\t\t<\/a>\n\t\t<\/div>\n\n\t\t<div class=\"tour_title\">\n\t\t\t<h3>Visites avec audioguide<\/h3>\n\n          \t\n        \n        <div class='rating custom-rating'><i class='fas fa-star'><\/i><i class='fas fa-star'><\/i><i class='fas fa-star'><\/i><i class='fas fa-star'><\/i><i class='fas fa-star-half-alt'><\/i><span>(<span>71<\/span>)<\/span><\/div>\n      \n\n\n\t\t\t\t\t\t\t\t<\/div>\n\t<\/div><!-- End box tour -->\n<\/div><!-- End col-md-6 -->\n<div class=\"col-md-4 col-sm-6 wow zoomIn\" data-wow-delay=\"0.1s\">\t<div class=\"tour_container asdda\">\n\t\t\t\t  \n\t\t\t<span><\/span>\n\t\t  \n\t\t<div class=\"img_container\">\n\t\t\t<a href=\"https:\/\/tickets.bellesguardgaudi.com\/fr \">\n\t\t\t\t<img loading=\"lazy\" decoding=\"async\" width=\"400\" height=\"267\" src=\"https:\/\/bellesguardgaudi.com\/wp-content\/uploads\/2024\/09\/1-400x267.webp\" class=\"attachment-ct-list-thumb size-ct-list-thumb wp-post-image\" alt=\"\" srcset=\"https:\/\/bellesguardgaudi.com\/wp-content\/uploads\/2024\/09\/1-400x267.webp 400w, https:\/\/bellesguardgaudi.com\/wp-content\/uploads\/2024\/09\/1-300x200.webp 300w, https:\/\/bellesguardgaudi.com\/wp-content\/uploads\/2024\/09\/1-1024x683.webp 1024w, https:\/\/bellesguardgaudi.com\/wp-content\/uploads\/2024\/09\/1-768x512.webp 768w, https:\/\/bellesguardgaudi.com\/wp-content\/uploads\/2024\/09\/1-1536x1024.webp 1536w, https:\/\/bellesguardgaudi.com\/wp-content\/uploads\/2024\/09\/1-200x133.webp 200w, https:\/\/bellesguardgaudi.com\/wp-content\/uploads\/2024\/09\/1-600x400.webp 600w, https:\/\/bellesguardgaudi.com\/wp-content\/uploads\/2024\/09\/1.webp 1875w\" sizes=\"auto, (max-width: 400px) 100vw, 400px\" \/>\t\t\t\t<!-- <div class=\"ribbon top_rated\"><\/div> -->\n\t\t\t\t\t\t\t\t<div class=\"short_info\">\n\t\t\t\t\t<i class=\"icon_set_custom\"><\/i>Groupes\t\t\t\t\t<span class=\"price\">\n                      <\/span>\n\t\t\t\t<\/div>\n\t\t\t<\/a>\n\t\t<\/div>\n\n\t\t<div class=\"tour_title\">\n\t\t\t<h3>Groupes<\/h3>\n\n          \t<br>\n\n\n\t\t\t\t\t\t\t\t<\/div>\n\t<\/div><!-- End box tour -->\n<\/div><!-- End col-md-6 -->\n<div class=\"col-md-4 col-sm-6 wow zoomIn\" data-wow-delay=\"0.1s\">\t<div class=\"tour_container asdda\">\n\t\t\t\t  \n\t\t\t<span><\/span>\n\t\t  \n\t\t<div class=\"img_container\">\n\t\t\t<a href=\"https:\/\/tickets.bellesguardgaudi.com\/fr \">\n\t\t\t\t<img loading=\"lazy\" decoding=\"async\" width=\"400\" height=\"267\" src=\"https:\/\/bellesguardgaudi.com\/wp-content\/uploads\/2020\/06\/6-400x267.webp\" class=\"attachment-ct-list-thumb size-ct-list-thumb wp-post-image\" alt=\"\" srcset=\"https:\/\/bellesguardgaudi.com\/wp-content\/uploads\/2020\/06\/6-400x267.webp 400w, https:\/\/bellesguardgaudi.com\/wp-content\/uploads\/2020\/06\/6-300x200.webp 300w, https:\/\/bellesguardgaudi.com\/wp-content\/uploads\/2020\/06\/6-1024x683.webp 1024w, https:\/\/bellesguardgaudi.com\/wp-content\/uploads\/2020\/06\/6-768x512.webp 768w, https:\/\/bellesguardgaudi.com\/wp-content\/uploads\/2020\/06\/6-1536x1024.webp 1536w, https:\/\/bellesguardgaudi.com\/wp-content\/uploads\/2020\/06\/6-2048x1366.webp 2048w, https:\/\/bellesguardgaudi.com\/wp-content\/uploads\/2020\/06\/6-200x133.webp 200w, https:\/\/bellesguardgaudi.com\/wp-content\/uploads\/2020\/06\/6-600x400.webp 600w\" sizes=\"auto, (max-width: 400px) 100vw, 400px\" \/>\t\t\t\t<!-- <div class=\"ribbon top_rated\"><\/div> -->\n\t\t\t\t\t\t\t\t<div class=\"short_info\">\n\t\t\t\t\t<i class=\"icon_set_custom\"><\/i>Groupes\t\t\t\t\t<span class=\"price\">\n                      <\/span>\n\t\t\t\t<\/div>\n\t\t\t<\/a>\n\t\t<\/div>\n\n\t\t<div class=\"tour_title\">\n\t\t\t<h3>Visites sur mesure<\/h3>\n\n          \t<br>\n\n\n\t\t\t\t\t\t\t\t<\/div>\n\t<\/div><!-- End box tour -->\n<\/div><!-- End col-md-6 -->\n<div class=\"col-md-4 col-sm-6 wow zoomIn\" data-wow-delay=\"0.1s\">\t<div class=\"tour_container asdda\">\n\t\t\t\t  \n\t\t\t<span><\/span>\n\t\t  \n\t\t<div class=\"img_container\">\n\t\t\t<a href=\"https:\/\/tickets.bellesguardgaudi.com\/fr\/1843-ecoles \">\n\t\t\t\t<img loading=\"lazy\" decoding=\"async\" width=\"400\" height=\"267\" src=\"https:\/\/bellesguardgaudi.com\/wp-content\/uploads\/2020\/06\/ESCUELAS-400x267.webp\" class=\"attachment-ct-list-thumb size-ct-list-thumb wp-post-image\" alt=\"\" srcset=\"https:\/\/bellesguardgaudi.com\/wp-content\/uploads\/2020\/06\/ESCUELAS-400x267.webp 400w, https:\/\/bellesguardgaudi.com\/wp-content\/uploads\/2020\/06\/ESCUELAS-200x133.webp 200w\" sizes=\"auto, (max-width: 400px) 100vw, 400px\" \/>\t\t\t\t<!-- <div class=\"ribbon top_rated\"><\/div> -->\n\t\t\t\t\t\t\t\t<div class=\"short_info\">\n\t\t\t\t\t<i class=\"icon_set_custom\"><\/i>Groupes\t\t\t\t\t<span class=\"price\">\n                      <\/span>\n\t\t\t\t<\/div>\n\t\t\t<\/a>\n\t\t<\/div>\n\n\t\t<div class=\"tour_title\">\n\t\t\t<h3>\u00c9coles et lyc\u00e9es<\/h3>\n\n          \t<br>\n\n\n\t\t\t\t\t\t\t\t<\/div>\n\t<\/div><!-- End box tour -->\n<\/div><!-- End col-md-6 -->\n<\/div>[\/vc_column][\/vc_row]<\/p>\n","protected":false},"excerpt":{"rendered":"<p>[vc_row][vc_column][\/vc_column][\/vc_row]<\/p>\n","protected":false},"author":1,"featured_media":0,"parent":0,"menu_order":0,"comment_status":"closed","ping_status":"closed","template":"","meta":{"_acf_changed":false,"footnotes":""},"class_list":["post-5606","page","type-page","status-publish","hentry"],"acf":[],"yoast_head":"<!-- This site is optimized with the Yoast SEO plugin v27.2 - https:\/\/yoast.com\/product\/yoast-seo-wordpress\/ -->\n<title>Acheter des billets pour la tourn\u00e9e | Torre Bellesguard<\/title>\n<meta name=\"description\" content=\"Achetez des billets pour visiter la Torre Belleguard. Ne manquez pas le travail moderniste le plus exclusif d&#039;Antoni Gaud\u00ed \u00e0 Barcelone. Achetez en ligne vos billets maintenant!\" \/>\n<meta name=\"robots\" content=\"index, follow, max-snippet:-1, max-image-preview:large, max-video-preview:-1\" \/>\n<link rel=\"canonical\" href=\"https:\/\/bellesguardgaudi.com\/fr\/acheter-des-billets\/\" \/>\n<meta property=\"og:locale\" content=\"fr_FR\" \/>\n<meta property=\"og:type\" content=\"article\" \/>\n<meta property=\"og:title\" content=\"Acheter des billets pour la tourn\u00e9e | Torre Bellesguard\" \/>\n<meta property=\"og:description\" content=\"Achetez des billets pour visiter la Torre Belleguard. Ne manquez pas le travail moderniste le plus exclusif d&#039;Antoni Gaud\u00ed \u00e0 Barcelone. Achetez en ligne vos billets maintenant!\" \/>\n<meta property=\"og:url\" content=\"https:\/\/bellesguardgaudi.com\/fr\/acheter-des-billets\/\" \/>\n<meta property=\"og:site_name\" content=\"Obra Modernista de Antoni Gaud\u00ed en Barcelona | Torre Bellesguard\" \/>\n<meta property=\"article:modified_time\" content=\"2022-03-22T12:04:28+00:00\" \/>\n<meta name=\"twitter:card\" content=\"summary_large_image\" \/>\n<meta name=\"twitter:label1\" content=\"Dur\u00e9e de lecture estim\u00e9e\" \/>\n\t<meta name=\"twitter:data1\" content=\"1 minute\" \/>\n<script type=\"application\/ld+json\" class=\"yoast-schema-graph\">{\"@context\":\"https:\/\/schema.org\",\"@graph\":[{\"@type\":\"WebPage\",\"@id\":\"https:\/\/bellesguardgaudi.com\/fr\/acheter-des-billets\/\",\"url\":\"https:\/\/bellesguardgaudi.com\/fr\/acheter-des-billets\/\",\"name\":\"Acheter des billets pour la tourn\u00e9e | Torre Bellesguard\",\"isPartOf\":{\"@id\":\"https:\/\/bellesguardgaudi.com\/fr\/#website\"},\"datePublished\":\"2019-07-26T09:02:58+00:00\",\"dateModified\":\"2022-03-22T12:04:28+00:00\",\"description\":\"Achetez des billets pour visiter la Torre Belleguard. Ne manquez pas le travail moderniste le plus exclusif d'Antoni Gaud\u00ed \u00e0 Barcelone. Achetez en ligne vos billets maintenant!\",\"breadcrumb\":{\"@id\":\"https:\/\/bellesguardgaudi.com\/fr\/acheter-des-billets\/#breadcrumb\"},\"inLanguage\":\"fr-FR\",\"potentialAction\":[{\"@type\":\"ReadAction\",\"target\":[\"https:\/\/bellesguardgaudi.com\/fr\/acheter-des-billets\/\"]}]},{\"@type\":\"BreadcrumbList\",\"@id\":\"https:\/\/bellesguardgaudi.com\/fr\/acheter-des-billets\/#breadcrumb\",\"itemListElement\":[{\"@type\":\"ListItem\",\"position\":1,\"name\":\"Portada\",\"item\":\"https:\/\/bellesguardgaudi.com\/fr\/\"},{\"@type\":\"ListItem\",\"position\":2,\"name\":\"Acheter des billets\"}]},{\"@type\":\"WebSite\",\"@id\":\"https:\/\/bellesguardgaudi.com\/fr\/#website\",\"url\":\"https:\/\/bellesguardgaudi.com\/fr\/\",\"name\":\"Obra Modernista de Antoni Gaud\u00ed en Barcelona | Torre Bellesguard\",\"description\":\"Web oficial de la Torre Bellesguard. Una de las obras m\u00e1s personales del arquitecto modernista Gaud\u00ed en Barcelona. \u00a1Vis\u00edtala sin colas ni aglomeraciones!\",\"potentialAction\":[{\"@type\":\"SearchAction\",\"target\":{\"@type\":\"EntryPoint\",\"urlTemplate\":\"https:\/\/bellesguardgaudi.com\/fr\/?s={search_term_string}\"},\"query-input\":{\"@type\":\"PropertyValueSpecification\",\"valueRequired\":true,\"valueName\":\"search_term_string\"}}],\"inLanguage\":\"fr-FR\"}]}<\/script>\n<!-- \/ Yoast SEO plugin. -->","yoast_head_json":{"title":"Acheter des billets pour la tourn\u00e9e | Torre Bellesguard","description":"Achetez des billets pour visiter la Torre Belleguard. Ne manquez pas le travail moderniste le plus exclusif d'Antoni Gaud\u00ed \u00e0 Barcelone. Achetez en ligne vos billets maintenant!","robots":{"index":"index","follow":"follow","max-snippet":"max-snippet:-1","max-image-preview":"max-image-preview:large","max-video-preview":"max-video-preview:-1"},"canonical":"https:\/\/bellesguardgaudi.com\/fr\/acheter-des-billets\/","og_locale":"fr_FR","og_type":"article","og_title":"Acheter des billets pour la tourn\u00e9e | Torre Bellesguard","og_description":"Achetez des billets pour visiter la Torre Belleguard. Ne manquez pas le travail moderniste le plus exclusif d'Antoni Gaud\u00ed \u00e0 Barcelone. Achetez en ligne vos billets maintenant!","og_url":"https:\/\/bellesguardgaudi.com\/fr\/acheter-des-billets\/","og_site_name":"Obra Modernista de Antoni Gaud\u00ed en Barcelona | Torre Bellesguard","article_modified_time":"2022-03-22T12:04:28+00:00","twitter_card":"summary_large_image","twitter_misc":{"Dur\u00e9e de lecture estim\u00e9e":"1 minute"},"schema":{"@context":"https:\/\/schema.org","@graph":[{"@type":"WebPage","@id":"https:\/\/bellesguardgaudi.com\/fr\/acheter-des-billets\/","url":"https:\/\/bellesguardgaudi.com\/fr\/acheter-des-billets\/","name":"Acheter des billets pour la tourn\u00e9e | Torre Bellesguard","isPartOf":{"@id":"https:\/\/bellesguardgaudi.com\/fr\/#website"},"datePublished":"2019-07-26T09:02:58+00:00","dateModified":"2022-03-22T12:04:28+00:00","description":"Achetez des billets pour visiter la Torre Belleguard. Ne manquez pas le travail moderniste le plus exclusif d'Antoni Gaud\u00ed \u00e0 Barcelone. Achetez en ligne vos billets maintenant!","breadcrumb":{"@id":"https:\/\/bellesguardgaudi.com\/fr\/acheter-des-billets\/#breadcrumb"},"inLanguage":"fr-FR","potentialAction":[{"@type":"ReadAction","target":["https:\/\/bellesguardgaudi.com\/fr\/acheter-des-billets\/"]}]},{"@type":"BreadcrumbList","@id":"https:\/\/bellesguardgaudi.com\/fr\/acheter-des-billets\/#breadcrumb","itemListElement":[{"@type":"ListItem","position":1,"name":"Portada","item":"https:\/\/bellesguardgaudi.com\/fr\/"},{"@type":"ListItem","position":2,"name":"Acheter des billets"}]},{"@type":"WebSite","@id":"https:\/\/bellesguardgaudi.com\/fr\/#website","url":"https:\/\/bellesguardgaudi.com\/fr\/","name":"Obra Modernista de Antoni Gaud\u00ed en Barcelona | Torre Bellesguard","description":"Web oficial de la Torre Bellesguard. Una de las obras m\u00e1s personales del arquitecto modernista Gaud\u00ed en Barcelona. \u00a1Vis\u00edtala sin colas ni aglomeraciones!","potentialAction":[{"@type":"SearchAction","target":{"@type":"EntryPoint","urlTemplate":"https:\/\/bellesguardgaudi.com\/fr\/?s={search_term_string}"},"query-input":{"@type":"PropertyValueSpecification","valueRequired":true,"valueName":"search_term_string"}}],"inLanguage":"fr-FR"}]}},"_links":{"self":[{"href":"https:\/\/bellesguardgaudi.com\/fr\/wp-json\/wp\/v2\/pages\/5606","targetHints":{"allow":["GET"]}}],"collection":[{"href":"https:\/\/bellesguardgaudi.com\/fr\/wp-json\/wp\/v2\/pages"}],"about":[{"href":"https:\/\/bellesguardgaudi.com\/fr\/wp-json\/wp\/v2\/types\/page"}],"author":[{"embeddable":true,"href":"https:\/\/bellesguardgaudi.com\/fr\/wp-json\/wp\/v2\/users\/1"}],"replies":[{"embeddable":true,"href":"https:\/\/bellesguardgaudi.com\/fr\/wp-json\/wp\/v2\/comments?post=5606"}],"version-history":[{"count":5,"href":"https:\/\/bellesguardgaudi.com\/fr\/wp-json\/wp\/v2\/pages\/5606\/revisions"}],"predecessor-version":[{"id":18701,"href":"https:\/\/bellesguardgaudi.com\/fr\/wp-json\/wp\/v2\/pages\/5606\/revisions\/18701"}],"wp:attachment":[{"href":"https:\/\/bellesguardgaudi.com\/fr\/wp-json\/wp\/v2\/media?parent=5606"}],"curies":[{"name":"wp","href":"https:\/\/api.w.org\/{rel}","templated":true}]}}