{"id":5618,"date":"2019-08-20T14:22:44","date_gmt":"2019-08-20T12:22:44","guid":{"rendered":"http:\/\/130.61.100.28\/wordpress\/bellesguard\/recherche\/"},"modified":"2021-11-16T11:39:22","modified_gmt":"2021-11-16T10:39:22","slug":"recherche","status":"publish","type":"page","link":"https:\/\/bellesguardgaudi.com\/fr\/bellesguard\/recherche\/","title":{"rendered":"Recherche"},"content":{"rendered":"<p>[vc_row][vc_column][vc_column_text]<\/p>\n<h3>Bellesguard est un recoin de Barcelone qui, gr\u00e2ce \u00e0 l\u2019abondance d\u2019eaux souterraines et \u00e0 la puret\u00e9 de son air, a \u00e9t\u00e9 habit\u00e9 depuis plus de deux mille ans puisqu\u2019y ont \u00e9t\u00e9 retrouv\u00e9s des vestiges de c\u00e9ramique ib\u00e8re du IIe si\u00e8cle av. J.-C., ainsi que de c\u00e9ramique romaine de l\u2019an 50 ap. J.-C.<\/h3>\n<p>[\/vc_column_text][vc_separator css=&#8221;.vc_custom_1563962635993{margin-top: 30px !important;margin-bottom: 50px !important;}&#8221;][\/vc_column][\/vc_row][vc_row equal_height=&#8221;yes&#8221; content_placement=&#8221;top&#8221;][vc_column width=&#8221;1\/2&#8243;][vc_column_text]<strong>Il fut la r\u00e9sidence du monarque Martin Ier l\u2019Humain, Roi de la Couronne d\u2019Aragon,<\/strong> dernier repr\u00e9sentant de la Maison de Barcelone, entre 1408 et 1410, et encore de nos jours il est possible de trouver dans les alentours du b\u00e2timent construit par Gaud\u00ed les vestiges m\u00e9di\u00e9vaux du ch\u00e2teau et des murailles.<\/p>\n<p>Par la suite, nombreux ont \u00e9t\u00e9 les personnages importants qui, au fil des si\u00e8cles, ont co\u00efncid\u00e9 \u00e0 Bellesguard, qui a \u00e9t\u00e9 \u00e0 son tour la sc\u00e8ne d\u2019importants faits historiques jusqu\u2019\u00e0 un pass\u00e9 r\u00e9cent.[\/vc_column_text][vc_column_text]L\u2019histoire de la propri\u00e9t\u00e9 est tellement ancienne que nous n\u2019en connaissons qu\u2019une petite partie, et l\u2019implication <strong>d\u2019Antoni Gaud\u00ed envers Bellesguard est tellement complexe et personnelle<\/strong> qu\u2019il reste encore de nombreux d\u00e9tails de sa construction, de son objet et sa raison d\u2019\u00eatre \u00e0 d\u00e9chiffrer.<\/p>\n<p>C\u2019est pourquoi, et parce qu\u2019il reste encore beaucoup de pi\u00e8ces du puzzle \u00e0 embo\u00eeter et de nombreux secrets \u00e0 d\u00e9couvrir, une \u00e9quipe de recherche a \u00e9t\u00e9 cr\u00e9\u00e9e, qui depuis diff\u00e9rentes disciplines du savoir travaille pour d\u00e9voiler les myst\u00e8res de Bellesguard.<\/p>\n<p>Fruit de la recherche et de son travail, il est pr\u00e9vu de publier dans le futur plusieurs publications et articles scientifiques contribuant \u00e0 la compr\u00e9hension et \u00e0 la connaissance de Bellesguard, de toutes les \u00e9tapes de son histoire et de tous les personnages qui y ont co\u00efncid\u00e9 au fil des si\u00e8cles, et du g\u00e9nie d\u2019Antoni Gaud\u00ed, dans ses diverses facettes et dans toute sa complexit\u00e9, qui tombe sous le charme de Bellesguard et son histoire et cr\u00e9e une \u0153uvre unique dont la port\u00e9e est encore m\u00e9connue de nos jours.<\/p>\n<p><strong>L\u2019\u00e9quipe de recherche est multidisciplinaire et interg\u00e9n\u00e9rationnelle, et elle est ouverte \u00e0 la participation de toute personne int\u00e9ress\u00e9e.<\/strong> De plus, tout apport pouvant \u00eatre r\u00e9alis\u00e9 sera appr\u00e9ci\u00e9, que ce soient des informations, des photographies anciennes ou, en particulier, des contributions \u00e9conomiques pour aider la recherche.<\/p>\n<p>[\/vc_column_text][\/vc_column][vc_column width=&#8221;1\/2&#8243;][vc_column_text]\r\n<div id=\"slider-pro-2\" class=\"slider-pro sp-no-js\" style=\"width: 800px; height: 400px;\">\r\n\t<div class=\"sp-slides\">\r\n\t\t\r\n\t\t<div class=\"sp-slide\">\r\n\t\t\t<img loading=\"lazy\" decoding=\"async\" class=\"sp-image\" src=\"https:\/\/bellesguardgaudi.com\/wp-content\/uploads\/2024\/09\/INVESTIGACIO\u0301N-1.webp\" width=\"1920\" height=\"1080\" \/>\r\n\t\t\t\r\n\t\t<\/div>\r\n\t\t<div class=\"sp-slide\">\r\n\t\t\t<img loading=\"lazy\" decoding=\"async\" class=\"sp-image\" src=\"https:\/\/bellesguardgaudi.com\/wp-content\/uploads\/2024\/09\/INVESTIGACIO\u0301N-2-scaled.jpg\" width=\"2560\" height=\"1707\" \/>\r\n\t\t\t\r\n\t\t<\/div>\r\n\t<\/div>\r\n<\/div>[\/vc_column_text][vc_row_inner css=&#8221;.vc_custom_1566306487692{margin-top: 50px !important;}&#8221;][vc_column_inner css=&#8221;.vc_custom_1566306531679{padding-top: 20px !important;padding-right: 20px !important;padding-bottom: 20px !important;padding-left: 20px !important;background-color: #f4f4f4 !important;}&#8221;][vc_column_text]<\/p>\n<h3 style=\"text-align: center;\">ARTICLES ET PUBLICATIONS<\/h3>\n<p style=\"text-align: center;\">Jusqu\u2019\u00e0 pr\u00e9sent, Bellesguard avait \u00e9t\u00e9 peu et tr\u00e8s superficiellement \u00e9tudi\u00e9e. Gr\u00e2ce au travail du\u00a0<strong>Groupe de Recherche Bellesguard<\/strong>, compos\u00e9 de 14 chercheurs de diff\u00e9rentes disciplines et universit\u00e9s, et \u00e0 son intense labeur pendant un an et demi, les r\u00e9sultats de la recherche sont aussi nombreux que surprenants..<\/p>\n<p style=\"text-align: center;\">Bient\u00f4t seront rendus publics les r\u00e9sultats de la recherche dans diff\u00e9rents articles et publications, que vous pourrez trouver dans ce volet de notre site Web.<\/p>\n<p style=\"text-align: center;\">Bellesguard est vivante, la recherche demeure active et donne encore des fruits, c\u2019est pourquoi en plus d\u2019articles et de publications, des activit\u00e9s, ateliers, d\u00e9bats, conf\u00e9rences et visites th\u00e9matiques seront organis\u00e9s.<\/p>\n<p>\u00a0[\/vc_column_text][\/vc_column_inner][\/vc_row_inner][\/vc_column][\/vc_row][vc_row equal_height=&#8221;yes&#8221; content_placement=&#8221;middle&#8221;][vc_column width=&#8221;1\/2&#8243;][\/vc_column][vc_column width=&#8221;1\/2&#8243;][\/vc_column][\/vc_row]<\/p>\n","protected":false},"excerpt":{"rendered":"<p>[vc_row][vc_column][vc_column_text] Bellesguard est un recoin de Barcelone qui, gr\u00e2ce \u00e0 l\u2019abondance d\u2019eaux souterraines et \u00e0 la puret\u00e9 de son air, a \u00e9t\u00e9 habit\u00e9 depuis plus de deux mille ans puisqu\u2019y ont \u00e9t\u00e9 retrouv\u00e9s des vestiges de c\u00e9ramique ib\u00e8re du IIe si\u00e8cle av. J.-C., ainsi que de c\u00e9ramique romaine de l\u2019an 50 ap. J.-C. [\/vc_column_text][vc_separator css=&#8221;.vc_custom_1563962635993{margin-top: [&hellip;]<\/p>\n","protected":false},"author":1,"featured_media":0,"parent":5525,"menu_order":0,"comment_status":"closed","ping_status":"closed","template":"","meta":{"_acf_changed":false,"footnotes":""},"class_list":["post-5618","page","type-page","status-publish","hentry"],"acf":[],"yoast_head":"<!-- This site is optimized with the Yoast SEO plugin v27.2 - https:\/\/yoast.com\/product\/yoast-seo-wordpress\/ -->\n<title>Recherche et histoire | Torre Bellesguard Gaud\u00ed Barcelone<\/title>\n<meta name=\"description\" content=\"Articles de recherche de Belleguard. D\u00e9couvrez l&#039;histoire et les secrets de ce travail de sa construction \u00e0 la restauration de Gaud\u00ed. Viens nous rendre visite!\" \/>\n<meta name=\"robots\" content=\"index, follow, max-snippet:-1, max-image-preview:large, max-video-preview:-1\" \/>\n<link rel=\"canonical\" href=\"https:\/\/bellesguardgaudi.com\/fr\/bellesguard\/recherche\/\" \/>\n<meta property=\"og:locale\" content=\"fr_FR\" \/>\n<meta property=\"og:type\" content=\"article\" \/>\n<meta property=\"og:title\" content=\"Recherche et histoire | Torre Bellesguard Gaud\u00ed Barcelone\" \/>\n<meta property=\"og:description\" content=\"Articles de recherche de Belleguard. D\u00e9couvrez l&#039;histoire et les secrets de ce travail de sa construction \u00e0 la restauration de Gaud\u00ed. Viens nous rendre visite!\" \/>\n<meta property=\"og:url\" content=\"https:\/\/bellesguardgaudi.com\/fr\/bellesguard\/recherche\/\" \/>\n<meta property=\"og:site_name\" content=\"Obra Modernista de Antoni Gaud\u00ed en Barcelona | Torre Bellesguard\" \/>\n<meta property=\"article:modified_time\" content=\"2021-11-16T10:39:22+00:00\" \/>\n<meta name=\"twitter:card\" content=\"summary_large_image\" \/>\n<meta name=\"twitter:label1\" content=\"Dur\u00e9e de lecture estim\u00e9e\" \/>\n\t<meta name=\"twitter:data1\" content=\"3 minutes\" \/>\n<script type=\"application\/ld+json\" class=\"yoast-schema-graph\">{\"@context\":\"https:\/\/schema.org\",\"@graph\":[{\"@type\":\"WebPage\",\"@id\":\"https:\/\/bellesguardgaudi.com\/fr\/bellesguard\/recherche\/\",\"url\":\"https:\/\/bellesguardgaudi.com\/fr\/bellesguard\/recherche\/\",\"name\":\"Recherche et histoire | Torre Bellesguard Gaud\u00ed Barcelone\",\"isPartOf\":{\"@id\":\"https:\/\/bellesguardgaudi.com\/fr\/#website\"},\"datePublished\":\"2019-08-20T12:22:44+00:00\",\"dateModified\":\"2021-11-16T10:39:22+00:00\",\"description\":\"Articles de recherche de Belleguard. D\u00e9couvrez l'histoire et les secrets de ce travail de sa construction \u00e0 la restauration de Gaud\u00ed. Viens nous rendre visite!\",\"breadcrumb\":{\"@id\":\"https:\/\/bellesguardgaudi.com\/fr\/bellesguard\/recherche\/#breadcrumb\"},\"inLanguage\":\"fr-FR\",\"potentialAction\":[{\"@type\":\"ReadAction\",\"target\":[\"https:\/\/bellesguardgaudi.com\/fr\/bellesguard\/recherche\/\"]}]},{\"@type\":\"BreadcrumbList\",\"@id\":\"https:\/\/bellesguardgaudi.com\/fr\/bellesguard\/recherche\/#breadcrumb\",\"itemListElement\":[{\"@type\":\"ListItem\",\"position\":1,\"name\":\"Portada\",\"item\":\"https:\/\/bellesguardgaudi.com\/fr\/\"},{\"@type\":\"ListItem\",\"position\":2,\"name\":\"Bellesguard\",\"item\":\"https:\/\/bellesguardgaudi.com\/fr\/bellesguard\/\"},{\"@type\":\"ListItem\",\"position\":3,\"name\":\"Recherche\"}]},{\"@type\":\"WebSite\",\"@id\":\"https:\/\/bellesguardgaudi.com\/fr\/#website\",\"url\":\"https:\/\/bellesguardgaudi.com\/fr\/\",\"name\":\"Obra Modernista de Antoni Gaud\u00ed en Barcelona | Torre Bellesguard\",\"description\":\"Web oficial de la Torre Bellesguard. Una de las obras m\u00e1s personales del arquitecto modernista Gaud\u00ed en Barcelona. \u00a1Vis\u00edtala sin colas ni aglomeraciones!\",\"potentialAction\":[{\"@type\":\"SearchAction\",\"target\":{\"@type\":\"EntryPoint\",\"urlTemplate\":\"https:\/\/bellesguardgaudi.com\/fr\/?s={search_term_string}\"},\"query-input\":{\"@type\":\"PropertyValueSpecification\",\"valueRequired\":true,\"valueName\":\"search_term_string\"}}],\"inLanguage\":\"fr-FR\"}]}<\/script>\n<!-- \/ Yoast SEO plugin. -->","yoast_head_json":{"title":"Recherche et histoire | Torre Bellesguard Gaud\u00ed Barcelone","description":"Articles de recherche de Belleguard. D\u00e9couvrez l'histoire et les secrets de ce travail de sa construction \u00e0 la restauration de Gaud\u00ed. Viens nous rendre visite!","robots":{"index":"index","follow":"follow","max-snippet":"max-snippet:-1","max-image-preview":"max-image-preview:large","max-video-preview":"max-video-preview:-1"},"canonical":"https:\/\/bellesguardgaudi.com\/fr\/bellesguard\/recherche\/","og_locale":"fr_FR","og_type":"article","og_title":"Recherche et histoire | Torre Bellesguard Gaud\u00ed Barcelone","og_description":"Articles de recherche de Belleguard. D\u00e9couvrez l'histoire et les secrets de ce travail de sa construction \u00e0 la restauration de Gaud\u00ed. Viens nous rendre visite!","og_url":"https:\/\/bellesguardgaudi.com\/fr\/bellesguard\/recherche\/","og_site_name":"Obra Modernista de Antoni Gaud\u00ed en Barcelona | Torre Bellesguard","article_modified_time":"2021-11-16T10:39:22+00:00","twitter_card":"summary_large_image","twitter_misc":{"Dur\u00e9e de lecture estim\u00e9e":"3 minutes"},"schema":{"@context":"https:\/\/schema.org","@graph":[{"@type":"WebPage","@id":"https:\/\/bellesguardgaudi.com\/fr\/bellesguard\/recherche\/","url":"https:\/\/bellesguardgaudi.com\/fr\/bellesguard\/recherche\/","name":"Recherche et histoire | Torre Bellesguard Gaud\u00ed Barcelone","isPartOf":{"@id":"https:\/\/bellesguardgaudi.com\/fr\/#website"},"datePublished":"2019-08-20T12:22:44+00:00","dateModified":"2021-11-16T10:39:22+00:00","description":"Articles de recherche de Belleguard. D\u00e9couvrez l'histoire et les secrets de ce travail de sa construction \u00e0 la restauration de Gaud\u00ed. Viens nous rendre visite!","breadcrumb":{"@id":"https:\/\/bellesguardgaudi.com\/fr\/bellesguard\/recherche\/#breadcrumb"},"inLanguage":"fr-FR","potentialAction":[{"@type":"ReadAction","target":["https:\/\/bellesguardgaudi.com\/fr\/bellesguard\/recherche\/"]}]},{"@type":"BreadcrumbList","@id":"https:\/\/bellesguardgaudi.com\/fr\/bellesguard\/recherche\/#breadcrumb","itemListElement":[{"@type":"ListItem","position":1,"name":"Portada","item":"https:\/\/bellesguardgaudi.com\/fr\/"},{"@type":"ListItem","position":2,"name":"Bellesguard","item":"https:\/\/bellesguardgaudi.com\/fr\/bellesguard\/"},{"@type":"ListItem","position":3,"name":"Recherche"}]},{"@type":"WebSite","@id":"https:\/\/bellesguardgaudi.com\/fr\/#website","url":"https:\/\/bellesguardgaudi.com\/fr\/","name":"Obra Modernista de Antoni Gaud\u00ed en Barcelona | Torre Bellesguard","description":"Web oficial de la Torre Bellesguard. Una de las obras m\u00e1s personales del arquitecto modernista Gaud\u00ed en Barcelona. \u00a1Vis\u00edtala sin colas ni aglomeraciones!","potentialAction":[{"@type":"SearchAction","target":{"@type":"EntryPoint","urlTemplate":"https:\/\/bellesguardgaudi.com\/fr\/?s={search_term_string}"},"query-input":{"@type":"PropertyValueSpecification","valueRequired":true,"valueName":"search_term_string"}}],"inLanguage":"fr-FR"}]}},"_links":{"self":[{"href":"https:\/\/bellesguardgaudi.com\/fr\/wp-json\/wp\/v2\/pages\/5618","targetHints":{"allow":["GET"]}}],"collection":[{"href":"https:\/\/bellesguardgaudi.com\/fr\/wp-json\/wp\/v2\/pages"}],"about":[{"href":"https:\/\/bellesguardgaudi.com\/fr\/wp-json\/wp\/v2\/types\/page"}],"author":[{"embeddable":true,"href":"https:\/\/bellesguardgaudi.com\/fr\/wp-json\/wp\/v2\/users\/1"}],"replies":[{"embeddable":true,"href":"https:\/\/bellesguardgaudi.com\/fr\/wp-json\/wp\/v2\/comments?post=5618"}],"version-history":[{"count":2,"href":"https:\/\/bellesguardgaudi.com\/fr\/wp-json\/wp\/v2\/pages\/5618\/revisions"}],"predecessor-version":[{"id":5655,"href":"https:\/\/bellesguardgaudi.com\/fr\/wp-json\/wp\/v2\/pages\/5618\/revisions\/5655"}],"up":[{"embeddable":true,"href":"https:\/\/bellesguardgaudi.com\/fr\/wp-json\/wp\/v2\/pages\/5525"}],"wp:attachment":[{"href":"https:\/\/bellesguardgaudi.com\/fr\/wp-json\/wp\/v2\/media?parent=5618"}],"curies":[{"name":"wp","href":"https:\/\/api.w.org\/{rel}","templated":true}]}}