{"id":5751,"date":"2020-01-17T11:01:58","date_gmt":"2020-01-17T10:01:58","guid":{"rendered":"http:\/\/130.61.100.28\/wordpress\/?page_id=5751"},"modified":"2025-03-11T10:26:44","modified_gmt":"2025-03-11T09:26:44","slug":"loyer-despace","status":"publish","type":"page","link":"https:\/\/bellesguardgaudi.com\/fr\/loyer-despace\/","title":{"rendered":"Loyer d&#8217;espace"},"content":{"rendered":"<p>[vc_row css=&#8221;.vc_custom_1579258943739{padding-bottom: 50px !important;}&#8221;][vc_column][vc_column_text el_class=&#8221;parrafo-destacado&#8221;]Situ\u00e9e dans la partie haute de Barcelone on peut jouir des spectaculaires jardins qui permettent de c\u00e9l\u00e9brer des c\u00e9r\u00e9monies en plein air, dans un ambient d\u2019absolue intimit\u00e9. Bellesguard est un endroit \u00e9loign\u00e9 de l\u2019agitation et le bruit du centre-ville, un lieu de paix. Ici vous aurez l\u2019exclusive exp\u00e9rience de marcher sur une terre historique et mill\u00e9naire et le privil\u00e8ge d\u2019avoir tout l\u2019enceinte \u00e0 votre disposition.[\/vc_column_text][\/vc_column][\/vc_row][vc_row full_width=&#8221;stretch_row&#8221; equal_height=&#8221;yes&#8221; content_placement=&#8221;middle&#8221; css=&#8221;.vc_custom_1579538630254{border-bottom-width: 20px !important;padding-top: 30px !important;background-color: #ffffff !important;}&#8221;][vc_column width=&#8221;1\/2&#8243;][vc_column_text]<\/p>\n<h2 style=\"text-align: left;\">LOCATION D&#8217;ESPACES<\/h2>\n<p style=\"text-align: left;\">Les espaces \u00e0 louer \u00e0 la Torre Bellesguard d\u2019Antoni Gaud\u00ed se trouvent autour de la m\u00eame.<\/p>\n<p style=\"text-align: left;\"><strong>Le porche vitr\u00e9 et toute la zone ext\u00e9rieure\u00a0: l\u2019enceinte m\u00e9di\u00e9val, le jardin, les banques et la chapelle.<\/strong><\/p>\n<p style=\"text-align: left;\">Les diff\u00e9rentes espaces sont communiqu\u00e9s entre eux s\u2019adaptent aux besoins sp\u00e9cifiques de chaque \u00e9v\u00e9nement.<\/p>\n<p>[\/vc_column_text][\/vc_column][vc_column width=&#8221;1\/2&#8243;][vc_single_image image=&#8221;5672&#8243; img_size=&#8221;full&#8221; onclick=&#8221;link_image&#8221; css_animation=&#8221;fadeIn&#8221; css=&#8221;.vc_custom_1579537832489{margin-bottom: 50px !important;}&#8221;][\/vc_column][\/vc_row][vc_row full_width=&#8221;stretch_row&#8221; css=&#8221;.vc_custom_1579538642502{padding-bottom: 30px !important;background-color: #ffffff !important;}&#8221; el_class=&#8221;listas-destacadas&#8221;][vc_column width=&#8221;1\/3&#8243;]<div class=\"ct-icon-box \"><i class=\"icon-resize-full-alt-1\"><\/i>\n<h4>SURFACE TOTALE DE L\u2019ENCEINTE\u00a0(M2): 1.900 M2<\/h4>\n<ul>\n<li>Ext\u00e9rieurs\u00a0: enceinte m\u00e9di\u00e9vale, jardin, banques et chapelle. Surface\u00a0: 1.620 m2<\/li>\n<li>Porche. Surface\u00a0: 180m2<\/li>\n<\/ul>\n<p><\/div>[\/vc_column][vc_column width=&#8221;1\/3&#8243;]<div class=\"ct-icon-box \"><i class=\"icon-users-3\"><\/i>\n<h4>CAPACIT\u00c9 TOTALE DE L\u2019ENCEINTE (EXT\u00c9RIEURS ET PORCHE)\u00a0:<\/h4>\n<ul>\n<li>Capacit\u00e9 en format banquet\u00a0: 250 personnes<\/li>\n<li>Capacit\u00e9 en format cocktail\u00a0: 300 personnes<\/li>\n<li>Capacit\u00e9 en format th\u00e9\u00e2tre\u00a0: 300 personnes<\/li>\n<\/ul>\n<p><\/div>[\/vc_column][vc_column width=&#8221;1\/3&#8243;]<div class=\"ct-icon-box \"><i class=\"icon-users-3\"><\/i>\n<h4>CAPACIT\u00c9 \u00c0 COUVERT\u00a0(SEULEMENT LE PORCHE VITR\u00c9)\u00a0:<\/h4>\n<ul>\n<li>Capacit\u00e9 en format banquet\u00a0: 90 personnes<\/li>\n<li>Capacit\u00e9 en format cocktail\u00a0: 90 personnes<\/li>\n<li>Capacit\u00e9 en format th\u00e9\u00e2tre\u00a0: 90 personnes<\/li>\n<\/ul>\n<p><\/div>[\/vc_column][\/vc_row][vc_row full_width=&#8221;stretch_row&#8221; css=&#8221;.vc_custom_1579258881175{padding-top: 50px !important;padding-bottom: 50px !important;}&#8221;][vc_column][vc_column_text css=&#8221;.vc_custom_1579266722166{margin-bottom: 50px !important;}&#8221;]<\/p>\n<h2 style=\"text-align: center;\">\u00c9VENEMENTS<\/h2>\n<p>[\/vc_column_text][vc_row_inner equal_height=&#8221;yes&#8221; disable_element=&#8221;yes&#8221; el_class=&#8221;alquiler-de-espacios-home&#8221;][vc_column_inner width=&#8221;1\/4&#8243;][vc_single_image image=&#8221;5691&#8243; img_size=&#8221;full&#8221; onclick=&#8221;custom_link&#8221; css_animation=&#8221;left-to-right&#8221;][vc_column_text]<\/p>\n<h3>Mariages<\/h3>\n<p>La Torre Bellesguard d\u2019Antoni Gaud\u00ed est le lieu id\u00e9al pour faire des mariages. Les diff\u00e9rents espaces communiqu\u00e9s entre eux permettent de cr\u00e9er des diff\u00e9rents environnements, une zone pour l\u2019accueil des invit\u00e9s, la distribution des ap\u00e9ritifs par les divers coins du jardin, la zone de repas et la zone de danse.[\/vc_column_text]<a href=\"\/fr\/loyer-despace\/celebration-de-mariage-a-barcelone\/\" class=\"btn_1 outline\" target=\"_self\">Lire plus<\/a>[\/vc_column_inner][vc_column_inner width=&#8221;1\/4&#8243;][vc_single_image image=&#8221;5696&#8243; img_size=&#8221;full&#8221; onclick=&#8221;custom_link&#8221; css_animation=&#8221;bottom-to-top&#8221;][vc_column_text]<\/p>\n<h3>\u00c9venements d&#8217;entreprise<\/h3>\n<p>Quoi qu\u2019il en soit, la Torre Bellesguard d\u2019antoni Gaud\u00ed est l\u2019espace que vous cherchez. Un d\u00e9jeuner ou un d\u00eener d\u2019entreprise, la pr\u00e9sentation d\u2019un produit, une r\u00e9union du travail, un concert exclusif ou un \u00e9v\u00e9nement th\u00e9matique, notre \u00e9quipe de professionnels, avec une longue exp\u00e9rience dans ce domaine, c\u2019est \u00e0 la votre disposition pour organiser l\u2019\u00e9v\u00e9nement sur mesure de vos d\u00e9sirs et expectatives.[\/vc_column_text]<a href=\"\/fr\/loyer-despace\/evenements-corporatifs\/\" class=\"btn_1 outline\" target=\"_self\">Lire plus<\/a>[\/vc_column_inner][vc_column_inner width=&#8221;1\/4&#8243;][vc_single_image image=&#8221;5701&#8243; img_size=&#8221;full&#8221; onclick=&#8221;custom_link&#8221; css_animation=&#8221;bottom-to-top&#8221;][vc_column_text]<\/p>\n<h3>Teambuildings<\/h3>\n<p>Les entreprises donnent chaque jour plus importance \u00e0 la r\u00e9alisation des activit\u00e9s extra ouvrables, \u00e0 fin que ses employ\u00e9s peuvent se conna\u00eetre en dehors de la fabrique ou le bureau, en cr\u00e9ant des liens personnels pour renforcer les relations interpersonnelles et les dynamiques d\u2019\u00e9quipe.[\/vc_column_text]<a href=\"\/fr\/loyer-despace\/teambuilding\/\" class=\"btn_1 outline\" target=\"_self\">Lire plus<\/a>[\/vc_column_inner][vc_column_inner width=&#8221;1\/4&#8243;][vc_single_image image=&#8221;5706&#8243; img_size=&#8221;full&#8221; onclick=&#8221;custom_link&#8221; css_animation=&#8221;right-to-left&#8221;][vc_column_text]<\/p>\n<h3>Tournages et reportages<\/h3>\n<p>Dans la Torre Bellesguard on dispose des diff\u00e9rents espaces tr\u00e8s diff\u00e9rents entre eux. Localisations avec esth\u00e9tique de ch\u00e2teau m\u00e9di\u00e9val, des salles avec l\u2019style reconnaissable entre tous d\u2019Antoni Gaud\u00ed, lumi\u00e8re et couleur, pierres et \u00ab\u00a0trencad\u00eds\u00a0\u00bb, arbres et jardins et des vues spectaculaires de 360 degr\u00e9s sur la ville de Barcelone.[\/vc_column_text]<a href=\"\/fr\/loyer-despace\/tournages-et-reportages\/\" class=\"btn_1 outline\" target=\"_self\">Lire plus<\/a>[\/vc_column_inner][\/vc_row_inner][vc_row_inner equal_height=&#8221;yes&#8221; el_class=&#8221;alquiler-de-espacios-home&#8221;][vc_column_inner width=&#8221;1\/3&#8243;][vc_single_image image=&#8221;150960&#8243; img_size=&#8221;full&#8221; onclick=&#8221;custom_link&#8221; css_animation=&#8221;bottom-to-top&#8221;][vc_column_text]<\/p>\n<h3>\u00c9venements d&#8217;entreprise<\/h3>\n<p>Quoi qu\u2019il en soit, la Torre Bellesguard d\u2019antoni Gaud\u00ed est l\u2019espace que vous cherchez. Un d\u00e9jeuner ou un d\u00eener d\u2019entreprise, la pr\u00e9sentation d\u2019un produit, une r\u00e9union du travail, un concert exclusif ou un \u00e9v\u00e9nement th\u00e9matique, notre \u00e9quipe de professionnels, avec une longue exp\u00e9rience dans ce domaine, c\u2019est \u00e0 la votre disposition pour organiser l\u2019\u00e9v\u00e9nement sur mesure de vos d\u00e9sirs et expectatives.[\/vc_column_text]<a href=\"\/fr\/loyer-despace\/evenements-corporatifs\/\" class=\"btn_1 outline\" target=\"_self\">Lire plus<\/a>[\/vc_column_inner][vc_column_inner width=&#8221;1\/3&#8243;][vc_single_image image=&#8221;150968&#8243; img_size=&#8221;full&#8221; onclick=&#8221;custom_link&#8221; css_animation=&#8221;bottom-to-top&#8221;][vc_column_text]<\/p>\n<h3>Teambuildings<\/h3>\n<p>Les entreprises donnent chaque jour plus importance \u00e0 la r\u00e9alisation des activit\u00e9s extra ouvrables, \u00e0 fin que ses employ\u00e9s peuvent se conna\u00eetre en dehors de la fabrique ou le bureau, en cr\u00e9ant des liens personnels pour renforcer les relations interpersonnelles et les dynamiques d\u2019\u00e9quipe.[\/vc_column_text]<a href=\"\/fr\/loyer-despace\/teambuilding\/\" class=\"btn_1 outline\" target=\"_self\">Lire plus<\/a>[\/vc_column_inner][vc_column_inner width=&#8221;1\/3&#8243;][vc_single_image image=&#8221;150964&#8243; img_size=&#8221;full&#8221; onclick=&#8221;custom_link&#8221; css_animation=&#8221;right-to-left&#8221;][vc_column_text]<\/p>\n<h3>Tournages et reportages<\/h3>\n<p>Dans la Torre Bellesguard on dispose des diff\u00e9rents espaces tr\u00e8s diff\u00e9rents entre eux. Localisations avec esth\u00e9tique de ch\u00e2teau m\u00e9di\u00e9val, des salles avec l\u2019style reconnaissable entre tous d\u2019Antoni Gaud\u00ed, lumi\u00e8re et couleur, pierres et \u00ab\u00a0trencad\u00eds\u00a0\u00bb, arbres et jardins et des vues spectaculaires de 360 degr\u00e9s sur la ville de Barcelone.[\/vc_column_text]<a href=\"\/fr\/loyer-despace\/tournages-et-reportages\/\" class=\"btn_1 outline\" target=\"_self\">Lire plus<\/a>[\/vc_column_inner][\/vc_row_inner][\/vc_column][\/vc_row]<\/p>\n","protected":false},"excerpt":{"rendered":"<p>[vc_row css=&#8221;.vc_custom_1579258943739{padding-bottom: 50px !important;}&#8221;][vc_column][vc_column_text el_class=&#8221;parrafo-destacado&#8221;]Situ\u00e9e dans la partie haute de Barcelone on peut jouir des spectaculaires jardins qui permettent de c\u00e9l\u00e9brer des c\u00e9r\u00e9monies en plein air, dans un ambient d\u2019absolue intimit\u00e9. Bellesguard est un endroit \u00e9loign\u00e9 de l\u2019agitation et le bruit du centre-ville, un lieu de paix. Ici vous aurez l\u2019exclusive exp\u00e9rience de marcher sur [&hellip;]<\/p>\n","protected":false},"author":1,"featured_media":0,"parent":0,"menu_order":0,"comment_status":"closed","ping_status":"closed","template":"","meta":{"_acf_changed":false,"footnotes":""},"class_list":["post-5751","page","type-page","status-publish","hentry"],"acf":[],"yoast_head":"<!-- This site is optimized with the Yoast SEO plugin v27.2 - https:\/\/yoast.com\/product\/yoast-seo-wordpress\/ -->\n<title>Location Space \u00e0 Barcelone | Torre Bellesguard Gaud\u00ed<\/title>\n<meta name=\"description\" content=\"Nous fournissons des espaces de location pour tout type d&#039;\u00e9v\u00e9nement priv\u00e9. Profitez d&#039;un endroit exclusif avec la marque d&#039;Antoni Gaud\u00ed \u00e0 Barcelone. Viens nous rendre visite!\" \/>\n<meta name=\"robots\" content=\"index, follow, max-snippet:-1, max-image-preview:large, max-video-preview:-1\" \/>\n<link rel=\"canonical\" href=\"https:\/\/bellesguardgaudi.com\/fr\/loyer-despace\/\" \/>\n<meta property=\"og:locale\" content=\"fr_FR\" \/>\n<meta property=\"og:type\" content=\"article\" \/>\n<meta property=\"og:title\" content=\"Location Space \u00e0 Barcelone | Torre Bellesguard Gaud\u00ed\" \/>\n<meta property=\"og:description\" content=\"Nous fournissons des espaces de location pour tout type d&#039;\u00e9v\u00e9nement priv\u00e9. Profitez d&#039;un endroit exclusif avec la marque d&#039;Antoni Gaud\u00ed \u00e0 Barcelone. Viens nous rendre visite!\" \/>\n<meta property=\"og:url\" content=\"https:\/\/bellesguardgaudi.com\/fr\/loyer-despace\/\" \/>\n<meta property=\"og:site_name\" content=\"Obra Modernista de Antoni Gaud\u00ed en Barcelona | Torre Bellesguard\" \/>\n<meta property=\"article:modified_time\" content=\"2025-03-11T09:26:44+00:00\" \/>\n<meta name=\"twitter:card\" content=\"summary_large_image\" \/>\n<meta name=\"twitter:label1\" content=\"Dur\u00e9e de lecture estim\u00e9e\" \/>\n\t<meta name=\"twitter:data1\" content=\"4 minutes\" \/>\n<script type=\"application\/ld+json\" class=\"yoast-schema-graph\">{\"@context\":\"https:\/\/schema.org\",\"@graph\":[{\"@type\":\"WebPage\",\"@id\":\"https:\/\/bellesguardgaudi.com\/fr\/loyer-despace\/\",\"url\":\"https:\/\/bellesguardgaudi.com\/fr\/loyer-despace\/\",\"name\":\"Location Space \u00e0 Barcelone | Torre Bellesguard Gaud\u00ed\",\"isPartOf\":{\"@id\":\"https:\/\/bellesguardgaudi.com\/fr\/#website\"},\"datePublished\":\"2020-01-17T10:01:58+00:00\",\"dateModified\":\"2025-03-11T09:26:44+00:00\",\"description\":\"Nous fournissons des espaces de location pour tout type d'\u00e9v\u00e9nement priv\u00e9. Profitez d'un endroit exclusif avec la marque d'Antoni Gaud\u00ed \u00e0 Barcelone. Viens nous rendre visite!\",\"breadcrumb\":{\"@id\":\"https:\/\/bellesguardgaudi.com\/fr\/loyer-despace\/#breadcrumb\"},\"inLanguage\":\"fr-FR\",\"potentialAction\":[{\"@type\":\"ReadAction\",\"target\":[\"https:\/\/bellesguardgaudi.com\/fr\/loyer-despace\/\"]}]},{\"@type\":\"BreadcrumbList\",\"@id\":\"https:\/\/bellesguardgaudi.com\/fr\/loyer-despace\/#breadcrumb\",\"itemListElement\":[{\"@type\":\"ListItem\",\"position\":1,\"name\":\"Portada\",\"item\":\"https:\/\/bellesguardgaudi.com\/fr\/\"},{\"@type\":\"ListItem\",\"position\":2,\"name\":\"Loyer d&#8217;espace\"}]},{\"@type\":\"WebSite\",\"@id\":\"https:\/\/bellesguardgaudi.com\/fr\/#website\",\"url\":\"https:\/\/bellesguardgaudi.com\/fr\/\",\"name\":\"Obra Modernista de Antoni Gaud\u00ed en Barcelona | Torre Bellesguard\",\"description\":\"Web oficial de la Torre Bellesguard. Una de las obras m\u00e1s personales del arquitecto modernista Gaud\u00ed en Barcelona. \u00a1Vis\u00edtala sin colas ni aglomeraciones!\",\"potentialAction\":[{\"@type\":\"SearchAction\",\"target\":{\"@type\":\"EntryPoint\",\"urlTemplate\":\"https:\/\/bellesguardgaudi.com\/fr\/?s={search_term_string}\"},\"query-input\":{\"@type\":\"PropertyValueSpecification\",\"valueRequired\":true,\"valueName\":\"search_term_string\"}}],\"inLanguage\":\"fr-FR\"}]}<\/script>\n<!-- \/ Yoast SEO plugin. -->","yoast_head_json":{"title":"Location Space \u00e0 Barcelone | Torre Bellesguard Gaud\u00ed","description":"Nous fournissons des espaces de location pour tout type d'\u00e9v\u00e9nement priv\u00e9. Profitez d'un endroit exclusif avec la marque d'Antoni Gaud\u00ed \u00e0 Barcelone. Viens nous rendre visite!","robots":{"index":"index","follow":"follow","max-snippet":"max-snippet:-1","max-image-preview":"max-image-preview:large","max-video-preview":"max-video-preview:-1"},"canonical":"https:\/\/bellesguardgaudi.com\/fr\/loyer-despace\/","og_locale":"fr_FR","og_type":"article","og_title":"Location Space \u00e0 Barcelone | Torre Bellesguard Gaud\u00ed","og_description":"Nous fournissons des espaces de location pour tout type d'\u00e9v\u00e9nement priv\u00e9. Profitez d'un endroit exclusif avec la marque d'Antoni Gaud\u00ed \u00e0 Barcelone. Viens nous rendre visite!","og_url":"https:\/\/bellesguardgaudi.com\/fr\/loyer-despace\/","og_site_name":"Obra Modernista de Antoni Gaud\u00ed en Barcelona | Torre Bellesguard","article_modified_time":"2025-03-11T09:26:44+00:00","twitter_card":"summary_large_image","twitter_misc":{"Dur\u00e9e de lecture estim\u00e9e":"4 minutes"},"schema":{"@context":"https:\/\/schema.org","@graph":[{"@type":"WebPage","@id":"https:\/\/bellesguardgaudi.com\/fr\/loyer-despace\/","url":"https:\/\/bellesguardgaudi.com\/fr\/loyer-despace\/","name":"Location Space \u00e0 Barcelone | Torre Bellesguard Gaud\u00ed","isPartOf":{"@id":"https:\/\/bellesguardgaudi.com\/fr\/#website"},"datePublished":"2020-01-17T10:01:58+00:00","dateModified":"2025-03-11T09:26:44+00:00","description":"Nous fournissons des espaces de location pour tout type d'\u00e9v\u00e9nement priv\u00e9. Profitez d'un endroit exclusif avec la marque d'Antoni Gaud\u00ed \u00e0 Barcelone. Viens nous rendre visite!","breadcrumb":{"@id":"https:\/\/bellesguardgaudi.com\/fr\/loyer-despace\/#breadcrumb"},"inLanguage":"fr-FR","potentialAction":[{"@type":"ReadAction","target":["https:\/\/bellesguardgaudi.com\/fr\/loyer-despace\/"]}]},{"@type":"BreadcrumbList","@id":"https:\/\/bellesguardgaudi.com\/fr\/loyer-despace\/#breadcrumb","itemListElement":[{"@type":"ListItem","position":1,"name":"Portada","item":"https:\/\/bellesguardgaudi.com\/fr\/"},{"@type":"ListItem","position":2,"name":"Loyer d&#8217;espace"}]},{"@type":"WebSite","@id":"https:\/\/bellesguardgaudi.com\/fr\/#website","url":"https:\/\/bellesguardgaudi.com\/fr\/","name":"Obra Modernista de Antoni Gaud\u00ed en Barcelona | Torre Bellesguard","description":"Web oficial de la Torre Bellesguard. Una de las obras m\u00e1s personales del arquitecto modernista Gaud\u00ed en Barcelona. \u00a1Vis\u00edtala sin colas ni aglomeraciones!","potentialAction":[{"@type":"SearchAction","target":{"@type":"EntryPoint","urlTemplate":"https:\/\/bellesguardgaudi.com\/fr\/?s={search_term_string}"},"query-input":{"@type":"PropertyValueSpecification","valueRequired":true,"valueName":"search_term_string"}}],"inLanguage":"fr-FR"}]}},"_links":{"self":[{"href":"https:\/\/bellesguardgaudi.com\/fr\/wp-json\/wp\/v2\/pages\/5751","targetHints":{"allow":["GET"]}}],"collection":[{"href":"https:\/\/bellesguardgaudi.com\/fr\/wp-json\/wp\/v2\/pages"}],"about":[{"href":"https:\/\/bellesguardgaudi.com\/fr\/wp-json\/wp\/v2\/types\/page"}],"author":[{"embeddable":true,"href":"https:\/\/bellesguardgaudi.com\/fr\/wp-json\/wp\/v2\/users\/1"}],"replies":[{"embeddable":true,"href":"https:\/\/bellesguardgaudi.com\/fr\/wp-json\/wp\/v2\/comments?post=5751"}],"version-history":[{"count":6,"href":"https:\/\/bellesguardgaudi.com\/fr\/wp-json\/wp\/v2\/pages\/5751\/revisions"}],"predecessor-version":[{"id":153910,"href":"https:\/\/bellesguardgaudi.com\/fr\/wp-json\/wp\/v2\/pages\/5751\/revisions\/153910"}],"wp:attachment":[{"href":"https:\/\/bellesguardgaudi.com\/fr\/wp-json\/wp\/v2\/media?parent=5751"}],"curies":[{"name":"wp","href":"https:\/\/api.w.org\/{rel}","templated":true}]}}