{"id":6123,"date":"2020-01-20T19:06:10","date_gmt":"2020-01-20T18:06:10","guid":{"rendered":"http:\/\/130.61.100.28\/wordpress\/?page_id=6123"},"modified":"2026-01-26T12:36:38","modified_gmt":"2026-01-26T11:36:38","slug":"evenements-corporatifs","status":"publish","type":"page","link":"https:\/\/bellesguardgaudi.com\/fr\/loyer-despace\/evenements-corporatifs\/","title":{"rendered":"Ev\u00e9nements corporatifs"},"content":{"rendered":"<p>[vc_row][vc_column][vc_row_inner equal_height=&#8221;yes&#8221; content_placement=&#8221;middle&#8221;][vc_column_inner][vc_column_text el_class=&#8221;parrafo-destacado&#8221;]<\/p>\n<p style=\"text-align: center;\">Surprenez aux clients avec un \u00e9v\u00e9nement diff\u00e9rent dans un espace unique et encore vierge, \u00e0 Barcelone et avec la marque singuli\u00e8re d\u2019Antoni Gaud\u00ed.<\/p>\n<p>[\/vc_column_text][vc_separator css=&#8221;.vc_custom_1579521492888{margin-top: 30px !important;margin-bottom: 30px !important;}&#8221;][\/vc_column_inner][\/vc_row_inner][vc_row_inner equal_height=&#8221;yes&#8221; content_placement=&#8221;middle&#8221;][vc_column_inner width=&#8221;1\/2&#8243;][vc_column_text]Quoi qu\u2019il en soit, la Torre Bellesguard d\u2019antoni Gaud\u00ed est l\u2019espace que vous cherchez.<\/p>\n<p>Un d\u00e9jeuner ou un d\u00eener d\u2019entreprise, la pr\u00e9sentation d\u2019un produit, une r\u00e9union du travail, un concert exclusif ou un \u00e9v\u00e9nement th\u00e9matique, notre \u00e9quipe de professionnels, avec une longue exp\u00e9rience dans ce domaine, c\u2019est \u00e0 la votre disposition pour organiser l\u2019\u00e9v\u00e9nement sur mesure de vos d\u00e9sirs et expectatives.[\/vc_column_text][\/vc_column_inner][vc_column_inner width=&#8221;1\/2&#8243;][vc_video link=&#8221;https:\/\/www.youtube.com\/watch?v=h9-VYeTGBwA&amp;feature=emb_title&#8221;][\/vc_column_inner][\/vc_row_inner][\/vc_column][\/vc_row][vc_row css=&#8221;.vc_custom_1579542816010{margin-top: 60px !important;}&#8221;][vc_column width=&#8221;1\/6&#8243;][\/vc_column][vc_column width=&#8221;4\/6&#8243; css=&#8221;.vc_custom_1579545482288{padding: 20px !important;background-color: #ffffff !important;border-radius: 5px !important;}&#8221;][vc_column_text]<\/p>\n<h3 style=\"text-align: center;\">CONTACTEZ-NOUS<\/h3>\n<p>[\/vc_column_text][vc_separator]\n<div class=\"wpcf7 no-js\" id=\"wpcf7-f10366-o1\" lang=\"fr-FR\" dir=\"ltr\" data-wpcf7-id=\"10366\">\n<div class=\"screen-reader-response\"><p role=\"status\" aria-live=\"polite\" aria-atomic=\"true\"><\/p> <ul><\/ul><\/div>\n<form action=\"\/fr\/wp-json\/wp\/v2\/pages\/6123#wpcf7-f10366-o1\" method=\"post\" class=\"wpcf7-form init\" aria-label=\"Formulaire de contact\" novalidate=\"novalidate\" data-status=\"init\">\n<fieldset class=\"hidden-fields-container\"><input type=\"hidden\" name=\"_wpcf7\" value=\"10366\" \/><input type=\"hidden\" name=\"_wpcf7_version\" value=\"6.1.5\" \/><input type=\"hidden\" name=\"_wpcf7_locale\" value=\"fr_FR\" \/><input type=\"hidden\" name=\"_wpcf7_unit_tag\" value=\"wpcf7-f10366-o1\" \/><input type=\"hidden\" name=\"_wpcf7_container_post\" value=\"0\" \/><input type=\"hidden\" name=\"_wpcf7_posted_data_hash\" value=\"\" \/><input type=\"hidden\" name=\"_wpcf7_recaptcha_response\" value=\"\" \/>\n<\/fieldset>\n<p><label> <span class=\"wpcf7-form-control-wrap\" data-name=\"your-name\"><input size=\"40\" maxlength=\"400\" class=\"wpcf7-form-control wpcf7-text wpcf7-validates-as-required\" aria-required=\"true\" aria-invalid=\"false\" placeholder=\"Nom (required)\" value=\"\" type=\"text\" name=\"your-name\" \/><\/span> <\/label>\n<\/p>\n<p><label> <span class=\"wpcf7-form-control-wrap\" data-name=\"your-surname\"><input size=\"40\" maxlength=\"400\" class=\"wpcf7-form-control wpcf7-text wpcf7-validates-as-required\" aria-required=\"true\" aria-invalid=\"false\" placeholder=\"Nom de famille (required)\" value=\"\" type=\"text\" name=\"your-surname\" \/><\/span> <\/label>\n<\/p>\n<p><label> <span class=\"wpcf7-form-control-wrap\" data-name=\"your-email\"><input size=\"40\" maxlength=\"400\" class=\"wpcf7-form-control wpcf7-email wpcf7-validates-as-required wpcf7-text wpcf7-validates-as-email\" aria-required=\"true\" aria-invalid=\"false\" placeholder=\"E-mail (required)\" value=\"\" type=\"email\" name=\"your-email\" \/><\/span> <\/label>\n<\/p>\n<p><label> <span class=\"wpcf7-form-control-wrap\" data-name=\"your-subject\"><input size=\"40\" maxlength=\"400\" class=\"wpcf7-form-control wpcf7-text\" aria-invalid=\"false\" placeholder=\"Assujettir\" value=\"\" type=\"text\" name=\"your-subject\" \/><\/span> <\/label>\n<\/p>\n<p><label> <span class=\"wpcf7-form-control-wrap\" data-name=\"your-message\"><textarea cols=\"40\" rows=\"10\" maxlength=\"2000\" class=\"wpcf7-form-control wpcf7-textarea\" aria-invalid=\"false\" placeholder=\"Message\" name=\"your-message\"><\/textarea><\/span> <\/label>\n<\/p>\n<p><span class=\"wpcf7-form-control-wrap\" data-name=\"acceptance-399\"><span class=\"wpcf7-form-control wpcf7-acceptance\"><span class=\"wpcf7-list-item\"><label><input type=\"checkbox\" name=\"acceptance-399\" value=\"1\" aria-invalid=\"false\" \/><span class=\"wpcf7-list-item-label\">J'accepte le <a href=\"https:\/\/bellesguardgaudi.com\/fr\/politique-de-confidentialite\/\" target=\"_blank\" rel=\"noopener\">Politique de confidentialit\u00e9<\/a><\/span><\/label><\/span><\/span><\/span>\n<\/p>\n<p><input class=\"wpcf7-form-control wpcf7-submit has-spinner\" type=\"submit\" value=\"Envoyer\" \/>\n<\/p><input type='hidden' class='wpcf7-pum' value='{\"closepopup\":false,\"closedelay\":0,\"openpopup\":false,\"openpopup_id\":0}' \/><div class=\"wpcf7-response-output\" aria-hidden=\"true\"><\/div>\n<\/form>\n<\/div>\n[\/vc_column][vc_column width=&#8221;1\/6&#8243;][\/vc_column][\/vc_row]<\/p>\n","protected":false},"excerpt":{"rendered":"<p>[vc_row][vc_column][vc_row_inner equal_height=&#8221;yes&#8221; content_placement=&#8221;middle&#8221;][vc_column_inner][vc_column_text el_class=&#8221;parrafo-destacado&#8221;] Surprenez aux clients avec un \u00e9v\u00e9nement diff\u00e9rent dans un espace unique et encore vierge, \u00e0 Barcelone et avec la marque singuli\u00e8re d\u2019Antoni Gaud\u00ed. [\/vc_column_text][vc_separator css=&#8221;.vc_custom_1579521492888{margin-top: 30px !important;margin-bottom: 30px !important;}&#8221;][\/vc_column_inner][\/vc_row_inner][vc_row_inner equal_height=&#8221;yes&#8221; content_placement=&#8221;middle&#8221;][vc_column_inner width=&#8221;1\/2&#8243;][vc_column_text]Quoi qu\u2019il en soit, la Torre Bellesguard d\u2019antoni Gaud\u00ed est l\u2019espace que vous cherchez. Un d\u00e9jeuner ou un d\u00eener d\u2019entreprise, [&hellip;]<\/p>\n","protected":false},"author":1,"featured_media":0,"parent":5751,"menu_order":0,"comment_status":"closed","ping_status":"closed","template":"","meta":{"_acf_changed":false,"footnotes":""},"class_list":["post-6123","page","type-page","status-publish","hentry"],"acf":[],"yoast_head":"<!-- This site is optimized with the Yoast SEO plugin v27.2 - https:\/\/yoast.com\/product\/yoast-seo-wordpress\/ -->\n<title>\u00c9v\u00e9nements d&#039;entreprise \u00e0 Barcelone | Location de l&#039;espace<\/title>\n<meta name=\"description\" content=\"Nous organisons des \u00e9v\u00e9nements personnalis\u00e9s pour les entreprises. Profitez d&#039;un \u00e9v\u00e9nement dans un espace unique \u00e0 Barcelone et avec le cachet ind\u00e9niable de Gaud\u00ed. Contactez-nous!\" \/>\n<meta name=\"robots\" content=\"index, follow, max-snippet:-1, max-image-preview:large, max-video-preview:-1\" \/>\n<link rel=\"canonical\" href=\"https:\/\/bellesguardgaudi.com\/fr\/loyer-despace\/evenements-corporatifs\/\" \/>\n<meta property=\"og:locale\" content=\"fr_FR\" \/>\n<meta property=\"og:type\" content=\"article\" \/>\n<meta property=\"og:title\" content=\"\u00c9v\u00e9nements d&#039;entreprise \u00e0 Barcelone | Location de l&#039;espace\" \/>\n<meta property=\"og:description\" content=\"Nous organisons des \u00e9v\u00e9nements personnalis\u00e9s pour les entreprises. Profitez d&#039;un \u00e9v\u00e9nement dans un espace unique \u00e0 Barcelone et avec le cachet ind\u00e9niable de Gaud\u00ed. Contactez-nous!\" \/>\n<meta property=\"og:url\" content=\"https:\/\/bellesguardgaudi.com\/fr\/loyer-despace\/evenements-corporatifs\/\" \/>\n<meta property=\"og:site_name\" content=\"Obra Modernista de Antoni Gaud\u00ed en Barcelona | Torre Bellesguard\" \/>\n<meta property=\"article:modified_time\" content=\"2026-01-26T11:36:38+00:00\" \/>\n<meta name=\"twitter:card\" content=\"summary_large_image\" \/>\n<meta name=\"twitter:label1\" content=\"Dur\u00e9e de lecture estim\u00e9e\" \/>\n\t<meta name=\"twitter:data1\" content=\"1 minute\" \/>\n<script type=\"application\/ld+json\" class=\"yoast-schema-graph\">{\"@context\":\"https:\/\/schema.org\",\"@graph\":[{\"@type\":\"WebPage\",\"@id\":\"https:\/\/bellesguardgaudi.com\/fr\/loyer-despace\/evenements-corporatifs\/\",\"url\":\"https:\/\/bellesguardgaudi.com\/fr\/loyer-despace\/evenements-corporatifs\/\",\"name\":\"\u00c9v\u00e9nements d'entreprise \u00e0 Barcelone | Location de l'espace\",\"isPartOf\":{\"@id\":\"https:\/\/bellesguardgaudi.com\/fr\/#website\"},\"datePublished\":\"2020-01-20T18:06:10+00:00\",\"dateModified\":\"2026-01-26T11:36:38+00:00\",\"description\":\"Nous organisons des \u00e9v\u00e9nements personnalis\u00e9s pour les entreprises. Profitez d'un \u00e9v\u00e9nement dans un espace unique \u00e0 Barcelone et avec le cachet ind\u00e9niable de Gaud\u00ed. Contactez-nous!\",\"breadcrumb\":{\"@id\":\"https:\/\/bellesguardgaudi.com\/fr\/loyer-despace\/evenements-corporatifs\/#breadcrumb\"},\"inLanguage\":\"fr-FR\",\"potentialAction\":[{\"@type\":\"ReadAction\",\"target\":[\"https:\/\/bellesguardgaudi.com\/fr\/loyer-despace\/evenements-corporatifs\/\"]}]},{\"@type\":\"BreadcrumbList\",\"@id\":\"https:\/\/bellesguardgaudi.com\/fr\/loyer-despace\/evenements-corporatifs\/#breadcrumb\",\"itemListElement\":[{\"@type\":\"ListItem\",\"position\":1,\"name\":\"Portada\",\"item\":\"https:\/\/bellesguardgaudi.com\/fr\/\"},{\"@type\":\"ListItem\",\"position\":2,\"name\":\"Loyer d&#8217;espace\",\"item\":\"https:\/\/bellesguardgaudi.com\/fr\/loyer-despace\/\"},{\"@type\":\"ListItem\",\"position\":3,\"name\":\"Ev\u00e9nements corporatifs\"}]},{\"@type\":\"WebSite\",\"@id\":\"https:\/\/bellesguardgaudi.com\/fr\/#website\",\"url\":\"https:\/\/bellesguardgaudi.com\/fr\/\",\"name\":\"Obra Modernista de Antoni Gaud\u00ed en Barcelona | Torre Bellesguard\",\"description\":\"Web oficial de la Torre Bellesguard. Una de las obras m\u00e1s personales del arquitecto modernista Gaud\u00ed en Barcelona. \u00a1Vis\u00edtala sin colas ni aglomeraciones!\",\"potentialAction\":[{\"@type\":\"SearchAction\",\"target\":{\"@type\":\"EntryPoint\",\"urlTemplate\":\"https:\/\/bellesguardgaudi.com\/fr\/?s={search_term_string}\"},\"query-input\":{\"@type\":\"PropertyValueSpecification\",\"valueRequired\":true,\"valueName\":\"search_term_string\"}}],\"inLanguage\":\"fr-FR\"}]}<\/script>\n<!-- \/ Yoast SEO plugin. -->","yoast_head_json":{"title":"\u00c9v\u00e9nements d'entreprise \u00e0 Barcelone | Location de l'espace","description":"Nous organisons des \u00e9v\u00e9nements personnalis\u00e9s pour les entreprises. Profitez d'un \u00e9v\u00e9nement dans un espace unique \u00e0 Barcelone et avec le cachet ind\u00e9niable de Gaud\u00ed. Contactez-nous!","robots":{"index":"index","follow":"follow","max-snippet":"max-snippet:-1","max-image-preview":"max-image-preview:large","max-video-preview":"max-video-preview:-1"},"canonical":"https:\/\/bellesguardgaudi.com\/fr\/loyer-despace\/evenements-corporatifs\/","og_locale":"fr_FR","og_type":"article","og_title":"\u00c9v\u00e9nements d'entreprise \u00e0 Barcelone | Location de l'espace","og_description":"Nous organisons des \u00e9v\u00e9nements personnalis\u00e9s pour les entreprises. Profitez d'un \u00e9v\u00e9nement dans un espace unique \u00e0 Barcelone et avec le cachet ind\u00e9niable de Gaud\u00ed. Contactez-nous!","og_url":"https:\/\/bellesguardgaudi.com\/fr\/loyer-despace\/evenements-corporatifs\/","og_site_name":"Obra Modernista de Antoni Gaud\u00ed en Barcelona | Torre Bellesguard","article_modified_time":"2026-01-26T11:36:38+00:00","twitter_card":"summary_large_image","twitter_misc":{"Dur\u00e9e de lecture estim\u00e9e":"1 minute"},"schema":{"@context":"https:\/\/schema.org","@graph":[{"@type":"WebPage","@id":"https:\/\/bellesguardgaudi.com\/fr\/loyer-despace\/evenements-corporatifs\/","url":"https:\/\/bellesguardgaudi.com\/fr\/loyer-despace\/evenements-corporatifs\/","name":"\u00c9v\u00e9nements d'entreprise \u00e0 Barcelone | Location de l'espace","isPartOf":{"@id":"https:\/\/bellesguardgaudi.com\/fr\/#website"},"datePublished":"2020-01-20T18:06:10+00:00","dateModified":"2026-01-26T11:36:38+00:00","description":"Nous organisons des \u00e9v\u00e9nements personnalis\u00e9s pour les entreprises. Profitez d'un \u00e9v\u00e9nement dans un espace unique \u00e0 Barcelone et avec le cachet ind\u00e9niable de Gaud\u00ed. Contactez-nous!","breadcrumb":{"@id":"https:\/\/bellesguardgaudi.com\/fr\/loyer-despace\/evenements-corporatifs\/#breadcrumb"},"inLanguage":"fr-FR","potentialAction":[{"@type":"ReadAction","target":["https:\/\/bellesguardgaudi.com\/fr\/loyer-despace\/evenements-corporatifs\/"]}]},{"@type":"BreadcrumbList","@id":"https:\/\/bellesguardgaudi.com\/fr\/loyer-despace\/evenements-corporatifs\/#breadcrumb","itemListElement":[{"@type":"ListItem","position":1,"name":"Portada","item":"https:\/\/bellesguardgaudi.com\/fr\/"},{"@type":"ListItem","position":2,"name":"Loyer d&#8217;espace","item":"https:\/\/bellesguardgaudi.com\/fr\/loyer-despace\/"},{"@type":"ListItem","position":3,"name":"Ev\u00e9nements corporatifs"}]},{"@type":"WebSite","@id":"https:\/\/bellesguardgaudi.com\/fr\/#website","url":"https:\/\/bellesguardgaudi.com\/fr\/","name":"Obra Modernista de Antoni Gaud\u00ed en Barcelona | Torre Bellesguard","description":"Web oficial de la Torre Bellesguard. Una de las obras m\u00e1s personales del arquitecto modernista Gaud\u00ed en Barcelona. \u00a1Vis\u00edtala sin colas ni aglomeraciones!","potentialAction":[{"@type":"SearchAction","target":{"@type":"EntryPoint","urlTemplate":"https:\/\/bellesguardgaudi.com\/fr\/?s={search_term_string}"},"query-input":{"@type":"PropertyValueSpecification","valueRequired":true,"valueName":"search_term_string"}}],"inLanguage":"fr-FR"}]}},"_links":{"self":[{"href":"https:\/\/bellesguardgaudi.com\/fr\/wp-json\/wp\/v2\/pages\/6123","targetHints":{"allow":["GET"]}}],"collection":[{"href":"https:\/\/bellesguardgaudi.com\/fr\/wp-json\/wp\/v2\/pages"}],"about":[{"href":"https:\/\/bellesguardgaudi.com\/fr\/wp-json\/wp\/v2\/types\/page"}],"author":[{"embeddable":true,"href":"https:\/\/bellesguardgaudi.com\/fr\/wp-json\/wp\/v2\/users\/1"}],"replies":[{"embeddable":true,"href":"https:\/\/bellesguardgaudi.com\/fr\/wp-json\/wp\/v2\/comments?post=6123"}],"version-history":[{"count":5,"href":"https:\/\/bellesguardgaudi.com\/fr\/wp-json\/wp\/v2\/pages\/6123\/revisions"}],"predecessor-version":[{"id":190023,"href":"https:\/\/bellesguardgaudi.com\/fr\/wp-json\/wp\/v2\/pages\/6123\/revisions\/190023"}],"up":[{"embeddable":true,"href":"https:\/\/bellesguardgaudi.com\/fr\/wp-json\/wp\/v2\/pages\/5751"}],"wp:attachment":[{"href":"https:\/\/bellesguardgaudi.com\/fr\/wp-json\/wp\/v2\/media?parent=6123"}],"curies":[{"name":"wp","href":"https:\/\/api.w.org\/{rel}","templated":true}]}}