{"id":6136,"date":"2020-01-20T19:15:05","date_gmt":"2020-01-20T18:15:05","guid":{"rendered":"http:\/\/130.61.100.28\/wordpress\/?page_id=6136"},"modified":"2026-01-26T12:39:26","modified_gmt":"2026-01-26T11:39:26","slug":"teambuilding","status":"publish","type":"page","link":"https:\/\/bellesguardgaudi.com\/fr\/loyer-despace\/teambuilding\/","title":{"rendered":"Teambuilding"},"content":{"rendered":"<p>[vc_row][vc_column][vc_row_inner equal_height=&#8221;yes&#8221; content_placement=&#8221;middle&#8221;][vc_column_inner][vc_column_text el_class=&#8221;parrafo-destacado&#8221;]<\/p>\n<div class=\"row-bg-wrap\" data-bg-animation=\"none\">\n<p class=\"row-bg-overlay\">Les entreprises donnent chaque jour plus importance \u00e0 la r\u00e9alisation des activit\u00e9s extra ouvrables, \u00e0 fin que ses employ\u00e9s peuvent se conna\u00eetre en dehors de la fabrique ou le bureau, en cr\u00e9ant des liens personnels pour renforcer les relations interpersonnelles et les dynamiques d\u2019\u00e9quipe.<\/p>\n<\/div>\n<p>[\/vc_column_text][vc_separator css=&#8221;.vc_custom_1579521492888{margin-top: 30px !important;margin-bottom: 30px !important;}&#8221;][vc_column_text]Avec l\u2019entreprise <a href=\"https:\/\/mosaiccos.com\/\">Mosaiccos<\/a>, on offre la possibilit\u00e9 de r\u00e9aliser un atelier de \u00ab\u00a0trencad\u00eds\u00a0\u00bb, une des techniques plus connus de Gaud\u00ed, aussi bien pour cr\u00e9er un objet chaque participant que pour \u00e9laborer entre tous conjointement le logo de l\u2019entreprise.<\/p>\n<p>L\u2019activit\u00e9 de Teambuilding n\u2019importe quelle\u00a0: comme masterchef, show cooking, d\u00e9gustation de vin\u2026 et avec la visite guid\u00e9e compris et une d\u00e9gustation gastronomique. Et tout cela dans un espace unique, la Torre Bellesguard de Gaud\u00ed. Dites-nous qu\u2019est que tu aimerais et on va vous aider pour l\u2019organiser.[\/vc_column_text][\/vc_column_inner][\/vc_row_inner][vc_row_inner content_placement=&#8221;top&#8221; css=&#8221;.vc_custom_1579545314042{margin-top: 50px !important;}&#8221;][vc_column_inner width=&#8221;7\/12&#8243;][vc_video link=&#8221;https:\/\/www.youtube.com\/watch?v=PgHqpDOmbDg&amp;feature=emb_title&#8221;][vc_separator css=&#8221;.vc_custom_1579521492888{margin-top: 30px !important;margin-bottom: 30px !important;}&#8221;][vc_column_text css=&#8221;.vc_custom_1625228260420{margin-top: 30px !important;}&#8221;]<\/p>\n<div style=\"width: 900px;\" class=\"wp-video\"><!--[if lt IE 9]><script>document.createElement('video');<\/script><![endif]-->\n<video class=\"wp-video-shortcode\" id=\"video-6136-1\" width=\"900\" height=\"383\" poster=\"\/wp-content\/uploads\/2020\/01\/logo-la-caixa-2.jpg\" preload=\"metadata\" controls=\"controls\"><source type=\"video\/mp4\" src=\"\/wp-content\/uploads\/2020\/01\/LAcaixa-teambuilding.mp4?_=1\" \/><a href=\"\/wp-content\/uploads\/2020\/01\/LAcaixa-teambuilding.mp4\">\/wp-content\/uploads\/2020\/01\/LAcaixa-teambuilding.mp4<\/a><\/video><\/div>\n<p>[\/vc_column_text][\/vc_column_inner][vc_column_inner width=&#8221;5\/12&#8243; css=&#8221;.vc_custom_1579545254035{padding: 20px !important;background-color: #ffffff !important;border-radius: 5px !important;}&#8221;][vc_column_text]<\/p>\n<h3 style=\"text-align: center;\">CONTACTEZ-NOUS<\/h3>\n<p>[\/vc_column_text][vc_separator]\n<div class=\"wpcf7 no-js\" id=\"wpcf7-f10366-o1\" lang=\"fr-FR\" dir=\"ltr\" data-wpcf7-id=\"10366\">\n<div class=\"screen-reader-response\"><p role=\"status\" aria-live=\"polite\" aria-atomic=\"true\"><\/p> <ul><\/ul><\/div>\n<form action=\"\/fr\/wp-json\/wp\/v2\/pages\/6136#wpcf7-f10366-o1\" method=\"post\" class=\"wpcf7-form init\" aria-label=\"Formulaire de contact\" novalidate=\"novalidate\" data-status=\"init\">\n<fieldset class=\"hidden-fields-container\"><input type=\"hidden\" name=\"_wpcf7\" value=\"10366\" \/><input type=\"hidden\" name=\"_wpcf7_version\" value=\"6.1.5\" \/><input type=\"hidden\" name=\"_wpcf7_locale\" value=\"fr_FR\" \/><input type=\"hidden\" name=\"_wpcf7_unit_tag\" value=\"wpcf7-f10366-o1\" \/><input type=\"hidden\" name=\"_wpcf7_container_post\" value=\"0\" \/><input type=\"hidden\" name=\"_wpcf7_posted_data_hash\" value=\"\" \/><input type=\"hidden\" name=\"_wpcf7_recaptcha_response\" value=\"\" \/>\n<\/fieldset>\n<p><label> <span class=\"wpcf7-form-control-wrap\" data-name=\"your-name\"><input size=\"40\" maxlength=\"400\" class=\"wpcf7-form-control wpcf7-text wpcf7-validates-as-required\" aria-required=\"true\" aria-invalid=\"false\" placeholder=\"Nom (required)\" value=\"\" type=\"text\" name=\"your-name\" \/><\/span> <\/label>\n<\/p>\n<p><label> <span class=\"wpcf7-form-control-wrap\" data-name=\"your-surname\"><input size=\"40\" maxlength=\"400\" class=\"wpcf7-form-control wpcf7-text wpcf7-validates-as-required\" aria-required=\"true\" aria-invalid=\"false\" placeholder=\"Nom de famille (required)\" value=\"\" type=\"text\" name=\"your-surname\" \/><\/span> <\/label>\n<\/p>\n<p><label> <span class=\"wpcf7-form-control-wrap\" data-name=\"your-email\"><input size=\"40\" maxlength=\"400\" class=\"wpcf7-form-control wpcf7-email wpcf7-validates-as-required wpcf7-text wpcf7-validates-as-email\" aria-required=\"true\" aria-invalid=\"false\" placeholder=\"E-mail (required)\" value=\"\" type=\"email\" name=\"your-email\" \/><\/span> <\/label>\n<\/p>\n<p><label> <span class=\"wpcf7-form-control-wrap\" data-name=\"your-subject\"><input size=\"40\" maxlength=\"400\" class=\"wpcf7-form-control wpcf7-text\" aria-invalid=\"false\" placeholder=\"Assujettir\" value=\"\" type=\"text\" name=\"your-subject\" \/><\/span> <\/label>\n<\/p>\n<p><label> <span class=\"wpcf7-form-control-wrap\" data-name=\"your-message\"><textarea cols=\"40\" rows=\"10\" maxlength=\"2000\" class=\"wpcf7-form-control wpcf7-textarea\" aria-invalid=\"false\" placeholder=\"Message\" name=\"your-message\"><\/textarea><\/span> <\/label>\n<\/p>\n<p><span class=\"wpcf7-form-control-wrap\" data-name=\"acceptance-399\"><span class=\"wpcf7-form-control wpcf7-acceptance\"><span class=\"wpcf7-list-item\"><label><input type=\"checkbox\" name=\"acceptance-399\" value=\"1\" aria-invalid=\"false\" \/><span class=\"wpcf7-list-item-label\">J'accepte le <a href=\"https:\/\/bellesguardgaudi.com\/fr\/politique-de-confidentialite\/\" target=\"_blank\" rel=\"noopener\">Politique de confidentialit\u00e9<\/a><\/span><\/label><\/span><\/span><\/span>\n<\/p>\n<p><input class=\"wpcf7-form-control wpcf7-submit has-spinner\" type=\"submit\" value=\"Envoyer\" \/>\n<\/p><input type='hidden' class='wpcf7-pum' value='{\"closepopup\":false,\"closedelay\":0,\"openpopup\":false,\"openpopup_id\":0}' \/><div class=\"wpcf7-response-output\" aria-hidden=\"true\"><\/div>\n<\/form>\n<\/div>\n[\/vc_column_inner][\/vc_row_inner][\/vc_column][\/vc_row]<\/p>\n","protected":false},"excerpt":{"rendered":"<p>[vc_row][vc_column][vc_row_inner equal_height=&#8221;yes&#8221; content_placement=&#8221;middle&#8221;][vc_column_inner][vc_column_text el_class=&#8221;parrafo-destacado&#8221;] Les entreprises donnent chaque jour plus importance \u00e0 la r\u00e9alisation des activit\u00e9s extra ouvrables, \u00e0 fin que ses employ\u00e9s peuvent se conna\u00eetre en dehors de la fabrique ou le bureau, en cr\u00e9ant des liens personnels pour renforcer les relations interpersonnelles et les dynamiques d\u2019\u00e9quipe. [\/vc_column_text][vc_separator css=&#8221;.vc_custom_1579521492888{margin-top: 30px !important;margin-bottom: 30px !important;}&#8221;][vc_column_text]Avec l\u2019entreprise [&hellip;]<\/p>\n","protected":false},"author":1,"featured_media":0,"parent":5751,"menu_order":0,"comment_status":"closed","ping_status":"closed","template":"","meta":{"_acf_changed":false,"footnotes":""},"class_list":["post-6136","page","type-page","status-publish","hentry"],"acf":[],"yoast_head":"<!-- This site is optimized with the Yoast SEO plugin v27.2 - https:\/\/yoast.com\/product\/yoast-seo-wordpress\/ -->\n<title>B\u00e2timent d&#039;\u00e9quipe \u00e0 Barcelone | Location de l&#039;espace<\/title>\n<meta name=\"description\" content=\"Nous organisons des ateliers de construction d&#039;\u00e9quipes \u00e0 travers l&#039;une des techniques les plus c\u00e9l\u00e8bres de Gaud\u00ed. Renforce votre \u00e9quipe de travail dans un espace unique. Contactez-nous!\" \/>\n<meta name=\"robots\" content=\"index, follow, max-snippet:-1, max-image-preview:large, max-video-preview:-1\" \/>\n<link rel=\"canonical\" href=\"https:\/\/bellesguardgaudi.com\/fr\/loyer-despace\/teambuilding\/\" \/>\n<meta property=\"og:locale\" content=\"fr_FR\" \/>\n<meta property=\"og:type\" content=\"article\" \/>\n<meta property=\"og:title\" content=\"B\u00e2timent d&#039;\u00e9quipe \u00e0 Barcelone | Location de l&#039;espace\" \/>\n<meta property=\"og:description\" content=\"Nous organisons des ateliers de construction d&#039;\u00e9quipes \u00e0 travers l&#039;une des techniques les plus c\u00e9l\u00e8bres de Gaud\u00ed. Renforce votre \u00e9quipe de travail dans un espace unique. Contactez-nous!\" \/>\n<meta property=\"og:url\" content=\"https:\/\/bellesguardgaudi.com\/fr\/loyer-despace\/teambuilding\/\" \/>\n<meta property=\"og:site_name\" content=\"Obra Modernista de Antoni Gaud\u00ed en Barcelona | Torre Bellesguard\" \/>\n<meta property=\"article:modified_time\" content=\"2026-01-26T11:39:26+00:00\" \/>\n<meta name=\"twitter:card\" content=\"summary_large_image\" \/>\n<meta name=\"twitter:label1\" content=\"Dur\u00e9e de lecture estim\u00e9e\" \/>\n\t<meta name=\"twitter:data1\" content=\"1 minute\" \/>\n<script type=\"application\/ld+json\" class=\"yoast-schema-graph\">{\"@context\":\"https:\/\/schema.org\",\"@graph\":[{\"@type\":\"WebPage\",\"@id\":\"https:\/\/bellesguardgaudi.com\/fr\/loyer-despace\/teambuilding\/\",\"url\":\"https:\/\/bellesguardgaudi.com\/fr\/loyer-despace\/teambuilding\/\",\"name\":\"B\u00e2timent d'\u00e9quipe \u00e0 Barcelone | Location de l'espace\",\"isPartOf\":{\"@id\":\"https:\/\/bellesguardgaudi.com\/fr\/#website\"},\"datePublished\":\"2020-01-20T18:15:05+00:00\",\"dateModified\":\"2026-01-26T11:39:26+00:00\",\"description\":\"Nous organisons des ateliers de construction d'\u00e9quipes \u00e0 travers l'une des techniques les plus c\u00e9l\u00e8bres de Gaud\u00ed. Renforce votre \u00e9quipe de travail dans un espace unique. Contactez-nous!\",\"breadcrumb\":{\"@id\":\"https:\/\/bellesguardgaudi.com\/fr\/loyer-despace\/teambuilding\/#breadcrumb\"},\"inLanguage\":\"fr-FR\",\"potentialAction\":[{\"@type\":\"ReadAction\",\"target\":[\"https:\/\/bellesguardgaudi.com\/fr\/loyer-despace\/teambuilding\/\"]}]},{\"@type\":\"BreadcrumbList\",\"@id\":\"https:\/\/bellesguardgaudi.com\/fr\/loyer-despace\/teambuilding\/#breadcrumb\",\"itemListElement\":[{\"@type\":\"ListItem\",\"position\":1,\"name\":\"Portada\",\"item\":\"https:\/\/bellesguardgaudi.com\/fr\/\"},{\"@type\":\"ListItem\",\"position\":2,\"name\":\"Loyer d&#8217;espace\",\"item\":\"https:\/\/bellesguardgaudi.com\/fr\/loyer-despace\/\"},{\"@type\":\"ListItem\",\"position\":3,\"name\":\"Teambuilding\"}]},{\"@type\":\"WebSite\",\"@id\":\"https:\/\/bellesguardgaudi.com\/fr\/#website\",\"url\":\"https:\/\/bellesguardgaudi.com\/fr\/\",\"name\":\"Obra Modernista de Antoni Gaud\u00ed en Barcelona | Torre Bellesguard\",\"description\":\"Web oficial de la Torre Bellesguard. Una de las obras m\u00e1s personales del arquitecto modernista Gaud\u00ed en Barcelona. \u00a1Vis\u00edtala sin colas ni aglomeraciones!\",\"potentialAction\":[{\"@type\":\"SearchAction\",\"target\":{\"@type\":\"EntryPoint\",\"urlTemplate\":\"https:\/\/bellesguardgaudi.com\/fr\/?s={search_term_string}\"},\"query-input\":{\"@type\":\"PropertyValueSpecification\",\"valueRequired\":true,\"valueName\":\"search_term_string\"}}],\"inLanguage\":\"fr-FR\"}]}<\/script>\n<!-- \/ Yoast SEO plugin. -->","yoast_head_json":{"title":"B\u00e2timent d'\u00e9quipe \u00e0 Barcelone | Location de l'espace","description":"Nous organisons des ateliers de construction d'\u00e9quipes \u00e0 travers l'une des techniques les plus c\u00e9l\u00e8bres de Gaud\u00ed. Renforce votre \u00e9quipe de travail dans un espace unique. Contactez-nous!","robots":{"index":"index","follow":"follow","max-snippet":"max-snippet:-1","max-image-preview":"max-image-preview:large","max-video-preview":"max-video-preview:-1"},"canonical":"https:\/\/bellesguardgaudi.com\/fr\/loyer-despace\/teambuilding\/","og_locale":"fr_FR","og_type":"article","og_title":"B\u00e2timent d'\u00e9quipe \u00e0 Barcelone | Location de l'espace","og_description":"Nous organisons des ateliers de construction d'\u00e9quipes \u00e0 travers l'une des techniques les plus c\u00e9l\u00e8bres de Gaud\u00ed. Renforce votre \u00e9quipe de travail dans un espace unique. Contactez-nous!","og_url":"https:\/\/bellesguardgaudi.com\/fr\/loyer-despace\/teambuilding\/","og_site_name":"Obra Modernista de Antoni Gaud\u00ed en Barcelona | Torre Bellesguard","article_modified_time":"2026-01-26T11:39:26+00:00","twitter_card":"summary_large_image","twitter_misc":{"Dur\u00e9e de lecture estim\u00e9e":"1 minute"},"schema":{"@context":"https:\/\/schema.org","@graph":[{"@type":"WebPage","@id":"https:\/\/bellesguardgaudi.com\/fr\/loyer-despace\/teambuilding\/","url":"https:\/\/bellesguardgaudi.com\/fr\/loyer-despace\/teambuilding\/","name":"B\u00e2timent d'\u00e9quipe \u00e0 Barcelone | Location de l'espace","isPartOf":{"@id":"https:\/\/bellesguardgaudi.com\/fr\/#website"},"datePublished":"2020-01-20T18:15:05+00:00","dateModified":"2026-01-26T11:39:26+00:00","description":"Nous organisons des ateliers de construction d'\u00e9quipes \u00e0 travers l'une des techniques les plus c\u00e9l\u00e8bres de Gaud\u00ed. Renforce votre \u00e9quipe de travail dans un espace unique. Contactez-nous!","breadcrumb":{"@id":"https:\/\/bellesguardgaudi.com\/fr\/loyer-despace\/teambuilding\/#breadcrumb"},"inLanguage":"fr-FR","potentialAction":[{"@type":"ReadAction","target":["https:\/\/bellesguardgaudi.com\/fr\/loyer-despace\/teambuilding\/"]}]},{"@type":"BreadcrumbList","@id":"https:\/\/bellesguardgaudi.com\/fr\/loyer-despace\/teambuilding\/#breadcrumb","itemListElement":[{"@type":"ListItem","position":1,"name":"Portada","item":"https:\/\/bellesguardgaudi.com\/fr\/"},{"@type":"ListItem","position":2,"name":"Loyer d&#8217;espace","item":"https:\/\/bellesguardgaudi.com\/fr\/loyer-despace\/"},{"@type":"ListItem","position":3,"name":"Teambuilding"}]},{"@type":"WebSite","@id":"https:\/\/bellesguardgaudi.com\/fr\/#website","url":"https:\/\/bellesguardgaudi.com\/fr\/","name":"Obra Modernista de Antoni Gaud\u00ed en Barcelona | Torre Bellesguard","description":"Web oficial de la Torre Bellesguard. Una de las obras m\u00e1s personales del arquitecto modernista Gaud\u00ed en Barcelona. \u00a1Vis\u00edtala sin colas ni aglomeraciones!","potentialAction":[{"@type":"SearchAction","target":{"@type":"EntryPoint","urlTemplate":"https:\/\/bellesguardgaudi.com\/fr\/?s={search_term_string}"},"query-input":{"@type":"PropertyValueSpecification","valueRequired":true,"valueName":"search_term_string"}}],"inLanguage":"fr-FR"}]}},"_links":{"self":[{"href":"https:\/\/bellesguardgaudi.com\/fr\/wp-json\/wp\/v2\/pages\/6136","targetHints":{"allow":["GET"]}}],"collection":[{"href":"https:\/\/bellesguardgaudi.com\/fr\/wp-json\/wp\/v2\/pages"}],"about":[{"href":"https:\/\/bellesguardgaudi.com\/fr\/wp-json\/wp\/v2\/types\/page"}],"author":[{"embeddable":true,"href":"https:\/\/bellesguardgaudi.com\/fr\/wp-json\/wp\/v2\/users\/1"}],"replies":[{"embeddable":true,"href":"https:\/\/bellesguardgaudi.com\/fr\/wp-json\/wp\/v2\/comments?post=6136"}],"version-history":[{"count":6,"href":"https:\/\/bellesguardgaudi.com\/fr\/wp-json\/wp\/v2\/pages\/6136\/revisions"}],"predecessor-version":[{"id":190028,"href":"https:\/\/bellesguardgaudi.com\/fr\/wp-json\/wp\/v2\/pages\/6136\/revisions\/190028"}],"up":[{"embeddable":true,"href":"https:\/\/bellesguardgaudi.com\/fr\/wp-json\/wp\/v2\/pages\/5751"}],"wp:attachment":[{"href":"https:\/\/bellesguardgaudi.com\/fr\/wp-json\/wp\/v2\/media?parent=6136"}],"curies":[{"name":"wp","href":"https:\/\/api.w.org\/{rel}","templated":true}]}}