{"id":6149,"date":"2020-01-20T19:41:45","date_gmt":"2020-01-20T18:41:45","guid":{"rendered":"http:\/\/130.61.100.28\/wordpress\/?page_id=6149"},"modified":"2026-01-26T12:42:16","modified_gmt":"2026-01-26T11:42:16","slug":"tournages-et-reportages","status":"publish","type":"page","link":"https:\/\/bellesguardgaudi.com\/fr\/loyer-despace\/tournages-et-reportages\/","title":{"rendered":"Tournages et Reportages"},"content":{"rendered":"<p>[vc_row][vc_column][vc_row_inner equal_height=&#8221;yes&#8221; content_placement=&#8221;middle&#8221;][vc_column_inner][vc_column_text el_class=&#8221;parrafo-destacado&#8221;]Dans la Torre Bellesguard on dispose des diff\u00e9rents espaces tr\u00e8s diff\u00e9rents entre eux. Localisations avec esth\u00e9tique de ch\u00e2teau m\u00e9di\u00e9val, des salles avec l\u2019style reconnaissable entre tous d\u2019Antoni Gaud\u00ed, lumi\u00e8re et couleur, pierres et \u00ab\u00a0trencad\u00eds\u00a0\u00bb, arbres et jardins et des vues spectaculaires de 360 degr\u00e9s sur la ville de Barcelone.[\/vc_column_text][vc_separator css=&#8221;.vc_custom_1579521492888{margin-top: 30px !important;margin-bottom: 30px !important;}&#8221;][\/vc_column_inner][\/vc_row_inner][vc_row_inner equal_height=&#8221;yes&#8221; content_placement=&#8221;middle&#8221; css=&#8221;.vc_custom_1579545922378{margin-top: 30px !important;}&#8221;][vc_column_inner width=&#8221;2\/3&#8243;][vc_column_text]<strong>Bellesguard<\/strong> est un lieu confortable et s\u00fbr, avec des facilit\u00e9s logistiques pour garer, faire des charges et d\u00e9charges, et <strong>un<\/strong> <strong>environnement d\u2019absolue intimit\u00e9 et tout type d\u2019avantages<\/strong>.<\/p>\n<p>Expliquez-nous votre projet, quel que soit\u00a0: un reportage photographique, un enregistrement audiovisuel, de la publicit\u00e9 ou un film. On va vous faire un budget sur mesure.[\/vc_column_text][vc_single_image image=&#8221;154423&#8243; img_size=&#8221;full&#8221;][\/vc_column_inner][vc_column_inner width=&#8221;1\/3&#8243; css=&#8221;.vc_custom_1579545254035{padding: 20px !important;background-color: #ffffff !important;border-radius: 5px !important;}&#8221;][vc_column_text]<\/p>\n<h3 style=\"text-align: center;\">CONTACTEZ-NOUS<\/h3>\n<p>[\/vc_column_text][vc_separator]\n<div class=\"wpcf7 no-js\" id=\"wpcf7-f10366-o1\" lang=\"fr-FR\" dir=\"ltr\" data-wpcf7-id=\"10366\">\n<div class=\"screen-reader-response\"><p role=\"status\" aria-live=\"polite\" aria-atomic=\"true\"><\/p> <ul><\/ul><\/div>\n<form action=\"\/fr\/wp-json\/wp\/v2\/pages\/6149#wpcf7-f10366-o1\" method=\"post\" class=\"wpcf7-form init\" aria-label=\"Formulaire de contact\" novalidate=\"novalidate\" data-status=\"init\">\n<fieldset class=\"hidden-fields-container\"><input type=\"hidden\" name=\"_wpcf7\" value=\"10366\" \/><input type=\"hidden\" name=\"_wpcf7_version\" value=\"6.1.5\" \/><input type=\"hidden\" name=\"_wpcf7_locale\" value=\"fr_FR\" \/><input type=\"hidden\" name=\"_wpcf7_unit_tag\" value=\"wpcf7-f10366-o1\" \/><input type=\"hidden\" name=\"_wpcf7_container_post\" value=\"0\" \/><input type=\"hidden\" name=\"_wpcf7_posted_data_hash\" value=\"\" \/><input type=\"hidden\" name=\"_wpcf7_recaptcha_response\" value=\"\" \/>\n<\/fieldset>\n<p><label> <span class=\"wpcf7-form-control-wrap\" data-name=\"your-name\"><input size=\"40\" maxlength=\"400\" class=\"wpcf7-form-control wpcf7-text wpcf7-validates-as-required\" aria-required=\"true\" aria-invalid=\"false\" placeholder=\"Nom (required)\" value=\"\" type=\"text\" name=\"your-name\" \/><\/span> <\/label>\n<\/p>\n<p><label> <span class=\"wpcf7-form-control-wrap\" data-name=\"your-surname\"><input size=\"40\" maxlength=\"400\" class=\"wpcf7-form-control wpcf7-text wpcf7-validates-as-required\" aria-required=\"true\" aria-invalid=\"false\" placeholder=\"Nom de famille (required)\" value=\"\" type=\"text\" name=\"your-surname\" \/><\/span> <\/label>\n<\/p>\n<p><label> <span class=\"wpcf7-form-control-wrap\" data-name=\"your-email\"><input size=\"40\" maxlength=\"400\" class=\"wpcf7-form-control wpcf7-email wpcf7-validates-as-required wpcf7-text wpcf7-validates-as-email\" aria-required=\"true\" aria-invalid=\"false\" placeholder=\"E-mail (required)\" value=\"\" type=\"email\" name=\"your-email\" \/><\/span> <\/label>\n<\/p>\n<p><label> <span class=\"wpcf7-form-control-wrap\" data-name=\"your-subject\"><input size=\"40\" maxlength=\"400\" class=\"wpcf7-form-control wpcf7-text\" aria-invalid=\"false\" placeholder=\"Assujettir\" value=\"\" type=\"text\" name=\"your-subject\" \/><\/span> <\/label>\n<\/p>\n<p><label> <span class=\"wpcf7-form-control-wrap\" data-name=\"your-message\"><textarea cols=\"40\" rows=\"10\" maxlength=\"2000\" class=\"wpcf7-form-control wpcf7-textarea\" aria-invalid=\"false\" placeholder=\"Message\" name=\"your-message\"><\/textarea><\/span> <\/label>\n<\/p>\n<p><span class=\"wpcf7-form-control-wrap\" data-name=\"acceptance-399\"><span class=\"wpcf7-form-control wpcf7-acceptance\"><span class=\"wpcf7-list-item\"><label><input type=\"checkbox\" name=\"acceptance-399\" value=\"1\" aria-invalid=\"false\" \/><span class=\"wpcf7-list-item-label\">J'accepte le <a href=\"https:\/\/bellesguardgaudi.com\/fr\/politique-de-confidentialite\/\" target=\"_blank\" rel=\"noopener\">Politique de confidentialit\u00e9<\/a><\/span><\/label><\/span><\/span><\/span>\n<\/p>\n<p><input class=\"wpcf7-form-control wpcf7-submit has-spinner\" type=\"submit\" value=\"Envoyer\" \/>\n<\/p><input type='hidden' class='wpcf7-pum' value='{\"closepopup\":false,\"closedelay\":0,\"openpopup\":false,\"openpopup_id\":0}' \/><div class=\"wpcf7-response-output\" aria-hidden=\"true\"><\/div>\n<\/form>\n<\/div>\n[\/vc_column_inner][\/vc_row_inner][\/vc_column][\/vc_row][vc_row css=&#8221;.vc_custom_1579546993757{margin-top: 30px !important;}&#8221;][vc_column][vc_column_text]<\/p>\n<h3 style=\"text-align: center;\">MODE<\/h3>\n<p>[\/vc_column_text][vc_separator css=&#8221;.vc_custom_1579521492888{margin-top: 30px !important;margin-bottom: 30px !important;}&#8221;][vc_masonry_media_grid style=&#8221;load-more&#8221; items_per_page=&#8221;6&#8243; element_width=&#8221;2&#8243; item=&#8221;masonryMedia_SimpleBlurWithScale&#8221; initial_loading_animation=&#8221;fadeIn&#8221; grid_id=&#8221;vc_gid:1769427716976-2151e6a6-5b7c-6&#8243; include=&#8221;6015,6041,5998,5993,6025,6020,6030,6005,5988,6010,6035&#8243;][vc_row_inner][vc_column_inner width=&#8221;1\/4&#8243;][\/vc_column_inner][vc_column_inner width=&#8221;1\/4&#8243;][\/vc_column_inner][vc_column_inner width=&#8221;1\/4&#8243;][\/vc_column_inner][vc_column_inner width=&#8221;1\/4&#8243;][\/vc_column_inner][\/vc_row_inner][\/vc_column][\/vc_row]<\/p>\n","protected":false},"excerpt":{"rendered":"<p>[vc_row][vc_column][vc_row_inner equal_height=&#8221;yes&#8221; content_placement=&#8221;middle&#8221;][vc_column_inner][vc_column_text el_class=&#8221;parrafo-destacado&#8221;]Dans la Torre Bellesguard on dispose des diff\u00e9rents espaces tr\u00e8s diff\u00e9rents entre eux. Localisations avec esth\u00e9tique de ch\u00e2teau m\u00e9di\u00e9val, des salles avec l\u2019style reconnaissable entre tous d\u2019Antoni Gaud\u00ed, lumi\u00e8re et couleur, pierres et \u00ab\u00a0trencad\u00eds\u00a0\u00bb, arbres et jardins et des vues spectaculaires de 360 degr\u00e9s sur la ville de Barcelone.[\/vc_column_text][vc_separator css=&#8221;.vc_custom_1579521492888{margin-top: 30px !important;margin-bottom: [&hellip;]<\/p>\n","protected":false},"author":1,"featured_media":0,"parent":5751,"menu_order":0,"comment_status":"closed","ping_status":"closed","template":"","meta":{"_acf_changed":false,"footnotes":""},"class_list":["post-6149","page","type-page","status-publish","hentry"],"acf":[],"yoast_head":"<!-- This site is optimized with the Yoast SEO plugin v27.2 - https:\/\/yoast.com\/product\/yoast-seo-wordpress\/ -->\n<title>Shootings and Reports \u00e0 Barcelone | Location de l&#039;espace<\/title>\n<meta name=\"description\" content=\"Loyer pour le tournage et les rapports. Nous avons des espaces avec une esth\u00e9tique du ch\u00e2teau m\u00e9di\u00e9val et des chambres avec le cachet ind\u00e9niable de Gaud\u00ed. Contactez-nous!\" \/>\n<meta name=\"robots\" content=\"index, follow, max-snippet:-1, max-image-preview:large, max-video-preview:-1\" \/>\n<link rel=\"canonical\" href=\"https:\/\/bellesguardgaudi.com\/fr\/loyer-despace\/tournages-et-reportages\/\" \/>\n<meta property=\"og:locale\" content=\"fr_FR\" \/>\n<meta property=\"og:type\" content=\"article\" \/>\n<meta property=\"og:title\" content=\"Shootings and Reports \u00e0 Barcelone | Location de l&#039;espace\" \/>\n<meta property=\"og:description\" content=\"Loyer pour le tournage et les rapports. Nous avons des espaces avec une esth\u00e9tique du ch\u00e2teau m\u00e9di\u00e9val et des chambres avec le cachet ind\u00e9niable de Gaud\u00ed. Contactez-nous!\" \/>\n<meta property=\"og:url\" content=\"https:\/\/bellesguardgaudi.com\/fr\/loyer-despace\/tournages-et-reportages\/\" \/>\n<meta property=\"og:site_name\" content=\"Obra Modernista de Antoni Gaud\u00ed en Barcelona | Torre Bellesguard\" \/>\n<meta property=\"article:modified_time\" content=\"2026-01-26T11:42:16+00:00\" \/>\n<meta name=\"twitter:card\" content=\"summary_large_image\" \/>\n<meta name=\"twitter:label1\" content=\"Dur\u00e9e de lecture estim\u00e9e\" \/>\n\t<meta name=\"twitter:data1\" content=\"4 minutes\" \/>\n<script type=\"application\/ld+json\" class=\"yoast-schema-graph\">{\"@context\":\"https:\/\/schema.org\",\"@graph\":[{\"@type\":\"WebPage\",\"@id\":\"https:\/\/bellesguardgaudi.com\/fr\/loyer-despace\/tournages-et-reportages\/\",\"url\":\"https:\/\/bellesguardgaudi.com\/fr\/loyer-despace\/tournages-et-reportages\/\",\"name\":\"Shootings and Reports \u00e0 Barcelone | Location de l'espace\",\"isPartOf\":{\"@id\":\"https:\/\/bellesguardgaudi.com\/fr\/#website\"},\"datePublished\":\"2020-01-20T18:41:45+00:00\",\"dateModified\":\"2026-01-26T11:42:16+00:00\",\"description\":\"Loyer pour le tournage et les rapports. Nous avons des espaces avec une esth\u00e9tique du ch\u00e2teau m\u00e9di\u00e9val et des chambres avec le cachet ind\u00e9niable de Gaud\u00ed. Contactez-nous!\",\"breadcrumb\":{\"@id\":\"https:\/\/bellesguardgaudi.com\/fr\/loyer-despace\/tournages-et-reportages\/#breadcrumb\"},\"inLanguage\":\"fr-FR\",\"potentialAction\":[{\"@type\":\"ReadAction\",\"target\":[\"https:\/\/bellesguardgaudi.com\/fr\/loyer-despace\/tournages-et-reportages\/\"]}]},{\"@type\":\"BreadcrumbList\",\"@id\":\"https:\/\/bellesguardgaudi.com\/fr\/loyer-despace\/tournages-et-reportages\/#breadcrumb\",\"itemListElement\":[{\"@type\":\"ListItem\",\"position\":1,\"name\":\"Portada\",\"item\":\"https:\/\/bellesguardgaudi.com\/fr\/\"},{\"@type\":\"ListItem\",\"position\":2,\"name\":\"Loyer d&#8217;espace\",\"item\":\"https:\/\/bellesguardgaudi.com\/fr\/loyer-despace\/\"},{\"@type\":\"ListItem\",\"position\":3,\"name\":\"Tournages et Reportages\"}]},{\"@type\":\"WebSite\",\"@id\":\"https:\/\/bellesguardgaudi.com\/fr\/#website\",\"url\":\"https:\/\/bellesguardgaudi.com\/fr\/\",\"name\":\"Obra Modernista de Antoni Gaud\u00ed en Barcelona | Torre Bellesguard\",\"description\":\"Web oficial de la Torre Bellesguard. Una de las obras m\u00e1s personales del arquitecto modernista Gaud\u00ed en Barcelona. \u00a1Vis\u00edtala sin colas ni aglomeraciones!\",\"potentialAction\":[{\"@type\":\"SearchAction\",\"target\":{\"@type\":\"EntryPoint\",\"urlTemplate\":\"https:\/\/bellesguardgaudi.com\/fr\/?s={search_term_string}\"},\"query-input\":{\"@type\":\"PropertyValueSpecification\",\"valueRequired\":true,\"valueName\":\"search_term_string\"}}],\"inLanguage\":\"fr-FR\"}]}<\/script>\n<!-- \/ Yoast SEO plugin. -->","yoast_head_json":{"title":"Shootings and Reports \u00e0 Barcelone | Location de l'espace","description":"Loyer pour le tournage et les rapports. Nous avons des espaces avec une esth\u00e9tique du ch\u00e2teau m\u00e9di\u00e9val et des chambres avec le cachet ind\u00e9niable de Gaud\u00ed. Contactez-nous!","robots":{"index":"index","follow":"follow","max-snippet":"max-snippet:-1","max-image-preview":"max-image-preview:large","max-video-preview":"max-video-preview:-1"},"canonical":"https:\/\/bellesguardgaudi.com\/fr\/loyer-despace\/tournages-et-reportages\/","og_locale":"fr_FR","og_type":"article","og_title":"Shootings and Reports \u00e0 Barcelone | Location de l'espace","og_description":"Loyer pour le tournage et les rapports. Nous avons des espaces avec une esth\u00e9tique du ch\u00e2teau m\u00e9di\u00e9val et des chambres avec le cachet ind\u00e9niable de Gaud\u00ed. Contactez-nous!","og_url":"https:\/\/bellesguardgaudi.com\/fr\/loyer-despace\/tournages-et-reportages\/","og_site_name":"Obra Modernista de Antoni Gaud\u00ed en Barcelona | Torre Bellesguard","article_modified_time":"2026-01-26T11:42:16+00:00","twitter_card":"summary_large_image","twitter_misc":{"Dur\u00e9e de lecture estim\u00e9e":"4 minutes"},"schema":{"@context":"https:\/\/schema.org","@graph":[{"@type":"WebPage","@id":"https:\/\/bellesguardgaudi.com\/fr\/loyer-despace\/tournages-et-reportages\/","url":"https:\/\/bellesguardgaudi.com\/fr\/loyer-despace\/tournages-et-reportages\/","name":"Shootings and Reports \u00e0 Barcelone | Location de l'espace","isPartOf":{"@id":"https:\/\/bellesguardgaudi.com\/fr\/#website"},"datePublished":"2020-01-20T18:41:45+00:00","dateModified":"2026-01-26T11:42:16+00:00","description":"Loyer pour le tournage et les rapports. Nous avons des espaces avec une esth\u00e9tique du ch\u00e2teau m\u00e9di\u00e9val et des chambres avec le cachet ind\u00e9niable de Gaud\u00ed. Contactez-nous!","breadcrumb":{"@id":"https:\/\/bellesguardgaudi.com\/fr\/loyer-despace\/tournages-et-reportages\/#breadcrumb"},"inLanguage":"fr-FR","potentialAction":[{"@type":"ReadAction","target":["https:\/\/bellesguardgaudi.com\/fr\/loyer-despace\/tournages-et-reportages\/"]}]},{"@type":"BreadcrumbList","@id":"https:\/\/bellesguardgaudi.com\/fr\/loyer-despace\/tournages-et-reportages\/#breadcrumb","itemListElement":[{"@type":"ListItem","position":1,"name":"Portada","item":"https:\/\/bellesguardgaudi.com\/fr\/"},{"@type":"ListItem","position":2,"name":"Loyer d&#8217;espace","item":"https:\/\/bellesguardgaudi.com\/fr\/loyer-despace\/"},{"@type":"ListItem","position":3,"name":"Tournages et Reportages"}]},{"@type":"WebSite","@id":"https:\/\/bellesguardgaudi.com\/fr\/#website","url":"https:\/\/bellesguardgaudi.com\/fr\/","name":"Obra Modernista de Antoni Gaud\u00ed en Barcelona | Torre Bellesguard","description":"Web oficial de la Torre Bellesguard. Una de las obras m\u00e1s personales del arquitecto modernista Gaud\u00ed en Barcelona. \u00a1Vis\u00edtala sin colas ni aglomeraciones!","potentialAction":[{"@type":"SearchAction","target":{"@type":"EntryPoint","urlTemplate":"https:\/\/bellesguardgaudi.com\/fr\/?s={search_term_string}"},"query-input":{"@type":"PropertyValueSpecification","valueRequired":true,"valueName":"search_term_string"}}],"inLanguage":"fr-FR"}]}},"_links":{"self":[{"href":"https:\/\/bellesguardgaudi.com\/fr\/wp-json\/wp\/v2\/pages\/6149","targetHints":{"allow":["GET"]}}],"collection":[{"href":"https:\/\/bellesguardgaudi.com\/fr\/wp-json\/wp\/v2\/pages"}],"about":[{"href":"https:\/\/bellesguardgaudi.com\/fr\/wp-json\/wp\/v2\/types\/page"}],"author":[{"embeddable":true,"href":"https:\/\/bellesguardgaudi.com\/fr\/wp-json\/wp\/v2\/users\/1"}],"replies":[{"embeddable":true,"href":"https:\/\/bellesguardgaudi.com\/fr\/wp-json\/wp\/v2\/comments?post=6149"}],"version-history":[{"count":6,"href":"https:\/\/bellesguardgaudi.com\/fr\/wp-json\/wp\/v2\/pages\/6149\/revisions"}],"predecessor-version":[{"id":190032,"href":"https:\/\/bellesguardgaudi.com\/fr\/wp-json\/wp\/v2\/pages\/6149\/revisions\/190032"}],"up":[{"embeddable":true,"href":"https:\/\/bellesguardgaudi.com\/fr\/wp-json\/wp\/v2\/pages\/5751"}],"wp:attachment":[{"href":"https:\/\/bellesguardgaudi.com\/fr\/wp-json\/wp\/v2\/media?parent=6149"}],"curies":[{"name":"wp","href":"https:\/\/api.w.org\/{rel}","templated":true}]}}