{"id":6282,"date":"2020-01-20T10:40:51","date_gmt":"2020-01-20T09:40:51","guid":{"rendered":"http:\/\/130.61.100.28\/wordpress\/?page_id=6282"},"modified":"2024-09-17T13:26:29","modified_gmt":"2024-09-17T11:26:29","slug":"info-pratique","status":"publish","type":"page","link":"https:\/\/bellesguardgaudi.com\/fr\/info-pratique\/","title":{"rendered":"Info pratique"},"content":{"rendered":"<p>[vc_row][vc_column][vc_column_text]<\/p>\n<h2 style=\"text-align: center;\">ACC\u00c8S<\/h2>\n<p>[\/vc_column_text][vc_separator css=&#8221;.vc_custom_1579521492888{margin-top: 30px !important;margin-bottom: 30px !important;}&#8221;][vc_row_inner equal_height=&#8221;yes&#8221; content_placement=&#8221;middle&#8221;][vc_column_inner width=&#8221;2\/3&#8243;][vc_column_text el_class=&#8221;parrafo-destacado&#8221;]<\/p>\n<p style=\"text-align: left;\">La <strong>Maison Bellesguard d&#8217;Antoni<\/strong> Gaud\u00ed est situ\u00e9e au <strong>c\/Bellesguard n\u00ba 20, 08022 \u00e0 Barcelone.<\/strong><br \/>\nVous pouvez vous y rendre de diff\u00e9rentes mani\u00e8res, soit par les transports publics, soit en v\u00e9hicule priv\u00e9.<\/p>\n<p>[\/vc_column_text][\/vc_column_inner][vc_column_inner width=&#8221;1\/3&#8243;][vc_single_image image=&#8221;9332&#8243; img_size=&#8221;full&#8221; alignment=&#8221;center&#8221; onclick=&#8221;link_image&#8221;][\/vc_column_inner][\/vc_row_inner][vc_separator css=&#8221;.vc_custom_1579521492888{margin-top: 30px !important;margin-bottom: 30px !important;}&#8221;][\/vc_column][\/vc_row][vc_row el_id=&#8221;info-boxes&#8221;][vc_column css_animation=&#8221;fadeInLeft&#8221; width=&#8221;1\/3&#8243;]<div class=\"ct-icon-box  feature_page\"><i class=\"icon_set_1_icon-37\"><\/i>\n<h3>Combinaisons recommand\u00e9es<\/h3>\n<p><strong>Pl. Catalunya \u2013 Torre Bellesguard Antoni Gaudi\u0301<\/strong><\/p>\n<ul>\n<li>FGC \u2013 L7 + BUS 196<\/li>\n<li>BUS V15 + BUS 196<\/li>\n<li>BUS V13 + BUS 196<\/li>\n<li>\u00c0 la place du BUS 196, vous pouvez \u00e9galement prendre le BUS 123<\/li>\n<\/ul>\n<p><\/div>[\/vc_column][vc_column width=&#8221;1\/3&#8243;]<div class=\"ct-icon-box  feature_page\"><i class=\"icon_set_1_icon-26\"><\/i>\n<h3>Bus<\/h3>\n<ul>\n<li><strong>v13 Les Corts-Av.Tibidabo<\/strong>\u00a0&gt;&gt; Pl. Kennedy \u2013 Av. Tibidabo<\/li>\n<li><strong>v15 Barceloneta \u2013 Vall d\u2019Hebron<\/strong>\u00a0&gt;&gt; Pl. Kennedy \u2013 Av. Tibidabo<\/li>\n<li><strong>196 Pl. Kennedy \u2013 Bellesguard<\/strong>\u00a0&gt;&gt; Ronda de Dalt \u2013 Bellesguard<\/li>\n<li><strong>123 Bonanova<\/strong>\u00a0&gt;&gt; Valeta d\u2019Arquer<\/li>\n<li><strong>V12 &#8211; H2<\/strong> &gt;&gt; Sagrada Fam\u00edlia<\/li>\n<\/ul>\n<p><\/div>[\/vc_column][vc_column width=&#8221;1\/3&#8243;]<div class=\"ct-icon-box  feature_page\"><i class=\"icon_set_1_icon-25\"><\/i>\n<h3>Autres moyens de transport<\/h3>\n<p><strong>FGC<\/strong><\/p>\n<ul>\n<li><strong>Pl. Catalunya \u2013 Av.Tibidabo.<\/strong>\u00a0&gt;&gt; Av. Tibidabo<\/li>\n<\/ul>\n<p><strong>Transport touristique<\/strong><\/p>\n<ul>\n<li><strong>Bus Tur\u00edstic. Ruta azul<\/strong>\u00a0&gt;&gt; Tibidabo<\/li>\n<li><strong>Barcelona City Tour.\u00a0Ruta Este<\/strong>\u00a0&gt;&gt; Tibidabo<\/li>\n<\/ul>\n<p><strong>Voiture \/ Taxi<\/strong><\/p>\n<ul>\n<li><strong>15 minutes du centre de Barcelone<\/strong><\/li>\n<\/ul>\n<p><\/div>[\/vc_column][\/vc_row][vc_row][vc_column][vc_separator css=&#8221;.vc_custom_1579521492888{margin-top: 30px !important;margin-bottom: 30px !important;}&#8221;][\/vc_column][\/vc_row][vc_row full_width=&#8221;stretch_row_content&#8221;][vc_column]\r\n<div id=\"map-93483\" class=\"citytours-map\"><\/div>\r\n\r\n\r\n\r\n\r\n<script type=\"text\/javascript\">\r\n\tjQuery(document).ready(function($){\r\n\t\t$('#map_filter a.filter-option').on('click', function(){\r\n\t\t\tvar key = $(this).data('cat');\r\n\t\t\t$('#map_filter select.map_filter option').each(function(){\r\n\t\t\t\tif( $(this).val() == key ) $(this).attr('selected', 'selected');\r\n\t\t\t});\r\n\t\t\ttoggleMarkers(key);\r\n\t\t});\r\n\r\n\t\t$('#map_filter select.map_filter').on('change', function(){\r\n\t\t\ttoggleMarkers($(this).val());\r\n\t\t});\r\n\r\n\t\t\t\t\tvar mapId = 'map-93483';\r\n\t\t\tvar zoom = 14;\r\n\t\t\tvar mapType = google.maps.MapTypeId.ROADMAP;\r\n\t\t\tvar mapTypeControl = false;\r\n\t\t\tvar markersData = {\r\n\t\t\t\t\t\t\t\t\t'torre-bellesguard' : [\r\n\t\t\t\t\t\t\t\t\t\t\t\t\t\t{\r\n\t\t\t\t\t\t\t\t\t\tname: 'Visita Guiada',\r\n\t\t\t\t\t\t\t\t\t\ttype: 'https:\/\/bellesguardgaudi.com\/wp-content\/uploads\/2019\/05\/map-icon-marker.png',\r\n\t\t\t\t\t\t\t\t\t\tlocation_latitude: 41.4095905,\r\n\t\t\t\t\t\t\t\t\t\tlocation_longitude: 2.1268397,\r\n\t\t\t\t\t\t\t\t\t\tmap_image_url: 'https:\/\/bellesguardgaudi.com\/wp-content\/uploads\/2020\/06\/VISITA-GUIADA-crop-280x140.webp',\r\n\t\t\t\t\t\t\t\t\t\tname_point: 'Visita Guiada',\r\n\t\t\t\t\t\t\t\t\t\tdescription_point: '[vc_row][vc_column width=&quot;1\/4&quot;][vc_column_text] Descripci\u00f3n [\/vc_column_text][\/vc_column][vc_column width=&quot;3\/4&quot;][vc_column_text] Nadie como nuestro equipo puede guiar al visitante a trav\u00e9s de la historia y los...',\r\n\t\t\t\t\t\t\t\t\t\turl_point: 'https:\/\/bellesguardgaudi.com\/visitas\/visita-guiada\/'\r\n\t\t\t\t\t\t\t\t\t},\r\n\t\t\t\t\t\t\t\t\t\t\t],\r\n\t\t\t\t\t\t\t};\r\n\t\t\t\r\n\t\t\tvar lati = 41.4095905;\r\n\t\t\tvar long = 2.1268397;\r\n\t\t\tvar _center = [lati, long];\r\n\t\t\trenderMap( _center, markersData, zoom, mapType, mapTypeControl, mapId, '' );\r\n\r\n\t\t\t});\r\n<\/script>[\/vc_column][\/vc_row][vc_row css=&#8221;.vc_custom_1579523056230{margin-top: 50px !important;}&#8221;][vc_column][vc_column_text]<\/p>\n<h2 style=\"text-align: center;\">TARIFS ET HORAIRES<\/h2>\n<p>[\/vc_column_text][vc_separator css=&#8221;.vc_custom_1579521492888{margin-top: 30px !important;margin-bottom: 30px !important;}&#8221;][\/vc_column][\/vc_row][vc_row equal_height=&#8221;yes&#8221; content_placement=&#8221;middle&#8221; css=&#8221;.vc_custom_1579535085155{margin-bottom: 10px !important;}&#8221;][vc_column][vc_row_inner][vc_column_inner width=&#8221;1\/2&#8243;]<div class=\"ct-icon-box style3\"><i class=\"icon_set_1_icon-83\"><\/i>\n<h3><strong>Horaires:<\/strong><\/h3>\n<p>Mardi au dimanche, de 10h00 \u00e0 15h00<br \/>\n(derni\u00e8re entr\u00e9e \u00e0 14h00)<\/div>[\/vc_column_inner][vc_column_inner width=&#8221;1\/2&#8243;]<div class=\"ct-icon-box style3\"><i class=\"icon_set_1_icon-75\"><\/i>\n<h3><strong>Fermeture:<\/strong><\/h3>\n<ul>\n<li>Chaque lundi, sauf les jours f\u00e9ri\u00e9s.<\/li>\n<li>1er et 6 janvier, 25 et 26 d\u00e9cembre.<\/li>\n<\/ul>\n<p><\/div>[\/vc_column_inner][\/vc_row_inner][\/vc_column][\/vc_row][vc_row css=&#8221;.vc_custom_1579531936010{margin-top: 0px !important;}&#8221;][vc_column][vc_column_text]<\/p>\n<h3 style=\"text-align: center;\">MODALIT\u00c9S ET PRIX DES VISITES<\/h3>\n<p>[\/vc_column_text][vc_separator css=&#8221;.vc_custom_1579521492888{margin-top: 30px !important;margin-bottom: 30px !important;}&#8221;]<div class=\"ct-icon-box  tabla-informativa\">\n<table class=\"table table-responsive table-hover\">\n<thead>\n<tr>\n<th scope=\"col\"><\/th>\n<th scope=\"col\">Adultes<\/th>\n<th scope=\"col\">Moins de 18 ans et retraites<\/th>\n<th scope=\"col\">Moins de 8 ans<\/th>\n<\/tr>\n<\/thead>\n<tbody>\n<tr>\n<th scope=\"row\">VISITE GUID\u00c9E<\/th>\n<td>20 euros<\/td>\n<td>15 euros<\/td>\n<td>Gratuit<\/td>\n<\/tr>\n<tr>\n<th scope=\"row\">VISITES AVEC AUDIOGUIDE<\/th>\n<td>12 euros<\/td>\n<td>9 euros<\/td>\n<td>Gratuit<\/td>\n<\/tr>\n<\/tbody>\n<\/table>\n<p><\/div>[vc_row_inner][vc_column_inner width=&#8221;1\/2&#8243;]<div class=\"ct-icon-box style3\"><i class=\"icon_set_custom\"><\/i>\n<h3><span style=\"color: #ff7519;\"><strong>VISITE GUID\u00c9E<\/strong><\/span><\/h3>\n<p>Visite guid\u00e9e de la maison Bellesguard.<\/p>\n<p><strong>HORAIRE<br \/>\n<\/strong>Jeudi, vendredi, samedi et dimanche<\/p>\n<p><strong>DUR\u00c9E DE LA VISITE<br \/>\n<\/strong>Une heure<\/p>\n<p><strong>LANGUES DISPONIBLES<br \/>\n<\/strong>Catalan, Espagnol et Anglais<\/p>\n<p><strong>Possibilit\u00e9 des autres langues et horaires sur demande et sur r\u00e9servation.<\/strong><\/p>\n<p><a class=\"btn_1 outline\" href=\"\/fr\/visites\/visite-guidee\/\">Acheter des billets<\/a><\/div>[\/vc_column_inner][vc_column_inner width=&#8221;1\/2&#8243;]<div class=\"ct-icon-box style3 ocultar-audioguia\"><i class=\"icon_set_custom\"><\/i>\n<h3><span style=\"color: #ff7519;\"><strong>VISITE AVEC UN AUDIOGUIDE<\/strong><\/span><\/h3>\n<p>Visite libre avec un guide audio<\/p>\n<p><strong>HORAIRE<br \/>\n<\/strong>Pendant tout l\u2019horaire d\u2019ouverture<\/p>\n<p><strong>DUR\u00c9E DE LA VISITE<br \/>\n<\/strong>Une heure<\/p>\n<p><strong>LANGUES DISPONIBLES<br \/>\n<\/strong>Catalan, espagnol<\/p>\n<p>&nbsp;<\/p>\n<p><a class=\"btn_1 outline\" href=\"\/fr\/visites\/visites-avec-audioguide\/\">Acheter des billets<\/a><\/div>[\/vc_column_inner][\/vc_row_inner][\/vc_column][\/vc_row]<\/p>\n","protected":false},"excerpt":{"rendered":"<p>[vc_row][vc_column][vc_column_text] ACC\u00c8S [\/vc_column_text][vc_separator css=&#8221;.vc_custom_1579521492888{margin-top: 30px !important;margin-bottom: 30px !important;}&#8221;][vc_row_inner equal_height=&#8221;yes&#8221; content_placement=&#8221;middle&#8221;][vc_column_inner width=&#8221;2\/3&#8243;][vc_column_text el_class=&#8221;parrafo-destacado&#8221;] La Maison Bellesguard d&#8217;Antoni Gaud\u00ed est situ\u00e9e au c\/Bellesguard n\u00ba 20, 08022 \u00e0 Barcelone. Vous pouvez vous y rendre de diff\u00e9rentes mani\u00e8res, soit par les transports publics, soit en v\u00e9hicule priv\u00e9. [\/vc_column_text][\/vc_column_inner][vc_column_inner width=&#8221;1\/3&#8243;][vc_single_image image=&#8221;9332&#8243; img_size=&#8221;full&#8221; alignment=&#8221;center&#8221; onclick=&#8221;link_image&#8221;][\/vc_column_inner][\/vc_row_inner][vc_separator css=&#8221;.vc_custom_1579521492888{margin-top: 30px !important;margin-bottom: 30px !important;}&#8221;][\/vc_column][\/vc_row][vc_row el_id=&#8221;info-boxes&#8221;][vc_column [&hellip;]<\/p>\n","protected":false},"author":1,"featured_media":0,"parent":0,"menu_order":0,"comment_status":"closed","ping_status":"closed","template":"","meta":{"_acf_changed":false,"footnotes":""},"class_list":["post-6282","page","type-page","status-publish","hentry"],"acf":[],"yoast_head":"<!-- This site is optimized with the Yoast SEO plugin v27.2 - https:\/\/yoast.com\/product\/yoast-seo-wordpress\/ -->\n<title>Informations pratiques | Torre Bellesguard Gaud\u00ed Barcelone<\/title>\n<meta name=\"description\" content=\"V\u00e9rifiez toutes les informations sur les horaires, les activit\u00e9s, les prix et comment se rendre \u00e0 Torre Belleguard. Travail moderniste de Gaud\u00ed \u00e0 Barcelone. Rendez nous visite!\" \/>\n<meta name=\"robots\" content=\"index, follow, max-snippet:-1, max-image-preview:large, max-video-preview:-1\" \/>\n<link rel=\"canonical\" href=\"https:\/\/bellesguardgaudi.com\/fr\/info-pratique\/\" \/>\n<meta property=\"og:locale\" content=\"fr_FR\" \/>\n<meta property=\"og:type\" content=\"article\" \/>\n<meta property=\"og:title\" content=\"Informations pratiques | Torre Bellesguard Gaud\u00ed Barcelone\" \/>\n<meta property=\"og:description\" content=\"V\u00e9rifiez toutes les informations sur les horaires, les activit\u00e9s, les prix et comment se rendre \u00e0 Torre Belleguard. Travail moderniste de Gaud\u00ed \u00e0 Barcelone. Rendez nous visite!\" \/>\n<meta property=\"og:url\" content=\"https:\/\/bellesguardgaudi.com\/fr\/info-pratique\/\" \/>\n<meta property=\"og:site_name\" content=\"Obra Modernista de Antoni Gaud\u00ed en Barcelona | Torre Bellesguard\" \/>\n<meta property=\"article:modified_time\" content=\"2024-09-17T11:26:29+00:00\" \/>\n<meta name=\"twitter:card\" content=\"summary_large_image\" \/>\n<meta name=\"twitter:label1\" content=\"Dur\u00e9e de lecture estim\u00e9e\" \/>\n\t<meta name=\"twitter:data1\" content=\"2 minutes\" \/>\n<script type=\"application\/ld+json\" class=\"yoast-schema-graph\">{\"@context\":\"https:\/\/schema.org\",\"@graph\":[{\"@type\":\"WebPage\",\"@id\":\"https:\/\/bellesguardgaudi.com\/fr\/info-pratique\/\",\"url\":\"https:\/\/bellesguardgaudi.com\/fr\/info-pratique\/\",\"name\":\"Informations pratiques | Torre Bellesguard Gaud\u00ed Barcelone\",\"isPartOf\":{\"@id\":\"https:\/\/bellesguardgaudi.com\/fr\/#website\"},\"datePublished\":\"2020-01-20T09:40:51+00:00\",\"dateModified\":\"2024-09-17T11:26:29+00:00\",\"description\":\"V\u00e9rifiez toutes les informations sur les horaires, les activit\u00e9s, les prix et comment se rendre \u00e0 Torre Belleguard. Travail moderniste de Gaud\u00ed \u00e0 Barcelone. Rendez nous visite!\",\"breadcrumb\":{\"@id\":\"https:\/\/bellesguardgaudi.com\/fr\/info-pratique\/#breadcrumb\"},\"inLanguage\":\"fr-FR\",\"potentialAction\":[{\"@type\":\"ReadAction\",\"target\":[\"https:\/\/bellesguardgaudi.com\/fr\/info-pratique\/\"]}]},{\"@type\":\"BreadcrumbList\",\"@id\":\"https:\/\/bellesguardgaudi.com\/fr\/info-pratique\/#breadcrumb\",\"itemListElement\":[{\"@type\":\"ListItem\",\"position\":1,\"name\":\"Portada\",\"item\":\"https:\/\/bellesguardgaudi.com\/fr\/\"},{\"@type\":\"ListItem\",\"position\":2,\"name\":\"Info pratique\"}]},{\"@type\":\"WebSite\",\"@id\":\"https:\/\/bellesguardgaudi.com\/fr\/#website\",\"url\":\"https:\/\/bellesguardgaudi.com\/fr\/\",\"name\":\"Obra Modernista de Antoni Gaud\u00ed en Barcelona | Torre Bellesguard\",\"description\":\"Web oficial de la Torre Bellesguard. Una de las obras m\u00e1s personales del arquitecto modernista Gaud\u00ed en Barcelona. \u00a1Vis\u00edtala sin colas ni aglomeraciones!\",\"potentialAction\":[{\"@type\":\"SearchAction\",\"target\":{\"@type\":\"EntryPoint\",\"urlTemplate\":\"https:\/\/bellesguardgaudi.com\/fr\/?s={search_term_string}\"},\"query-input\":{\"@type\":\"PropertyValueSpecification\",\"valueRequired\":true,\"valueName\":\"search_term_string\"}}],\"inLanguage\":\"fr-FR\"}]}<\/script>\n<!-- \/ Yoast SEO plugin. -->","yoast_head_json":{"title":"Informations pratiques | Torre Bellesguard Gaud\u00ed Barcelone","description":"V\u00e9rifiez toutes les informations sur les horaires, les activit\u00e9s, les prix et comment se rendre \u00e0 Torre Belleguard. Travail moderniste de Gaud\u00ed \u00e0 Barcelone. Rendez nous visite!","robots":{"index":"index","follow":"follow","max-snippet":"max-snippet:-1","max-image-preview":"max-image-preview:large","max-video-preview":"max-video-preview:-1"},"canonical":"https:\/\/bellesguardgaudi.com\/fr\/info-pratique\/","og_locale":"fr_FR","og_type":"article","og_title":"Informations pratiques | Torre Bellesguard Gaud\u00ed Barcelone","og_description":"V\u00e9rifiez toutes les informations sur les horaires, les activit\u00e9s, les prix et comment se rendre \u00e0 Torre Belleguard. Travail moderniste de Gaud\u00ed \u00e0 Barcelone. Rendez nous visite!","og_url":"https:\/\/bellesguardgaudi.com\/fr\/info-pratique\/","og_site_name":"Obra Modernista de Antoni Gaud\u00ed en Barcelona | Torre Bellesguard","article_modified_time":"2024-09-17T11:26:29+00:00","twitter_card":"summary_large_image","twitter_misc":{"Dur\u00e9e de lecture estim\u00e9e":"2 minutes"},"schema":{"@context":"https:\/\/schema.org","@graph":[{"@type":"WebPage","@id":"https:\/\/bellesguardgaudi.com\/fr\/info-pratique\/","url":"https:\/\/bellesguardgaudi.com\/fr\/info-pratique\/","name":"Informations pratiques | Torre Bellesguard Gaud\u00ed Barcelone","isPartOf":{"@id":"https:\/\/bellesguardgaudi.com\/fr\/#website"},"datePublished":"2020-01-20T09:40:51+00:00","dateModified":"2024-09-17T11:26:29+00:00","description":"V\u00e9rifiez toutes les informations sur les horaires, les activit\u00e9s, les prix et comment se rendre \u00e0 Torre Belleguard. Travail moderniste de Gaud\u00ed \u00e0 Barcelone. Rendez nous visite!","breadcrumb":{"@id":"https:\/\/bellesguardgaudi.com\/fr\/info-pratique\/#breadcrumb"},"inLanguage":"fr-FR","potentialAction":[{"@type":"ReadAction","target":["https:\/\/bellesguardgaudi.com\/fr\/info-pratique\/"]}]},{"@type":"BreadcrumbList","@id":"https:\/\/bellesguardgaudi.com\/fr\/info-pratique\/#breadcrumb","itemListElement":[{"@type":"ListItem","position":1,"name":"Portada","item":"https:\/\/bellesguardgaudi.com\/fr\/"},{"@type":"ListItem","position":2,"name":"Info pratique"}]},{"@type":"WebSite","@id":"https:\/\/bellesguardgaudi.com\/fr\/#website","url":"https:\/\/bellesguardgaudi.com\/fr\/","name":"Obra Modernista de Antoni Gaud\u00ed en Barcelona | Torre Bellesguard","description":"Web oficial de la Torre Bellesguard. Una de las obras m\u00e1s personales del arquitecto modernista Gaud\u00ed en Barcelona. \u00a1Vis\u00edtala sin colas ni aglomeraciones!","potentialAction":[{"@type":"SearchAction","target":{"@type":"EntryPoint","urlTemplate":"https:\/\/bellesguardgaudi.com\/fr\/?s={search_term_string}"},"query-input":{"@type":"PropertyValueSpecification","valueRequired":true,"valueName":"search_term_string"}}],"inLanguage":"fr-FR"}]}},"_links":{"self":[{"href":"https:\/\/bellesguardgaudi.com\/fr\/wp-json\/wp\/v2\/pages\/6282","targetHints":{"allow":["GET"]}}],"collection":[{"href":"https:\/\/bellesguardgaudi.com\/fr\/wp-json\/wp\/v2\/pages"}],"about":[{"href":"https:\/\/bellesguardgaudi.com\/fr\/wp-json\/wp\/v2\/types\/page"}],"author":[{"embeddable":true,"href":"https:\/\/bellesguardgaudi.com\/fr\/wp-json\/wp\/v2\/users\/1"}],"replies":[{"embeddable":true,"href":"https:\/\/bellesguardgaudi.com\/fr\/wp-json\/wp\/v2\/comments?post=6282"}],"version-history":[{"count":5,"href":"https:\/\/bellesguardgaudi.com\/fr\/wp-json\/wp\/v2\/pages\/6282\/revisions"}],"predecessor-version":[{"id":150948,"href":"https:\/\/bellesguardgaudi.com\/fr\/wp-json\/wp\/v2\/pages\/6282\/revisions\/150948"}],"wp:attachment":[{"href":"https:\/\/bellesguardgaudi.com\/fr\/wp-json\/wp\/v2\/media?parent=6282"}],"curies":[{"name":"wp","href":"https:\/\/api.w.org\/{rel}","templated":true}]}}