{"id":7500,"date":"2021-04-01T15:44:16","date_gmt":"2021-04-01T13:44:16","guid":{"rendered":"http:\/\/130.61.100.28\/wordpress\/contact\/"},"modified":"2025-06-18T13:54:07","modified_gmt":"2025-06-18T11:54:07","slug":"contact","status":"publish","type":"page","link":"https:\/\/bellesguardgaudi.com\/fr\/contact\/","title":{"rendered":"Contact"},"content":{"rendered":"<p>[vc_row el_id=&#8221;contacto&#8221;][vc_column width=&#8221;1\/3&#8243;][vc_raw_html]PGRpdiBjbGFzcz0iY29udGFjdC1pbmZvIj4NCjxhIGhyZWY9InRlbDo0NTQyMzQ0NTk5IiBjbGFzcz0icGhvbmVfbnVtYmVyICBzaG93X2ljb25zIj4oKzM0KSA5MyAyNTAgNDAgOTM8L2E+DQo8L2Rpdj4=[\/vc_raw_html][\/vc_column][vc_column width=&#8221;1\/3&#8243;][vc_raw_html]PGEgaHJlZj0ibWFpbHRvOnJlc2VydmFAYmVsbGVzZ3VhcmRnYXVkaS5jb20iIGNsYXNzPSJlbWFpbF9hZGRyZXNzICBzaG93X2ljb25zIj5yZXNlcnZhQGJlbGxlc2d1YXJkZ2F1ZGkuY29tPC9hPg==[\/vc_raw_html][\/vc_column][vc_column width=&#8221;1\/3&#8243;][vc_raw_html]PGEgaHJlZj0iaHR0cHM6Ly93d3cuZ29vZ2xlLmNvbS9tYXBzL3BsYWNlL0JlbGxlc2d1YXJkK0dhdWQlQzMlQUQvQDQxLjQwOTU5MDUsMi4xMjQ2NTEsMTd6L2RhdGE9ITNtMSE0YjEhNG01ITNtNCExczB4MTJhNDk4MTYzNTEzYTI0NToweDk0OTFlNDkyMTkxYTkyNTIhOG0yITNkNDEuNDA5NTkwNSE0ZDIuMTI2ODM5NyIgdGFyZ2V0PSJfYmxhbmsiIGNsYXNzPSJzdHJlZXRfYWRkcmVzcyAgc2hvd19pY29ucyIgcmVsPSJub29wZW5lciI+Yy9CZWxsZXNndWFyZCBuwrogMjAsIDA4MDIyLCBCYXJjZWxvbmE8L2E+[\/vc_raw_html][\/vc_column][\/vc_row][vc_row][vc_column][vc_separator][\/vc_column][\/vc_row][vc_row equal_height=&#8221;yes&#8221; content_placement=&#8221;top&#8221; css=&#8221;.vc_custom_1636046190226{padding-top: 40px !important;}&#8221;][vc_column width=&#8221;1\/2&#8243;]\n<div class=\"wpcf7 no-js\" id=\"wpcf7-f10366-o1\" lang=\"fr-FR\" dir=\"ltr\" data-wpcf7-id=\"10366\">\n<div class=\"screen-reader-response\"><p role=\"status\" aria-live=\"polite\" aria-atomic=\"true\"><\/p> <ul><\/ul><\/div>\n<form action=\"\/fr\/wp-json\/wp\/v2\/pages\/7500#wpcf7-f10366-o1\" method=\"post\" class=\"wpcf7-form init\" aria-label=\"Formulaire de contact\" novalidate=\"novalidate\" data-status=\"init\">\n<div style=\"display: none;\">\n<input type=\"hidden\" name=\"_wpcf7\" value=\"10366\" \/>\n<input type=\"hidden\" name=\"_wpcf7_version\" value=\"6.0.5\" \/>\n<input type=\"hidden\" name=\"_wpcf7_locale\" value=\"fr_FR\" \/>\n<input type=\"hidden\" name=\"_wpcf7_unit_tag\" value=\"wpcf7-f10366-o1\" \/>\n<input type=\"hidden\" name=\"_wpcf7_container_post\" value=\"0\" \/>\n<input type=\"hidden\" name=\"_wpcf7_posted_data_hash\" value=\"\" \/>\n<input type=\"hidden\" name=\"_wpcf7_recaptcha_response\" value=\"\" \/>\n<\/div>\n<p><label> <span class=\"wpcf7-form-control-wrap\" data-name=\"your-name\"><input size=\"40\" maxlength=\"400\" class=\"wpcf7-form-control wpcf7-text wpcf7-validates-as-required\" aria-required=\"true\" aria-invalid=\"false\" placeholder=\"Nom (required)\" value=\"\" type=\"text\" name=\"your-name\" \/><\/span> <\/label>\n<\/p>\n<p><label> <span class=\"wpcf7-form-control-wrap\" data-name=\"your-surname\"><input size=\"40\" maxlength=\"400\" class=\"wpcf7-form-control wpcf7-text wpcf7-validates-as-required\" aria-required=\"true\" aria-invalid=\"false\" placeholder=\"Nom de famille (required)\" value=\"\" type=\"text\" name=\"your-surname\" \/><\/span> <\/label>\n<\/p>\n<p><label> <span class=\"wpcf7-form-control-wrap\" data-name=\"your-email\"><input size=\"40\" maxlength=\"400\" class=\"wpcf7-form-control wpcf7-email wpcf7-validates-as-required wpcf7-text wpcf7-validates-as-email\" aria-required=\"true\" aria-invalid=\"false\" placeholder=\"E-mail (required)\" value=\"\" type=\"email\" name=\"your-email\" \/><\/span> <\/label>\n<\/p>\n<p><label> <span class=\"wpcf7-form-control-wrap\" data-name=\"your-subject\"><input size=\"40\" maxlength=\"400\" class=\"wpcf7-form-control wpcf7-text\" aria-invalid=\"false\" placeholder=\"Assujettir\" value=\"\" type=\"text\" name=\"your-subject\" \/><\/span> <\/label>\n<\/p>\n<p><label> <span class=\"wpcf7-form-control-wrap\" data-name=\"your-message\"><textarea cols=\"40\" rows=\"10\" maxlength=\"2000\" class=\"wpcf7-form-control wpcf7-textarea\" aria-invalid=\"false\" placeholder=\"Message\" name=\"your-message\"><\/textarea><\/span> <\/label>\n<\/p>\n<p><span class=\"wpcf7-form-control-wrap\" data-name=\"acceptance-399\"><span class=\"wpcf7-form-control wpcf7-acceptance\"><span class=\"wpcf7-list-item\"><label><input type=\"checkbox\" name=\"acceptance-399\" value=\"1\" aria-invalid=\"false\" \/><span class=\"wpcf7-list-item-label\">J'accepte le <a href=\"https:\/\/bellesguardgaudi.com\/fr\/politique-de-confidentialite\/\" target=\"_blank\" rel=\"noopener\">Politique de confidentialit\u00e9<\/a><\/span><\/label><\/span><\/span><\/span>\n<\/p>\n<p><input class=\"wpcf7-form-control wpcf7-submit has-spinner\" type=\"submit\" value=\"Envoyer\" \/>\n<\/p><input type='hidden' class='wpcf7-pum' value='{\"closepopup\":false,\"closedelay\":0,\"openpopup\":false,\"openpopup_id\":0}' \/><div class=\"wpcf7-response-output\" aria-hidden=\"true\"><\/div>\n<\/form>\n<\/div>\n[\/vc_column][vc_column width=&#8221;1\/2&#8243;]\r\n<div id=\"map-81854\" class=\"citytours-map\"><\/div>\r\n\r\n\r\n\r\n\r\n<script type=\"text\/javascript\">\r\n\tjQuery(document).ready(function($){\r\n\t\t$('#map_filter a.filter-option').on('click', function(){\r\n\t\t\tvar key = $(this).data('cat');\r\n\t\t\t$('#map_filter select.map_filter option').each(function(){\r\n\t\t\t\tif( $(this).val() == key ) $(this).attr('selected', 'selected');\r\n\t\t\t});\r\n\t\t\ttoggleMarkers(key);\r\n\t\t});\r\n\r\n\t\t$('#map_filter select.map_filter').on('change', function(){\r\n\t\t\ttoggleMarkers($(this).val());\r\n\t\t});\r\n\r\n\t\t\t\t\tvar mapId = 'map-81854';\r\n\t\t\tvar zoom = 14;\r\n\t\t\tvar mapType = google.maps.MapTypeId.ROADMAP;\r\n\t\t\tvar mapTypeControl = false;\r\n\t\t\tvar markersData = {\r\n\t\t\t\t\t\t\t\t\t'torre-bellesguard-ca' : [\r\n\t\t\t\t\t\t\t\t\t\t\t\t\t\t{\r\n\t\t\t\t\t\t\t\t\t\tname: 'Visita Guiada',\r\n\t\t\t\t\t\t\t\t\t\ttype: 'https:\/\/bellesguardgaudi.com\/wp-content\/uploads\/2019\/05\/map-icon-marker.png',\r\n\t\t\t\t\t\t\t\t\t\tlocation_latitude: 41.4095594,\r\n\t\t\t\t\t\t\t\t\t\tlocation_longitude: 2.1268619,\r\n\t\t\t\t\t\t\t\t\t\tmap_image_url: 'https:\/\/bellesguardgaudi.com\/wp-content\/uploads\/2020\/06\/VISITA-GUIADA-crop-280x140.webp',\r\n\t\t\t\t\t\t\t\t\t\tname_point: 'Visita Guiada',\r\n\t\t\t\t\t\t\t\t\t\tdescription_point: '[vc_row][vc_column width=&quot;1\/4&quot;][vc_column_text] Descripci\u00f3 [\/vc_column_text][\/vc_column][vc_column width=&quot;3\/4&quot;][vc_column_text] Ning\u00fa com el nostre equip pot guiar al visitant a trav\u00e9s de la hist\u00f2ria i...',\r\n\t\t\t\t\t\t\t\t\t\turl_point: 'https:\/\/bellesguardgaudi.com\/ca\/visites\/visita-guiada\/'\r\n\t\t\t\t\t\t\t\t\t},\r\n\t\t\t\t\t\t\t\t\t\t\t],\r\n\t\t\t\t\t\t\t};\r\n\t\t\t\r\n\t\t\tvar lati = 41.4095594;\r\n\t\t\tvar long = 2.1268619;\r\n\t\t\tvar _center = [lati, long];\r\n\t\t\trenderMap( _center, markersData, zoom, mapType, mapTypeControl, mapId, '' );\r\n\r\n\t\t\t});\r\n<\/script>[\/vc_column][\/vc_row]<\/p>\n","protected":false},"excerpt":{"rendered":"<p>[vc_row el_id=&#8221;contacto&#8221;][vc_column width=&#8221;1\/3&#8243;][vc_raw_html]PGRpdiBjbGFzcz0iY29udGFjdC1pbmZvIj4NCjxhIGhyZWY9InRlbDo0NTQyMzQ0NTk5IiBjbGFzcz0icGhvbmVfbnVtYmVyICBzaG93X2ljb25zIj4oKzM0KSA5MyAyNTAgNDAgOTM8L2E+DQo8L2Rpdj4=[\/vc_raw_html][\/vc_column][vc_column width=&#8221;1\/3&#8243;][vc_raw_html]PGEgaHJlZj0ibWFpbHRvOnJlc2VydmFAYmVsbGVzZ3VhcmRnYXVkaS5jb20iIGNsYXNzPSJlbWFpbF9hZGRyZXNzICBzaG93X2ljb25zIj5yZXNlcnZhQGJlbGxlc2d1YXJkZ2F1ZGkuY29tPC9hPg==[\/vc_raw_html][\/vc_column][vc_column width=&#8221;1\/3&#8243;][vc_raw_html]PGEgaHJlZj0iaHR0cHM6Ly93d3cuZ29vZ2xlLmNvbS9tYXBzL3BsYWNlL0JlbGxlc2d1YXJkK0dhdWQlQzMlQUQvQDQxLjQwOTU5MDUsMi4xMjQ2NTEsMTd6L2RhdGE9ITNtMSE0YjEhNG01ITNtNCExczB4MTJhNDk4MTYzNTEzYTI0NToweDk0OTFlNDkyMTkxYTkyNTIhOG0yITNkNDEuNDA5NTkwNSE0ZDIuMTI2ODM5NyIgdGFyZ2V0PSJfYmxhbmsiIGNsYXNzPSJzdHJlZXRfYWRkcmVzcyAgc2hvd19pY29ucyIgcmVsPSJub29wZW5lciI+Yy9CZWxsZXNndWFyZCBuwrogMjAsIDA4MDIyLCBCYXJjZWxvbmE8L2E+[\/vc_raw_html][\/vc_column][\/vc_row][vc_row][vc_column][vc_separator][\/vc_column][\/vc_row][vc_row equal_height=&#8221;yes&#8221; content_placement=&#8221;top&#8221; css=&#8221;.vc_custom_1636046190226{padding-top: 40px !important;}&#8221;][vc_column width=&#8221;1\/2&#8243;][\/vc_column][vc_column width=&#8221;1\/2&#8243;][\/vc_column][\/vc_row]<\/p>\n","protected":false},"author":1,"featured_media":0,"parent":0,"menu_order":0,"comment_status":"closed","ping_status":"closed","template":"","meta":{"_acf_changed":false,"footnotes":""},"class_list":["post-7500","page","type-page","status-publish","hentry"],"acf":[],"yoast_head":"<!-- This site is optimized with the Yoast SEO plugin v27.2 - https:\/\/yoast.com\/product\/yoast-seo-wordpress\/ -->\n<title>Contact | Torre Bellesguard Gaud\u00ed Barcelone<\/title>\n<meta name=\"description\" content=\"Faites de votre r\u00e9servation ou contactez l&#039;\u00e9quipe de Torre Bellesguard Gaud\u00ed \u00e0 Barcelone. Dites-nous vos id\u00e9es et nous pr\u00e9parons une visite personnalis\u00e9e. Contactez-nous!\" \/>\n<meta name=\"robots\" content=\"index, follow, max-snippet:-1, max-image-preview:large, max-video-preview:-1\" \/>\n<link rel=\"canonical\" href=\"https:\/\/bellesguardgaudi.com\/fr\/contact\/\" \/>\n<meta property=\"og:locale\" content=\"fr_FR\" \/>\n<meta property=\"og:type\" content=\"article\" \/>\n<meta property=\"og:title\" content=\"Contact | Torre Bellesguard Gaud\u00ed Barcelone\" \/>\n<meta property=\"og:description\" content=\"Faites de votre r\u00e9servation ou contactez l&#039;\u00e9quipe de Torre Bellesguard Gaud\u00ed \u00e0 Barcelone. Dites-nous vos id\u00e9es et nous pr\u00e9parons une visite personnalis\u00e9e. Contactez-nous!\" \/>\n<meta property=\"og:url\" content=\"https:\/\/bellesguardgaudi.com\/fr\/contact\/\" \/>\n<meta property=\"og:site_name\" content=\"Obra Modernista de Antoni Gaud\u00ed en Barcelona | Torre Bellesguard\" \/>\n<meta property=\"article:modified_time\" content=\"2025-06-18T11:54:07+00:00\" \/>\n<meta name=\"twitter:card\" content=\"summary_large_image\" \/>\n<meta name=\"twitter:label1\" content=\"Dur\u00e9e de lecture estim\u00e9e\" \/>\n\t<meta name=\"twitter:data1\" content=\"1 minute\" \/>\n<script type=\"application\/ld+json\" class=\"yoast-schema-graph\">{\"@context\":\"https:\/\/schema.org\",\"@graph\":[{\"@type\":\"WebPage\",\"@id\":\"https:\/\/bellesguardgaudi.com\/fr\/contact\/\",\"url\":\"https:\/\/bellesguardgaudi.com\/fr\/contact\/\",\"name\":\"Contact | Torre Bellesguard Gaud\u00ed Barcelone\",\"isPartOf\":{\"@id\":\"https:\/\/bellesguardgaudi.com\/fr\/#website\"},\"datePublished\":\"2021-04-01T13:44:16+00:00\",\"dateModified\":\"2025-06-18T11:54:07+00:00\",\"description\":\"Faites de votre r\u00e9servation ou contactez l'\u00e9quipe de Torre Bellesguard Gaud\u00ed \u00e0 Barcelone. Dites-nous vos id\u00e9es et nous pr\u00e9parons une visite personnalis\u00e9e. Contactez-nous!\",\"breadcrumb\":{\"@id\":\"https:\/\/bellesguardgaudi.com\/fr\/contact\/#breadcrumb\"},\"inLanguage\":\"fr-FR\",\"potentialAction\":[{\"@type\":\"ReadAction\",\"target\":[\"https:\/\/bellesguardgaudi.com\/fr\/contact\/\"]}]},{\"@type\":\"BreadcrumbList\",\"@id\":\"https:\/\/bellesguardgaudi.com\/fr\/contact\/#breadcrumb\",\"itemListElement\":[{\"@type\":\"ListItem\",\"position\":1,\"name\":\"Portada\",\"item\":\"https:\/\/bellesguardgaudi.com\/fr\/\"},{\"@type\":\"ListItem\",\"position\":2,\"name\":\"Contact\"}]},{\"@type\":\"WebSite\",\"@id\":\"https:\/\/bellesguardgaudi.com\/fr\/#website\",\"url\":\"https:\/\/bellesguardgaudi.com\/fr\/\",\"name\":\"Obra Modernista de Antoni Gaud\u00ed en Barcelona | Torre Bellesguard\",\"description\":\"Web oficial de la Torre Bellesguard. Una de las obras m\u00e1s personales del arquitecto modernista Gaud\u00ed en Barcelona. \u00a1Vis\u00edtala sin colas ni aglomeraciones!\",\"potentialAction\":[{\"@type\":\"SearchAction\",\"target\":{\"@type\":\"EntryPoint\",\"urlTemplate\":\"https:\/\/bellesguardgaudi.com\/fr\/?s={search_term_string}\"},\"query-input\":{\"@type\":\"PropertyValueSpecification\",\"valueRequired\":true,\"valueName\":\"search_term_string\"}}],\"inLanguage\":\"fr-FR\"}]}<\/script>\n<!-- \/ Yoast SEO plugin. -->","yoast_head_json":{"title":"Contact | Torre Bellesguard Gaud\u00ed Barcelone","description":"Faites de votre r\u00e9servation ou contactez l'\u00e9quipe de Torre Bellesguard Gaud\u00ed \u00e0 Barcelone. Dites-nous vos id\u00e9es et nous pr\u00e9parons une visite personnalis\u00e9e. Contactez-nous!","robots":{"index":"index","follow":"follow","max-snippet":"max-snippet:-1","max-image-preview":"max-image-preview:large","max-video-preview":"max-video-preview:-1"},"canonical":"https:\/\/bellesguardgaudi.com\/fr\/contact\/","og_locale":"fr_FR","og_type":"article","og_title":"Contact | Torre Bellesguard Gaud\u00ed Barcelone","og_description":"Faites de votre r\u00e9servation ou contactez l'\u00e9quipe de Torre Bellesguard Gaud\u00ed \u00e0 Barcelone. Dites-nous vos id\u00e9es et nous pr\u00e9parons une visite personnalis\u00e9e. Contactez-nous!","og_url":"https:\/\/bellesguardgaudi.com\/fr\/contact\/","og_site_name":"Obra Modernista de Antoni Gaud\u00ed en Barcelona | Torre Bellesguard","article_modified_time":"2025-06-18T11:54:07+00:00","twitter_card":"summary_large_image","twitter_misc":{"Dur\u00e9e de lecture estim\u00e9e":"1 minute"},"schema":{"@context":"https:\/\/schema.org","@graph":[{"@type":"WebPage","@id":"https:\/\/bellesguardgaudi.com\/fr\/contact\/","url":"https:\/\/bellesguardgaudi.com\/fr\/contact\/","name":"Contact | Torre Bellesguard Gaud\u00ed Barcelone","isPartOf":{"@id":"https:\/\/bellesguardgaudi.com\/fr\/#website"},"datePublished":"2021-04-01T13:44:16+00:00","dateModified":"2025-06-18T11:54:07+00:00","description":"Faites de votre r\u00e9servation ou contactez l'\u00e9quipe de Torre Bellesguard Gaud\u00ed \u00e0 Barcelone. Dites-nous vos id\u00e9es et nous pr\u00e9parons une visite personnalis\u00e9e. Contactez-nous!","breadcrumb":{"@id":"https:\/\/bellesguardgaudi.com\/fr\/contact\/#breadcrumb"},"inLanguage":"fr-FR","potentialAction":[{"@type":"ReadAction","target":["https:\/\/bellesguardgaudi.com\/fr\/contact\/"]}]},{"@type":"BreadcrumbList","@id":"https:\/\/bellesguardgaudi.com\/fr\/contact\/#breadcrumb","itemListElement":[{"@type":"ListItem","position":1,"name":"Portada","item":"https:\/\/bellesguardgaudi.com\/fr\/"},{"@type":"ListItem","position":2,"name":"Contact"}]},{"@type":"WebSite","@id":"https:\/\/bellesguardgaudi.com\/fr\/#website","url":"https:\/\/bellesguardgaudi.com\/fr\/","name":"Obra Modernista de Antoni Gaud\u00ed en Barcelona | Torre Bellesguard","description":"Web oficial de la Torre Bellesguard. Una de las obras m\u00e1s personales del arquitecto modernista Gaud\u00ed en Barcelona. \u00a1Vis\u00edtala sin colas ni aglomeraciones!","potentialAction":[{"@type":"SearchAction","target":{"@type":"EntryPoint","urlTemplate":"https:\/\/bellesguardgaudi.com\/fr\/?s={search_term_string}"},"query-input":{"@type":"PropertyValueSpecification","valueRequired":true,"valueName":"search_term_string"}}],"inLanguage":"fr-FR"}]}},"_links":{"self":[{"href":"https:\/\/bellesguardgaudi.com\/fr\/wp-json\/wp\/v2\/pages\/7500","targetHints":{"allow":["GET"]}}],"collection":[{"href":"https:\/\/bellesguardgaudi.com\/fr\/wp-json\/wp\/v2\/pages"}],"about":[{"href":"https:\/\/bellesguardgaudi.com\/fr\/wp-json\/wp\/v2\/types\/page"}],"author":[{"embeddable":true,"href":"https:\/\/bellesguardgaudi.com\/fr\/wp-json\/wp\/v2\/users\/1"}],"replies":[{"embeddable":true,"href":"https:\/\/bellesguardgaudi.com\/fr\/wp-json\/wp\/v2\/comments?post=7500"}],"version-history":[{"count":5,"href":"https:\/\/bellesguardgaudi.com\/fr\/wp-json\/wp\/v2\/pages\/7500\/revisions"}],"predecessor-version":[{"id":156167,"href":"https:\/\/bellesguardgaudi.com\/fr\/wp-json\/wp\/v2\/pages\/7500\/revisions\/156167"}],"wp:attachment":[{"href":"https:\/\/bellesguardgaudi.com\/fr\/wp-json\/wp\/v2\/media?parent=7500"}],"curies":[{"name":"wp","href":"https:\/\/api.w.org\/{rel}","templated":true}]}}